{"id":18,"date":"2025-03-18T12:37:44","date_gmt":"2025-03-18T11:37:44","guid":{"rendered":"https:\/\/site.nord.no\/samla\/?page_id=18"},"modified":"2025-08-12T09:14:25","modified_gmt":"2025-08-12T07:14:25","slug":"julevsamegiella","status":"publish","type":"page","link":"https:\/\/site.nord.no\/samla\/sami-languages\/julevsamegiella\/","title":{"rendered":"Julevs\u00e1megiella"},"content":{"rendered":"<ul style=\"padding-top:var(--wp--preset--spacing--40);padding-bottom:var(--wp--preset--spacing--40);padding-left:var(--wp--preset--spacing--40);padding-right:var(--wp--preset--spacing--40);\" class=\"wp-block-latest-posts__list has-dates has-author wp-block-latest-posts has-background has-ast-global-color-4-background-color has-medium-font-size\"><li><a class=\"wp-block-latest-posts__post-title\" href=\"https:\/\/site.nord.no\/samla\/2025\/11\/21\/rijkajgasskasasj-ja-buohtastahttem-perspektijva-alggoalmmukgiellaoahppamij\/\">Rijkajgasskasasj ja buohtastahttem perspektijva \u00e1lggo\u00e1lmmukgiellaoahppamij<\/a><div class=\"wp-block-latest-posts__post-author\">by ingvillbaberg<\/div><time datetime=\"2025-11-21T11:14:49+01:00\" class=\"wp-block-latest-posts__post-date\">21. November 2025<\/time><div class=\"wp-block-latest-posts__post-excerpt\">Bierjjedag\u00e1 g\u00e5lg\u00e5dism\u00e1no 24. b. SAMLA-v\u00e6rm\u00e1dahka \u00e1sadij&nbsp; semin\u00e1rav man namma lij Rijkajgasskasasj ja buohtastahttem perspektijva \u00e1lggo\u00e1lmmukgiellaoahppamij. Ienebuv g\u00e5 40 oass\u00e1lasste semin\u00e1rav tjuovvun nehta baktu, ja \u00e1rvvogis guossel\u00e5g\u00e5dalle mij\u00e1v mielastuhttin, h\u00e1sstalin ja arvusmahttin g\u00e5 iesjge\u014bgal\u00e1hk\u00e1j d\u00e1g\u00e1stallin mastadimev, koloniserimav, vuosteldimev ja \u00e1lggo\u00e1lmmukgielaj ruoptov\u00e1lldemav. Dr. Corinne Seals Te Herenga Wakas \u2013 Wellington universitiehtas Aotearoan \u00e1vkalasj ja h\u00e1sstaliddje d\u00e1djadus\u00e1jt ja\u2026 <a class=\"wp-block-latest-posts__read-more\" href=\"https:\/\/site.nord.no\/samla\/2025\/11\/21\/rijkajgasskasasj-ja-buohtastahttem-perspektijva-alggoalmmukgiellaoahppamij\/\" rel=\"noopener noreferrer\">Read more<span class=\"screen-reader-text\">: Rijkajgasskasasj ja buohtastahttem perspektijva \u00e1lggo\u00e1lmmukgiellaoahppamij<\/span><\/a><\/div><\/li>\n<li><a class=\"wp-block-latest-posts__post-title\" href=\"https:\/\/site.nord.no\/samla\/2025\/09\/18\/galgadismano-24-b-2025-rijkajgasskasasj-ja-buohtastahttem-perspektijva-alggoalmmukgiellaoahppamij\/\">G\u00e5lg\u00e5dism\u00e1no 24. b. 2025: Rijkajgasskasasj ja buohtastahttem perspektijva \u00e1lggo\u00e1lmmukgiellaoahppamij<\/a><div class=\"wp-block-latest-posts__post-author\">by minervapiha<\/div><time datetime=\"2025-09-18T07:35:06+02:00\" class=\"wp-block-latest-posts__post-date\">18. September 2025<\/time><div class=\"wp-block-latest-posts__post-excerpt\">S\u00e1vvap berustiddjijda buorisboahtemav avta biejve semin\u00e1rraj unna s\u00e1megielaj \u00e5hpadime birra g\u00e5lg\u00e5dism\u00e1no 24. b. jagen 2025. Galggap \u00e1lggo\u00e1lmmukgielaj \u00e5hpadimev ja oahppamav d\u00e1g\u00e1stallat iesjge\u014bga perspektijvajs, sihke g\u00e5 la s\u00e1hka iesjge\u014bga vidjurij ja iesjge\u014bga sisanoj birra. S\u00e1vvap buorisboahtemav guok rijkajgasskasasj guossijda gudi galggaba \u00e5vdd\u00e5nbuktet giella\u00e5hpadim\u00e1ssjijt Aotearoan ja Kalaallit Nunaatin: Corinne Seals ja Carina Appelon Lykke Melgaard. G\u00e1ssjelis ja\u2026 <a class=\"wp-block-latest-posts__read-more\" href=\"https:\/\/site.nord.no\/samla\/2025\/09\/18\/galgadismano-24-b-2025-rijkajgasskasasj-ja-buohtastahttem-perspektijva-alggoalmmukgiellaoahppamij\/\" rel=\"noopener noreferrer\">Read more<span class=\"screen-reader-text\">: G\u00e5lg\u00e5dism\u00e1no 24. b. 2025: Rijkajgasskasasj ja buohtastahttem perspektijva \u00e1lggo\u00e1lmmukgiellaoahppamij<\/span><\/a><\/div><\/li>\n<li><a class=\"wp-block-latest-posts__post-title\" href=\"https:\/\/site.nord.no\/samla\/2025\/04\/02\/lule-saami-test\/\">Vuostasj SAMLA bloaggatj\u00e1la!<\/a><div class=\"wp-block-latest-posts__post-author\">by ingvillbaberg<\/div><time datetime=\"2025-04-02T11:08:27+02:00\" class=\"wp-block-latest-posts__post-date\">2. April 2025<\/time><div class=\"wp-block-latest-posts__post-excerpt\">Buorisboahtem SAMLA bloaggaj! Gid\u00e1vejabiejven snjuktjam\u00e1no 21. b. 2025, tj\u00e5hkanin SAMLA prosj\u00e6ktaoass\u00e1lasste vuostasj tj\u00e5hkanibm\u00e1j, mij lij workshop nehta baktu man tiem\u00e1 lidjin \u201cUnna s\u00e1megielajt guoradallat ja \u00e5hpadit g\u00e5lm\u00e5n rijkan\u201d. D\u00e1t workshop dutkijt tjoahkkij gudi barggi d\u00e1j 4 unna s\u00e1megielaj ma li ma\u014ben SAMLA-v\u00e6rm\u00e1dag\u00e1n: oarjjels\u00e1megiella, julevs\u00e1megiella, an\u00e1rs\u00e1megiella ja g\u00e5lld\u00e5s\u00e1megiella. Oass\u00e1lasste gudi b\u00e5htin vuostasj tj\u00e5hkanibm\u00e1j lidjin Markus Juutinen\u2026 <a class=\"wp-block-latest-posts__read-more\" href=\"https:\/\/site.nord.no\/samla\/2025\/04\/02\/lule-saami-test\/\" rel=\"noopener noreferrer\">Read more<span class=\"screen-reader-text\">: Vuostasj SAMLA bloaggatj\u00e1la!<\/span><\/a><\/div><\/li>\n<\/ul>\n\n\n<p><\/p>\n","protected":false},"excerpt":{"rendered":"","protected":false},"author":75,"featured_media":0,"parent":266,"menu_order":0,"comment_status":"closed","ping_status":"closed","template":"","meta":{"site-sidebar-layout":"default","site-content-layout":"","ast-site-content-layout":"default","site-content-style":"default","site-sidebar-style":"default","ast-global-header-display":"","ast-banner-title-visibility":"","ast-main-header-display":"","ast-hfb-above-header-display":"","ast-hfb-below-header-display":"","ast-hfb-mobile-header-display":"","site-post-title":"","ast-breadcrumbs-content":"","ast-featured-img":"","footer-sml-layout":"","ast-disable-related-posts":"","theme-transparent-header-meta":"","adv-header-id-meta":"","stick-header-meta":"","header-above-stick-meta":"","header-main-stick-meta":"","header-below-stick-meta":"","astra-migrate-meta-layouts":"default","ast-page-background-enabled":"default","ast-page-background-meta":{"desktop":{"background-color":"var(--ast-global-color-5)","background-image":"","background-repeat":"repeat","background-position":"center center","background-size":"auto","background-attachment":"scroll","background-type":"","background-media":"","overlay-type":"","overlay-color":"","overlay-opacity":"","overlay-gradient":""},"tablet":{"background-color":"","background-image":"","background-repeat":"repeat","background-position":"center center","background-size":"auto","background-attachment":"scroll","background-type":"","background-media":"","overlay-type":"","overlay-color":"","overlay-opacity":"","overlay-gradient":""},"mobile":{"background-color":"","background-image":"","background-repeat":"repeat","background-position":"center center","background-size":"auto","background-attachment":"scroll","background-type":"","background-media":"","overlay-type":"","overlay-color":"","overlay-opacity":"","overlay-gradient":""}},"ast-content-background-meta":{"desktop":{"background-color":"var(--ast-global-color-4)","background-image":"","background-repeat":"repeat","background-position":"center center","background-size":"auto","background-attachment":"scroll","background-type":"","background-media":"","overlay-type":"","overlay-color":"","overlay-opacity":"","overlay-gradient":""},"tablet":{"background-color":"var(--ast-global-color-4)","background-image":"","background-repeat":"repeat","background-position":"center center","background-size":"auto","background-attachment":"scroll","background-type":"","background-media":"","overlay-type":"","overlay-color":"","overlay-opacity":"","overlay-gradient":""},"mobile":{"background-color":"var(--ast-global-color-4)","background-image":"","background-repeat":"repeat","background-position":"center center","background-size":"auto","background-attachment":"scroll","background-type":"","background-media":"","overlay-type":"","overlay-color":"","overlay-opacity":"","overlay-gradient":""}},"footnotes":""},"coauthors":[7],"class_list":["post-18","page","type-page","status-publish","hentry"],"_links":{"self":[{"href":"https:\/\/site.nord.no\/samla\/wp-json\/wp\/v2\/pages\/18","targetHints":{"allow":["GET"]}}],"collection":[{"href":"https:\/\/site.nord.no\/samla\/wp-json\/wp\/v2\/pages"}],"about":[{"href":"https:\/\/site.nord.no\/samla\/wp-json\/wp\/v2\/types\/page"}],"author":[{"embeddable":true,"href":"https:\/\/site.nord.no\/samla\/wp-json\/wp\/v2\/users\/75"}],"replies":[{"embeddable":true,"href":"https:\/\/site.nord.no\/samla\/wp-json\/wp\/v2\/comments?post=18"}],"version-history":[{"count":5,"href":"https:\/\/site.nord.no\/samla\/wp-json\/wp\/v2\/pages\/18\/revisions"}],"predecessor-version":[{"id":244,"href":"https:\/\/site.nord.no\/samla\/wp-json\/wp\/v2\/pages\/18\/revisions\/244"}],"up":[{"embeddable":true,"href":"https:\/\/site.nord.no\/samla\/wp-json\/wp\/v2\/pages\/266"}],"wp:attachment":[{"href":"https:\/\/site.nord.no\/samla\/wp-json\/wp\/v2\/media?parent=18"}],"wp:term":[{"taxonomy":"author","embeddable":true,"href":"https:\/\/site.nord.no\/samla\/wp-json\/wp\/v2\/coauthors?post=18"}],"curies":[{"name":"wp","href":"https:\/\/api.w.org\/{rel}","templated":true}]}}