{"id":39,"date":"2023-07-03T10:12:57","date_gmt":"2023-07-03T08:12:57","guid":{"rendered":"https:\/\/site.nord.no\/engage-nord\/?page_id=39"},"modified":"2025-08-07T12:27:04","modified_gmt":"2025-08-07T10:27:04","slug":"okosystemet","status":"publish","type":"page","link":"https:\/\/site.nord.no\/spir\/okosystemet\/","title":{"rendered":"Spark Nord"},"content":{"rendered":"\n<h2 class=\"wp-block-heading has-medium-font-size\">Gratis veilendingstjeneste for studenter, av studenter<\/h2>\n\n\n\n<p>Spark Nord er en&nbsp;gratis veiledningstjeneste av og for studenter ved Nord universitet for \u00e5 legge til rette for id\u00e9utvikling og verdiskapning.&nbsp;Spark er en&nbsp;selvstendig og frivillig studentorganisasjon som st\u00f8tter studenter som jobber med en oppstartsid\u00e9, gjennom veiledning og andre relevante aktiviteter.&nbsp;<\/p>\n\n\n\n<p>I Spir sine lokaler finnes det en inkubator, der studenter med egen forretningsid\u00e9\/prosjekt  sitter i et kontorfellesskap sammen med andre studenter, i 1.etasje p\u00e5 Torgg\u00e5rden.  Studentene f\u00e5r tilgang p\u00e5 gratis veiledning av Spark Nord. \u00a0<\/p>\n\n\n\n<p>\u200b<\/p>\n\n\n\n<p>Ta kontakt med en av v\u00e5re Sparkveiledere  om du \u00f8nsker veiledning eller har sp\u00f8rsm\u00e5l!<\/p>\n\n\n\n<p><\/p>\n\n\n\n<p><\/p>\n\n\n\n<p>\u200b<\/p>\n\n\n\n<p><\/p>\n\n\n\n<p><\/p>\n\n\n\n<p>\u200b<\/p>\n","protected":false},"excerpt":{"rendered":"<p>Gratis veilendingstjeneste for studenter, av studenter Spark Nord er en&nbsp;gratis veiledningstjeneste av og for studenter ved Nord universitet for \u00e5 legge til rette for id\u00e9utvikling og verdiskapning.&nbsp;Spark er en&nbsp;selvstendig og frivillig studentorganisasjon som st\u00f8tter studenter som jobber med en oppstartsid\u00e9, gjennom veiledning og andre relevante aktiviteter.&nbsp; I Spir sine lokaler finnes det en inkubator, der [&hellip;]<\/p>\n","protected":false},"author":138,"featured_media":0,"parent":0,"menu_order":0,"comment_status":"closed","ping_status":"closed","template":"","meta":{"site-sidebar-layout":"default","site-content-layout":"","ast-site-content-layout":"default","site-content-style":"default","site-sidebar-style":"default","ast-global-header-display":"","ast-banner-title-visibility":"","ast-main-header-display":"","ast-hfb-above-header-display":"","ast-hfb-below-header-display":"","ast-hfb-mobile-header-display":"","site-post-title":"","ast-breadcrumbs-content":"","ast-featured-img":"","footer-sml-layout":"","ast-disable-related-posts":"","theme-transparent-header-meta":"","adv-header-id-meta":"","stick-header-meta":"","header-above-stick-meta":"","header-main-stick-meta":"","header-below-stick-meta":"","astra-migrate-meta-layouts":"set","ast-page-background-enabled":"default","ast-page-background-meta":{"desktop":{"background-color":"var(--ast-global-color-4)","background-image":"","background-repeat":"repeat","background-position":"center center","background-size":"auto","background-attachment":"scroll","background-type":"","background-media":"","overlay-type":"","overlay-color":"","overlay-opacity":"","overlay-gradient":""},"tablet":{"background-color":"","background-image":"","background-repeat":"repeat","background-position":"center center","background-size":"auto","background-attachment":"scroll","background-type":"","background-media":"","overlay-type":"","overlay-color":"","overlay-opacity":"","overlay-gradient":""},"mobile":{"background-color":"","background-image":"","background-repeat":"repeat","background-position":"center center","background-size":"auto","background-attachment":"scroll","background-type":"","background-media":"","overlay-type":"","overlay-color":"","overlay-opacity":"","overlay-gradient":""}},"ast-content-background-meta":{"desktop":{"background-color":"var(--ast-global-color-5)","background-image":"","background-repeat":"repeat","background-position":"center center","background-size":"auto","background-attachment":"scroll","background-type":"","background-media":"","overlay-type":"","overlay-color":"","overlay-opacity":"","overlay-gradient":""},"tablet":{"background-color":"var(--ast-global-color-5)","background-image":"","background-repeat":"repeat","background-position":"center center","background-size":"auto","background-attachment":"scroll","background-type":"","background-media":"","overlay-type":"","overlay-color":"","overlay-opacity":"","overlay-gradient":""},"mobile":{"background-color":"var(--ast-global-color-5)","background-image":"","background-repeat":"repeat","background-position":"center center","background-size":"auto","background-attachment":"scroll","background-type":"","background-media":"","overlay-type":"","overlay-color":"","overlay-opacity":"","overlay-gradient":""}},"footnotes":""},"coauthors":[9],"class_list":["post-39","page","type-page","status-publish","hentry"],"_links":{"self":[{"href":"https:\/\/site.nord.no\/spir\/wp-json\/wp\/v2\/pages\/39","targetHints":{"allow":["GET"]}}],"collection":[{"href":"https:\/\/site.nord.no\/spir\/wp-json\/wp\/v2\/pages"}],"about":[{"href":"https:\/\/site.nord.no\/spir\/wp-json\/wp\/v2\/types\/page"}],"author":[{"embeddable":true,"href":"https:\/\/site.nord.no\/spir\/wp-json\/wp\/v2\/users\/138"}],"replies":[{"embeddable":true,"href":"https:\/\/site.nord.no\/spir\/wp-json\/wp\/v2\/comments?post=39"}],"version-history":[{"count":7,"href":"https:\/\/site.nord.no\/spir\/wp-json\/wp\/v2\/pages\/39\/revisions"}],"predecessor-version":[{"id":212,"href":"https:\/\/site.nord.no\/spir\/wp-json\/wp\/v2\/pages\/39\/revisions\/212"}],"wp:attachment":[{"href":"https:\/\/site.nord.no\/spir\/wp-json\/wp\/v2\/media?parent=39"}],"wp:term":[{"taxonomy":"author","embeddable":true,"href":"https:\/\/site.nord.no\/spir\/wp-json\/wp\/v2\/coauthors?post=39"}],"curies":[{"name":"wp","href":"https:\/\/api.w.org\/{rel}","templated":true}]}}