{"id":42,"date":"2023-07-03T10:26:01","date_gmt":"2023-07-03T08:26:01","guid":{"rendered":"https:\/\/site.nord.no\/engage-nord\/?page_id=42"},"modified":"2023-07-03T13:27:35","modified_gmt":"2023-07-03T11:27:35","slug":"engasjer-deg","status":"publish","type":"page","link":"https:\/\/site.nord.no\/spir\/engasjer-deg\/","title":{"rendered":"Engasjer deg!"},"content":{"rendered":"\n<p>Vi har et felles m\u00e5l om \u00e5 spre kunnskap om&nbsp;innovasjon og entrepren\u00f8rskap blant utdanning,&nbsp;studenter og n\u00e6ringsliv.  Derfor er det viktig \u00e5 bygge gode relasjoner mellom utdanning og samfunns- og&nbsp;yrkes felt&nbsp;for \u00e5 kunne spre v\u00e5r kunnskap. En vesentlig del av arbeidet internt er \u00e5 veilede studenter som har en forretningsid\u00e9 uavhengig av studieretning.&nbsp;<\/p>\n\n\n\n<p>\u200b<\/p>\n\n\n\n<p>Kom gjerne p\u00e5 bes\u00f8k eller send oss en e-post,&nbsp;enten om du er student, ansatt eller \u00f8nsker et samarbeid med&nbsp;oss!<\/p>\n\n\n","protected":false},"excerpt":{"rendered":"<p>Vi har et felles m\u00e5l om \u00e5 spre kunnskap om&nbsp;innovasjon og entrepren\u00f8rskap blant utdanning,&nbsp;studenter og n\u00e6ringsliv. Derfor er det viktig \u00e5 bygge gode relasjoner mellom utdanning og samfunns- og&nbsp;yrkes felt&nbsp;for \u00e5 kunne spre v\u00e5r kunnskap. En vesentlig del av arbeidet internt er \u00e5 veilede studenter som har en forretningsid\u00e9 uavhengig av studieretning.&nbsp; \u200b Kom gjerne [&hellip;]<\/p>\n","protected":false},"author":138,"featured_media":0,"parent":0,"menu_order":0,"comment_status":"closed","ping_status":"closed","template":"","meta":{"site-sidebar-layout":"default","site-content-layout":"","ast-site-content-layout":"default","site-content-style":"default","site-sidebar-style":"default","ast-global-header-display":"","ast-banner-title-visibility":"","ast-main-header-display":"","ast-hfb-above-header-display":"","ast-hfb-below-header-display":"","ast-hfb-mobile-header-display":"","site-post-title":"","ast-breadcrumbs-content":"","ast-featured-img":"","footer-sml-layout":"","ast-disable-related-posts":"","theme-transparent-header-meta":"","adv-header-id-meta":"","stick-header-meta":"","header-above-stick-meta":"","header-main-stick-meta":"","header-below-stick-meta":"","astra-migrate-meta-layouts":"default","ast-page-background-enabled":"default","ast-page-background-meta":{"desktop":{"background-color":"var(--ast-global-color-4)","background-image":"","background-repeat":"repeat","background-position":"center center","background-size":"auto","background-attachment":"scroll","background-type":"","background-media":"","overlay-type":"","overlay-color":"","overlay-opacity":"","overlay-gradient":""},"tablet":{"background-color":"","background-image":"","background-repeat":"repeat","background-position":"center center","background-size":"auto","background-attachment":"scroll","background-type":"","background-media":"","overlay-type":"","overlay-color":"","overlay-opacity":"","overlay-gradient":""},"mobile":{"background-color":"","background-image":"","background-repeat":"repeat","background-position":"center center","background-size":"auto","background-attachment":"scroll","background-type":"","background-media":"","overlay-type":"","overlay-color":"","overlay-opacity":"","overlay-gradient":""}},"ast-content-background-meta":{"desktop":{"background-color":"var(--ast-global-color-5)","background-image":"","background-repeat":"repeat","background-position":"center center","background-size":"auto","background-attachment":"scroll","background-type":"","background-media":"","overlay-type":"","overlay-color":"","overlay-opacity":"","overlay-gradient":""},"tablet":{"background-color":"var(--ast-global-color-5)","background-image":"","background-repeat":"repeat","background-position":"center center","background-size":"auto","background-attachment":"scroll","background-type":"","background-media":"","overlay-type":"","overlay-color":"","overlay-opacity":"","overlay-gradient":""},"mobile":{"background-color":"var(--ast-global-color-5)","background-image":"","background-repeat":"repeat","background-position":"center center","background-size":"auto","background-attachment":"scroll","background-type":"","background-media":"","overlay-type":"","overlay-color":"","overlay-opacity":"","overlay-gradient":""}},"footnotes":""},"coauthors":[9],"class_list":["post-42","page","type-page","status-publish","hentry"],"_links":{"self":[{"href":"https:\/\/site.nord.no\/spir\/wp-json\/wp\/v2\/pages\/42","targetHints":{"allow":["GET"]}}],"collection":[{"href":"https:\/\/site.nord.no\/spir\/wp-json\/wp\/v2\/pages"}],"about":[{"href":"https:\/\/site.nord.no\/spir\/wp-json\/wp\/v2\/types\/page"}],"author":[{"embeddable":true,"href":"https:\/\/site.nord.no\/spir\/wp-json\/wp\/v2\/users\/138"}],"replies":[{"embeddable":true,"href":"https:\/\/site.nord.no\/spir\/wp-json\/wp\/v2\/comments?post=42"}],"version-history":[{"count":3,"href":"https:\/\/site.nord.no\/spir\/wp-json\/wp\/v2\/pages\/42\/revisions"}],"predecessor-version":[{"id":48,"href":"https:\/\/site.nord.no\/spir\/wp-json\/wp\/v2\/pages\/42\/revisions\/48"}],"wp:attachment":[{"href":"https:\/\/site.nord.no\/spir\/wp-json\/wp\/v2\/media?parent=42"}],"wp:term":[{"taxonomy":"author","embeddable":true,"href":"https:\/\/site.nord.no\/spir\/wp-json\/wp\/v2\/coauthors?post=42"}],"curies":[{"name":"wp","href":"https:\/\/api.w.org\/{rel}","templated":true}]}}