{"id":303,"date":"2025-02-13T10:05:56","date_gmt":"2025-02-13T09:05:56","guid":{"rendered":"https:\/\/site.nord.no\/spk\/?page_id=303"},"modified":"2025-02-19T14:09:27","modified_gmt":"2025-02-19T13:09:27","slug":"omtale-orjan-hattrem","status":"publish","type":"page","link":"https:\/\/site.nord.no\/spk\/omtale-orjan-hattrem\/","title":{"rendered":"Omtale \u00d8rjan Hattrem"},"content":{"rendered":"\n<p><strong>\u00d8rjan Hattrem: F\u00f8rsteamanuensis Praktisk kunnskap PH.D. innretning teaterkunstnerisk praksis.<\/strong><\/p>\n\n\n\n<p><strong>Undervisning<\/strong><\/p>\n\n\n\n<p>Jeg underviser i studier i profesjonspraksis og praktisk kunnskap og i teater og skuespiller- kunstnerisk praksis.<\/p>\n\n\n\n<p><strong>Fagleg biografi<\/strong><\/p>\n\n\n\n<ul class=\"wp-block-list\">\n<li>F\u00f8rsteamanuensis i studier av profesjonspraksis og praktisk kunnskap i faggruppa Samfunnsfag og RLE ved FLU, Senter for praktisk kunnskap, Bod\u00f8, fra 2024<\/li>\n\n\n\n<li>Forskningsgruppeleder for den praktiske kunnskapens teori fra 2024<\/li>\n\n\n\n<li>Studieprogramansavarlig for Master i Praktisk kunnskap fra 2024<\/li>\n\n\n\n<li>Doktorgrad Nord universitet, profesjonsvitenskap, innretning teaterkunstnerisk praksis (2020-2024).<\/li>\n\n\n\n<li>Mastergrad Nord universitet i praktisk kunnskap, innretning teaterkunstnerisk praksis (2018-2020)<\/li>\n\n\n\n<li>Kunstnerisk ansvarlig og studieprogramleder Skuespillerutdanningen Nord universitet (2004-2017)<\/li>\n\n\n\n<li>P\u00e5g\u00e5ende samarbeid med Ernst Busch University of Theatre Arts Berlin fra 2014.<\/li>\n\n\n\n<li>Ansvarlig for internasjonale forbindelser og samarbeid med NORTEAS (Teaterh\u00f8gskolenettverk for nordiske og baltiske stater) (2009-2017),\u00a0\u201cWorld Theatre Education Alliance WTEA\u201d in Beijing (2015-2017) og samarbeid med Ecole Jacques Lecoq (2004-2017) og p\u00e5g\u00e5ende samarbeid med Compagnie Philippe Genty fra 2009.<\/li>\n\n\n\n<li>H\u00f8gskolelektor ved H\u00f8gskolen i Nord-Tr\u00f8ndelag (2004-2024)<\/li>\n\n\n\n<li>Skuespiller og regiss\u00f8r i en lang rekke teaterproduksjoner (1983-2014)<\/li>\n\n\n\n<li>Initiativtaker og ansvarlig for forprosjekt innSp\u00e6ll som resulterte i etableringen av skuespillerutdanningen ved Nord universitet (2001-2004)<\/li>\n\n\n\n<li>L\u00e6rer og leder av dramafag (1999-2001) i teaterproduksjon ved Inder\u00f8y videreg\u00e5ende skole (1996-2004)\u00a0<\/li>\n\n\n\n<li>Initiativtaker og ansvarlig for Det internasjonale teaterkompaniet DIA-teatret (1992-1996)<\/li>\n\n\n\n<li>Initiativtaker og del-ansvarlig for Totalteatret (1983-1992)<\/li>\n<\/ul>\n\n\n\n<p><strong>Forsking<\/strong><\/p>\n\n\n\n<p>Jeg leder forskningsgruppa Den praktiske kunnskapens teori (fra 1. august 2024). Min forskningsinteresse relaterer seg prim\u00e6rt til teaterkunstnerisk praksis, der de skapende prosesser har s\u00e6rskilt oppmerksomhet. Fokus rettes s\u00e6rlig mot skuespillere og andre teaterkunstneres deltakelse i intersubjektive prosesser. Med utgangspunkt i fenomenologiske og handlingsrettet kognitive unders\u00f8kelser av teaterkunstneriske praksisfelt utvides og utvikles forst\u00e5elsen av den enkeltes bidrag i felles kunstneriske prosesser. Denne praksisen settes videre i sammenheng med annen profesjonspraksis som videreutvikler praktisk kunnskap i andre fag og yrkesfelt. Det teoretiske grunnlaget er hentet fra eksistensiell, kroppslig fenomenologisk teori (Maurice Merleau-Ponty &amp; Jean Paul Sartre) og en handlingsrettet kognitiv tiln\u00e6rming (Shaun Gallagher).<\/p>\n\n\n\n<p><strong>Publikasjoner<\/strong><\/p>\n\n\n\n<ul class=\"wp-block-list\">\n<li>Hattrem, \u00d8rjan (2024) Doktorgradsoppgaven:\u00a0<em>Teaterkunstneren og de kunstneriske id\u00e9ene<\/em>\u00a0: om skuespillere og andre teaterkunstneres utvikling av b\u00e6rende kunstneriske id\u00e9er i samskapende teaterproduksjoner<\/li>\n\n\n\n<li>(Under utvikling)\u00a0Hattrem, \u00d8rjan &amp; Schuler, Margarete (2026):\u00a0<em>Creating characters for theatre, related to cognitive theory of self.<\/em><\/li>\n\n\n\n<li>(Under utvikling) Hattrem, \u00d8rjan (2026)\u00a0<em>What are foundational artistic ideas and why are they important?<\/em><\/li>\n\n\n\n<li>(Under utvikling) Hattrem, \u00d8rjan &#8211; McGuirk, James &amp; Herholt-Lomholdt, Sine Maria (2026) Epilogue in the Antology:\u00a0<em>Practical knowledge and artistic expression: pathways and perspectives for research.<\/em><\/li>\n<\/ul>\n","protected":false},"excerpt":{"rendered":"<p>\u00d8rjan Hattrem: F\u00f8rsteamanuensis Praktisk kunnskap PH.D. innretning teaterkunstnerisk praksis. Undervisning Jeg underviser i studier i profesjonspraksis og praktisk kunnskap og i teater og skuespiller- kunstnerisk praksis. Fagleg biografi Forsking Jeg leder forskningsgruppa Den praktiske kunnskapens teori (fra 1. august 2024). Min forskningsinteresse relaterer seg prim\u00e6rt til teaterkunstnerisk praksis, der de skapende prosesser har s\u00e6rskilt oppmerksomhet. [&hellip;]<\/p>\n","protected":false},"author":181,"featured_media":0,"parent":0,"menu_order":0,"comment_status":"closed","ping_status":"closed","template":"","meta":{"footnotes":""},"coauthors":[],"class_list":["post-303","page","type-page","status-publish","hentry"],"_links":{"self":[{"href":"https:\/\/site.nord.no\/spk\/wp-json\/wp\/v2\/pages\/303","targetHints":{"allow":["GET"]}}],"collection":[{"href":"https:\/\/site.nord.no\/spk\/wp-json\/wp\/v2\/pages"}],"about":[{"href":"https:\/\/site.nord.no\/spk\/wp-json\/wp\/v2\/types\/page"}],"author":[{"embeddable":true,"href":"https:\/\/site.nord.no\/spk\/wp-json\/wp\/v2\/users\/181"}],"replies":[{"embeddable":true,"href":"https:\/\/site.nord.no\/spk\/wp-json\/wp\/v2\/comments?post=303"}],"version-history":[{"count":2,"href":"https:\/\/site.nord.no\/spk\/wp-json\/wp\/v2\/pages\/303\/revisions"}],"predecessor-version":[{"id":381,"href":"https:\/\/site.nord.no\/spk\/wp-json\/wp\/v2\/pages\/303\/revisions\/381"}],"wp:attachment":[{"href":"https:\/\/site.nord.no\/spk\/wp-json\/wp\/v2\/media?parent=303"}],"wp:term":[{"taxonomy":"author","embeddable":true,"href":"https:\/\/site.nord.no\/spk\/wp-json\/wp\/v2\/coauthors?post=303"}],"curies":[{"name":"wp","href":"https:\/\/api.w.org\/{rel}","templated":true}]}}