{"id":313,"date":"2025-02-13T10:08:42","date_gmt":"2025-02-13T09:08:42","guid":{"rendered":"https:\/\/site.nord.no\/spk\/?page_id=313"},"modified":"2025-02-19T14:13:19","modified_gmt":"2025-02-19T13:13:19","slug":"omtale-sine-lomholdt-herholdt","status":"publish","type":"page","link":"https:\/\/site.nord.no\/spk\/omtale-sine-lomholdt-herholdt\/","title":{"rendered":"Omtale Sine Maria Herholdt-Lomholdt"},"content":{"rendered":"\n<p><strong>Sine Maria Herholdt-Lomholdt: Professor i sykepleie<\/strong><\/p>\n\n\n\n<p><strong>Undervisning<\/strong><\/p>\n\n\n\n<p>Jeg underviser i ulike tematikker knyttet til sykepleie med emner som sykepleievitenskap, omsorgsfilosofi, omsorgs estetikk, etikk, fenomenologi og palliasjon.<\/p>\n\n\n\n<p><strong>Faglig biografi<\/strong><\/p>\n\n\n\n<ul class=\"wp-block-list\">\n<li>Professor i sykepleie ved fakultet for sykepleie og helsevitenskap p\u00e5 Nord Universitet siden 2023<\/li>\n\n\n\n<li>Leder av forskningsgruppen Caring in Healthcare siden 2021<\/li>\n\n\n\n<li>F\u00f8rsteamanuensis i sykepleie ved fakultet for sykepleie og helsevitenskap, Nord universitet 2020-2023<\/li>\n\n\n\n<li>Lektor ved sykepleieutdanningen, VIA University College 2013-2020<\/li>\n\n\n\n<li>Adjunkt ved sykepleieutdanningen, VIA University College 2009-2013<\/li>\n\n\n\n<li>Utdanningsansvarlig sykepleier, barneavdelingen, Aarhus Universitetshospital 2009-2011<\/li>\n\n\n\n<li>Sykepleier ved thoraxkirurgisk sengepost, Aarhus Universitetshospital 1999-2009<\/li>\n<\/ul>\n\n\n\n<p><strong>Forskning<\/strong><\/p>\n\n\n\n<p>Min forskningsinteresse er knyttet til fenomenologisk grunnforskning av sykepleiefaglig omsorg, som det kommer til uttrykk i sykepleie-pasient-p\u00e5r\u00f8rende relasjoner, herunder s\u00e6rlig av forhold mellom estetikk og omsorg. Jeg er dertil forskningsmessig og samfunnskritisk opptatt av, hvilke vilk\u00e5r og rammer omsorgen gis i helsevesen og i utdanning til sykepleier. Jeg jobber som oftest gjennom dialogisk og fenomenologisk aksjonsforskning, hvilket inneb\u00e6rer ulike former for samhandlende forskning og praksis-utvikling. Aktuelt leder jeg et forskningsprosjekt omhandlende tr\u00f8st i livets siste faser.&nbsp;<\/p>\n\n\n\n<p><strong>Fem viktige publikasjoner&nbsp;<\/strong><\/p>\n\n\n\n<ol class=\"wp-block-list\">\n<li>Modes of Being: Astonishment and openness in Entrepreneurship Education 2024, Entrepreneurship Education and Pedagogy (EE&amp;P): Herholdt-Lomholdt, Sine Maria; Blenker, Per; Askov Mousing, Camilla<\/li>\n\n\n\n<li>The Call in Nursing: A Silent but Vibrant Place for Human Flourishing.\u00a0<em>Wonder, Silence, and Human Flourishing. Toward a Rehumanization of Health, Education, and Wellfare\u00a0<\/em>2023, Lexington Books: s. 115-139<\/li>\n\n\n\n<li>Om at skrive verdenspoesi &#8211; et bud p\u00e5 en g\u00e5defuldhedens f\u00e6nomenologi.\u00a0<em>Fenomenologi. \u00c5 leve, samtale og skrive ut mot det g\u00e5tefulle i tilv\u00e6relsen<\/em>. 2022, Fagbokforlaget: s. 89-116<\/li>\n\n\n\n<li>I bid you farewell. A phenomenological study of saying goodbye\u00a0<em>Soziale Ordnungen des Sterbens: Theorie, Methodik und Einblicke in die Verg\u00e4nglichkeit<\/em>\u00a02022, Transcript Verlag: s. 221-241<\/li>\n\n\n\n<li>Invisible but sensible aesthetic aspects of excellence in nursing 2019,\u00a0<em>Nursing Philosophy<\/em><\/li>\n<\/ol>\n","protected":false},"excerpt":{"rendered":"<p>Sine Maria Herholdt-Lomholdt: Professor i sykepleie Undervisning Jeg underviser i ulike tematikker knyttet til sykepleie med emner som sykepleievitenskap, omsorgsfilosofi, omsorgs estetikk, etikk, fenomenologi og palliasjon. Faglig biografi Forskning Min forskningsinteresse er knyttet til fenomenologisk grunnforskning av sykepleiefaglig omsorg, som det kommer til uttrykk i sykepleie-pasient-p\u00e5r\u00f8rende relasjoner, herunder s\u00e6rlig av forhold mellom estetikk og omsorg. [&hellip;]<\/p>\n","protected":false},"author":181,"featured_media":0,"parent":0,"menu_order":0,"comment_status":"closed","ping_status":"closed","template":"","meta":{"footnotes":""},"coauthors":[],"class_list":["post-313","page","type-page","status-publish","hentry"],"_links":{"self":[{"href":"https:\/\/site.nord.no\/spk\/wp-json\/wp\/v2\/pages\/313","targetHints":{"allow":["GET"]}}],"collection":[{"href":"https:\/\/site.nord.no\/spk\/wp-json\/wp\/v2\/pages"}],"about":[{"href":"https:\/\/site.nord.no\/spk\/wp-json\/wp\/v2\/types\/page"}],"author":[{"embeddable":true,"href":"https:\/\/site.nord.no\/spk\/wp-json\/wp\/v2\/users\/181"}],"replies":[{"embeddable":true,"href":"https:\/\/site.nord.no\/spk\/wp-json\/wp\/v2\/comments?post=313"}],"version-history":[{"count":3,"href":"https:\/\/site.nord.no\/spk\/wp-json\/wp\/v2\/pages\/313\/revisions"}],"predecessor-version":[{"id":382,"href":"https:\/\/site.nord.no\/spk\/wp-json\/wp\/v2\/pages\/313\/revisions\/382"}],"wp:attachment":[{"href":"https:\/\/site.nord.no\/spk\/wp-json\/wp\/v2\/media?parent=313"}],"wp:term":[{"taxonomy":"author","embeddable":true,"href":"https:\/\/site.nord.no\/spk\/wp-json\/wp\/v2\/coauthors?post=313"}],"curies":[{"name":"wp","href":"https:\/\/api.w.org\/{rel}","templated":true}]}}