{"id":324,"date":"2025-02-13T10:10:25","date_gmt":"2025-02-13T09:10:25","guid":{"rendered":"https:\/\/site.nord.no\/spk\/?page_id=324"},"modified":"2025-02-13T10:32:58","modified_gmt":"2025-02-13T09:32:58","slug":"omtale-marianne-brattgjerd","status":"publish","type":"page","link":"https:\/\/site.nord.no\/spk\/omtale-marianne-brattgjerd\/","title":{"rendered":"Omtale Marianne Brattgjerd"},"content":{"rendered":"\n<p><strong>Marianne Brattgjerd: F\u00f8rsteamanuensis i sykepleie, Fakultet for sykepleie og helsevitenskap (FSH)&nbsp;<\/strong><\/p>\n\n\n\n<p><strong>Undervisning\/veiledning<\/strong><\/p>\n\n\n\n<p>Jeg underviser i ulike emner tilknyttet bachelor i sykepleie og vernepleie med emner som grunnleggende sykepleie, AFB (anatomi, fysiologi og biokjemi), praktiske sykepleieferdigheter, legemiddelh\u00e5ndtering, legemiddelregning. Jeg veileder studenter i master i klinisk sykepleie, samt underviser i et emne p\u00e5 ph.d.-niv\u00e5 (spr\u00e5k, relasjoner og handlinger).<\/p>\n\n\n\n<p><strong>Faglig biografi<\/strong><\/p>\n\n\n\n<ul class=\"wp-block-list\">\n<li>F\u00f8rsteamanuensis siden 2021<\/li>\n\n\n\n<li>Emneansvarlig legemiddelh\u00e5ndtering og legemiddelregning siden 2015<\/li>\n\n\n\n<li>Emnekoordinator grunnleggende sykepleie siden 2017<\/li>\n\n\n\n<li>Prosjektleder \u00abPedagogisk utviklingsarbeid i legemiddelh\u00e5ndtering og legemiddelregning, del II\u00bb (2024-2025)<\/li>\n\n\n\n<li>Prosjektleder \u00abStandardisering og profesjonsut\u00f8velse\u00bb (2016-2020)<\/li>\n\n\n\n<li>Prosjektleder \u00abPedagogisk utviklingsarbeid i legemiddelh\u00e5ndtering og legemiddelregning, del I\u00bb (2019-2022)<\/li>\n\n\n\n<li>Emneansvarlig \u00abLegemiddelh\u00e5ndtering\u00bb, Bachelor i Paramedisin (2019-2020)<\/li>\n\n\n\n<li>Prosjektleder \u00abLindrende behandling til d\u00f8ende pasienter i sykehjem\u00bb (2014-2016)<\/li>\n<\/ul>\n\n\n\n<p><strong>Forsking<\/strong><\/p>\n\n\n\n<p>Forskningen min har v\u00e6rt sentrert rundt praktisk kunnskap og sykepleie som fagfelt. Jeg er med i flere forskningsnettverk og samarbeidsprosjekter, b\u00e5de nasjonalt og internasjonalt. Jeg har v\u00e6rt\/er involvert i flere forskningsprosjekter, blant annet knyttet til kunnskapstranslasjon i helse- og sosialtjenesten, omsorgsdimensjonens betydning i h\u00f8yere utdanning, holistiske modeller for profesjonsut\u00f8velse, recovery og tilfriskning fra ruslidelse, hverdagsmestring, praktisk kunnskap og kunstnerisk ut\u00f8velse. Flere artikler fra disse prosjektene er publisert (se liste under), mens andre er til fagfellevurdering eller under p\u00e5g\u00e5ende arbeid. I tillegg har jeg et engasjement i forhold til akademisk ytringsfrihet, s\u00e6rlig knyttet til ytringer om kj\u00f8nn og virkelighetsforst\u00e5else. I 2024 mottok jeg, sammen med flere andre kvinner, st\u00f8tte fra Fritt Ord til \u00e5 utgi en antologi om v\u00e5rt engasjement i kj\u00f8nnstematikken. Antologien blir publisert v\u00e5ren 2025.&nbsp;&nbsp;<\/p>\n\n\n\n<p><strong>Sentrale publikasjoner&nbsp;<\/strong><\/p>\n\n\n\n<ol class=\"wp-block-list\">\n<li>Brattgjerd, M. (2021).\u00a0<em>Standardisering av sykepleie. Hvordan p\u00e5virkes profesjonsut\u00f8velsen?<\/em>[Doktorgradsavhandling, Nord Universitet]. Nord Open.\u00a0<a href=\"https:\/\/nordopen.nord.no\/nord-xmlui\/bitstream\/handle\/11250\/2770986\/Brattgjerd_u_art.IV.pdf?sequence=4\">https:\/\/nordopen.nord.no\/nord-xmlui\/bitstream\/handle\/11250\/2770986\/Brattgjerd_u_art.IV.pdf?sequence=4<\/a><\/li>\n\n\n\n<li>Brattgjerd, M. (2023). Rethinking nurses`mindlines about the Liverpoole Care Pathway: the knowledge behind the care. I J. Gabbay &amp; A. Le May (Eds.),\u00a0<em>Knowledge transformation in health and social care<\/em>. Routledge.\u00a0<\/li>\n\n\n\n<li>Brattgjerd, M., Danielsen, I. J., N\u00e6ss, G. B., &amp; Olsen, R. M. (2019).\u00a0Dokumentasjonspraksis og bruk av elektronisk tiltaksplan for d\u00f8ende pasienter i sykehjem \u2013 en mysteriefokusert studie.\u00a0I R. Helles\u00f8 &amp; R. M. Olsen (Red.),\u00a0<em>Digitalisering i sykepleietjenesten &#8211; en arbeidshverdag i endring<\/em>\u00a0(s. 91-112). Cappelen Damm Akademisk.\u00a0<\/li>\n\n\n\n<li>Brattgjerd, M., &amp; Olsen, R. M. (2016). Omsorg ved livets slutt. En kvalitativ studie av sykepleieres erfaringer med Liverpool Care Pathway i sykehjem.\u00a0<em>Tidsskrift for omsorgsforskning<\/em>,<em>\u00a02<\/em>(3), 20-32.\u00a0<\/li>\n\n\n\n<li>Brattgjerd, M., Olsen, R. M., &amp; Danielsen, I. J. (2020). End-of-life care and the use of an integrated care pathway.\u00a0<em>The Qualitative Report<\/em>,<em>\u00a025<\/em>(1), 216-237.\u00a0<a href=\"https:\/\/nsuworks.nova.edu\/tqr\/vol25\/iss1\/15\">https:\/\/nsuworks.nova.edu\/tqr\/vol25\/iss1\/15<\/a><\/li>\n<\/ol>\n","protected":false},"excerpt":{"rendered":"<p>Marianne Brattgjerd: F\u00f8rsteamanuensis i sykepleie, Fakultet for sykepleie og helsevitenskap (FSH)&nbsp; Undervisning\/veiledning Jeg underviser i ulike emner tilknyttet bachelor i sykepleie og vernepleie med emner som grunnleggende sykepleie, AFB (anatomi, fysiologi og biokjemi), praktiske sykepleieferdigheter, legemiddelh\u00e5ndtering, legemiddelregning. Jeg veileder studenter i master i klinisk sykepleie, samt underviser i et emne p\u00e5 ph.d.-niv\u00e5 (spr\u00e5k, relasjoner og [&hellip;]<\/p>\n","protected":false},"author":181,"featured_media":0,"parent":0,"menu_order":0,"comment_status":"closed","ping_status":"closed","template":"","meta":{"footnotes":""},"coauthors":[],"class_list":["post-324","page","type-page","status-publish","hentry"],"_links":{"self":[{"href":"https:\/\/site.nord.no\/spk\/wp-json\/wp\/v2\/pages\/324","targetHints":{"allow":["GET"]}}],"collection":[{"href":"https:\/\/site.nord.no\/spk\/wp-json\/wp\/v2\/pages"}],"about":[{"href":"https:\/\/site.nord.no\/spk\/wp-json\/wp\/v2\/types\/page"}],"author":[{"embeddable":true,"href":"https:\/\/site.nord.no\/spk\/wp-json\/wp\/v2\/users\/181"}],"replies":[{"embeddable":true,"href":"https:\/\/site.nord.no\/spk\/wp-json\/wp\/v2\/comments?post=324"}],"version-history":[{"count":3,"href":"https:\/\/site.nord.no\/spk\/wp-json\/wp\/v2\/pages\/324\/revisions"}],"predecessor-version":[{"id":343,"href":"https:\/\/site.nord.no\/spk\/wp-json\/wp\/v2\/pages\/324\/revisions\/343"}],"wp:attachment":[{"href":"https:\/\/site.nord.no\/spk\/wp-json\/wp\/v2\/media?parent=324"}],"wp:term":[{"taxonomy":"author","embeddable":true,"href":"https:\/\/site.nord.no\/spk\/wp-json\/wp\/v2\/coauthors?post=324"}],"curies":[{"name":"wp","href":"https:\/\/api.w.org\/{rel}","templated":true}]}}