{"id":326,"date":"2025-02-13T10:10:45","date_gmt":"2025-02-13T09:10:45","guid":{"rendered":"https:\/\/site.nord.no\/spk\/?page_id=326"},"modified":"2025-02-13T10:34:25","modified_gmt":"2025-02-13T09:34:25","slug":"omtale-trine-soleng-nedregard","status":"publish","type":"page","link":"https:\/\/site.nord.no\/spk\/omtale-trine-soleng-nedregard\/","title":{"rendered":"Omtale Trine Soleng Nedreg\u00e5rd"},"content":{"rendered":"\n<p><strong>Trine Soleng Nedreg\u00e5rd: Stipendiat i pedagogikk innenfor grunnskolel\u00e6rerutdanningen<\/strong><\/p>\n\n\n\n<p><strong>Undervisning<\/strong><\/p>\n\n\n\n<p>Jeg underviser i ulike emner innenfor pedagogikk, f.eks. norsk skolehistorie, barns utvikling, profesjonelle l\u00e6ringsfellesskap og profesjonsfaglig digital kompetanse.&nbsp;<\/p>\n\n\n\n<p><strong>Faglig biografi<\/strong><\/p>\n\n\n\n<ul class=\"wp-block-list\">\n<li>Stipendiat i pedagogikk innenfor grunnskolel\u00e6rerutdanningen, Nord universitet, august 2024 &#8211;<\/li>\n\n\n\n<li>Universitetslektor i pedagogikk og faglig koordinator for desentralisert kompetanseutvikling for grunnskole ved Nord universitet, januar 2024- juli 2024<\/li>\n\n\n\n<li>Vitenskapelig assistent i forskningsprosjektene SpedAims og STEM Education in Newton Rooms 2022-2023<\/li>\n\n\n\n<li>Kontaktl\u00e6rer for 9.trinn, Hunstad skole i Bod\u00f8 kommune 2022-2023<\/li>\n\n\n\n<li>L\u00e6rer og fagkoordinator hos Stiftelsen RIBO, institusjon for unge voksne som leverer spesialisthelsetjeneste innenfor psykisk helse og tilbyr private helse- og omsorgstjenester. 2017-2022<\/li>\n\n\n\n<li>Kontaktl\u00e6rer for 5. trinn, Vestmyra skole i Fauske kommune 2016-2017<\/li>\n<\/ul>\n\n\n\n<p><strong>Forsking<\/strong><\/p>\n\n\n\n<p>Som l\u00e6rer b\u00e5de i skole og helsesektor, har jeg utviklet en spesiell interesse for organisasjonsl\u00e6ring og profesjonelle l\u00e6ringsfellesskap. Hvordan kan vi utnytte hverandres kompetanse og legge til rette for at vi l\u00e6rer av hverandre? Dette danner grunnlaget for forskningsfokuset mitt, endringsagenter som leder utviklingsprosesser, uten \u00e5 ha en formell lederrolle. Disse endringsagentene er dermed en del av b\u00e5de kollegiet og ledelsen, og p\u00e5virker utviklingsprosessene p\u00e5 flere niv\u00e5. I skolen kalles slike endringsagenter for eksempel ressursl\u00e6rere eller l\u00e6rerspesialister. Disse endringsagentfunksjonene representerer nye karriereveier for l\u00e6rere, og en egen m\u00e5te \u00e5 organisere utviklingsarbeid p\u00e5. Innf\u00f8ring av slike funksjoner ser ut til \u00e5 p\u00e5virke ledelseskultur, strukturer for samarbeid og etablerte normer, verdier og tradisjoner i skolen.<\/p>\n\n\n\n<p><strong>Sentrale publikasjoner&nbsp;<\/strong><\/p>\n\n\n\n<p>Nedreg\u00e5rd, T. S. (2023).&nbsp;<em>Nye karriereveier for l\u00e6rere: Ressursl\u00e6rere som ledere av endringsarbeid<\/em>&nbsp;[Masteroppgave, Nord universitet].&nbsp;<\/p>\n","protected":false},"excerpt":{"rendered":"<p>Trine Soleng Nedreg\u00e5rd: Stipendiat i pedagogikk innenfor grunnskolel\u00e6rerutdanningen Undervisning Jeg underviser i ulike emner innenfor pedagogikk, f.eks. norsk skolehistorie, barns utvikling, profesjonelle l\u00e6ringsfellesskap og profesjonsfaglig digital kompetanse.&nbsp; Faglig biografi Forsking Som l\u00e6rer b\u00e5de i skole og helsesektor, har jeg utviklet en spesiell interesse for organisasjonsl\u00e6ring og profesjonelle l\u00e6ringsfellesskap. Hvordan kan vi utnytte hverandres kompetanse og [&hellip;]<\/p>\n","protected":false},"author":181,"featured_media":0,"parent":0,"menu_order":0,"comment_status":"closed","ping_status":"closed","template":"","meta":{"footnotes":""},"coauthors":[],"class_list":["post-326","page","type-page","status-publish","hentry"],"_links":{"self":[{"href":"https:\/\/site.nord.no\/spk\/wp-json\/wp\/v2\/pages\/326","targetHints":{"allow":["GET"]}}],"collection":[{"href":"https:\/\/site.nord.no\/spk\/wp-json\/wp\/v2\/pages"}],"about":[{"href":"https:\/\/site.nord.no\/spk\/wp-json\/wp\/v2\/types\/page"}],"author":[{"embeddable":true,"href":"https:\/\/site.nord.no\/spk\/wp-json\/wp\/v2\/users\/181"}],"replies":[{"embeddable":true,"href":"https:\/\/site.nord.no\/spk\/wp-json\/wp\/v2\/comments?post=326"}],"version-history":[{"count":3,"href":"https:\/\/site.nord.no\/spk\/wp-json\/wp\/v2\/pages\/326\/revisions"}],"predecessor-version":[{"id":345,"href":"https:\/\/site.nord.no\/spk\/wp-json\/wp\/v2\/pages\/326\/revisions\/345"}],"wp:attachment":[{"href":"https:\/\/site.nord.no\/spk\/wp-json\/wp\/v2\/media?parent=326"}],"wp:term":[{"taxonomy":"author","embeddable":true,"href":"https:\/\/site.nord.no\/spk\/wp-json\/wp\/v2\/coauthors?post=326"}],"curies":[{"name":"wp","href":"https:\/\/api.w.org\/{rel}","templated":true}]}}