{"id":367,"date":"2025-02-14T11:37:50","date_gmt":"2025-02-14T10:37:50","guid":{"rendered":"https:\/\/site.nord.no\/spk\/?page_id=367"},"modified":"2025-02-18T08:12:58","modified_gmt":"2025-02-18T07:12:58","slug":"omtale-av-oddbjorg-edvardsen","status":"publish","type":"page","link":"https:\/\/site.nord.no\/spk\/omtale-av-oddbjorg-edvardsen\/","title":{"rendered":"Omtale av Oddbj\u00f8rg Edvardsen"},"content":{"rendered":"\n<p><strong>Oddbj\u00f8rg Edvardsen. F\u00f8rsteamanuensis, Politih\u00f8gskolen og Nord universitet<\/strong> (FLU)<\/p>\n\n\n\n<p><strong>Faglig bibliografi<\/strong><\/p>\n\n\n\n<ul class=\"wp-block-list\">\n<li>F\u00f8rsteamanuensis, Politih\u00f8gskolen 2019 &#8211; fortsatt<\/li>\n\n\n\n<li>F\u00f8rsteamanuensis, FLU, Nord universitet, Spesialpedagogikk 2023 \u2013 2024&nbsp;<\/li>\n\n\n\n<li>Faglig utvikler \u2013 PBL \u2013 nettbasert oppl\u00e6ringsprogram til barnehagen: forebygge vold og seksuelle overgrep mot barn 2022- 2023 (Prosjektstilling 20%)<\/li>\n\n\n\n<li>Ph.d. 2019. FLU, Nord universitet:&nbsp;<em>Politipatruljens m\u00f8te med barn som lever med vold i hjemmet.<\/em><\/li>\n\n\n\n<li>H\u00f8gskolelektor, Politih\u00f8gskolen, Avdeling Bod\u00f8, 2006 \u2013 2019<\/li>\n\n\n\n<li>Pedagogisk psykologisk r\u00e5dgiver 1992 \u2013 2006, Orkdal og Bod\u00f8 kommune<\/li>\n\n\n\n<li>Hovedfag psykologi 1992, AVH Trondheim<\/li>\n<\/ul>\n\n\n\n<p><strong>Undervisning:<\/strong><\/p>\n\n\n\n<p>Politih\u00f8gskolen: Vitnepsykologi og avh\u00f8r, vold og seksuelle overgrep mot barn<\/p>\n\n\n\n<p>FLU innen fagomr\u00e5dene tilpasset oppl\u00e6ring, l\u00e6revansker, Vold og overgrep mot barn<\/p>\n\n\n\n<p><strong>Forsknings og utviklingsledelse<\/strong><\/p>\n\n\n\n<p>2019 &#8211; 2021 Leder for forskningsgruppe: \u00abPolitifaglig unders\u00f8kelsesmetodikk\u00bb, Politih\u00f8gskolen<\/p>\n\n\n\n<p>2021 &#8211; 2023 Leder for forskningsgruppe: barn og s\u00e6rlig s\u00e5rbare personer, Politih\u00f8gskolen<\/p>\n\n\n\n<p>2020 \u20132022 Leder for implementering av \u00abMeritterende undervisning\u00bb ved KRUS og PHS.<\/p>\n\n\n\n<p>2020 \u20132023 Prosjektleder Tverretatlig samarbeide om avdekking og forebygging av vold og overgrep mot barn og unge i Bod\u00f8 kommune.<\/p>\n\n\n\n<p><strong>Sentrale vitenskapelige produksjoner<\/strong><\/p>\n\n\n\n<ol class=\"wp-block-list\">\n<li>Edvardsen, O., Hoel, L. (2025) Barnevernets bruk av politi i oppdrag med barn som er under barnevernets omsorg (Under behandling \u2013 fagfelle).<\/li>\n\n\n\n<li>Lassemo, E., Gunnes, M., (2022), Sarhei, A.K., Edvardsen,O., Sand, K., Aadnanes M. (2022).&nbsp;<em>Kunnskapsoversikt om seksuelle overgrep mot barn.<\/em>&nbsp;Rapport. Sintef<\/li>\n\n\n\n<li>Edvardsen, O. &amp; Hoel, L. (2020).&nbsp;<em>The window of opportunity. The vital competence in police\u2019s investigation of domestic violence against children<\/em>.<\/li>\n\n\n\n<li>Edvardsen, O og Moen, K. (2020). Politiets etterforskning av seksuelle overgrep mot utviklingshemmede. Utviklingshemming og seksuelle overgrep.&nbsp;<em>Kunnskap, rettsikkerhet og beskyttelse<\/em>. I Olsen, Bakkefjell, Dahl et al.. (Red) Universitetsforlaget.<\/li>\n\n\n\n<li>Edvardsen, O (2019)&nbsp;<em>Politipatruljens m\u00f8te med barn som lever med vold i hjemmet: En fenomenologisk unders\u00f8kelse av politipatruljens praksis<\/em>, Phd. avhandling Nord universitet.<\/li>\n\n\n\n<li>Edvardsen, O. og Ryen B. C. (2016). Politiets m\u00f8te med barn: F\u00f8rste fase i etterforskning.<em>Vold mot barn<\/em>.&nbsp;<em>Teoretiske, juridiske og praktiske tiln\u00e6rminger<\/em>. S 135-152 Gyldendal Akademisk<\/li>\n\n\n\n<li>Mevik, Lillevik &amp; Edvardsen (Red) (2016). Innledning.&nbsp;<em>Vold mot barn:<\/em>&nbsp;<em>Teoretiske, juridiske og praktiske tiln\u00e6rminger<\/em>. Gyldendal Akademisk. Sider: 13 &#8211; 16<\/li>\n\n\n\n<li>Mevik, Edvardsen (2016) Barns rett til beskyttelse og medbestemmelse: Med utgangspunkt i Barnekonvensjonen.&nbsp;<em>Vold mot barn<\/em>.&nbsp;<em>Teoretiske, juridiske og praktiske tiln\u00e6rminger<\/em>. Mevik, Lillevik og Edvardsen (2016), s 52-67. Gyldendal Akademisk.<\/li>\n\n\n\n<li>Mevik, Lillevik &amp; Edvardsen (2016) Red.&nbsp;<em>Vold mot barn. Teoretiske, juridiske og praktiske tiln\u00e6rminger<\/em>. Gyldendal Akademisk<\/li>\n\n\n\n<li>Edvardsen, O og Mevik, K: (2016) Vold mot barn i hjemmet. Hvordan ivareta barns rettigheter?&nbsp;<em>Tidsskrift for familierett, arverett og barnevernrettslige sp\u00f8rsm\u00e5l<\/em>. Volum 12, hefte 4. s 317 \u2013 334.<\/li>\n\n\n\n<li>Edvardsen, O. (2009) Positiv atferd ved utvikling av st\u00f8ttende l\u00e6ringsmilj\u00f8.&nbsp;<em>Skolepsykologi<\/em>. Volum: 44 Hefte: 1Sider: 44 \u2013 58<\/li>\n\n\n\n<li>Edvardsen, O og Berg,. R.C. (2012) Oppdrag &laquo;husbr\u00e5k\u00bb : med fokus p\u00e5 barnet.&nbsp;<em>Kommunikasjon og konflikth\u00e5ndtering: Publikumsrettet arbeid i et politifaglig perspektiv.<\/em>&nbsp;Side: 70 &#8211; 88 Gyldendal Akademisk.<\/li>\n<\/ol>\n","protected":false},"excerpt":{"rendered":"<p>Oddbj\u00f8rg Edvardsen. F\u00f8rsteamanuensis, Politih\u00f8gskolen og Nord universitet (FLU) Faglig bibliografi Undervisning: Politih\u00f8gskolen: Vitnepsykologi og avh\u00f8r, vold og seksuelle overgrep mot barn FLU innen fagomr\u00e5dene tilpasset oppl\u00e6ring, l\u00e6revansker, Vold og overgrep mot barn Forsknings og utviklingsledelse 2019 &#8211; 2021 Leder for forskningsgruppe: \u00abPolitifaglig unders\u00f8kelsesmetodikk\u00bb, Politih\u00f8gskolen 2021 &#8211; 2023 Leder for forskningsgruppe: barn og s\u00e6rlig s\u00e5rbare personer, [&hellip;]<\/p>\n","protected":false},"author":181,"featured_media":0,"parent":0,"menu_order":0,"comment_status":"closed","ping_status":"closed","template":"","meta":{"footnotes":""},"coauthors":[16],"class_list":["post-367","page","type-page","status-publish","hentry"],"_links":{"self":[{"href":"https:\/\/site.nord.no\/spk\/wp-json\/wp\/v2\/pages\/367","targetHints":{"allow":["GET"]}}],"collection":[{"href":"https:\/\/site.nord.no\/spk\/wp-json\/wp\/v2\/pages"}],"about":[{"href":"https:\/\/site.nord.no\/spk\/wp-json\/wp\/v2\/types\/page"}],"author":[{"embeddable":true,"href":"https:\/\/site.nord.no\/spk\/wp-json\/wp\/v2\/users\/181"}],"replies":[{"embeddable":true,"href":"https:\/\/site.nord.no\/spk\/wp-json\/wp\/v2\/comments?post=367"}],"version-history":[{"count":3,"href":"https:\/\/site.nord.no\/spk\/wp-json\/wp\/v2\/pages\/367\/revisions"}],"predecessor-version":[{"id":374,"href":"https:\/\/site.nord.no\/spk\/wp-json\/wp\/v2\/pages\/367\/revisions\/374"}],"wp:attachment":[{"href":"https:\/\/site.nord.no\/spk\/wp-json\/wp\/v2\/media?parent=367"}],"wp:term":[{"taxonomy":"author","embeddable":true,"href":"https:\/\/site.nord.no\/spk\/wp-json\/wp\/v2\/coauthors?post=367"}],"curies":[{"name":"wp","href":"https:\/\/api.w.org\/{rel}","templated":true}]}}