{"id":42,"date":"2024-11-20T16:44:50","date_gmt":"2024-11-20T15:44:50","guid":{"rendered":"https:\/\/site.nord.no\/spk\/?page_id=42"},"modified":"2025-11-06T12:03:13","modified_gmt":"2025-11-06T11:03:13","slug":"hjem","status":"publish","type":"page","link":"https:\/\/site.nord.no\/spk\/","title":{"rendered":"Heim"},"content":{"rendered":"\t\t<div data-elementor-type=\"wp-page\" data-elementor-id=\"42\" class=\"elementor elementor-42\" data-elementor-post-type=\"page\">\n\t\t\t\t<div class=\"elementor-element elementor-element-feef126 e-flex e-con-boxed e-con e-parent\" data-id=\"feef126\" data-element_type=\"container\" data-e-type=\"container\" data-settings=\"{&quot;background_background&quot;:&quot;classic&quot;}\">\n\t\t\t\t\t<div class=\"e-con-inner\">\n\t\t<div class=\"elementor-element elementor-element-0c17f97 e-con-full e-flex e-con e-child\" data-id=\"0c17f97\" data-element_type=\"container\" data-e-type=\"container\">\n\t\t\t\t<div class=\"elementor-element elementor-element-50beaf4 elementor-grid-2 elementor-grid-tablet-2 elementor-grid-mobile-1 elementor-posts--thumbnail-top elementor-card-shadow-yes elementor-posts__hover-gradient elementor-widget elementor-widget-posts\" data-id=\"50beaf4\" data-element_type=\"widget\" data-e-type=\"widget\" data-settings=\"{&quot;cards_columns&quot;:&quot;2&quot;,&quot;cards_columns_tablet&quot;:&quot;2&quot;,&quot;cards_columns_mobile&quot;:&quot;1&quot;,&quot;cards_row_gap&quot;:{&quot;unit&quot;:&quot;px&quot;,&quot;size&quot;:35,&quot;sizes&quot;:[]},&quot;cards_row_gap_tablet&quot;:{&quot;unit&quot;:&quot;px&quot;,&quot;size&quot;:&quot;&quot;,&quot;sizes&quot;:[]},&quot;cards_row_gap_mobile&quot;:{&quot;unit&quot;:&quot;px&quot;,&quot;size&quot;:&quot;&quot;,&quot;sizes&quot;:[]}}\" data-widget_type=\"posts.cards\">\n\t\t\t\t<div class=\"elementor-widget-container\">\n\t\t\t\t\t\t\t<div class=\"elementor-posts-container elementor-posts elementor-posts--skin-cards elementor-grid\" role=\"list\">\n\t\t\t\t<article class=\"elementor-post elementor-grid-item post-417 post type-post status-publish format-standard has-post-thumbnail hentry category-forskning category-ukategorisert tag-hundekjoring tag-provd-erfaring\" role=\"listitem\">\n\t\t\t<div class=\"elementor-post__card\">\n\t\t\t\t<a class=\"elementor-post__thumbnail__link\" href=\"https:\/\/site.nord.no\/spk\/ny-bok-fra-spk-provd-erfaring-i-akademia\/\" tabindex=\"-1\" ><div class=\"elementor-post__thumbnail\"><img fetchpriority=\"high\" decoding=\"async\" width=\"300\" height=\"225\" src=\"https:\/\/site.nord.no\/spk\/wp-content\/uploads\/sites\/87\/2026\/02\/natalia_kollegova-dog-2600349_1280-300x225.jpg\" class=\"attachment-medium size-medium wp-image-419\" alt=\"\" srcset=\"https:\/\/site.nord.no\/spk\/wp-content\/uploads\/sites\/87\/2026\/02\/natalia_kollegova-dog-2600349_1280-300x225.jpg 300w, https:\/\/site.nord.no\/spk\/wp-content\/uploads\/sites\/87\/2026\/02\/natalia_kollegova-dog-2600349_1280-1024x768.jpg 1024w, https:\/\/site.nord.no\/spk\/wp-content\/uploads\/sites\/87\/2026\/02\/natalia_kollegova-dog-2600349_1280-768x576.jpg 768w, https:\/\/site.nord.no\/spk\/wp-content\/uploads\/sites\/87\/2026\/02\/natalia_kollegova-dog-2600349_1280.jpg 1280w\" sizes=\"(max-width: 300px) 100vw, 300px\" \/><\/div><\/a>\n\t\t\t\t<div class=\"elementor-post__badge\">Forsking<\/div>\n\t\t\t\t<div class=\"elementor-post__text\">\n\t\t\t\t<h3 class=\"elementor-post__title\">\n\t\t\t<a href=\"https:\/\/site.nord.no\/spk\/ny-bok-fra-spk-provd-erfaring-i-akademia\/\" >\n\t\t\t\tNy bok fr\u00e5 SPK: Pr\u00f8vd erfaring i akademia\t\t\t<\/a>\n\t\t<\/h3>\n\t\t\t\t<div class=\"elementor-post__excerpt\">\n\t\t\t<p>Pr\u00f8vd erfaring\u00a0er ei fagbok som unders\u00f8ker korleis vi kan forst\u00e5 og utvikle l\u00e6ring gjennom praksis i akademiske milj\u00f8. Forskarar p\u00e5 senteret har i over 20 \u00e5r forska p\u00e5 andre sin praksis, men i denne boka vender vi blikket mot oss sj\u00f8lve. Boka samlar perspektiv fr\u00e5 forskarar og undervisarar som arbeider tett p\u00e5 profesjonsutdanningar ved Nord<\/p>\n\t\t<\/div>\n\t\t\n\t\t<a class=\"elementor-post__read-more\" href=\"https:\/\/site.nord.no\/spk\/ny-bok-fra-spk-provd-erfaring-i-akademia\/\" aria-label=\"Read more about Ny bok fr\u00e5 SPK: Pr\u00f8vd erfaring i akademia\" tabindex=\"-1\" >\n\t\t\tLes mer \u00bb\t\t<\/a>\n\n\t\t\t\t<\/div>\n\t\t\t\t\t<\/div>\n\t\t<\/article>\n\t\t\t\t<article class=\"elementor-post elementor-grid-item post-410 post type-post status-publish format-standard has-post-thumbnail hentry category-forskning category-ukategorisert tag-byplanlegging tag-nmbu tag-romleg-planlegging\" role=\"listitem\">\n\t\t\t<div class=\"elementor-post__card\">\n\t\t\t\t<a class=\"elementor-post__thumbnail__link\" href=\"https:\/\/site.nord.no\/spk\/nar-forteljingar-opnar-for-innsikt-i-profesjonspraksis\/\" tabindex=\"-1\" ><div class=\"elementor-post__thumbnail\"><img decoding=\"async\" width=\"300\" height=\"188\" src=\"https:\/\/site.nord.no\/spk\/wp-content\/uploads\/sites\/87\/2025\/11\/hudsoncrafted-sunflowers-6245925_1280-300x188.jpg\" class=\"attachment-medium size-medium wp-image-415\" alt=\"\" srcset=\"https:\/\/site.nord.no\/spk\/wp-content\/uploads\/sites\/87\/2025\/11\/hudsoncrafted-sunflowers-6245925_1280-300x188.jpg 300w, https:\/\/site.nord.no\/spk\/wp-content\/uploads\/sites\/87\/2025\/11\/hudsoncrafted-sunflowers-6245925_1280-1024x640.jpg 1024w, https:\/\/site.nord.no\/spk\/wp-content\/uploads\/sites\/87\/2025\/11\/hudsoncrafted-sunflowers-6245925_1280-768x480.jpg 768w, https:\/\/site.nord.no\/spk\/wp-content\/uploads\/sites\/87\/2025\/11\/hudsoncrafted-sunflowers-6245925_1280.jpg 1280w\" sizes=\"(max-width: 300px) 100vw, 300px\" \/><\/div><\/a>\n\t\t\t\t<div class=\"elementor-post__badge\">Forsking<\/div>\n\t\t\t\t<div class=\"elementor-post__text\">\n\t\t\t\t<h3 class=\"elementor-post__title\">\n\t\t\t<a href=\"https:\/\/site.nord.no\/spk\/nar-forteljingar-opnar-for-innsikt-i-profesjonspraksis\/\" >\n\t\t\t\tN\u00e5r forteljingar opnar for innsikt i profesjonspraksis\t\t\t<\/a>\n\t\t<\/h3>\n\t\t\t\t<div class=\"elementor-post__excerpt\">\n\t\t\t<p>Senter for praktisk kunnskap samarbeider med SITRAP, eit senter for &laquo;framifr\u00e5 utdanning&raquo; ved NMBU, \u00c5s. SPK har vore med og studert kva arealplanleggarar l\u00e6rer seg i praksis gjennom erfaring. Arealplanleggarar arbeider mest i offentlege stillingar, men ogs\u00e5 i private konsulentfirma og hos utbyggarar. Erfaringane er formulert som forteljingar, alts\u00e5 praksisforteljignar. Slike forteljingar kjem fr\u00e5 kvardagen<\/p>\n\t\t<\/div>\n\t\t\n\t\t<a class=\"elementor-post__read-more\" href=\"https:\/\/site.nord.no\/spk\/nar-forteljingar-opnar-for-innsikt-i-profesjonspraksis\/\" aria-label=\"Read more about N\u00e5r forteljingar opnar for innsikt i profesjonspraksis\" tabindex=\"-1\" >\n\t\t\tLes mer \u00bb\t\t<\/a>\n\n\t\t\t\t<\/div>\n\t\t\t\t\t<\/div>\n\t\t<\/article>\n\t\t\t\t<article class=\"elementor-post elementor-grid-item post-385 post type-post status-publish format-standard has-post-thumbnail hentry category-formidling tag-hans-skjervheim tag-jonna-bornemark tag-malte-brinkmann\" role=\"listitem\">\n\t\t\t<div class=\"elementor-post__card\">\n\t\t\t\t<a class=\"elementor-post__thumbnail__link\" href=\"https:\/\/site.nord.no\/spk\/det-umatbara-det-vi-ikkje-kan-male\/\" tabindex=\"-1\" ><div class=\"elementor-post__thumbnail\"><img decoding=\"async\" width=\"199\" height=\"300\" src=\"https:\/\/site.nord.no\/spk\/wp-content\/uploads\/sites\/87\/2025\/05\/jonna_5847-300x453-1.jpg\" class=\"attachment-medium size-medium wp-image-388\" alt=\"\" \/><\/div><\/a>\n\t\t\t\t<div class=\"elementor-post__badge\">Formidling<\/div>\n\t\t\t\t<div class=\"elementor-post__text\">\n\t\t\t\t<h3 class=\"elementor-post__title\">\n\t\t\t<a href=\"https:\/\/site.nord.no\/spk\/det-umatbara-det-vi-ikkje-kan-male\/\" >\n\t\t\t\tDet \u00abum\u00e4tbara\u00bb\u2014det vi ikkje kan m\u00e5le\t\t\t<\/a>\n\t\t<\/h3>\n\t\t\t\t<div class=\"elementor-post__excerpt\">\n\t\t\t<p>Kva er problemet med den kalkulerande rasjonaliten? Motstanden mot den reint kalkulerande rasjonaliten, dvs. at ALT kan reknast p\u00e5 og formidlast i tal og nummer, har mange motstandarar. I Noreg kan vi f\u00f8re diskusjonen tilbake til filosofen Hans Skjervheim som klokeleg skal ha sagt at det ikkje berre \u00aber det som kan teljast, som tel\u00bb.<\/p>\n\t\t<\/div>\n\t\t\n\t\t<a class=\"elementor-post__read-more\" href=\"https:\/\/site.nord.no\/spk\/det-umatbara-det-vi-ikkje-kan-male\/\" aria-label=\"Read more about Det \u00abum\u00e4tbara\u00bb\u2014det vi ikkje kan m\u00e5le\" tabindex=\"-1\" >\n\t\t\tLes mer \u00bb\t\t<\/a>\n\n\t\t\t\t<\/div>\n\t\t\t\t\t<\/div>\n\t\t<\/article>\n\t\t\t\t<article class=\"elementor-post elementor-grid-item post-256 post type-post status-publish format-standard has-post-thumbnail hentry category-forskning tag-fengselsbetjent tag-olav-levin-johansen tag-russel-hanson\" role=\"listitem\">\n\t\t\t<div class=\"elementor-post__card\">\n\t\t\t\t<a class=\"elementor-post__thumbnail__link\" href=\"https:\/\/site.nord.no\/spk\/hvorfor-ser-og-forstar-vi-ulikt\/\" tabindex=\"-1\" ><div class=\"elementor-post__thumbnail\"><img loading=\"lazy\" decoding=\"async\" width=\"300\" height=\"200\" src=\"https:\/\/site.nord.no\/spk\/wp-content\/uploads\/sites\/87\/2025\/01\/legs-362182_960_720.jpg\" class=\"attachment-medium size-medium wp-image-261\" alt=\"\" \/><\/div><\/a>\n\t\t\t\t<div class=\"elementor-post__badge\">Forsking<\/div>\n\t\t\t\t<div class=\"elementor-post__text\">\n\t\t\t\t<h3 class=\"elementor-post__title\">\n\t\t\t<a href=\"https:\/\/site.nord.no\/spk\/hvorfor-ser-og-forstar-vi-ulikt\/\" >\n\t\t\t\tHvorfor ser og forst\u00e5r vi ulikt?\t\t\t<\/a>\n\t\t<\/h3>\n\t\t\t\t<div class=\"elementor-post__excerpt\">\n\t\t\t<p>Av Olav Levin Johansen. I min ph.d.- avhandling \u00abIdeal, selvforst\u00e5else og yrkesidentitet\u00bb med utgangspunkt i mine erfaringer som fengselsbetjent og fengselsf\u00f8rstebetjent, har jeg bl.a. brukt Norwood Russell Hansons observasjonsteori slik den er framstilt i boken Patterns of Discovery fra 1958. Denne teorien er avklarende b\u00e5de for praksis og studiet av denne. Det er v\u00e5re erfaringer<\/p>\n\t\t<\/div>\n\t\t\n\t\t<a class=\"elementor-post__read-more\" href=\"https:\/\/site.nord.no\/spk\/hvorfor-ser-og-forstar-vi-ulikt\/\" aria-label=\"Read more about Hvorfor ser og forst\u00e5r vi ulikt?\" tabindex=\"-1\" >\n\t\t\tLes mer \u00bb\t\t<\/a>\n\n\t\t\t\t<\/div>\n\t\t\t\t\t<\/div>\n\t\t<\/article>\n\t\t\t\t<article class=\"elementor-post elementor-grid-item post-248 post type-post status-publish format-standard has-post-thumbnail hentry category-forskning category-ukategorisert tag-innforing-i-praktisk-kunnskap tag-omsorg tag-sykepleie tag-vaner\" role=\"listitem\">\n\t\t\t<div class=\"elementor-post__card\">\n\t\t\t\t<a class=\"elementor-post__thumbnail__link\" href=\"https:\/\/site.nord.no\/spk\/naere-relasjoner-skaper-ekte-omsorg\/\" tabindex=\"-1\" ><div class=\"elementor-post__thumbnail\"><img loading=\"lazy\" decoding=\"async\" width=\"300\" height=\"169\" src=\"https:\/\/site.nord.no\/spk\/wp-content\/uploads\/sites\/87\/2025\/01\/joy-of-life-654536_960_720.jpg\" class=\"attachment-medium size-medium wp-image-252\" alt=\"\" \/><\/div><\/a>\n\t\t\t\t<div class=\"elementor-post__badge\">Forsking<\/div>\n\t\t\t\t<div class=\"elementor-post__text\">\n\t\t\t\t<h3 class=\"elementor-post__title\">\n\t\t\t<a href=\"https:\/\/site.nord.no\/spk\/naere-relasjoner-skaper-ekte-omsorg\/\" >\n\t\t\t\tN\u00e6re relasjoner skaper ekte omsorg\t\t\t<\/a>\n\t\t<\/h3>\n\t\t\t\t<div class=\"elementor-post__excerpt\">\n\t\t\t<p>Masterstudent p\u00e5 praktisk kunnskap, Cathrine Holm \u00d8kshoff har f\u00e5tt publisert ein artikkel i tidsskriftet Sykepleien. Her skriv ho: \u00abGod omsorg handler ikke bare om korrekte handlinger, men om en genuin relasjon og oppmerksomhet. Mangel p\u00e5 refleksjon og dialog kan f\u00f8re til at pleieforholdet blir mekanisk. For \u00e5 sikre pasientenes verdighet og funksjonsevne b\u00f8r helsepersonellet rom<\/p>\n\t\t<\/div>\n\t\t\n\t\t<a class=\"elementor-post__read-more\" href=\"https:\/\/site.nord.no\/spk\/naere-relasjoner-skaper-ekte-omsorg\/\" aria-label=\"Read more about N\u00e6re relasjoner skaper ekte omsorg\" tabindex=\"-1\" >\n\t\t\tLes mer \u00bb\t\t<\/a>\n\n\t\t\t\t<\/div>\n\t\t\t\t\t<\/div>\n\t\t<\/article>\n\t\t\t\t<article class=\"elementor-post elementor-grid-item post-211 post type-post status-publish format-standard has-post-thumbnail hentry category-nytt-fra-spk category-ukategorisert tag-erfaringslaering tag-ruth-olsen\" role=\"listitem\">\n\t\t\t<div class=\"elementor-post__card\">\n\t\t\t\t<a class=\"elementor-post__thumbnail__link\" href=\"https:\/\/site.nord.no\/spk\/hvordan-laere-av-erfaring\/\" tabindex=\"-1\" ><div class=\"elementor-post__thumbnail\"><img loading=\"lazy\" decoding=\"async\" width=\"300\" height=\"200\" src=\"https:\/\/site.nord.no\/spk\/wp-content\/uploads\/sites\/87\/2025\/01\/doctor-6701719_960_720-2.png\" class=\"attachment-medium size-medium wp-image-221\" alt=\"\" \/><\/div><\/a>\n\t\t\t\t<div class=\"elementor-post__badge\">Nytt fr\u00e5 SPK<\/div>\n\t\t\t\t<div class=\"elementor-post__text\">\n\t\t\t\t<h3 class=\"elementor-post__title\">\n\t\t\t<a href=\"https:\/\/site.nord.no\/spk\/hvordan-laere-av-erfaring\/\" >\n\t\t\t\tHvordan l\u00e6rer vi av erfaring?\t\t\t<\/a>\n\t\t<\/h3>\n\t\t\t\t<div class=\"elementor-post__excerpt\">\n\t\t\t<p>Vi har henta fram et gammelt innlegg fra Forskning.no om denne saka: Hvordan l\u00e6rer vi av erfaring: ny bok!<\/p>\n\t\t<\/div>\n\t\t\n\t\t<a class=\"elementor-post__read-more\" href=\"https:\/\/site.nord.no\/spk\/hvordan-laere-av-erfaring\/\" aria-label=\"Read more about Hvordan l\u00e6rer vi av erfaring?\" tabindex=\"-1\" >\n\t\t\tLes mer \u00bb\t\t<\/a>\n\n\t\t\t\t<\/div>\n\t\t\t\t\t<\/div>\n\t\t<\/article>\n\t\t\t\t<\/div>\n\t\t\n\t\t\t\t\t\t<\/div>\n\t\t\t\t<\/div>\n\t\t\t\t<\/div>\n\t\t<div class=\"elementor-element elementor-element-dc97970 e-con-full e-flex e-con e-child\" data-id=\"dc97970\" data-element_type=\"container\" data-e-type=\"container\" data-settings=\"{&quot;background_background&quot;:&quot;classic&quot;}\">\n\t\t<div class=\"elementor-element elementor-element-0937506 e-flex e-con-boxed e-con e-child\" data-id=\"0937506\" data-element_type=\"container\" data-e-type=\"container\" data-settings=\"{&quot;background_background&quot;:&quot;classic&quot;}\">\n\t\t\t\t\t<div class=\"e-con-inner\">\n\t\t\t\t<div class=\"elementor-element elementor-element-631a01f elementor-widget elementor-widget-heading\" data-id=\"631a01f\" data-element_type=\"widget\" data-e-type=\"widget\" data-widget_type=\"heading.default\">\n\t\t\t\t<div class=\"elementor-widget-container\">\n\t\t\t\t\t<h2 class=\"elementor-heading-title elementor-size-default\">Stikkord for tema i bloggen<\/h2>\t\t\t\t<\/div>\n\t\t\t\t<\/div>\n\t\t\t\t<div class=\"elementor-element elementor-element-9a2426e elementor-widget elementor-widget-wp-widget-tag_cloud\" data-id=\"9a2426e\" data-element_type=\"widget\" data-e-type=\"widget\" data-widget_type=\"wp-widget-tag_cloud.default\">\n\t\t\t\t<div class=\"elementor-widget-container\">\n\t\t\t\t\t<h5>Stikkordsky<\/h5><nav aria-label=\"Stikkordsky\"><div class=\"tagcloud\"><a href=\"https:\/\/site.nord.no\/spk\/tag\/anerkjennende\/\" class=\"tag-cloud-link tag-link-24 tag-link-position-1\" style=\"font-size: 8pt;\" aria-label=\"anerkjennende (1 element)\">anerkjennende<\/a>\n<a href=\"https:\/\/site.nord.no\/spk\/tag\/byplanlegging\/\" class=\"tag-cloud-link tag-link-41 tag-link-position-2\" style=\"font-size: 8pt;\" aria-label=\"byplanlegging (1 element)\">byplanlegging<\/a>\n<a href=\"https:\/\/site.nord.no\/spk\/tag\/catrine-torbjornsen-halas\/\" class=\"tag-cloud-link tag-link-21 tag-link-position-3\" style=\"font-size: 8pt;\" aria-label=\"Catrine Torbj\u00f8rnsen Hal\u00e5s (1 element)\">Catrine Torbj\u00f8rnsen Hal\u00e5s<\/a>\n<a href=\"https:\/\/site.nord.no\/spk\/tag\/erfaringslaering\/\" class=\"tag-cloud-link tag-link-18 tag-link-position-4\" style=\"font-size: 8pt;\" aria-label=\"Erfaringsl\u00e6ring (1 element)\">Erfaringsl\u00e6ring<\/a>\n<a href=\"https:\/\/site.nord.no\/spk\/tag\/essay\/\" class=\"tag-cloud-link tag-link-20 tag-link-position-5\" style=\"font-size: 8pt;\" aria-label=\"Essay (1 element)\">Essay<\/a>\n<a href=\"https:\/\/site.nord.no\/spk\/tag\/fengselsbetjent\/\" class=\"tag-cloud-link tag-link-31 tag-link-position-6\" style=\"font-size: 8pt;\" aria-label=\"fengselsbetjent (1 element)\">fengselsbetjent<\/a>\n<a href=\"https:\/\/site.nord.no\/spk\/tag\/fortelling\/\" class=\"tag-cloud-link tag-link-22 tag-link-position-7\" style=\"font-size: 8pt;\" aria-label=\"Fortelling (1 element)\">Fortelling<\/a>\n<a href=\"https:\/\/site.nord.no\/spk\/tag\/hans-skjervheim\/\" class=\"tag-cloud-link tag-link-35 tag-link-position-8\" style=\"font-size: 8pt;\" aria-label=\"Hans Skjervheim (1 element)\">Hans Skjervheim<\/a>\n<a href=\"https:\/\/site.nord.no\/spk\/tag\/hundekjoring\/\" class=\"tag-cloud-link tag-link-38 tag-link-position-9\" style=\"font-size: 8pt;\" aria-label=\"hundekj\u00f8ring (1 element)\">hundekj\u00f8ring<\/a>\n<a href=\"https:\/\/site.nord.no\/spk\/tag\/innforing-i-praktisk-kunnskap\/\" class=\"tag-cloud-link tag-link-29 tag-link-position-10\" style=\"font-size: 8pt;\" aria-label=\"Innf\u00f8ring i praktisk kunnskap (1 element)\">Innf\u00f8ring i praktisk kunnskap<\/a>\n<a href=\"https:\/\/site.nord.no\/spk\/tag\/jonna-bornemark\/\" class=\"tag-cloud-link tag-link-34 tag-link-position-11\" style=\"font-size: 8pt;\" aria-label=\"Jonna Bornemark (1 element)\">Jonna Bornemark<\/a>\n<a href=\"https:\/\/site.nord.no\/spk\/tag\/kompetansemobilisering\/\" class=\"tag-cloud-link tag-link-23 tag-link-position-12\" style=\"font-size: 8pt;\" aria-label=\"kompetansemobilisering (1 element)\">kompetansemobilisering<\/a>\n<a href=\"https:\/\/site.nord.no\/spk\/tag\/kritisk-og-konstruktiv-forskning\/\" class=\"tag-cloud-link tag-link-25 tag-link-position-13\" style=\"font-size: 8pt;\" aria-label=\"kritisk og konstruktiv forskning (1 element)\">kritisk og konstruktiv forskning<\/a>\n<a href=\"https:\/\/site.nord.no\/spk\/tag\/malte-brinkmann\/\" class=\"tag-cloud-link tag-link-36 tag-link-position-14\" style=\"font-size: 8pt;\" aria-label=\"Malte Brinkmann (1 element)\">Malte Brinkmann<\/a>\n<a href=\"https:\/\/site.nord.no\/spk\/tag\/nmbu\/\" class=\"tag-cloud-link tag-link-39 tag-link-position-15\" style=\"font-size: 8pt;\" aria-label=\"NMBU (1 element)\">NMBU<\/a>\n<a href=\"https:\/\/site.nord.no\/spk\/tag\/olav-levin-johansen\/\" class=\"tag-cloud-link tag-link-32 tag-link-position-16\" style=\"font-size: 8pt;\" aria-label=\"Olav Levin Johansen (1 element)\">Olav Levin Johansen<\/a>\n<a href=\"https:\/\/site.nord.no\/spk\/tag\/omsorg\/\" class=\"tag-cloud-link tag-link-27 tag-link-position-17\" style=\"font-size: 8pt;\" aria-label=\"omsorg (1 element)\">omsorg<\/a>\n<a href=\"https:\/\/site.nord.no\/spk\/tag\/provd-erfaring\/\" class=\"tag-cloud-link tag-link-37 tag-link-position-18\" style=\"font-size: 8pt;\" aria-label=\"pr\u00f8vd erfaring (1 element)\">pr\u00f8vd erfaring<\/a>\n<a href=\"https:\/\/site.nord.no\/spk\/tag\/romleg-planlegging\/\" class=\"tag-cloud-link tag-link-40 tag-link-position-19\" style=\"font-size: 8pt;\" aria-label=\"romleg planlegging (1 element)\">romleg planlegging<\/a>\n<a href=\"https:\/\/site.nord.no\/spk\/tag\/russel-hanson\/\" class=\"tag-cloud-link tag-link-30 tag-link-position-20\" style=\"font-size: 8pt;\" aria-label=\"Russel Hanson (1 element)\">Russel Hanson<\/a>\n<a href=\"https:\/\/site.nord.no\/spk\/tag\/ruth-olsen\/\" class=\"tag-cloud-link tag-link-19 tag-link-position-21\" style=\"font-size: 22pt;\" aria-label=\"Ruth Olsen (2 elementer)\">Ruth Olsen<\/a>\n<a href=\"https:\/\/site.nord.no\/spk\/tag\/sykepleie\/\" class=\"tag-cloud-link tag-link-26 tag-link-position-22\" style=\"font-size: 8pt;\" aria-label=\"sykepleie (1 element)\">sykepleie<\/a>\n<a href=\"https:\/\/site.nord.no\/spk\/tag\/vaner\/\" class=\"tag-cloud-link tag-link-28 tag-link-position-23\" style=\"font-size: 8pt;\" aria-label=\"vaner (1 element)\">vaner<\/a><\/div>\n<\/nav>\t\t\t\t<\/div>\n\t\t\t\t<\/div>\n\t\t\t\t\t<\/div>\n\t\t\t\t<\/div>\n\t\t\t\t<\/div>\n\t\t\t\t\t<\/div>\n\t\t\t\t<\/div>\n\t\t\t\t<\/div>\n\t\t","protected":false},"excerpt":{"rendered":"<p>Stikkord for tema i bloggen<\/p>\n","protected":false},"author":75,"featured_media":0,"parent":0,"menu_order":0,"comment_status":"closed","ping_status":"closed","template":"elementor_header_footer","meta":{"footnotes":""},"coauthors":[10],"class_list":["post-42","page","type-page","status-publish","hentry"],"_links":{"self":[{"href":"https:\/\/site.nord.no\/spk\/wp-json\/wp\/v2\/pages\/42","targetHints":{"allow":["GET"]}}],"collection":[{"href":"https:\/\/site.nord.no\/spk\/wp-json\/wp\/v2\/pages"}],"about":[{"href":"https:\/\/site.nord.no\/spk\/wp-json\/wp\/v2\/types\/page"}],"author":[{"embeddable":true,"href":"https:\/\/site.nord.no\/spk\/wp-json\/wp\/v2\/users\/75"}],"replies":[{"embeddable":true,"href":"https:\/\/site.nord.no\/spk\/wp-json\/wp\/v2\/comments?post=42"}],"version-history":[{"count":32,"href":"https:\/\/site.nord.no\/spk\/wp-json\/wp\/v2\/pages\/42\/revisions"}],"predecessor-version":[{"id":168,"href":"https:\/\/site.nord.no\/spk\/wp-json\/wp\/v2\/pages\/42\/revisions\/168"}],"wp:attachment":[{"href":"https:\/\/site.nord.no\/spk\/wp-json\/wp\/v2\/media?parent=42"}],"wp:term":[{"taxonomy":"author","embeddable":true,"href":"https:\/\/site.nord.no\/spk\/wp-json\/wp\/v2\/coauthors?post=42"}],"curies":[{"name":"wp","href":"https:\/\/api.w.org\/{rel}","templated":true}]}}