{"id":55,"date":"2024-11-20T16:55:29","date_gmt":"2024-11-20T15:55:29","guid":{"rendered":"https:\/\/site.nord.no\/spk\/?page_id=55"},"modified":"2025-02-18T08:14:23","modified_gmt":"2025-02-18T07:14:23","slug":"medlemmer","status":"publish","type":"page","link":"https:\/\/site.nord.no\/spk\/medlemmer\/","title":{"rendered":"Medlemmer"},"content":{"rendered":"\n<div class=\"wp-block-columns is-layout-flex wp-container-core-columns-is-layout-28f84493 wp-block-columns-is-layout-flex\">\n<div class=\"wp-block-column is-layout-flow wp-block-column-is-layout-flow\" style=\"flex-basis:66%\">\n<div class=\"wp-block-media-text is-stacked-on-mobile has-background\" style=\"background-color:#eeeeee;grid-template-columns:33% auto\"><figure class=\"wp-block-media-text__media\"><img fetchpriority=\"high\" decoding=\"async\" width=\"648\" height=\"648\" src=\"https:\/\/site.nord.no\/spk\/wp-content\/uploads\/sites\/87\/2024\/11\/Orjan-Hattrem-1731895967.jpeg\" alt=\"\" class=\"wp-image-79 size-full\" \/><\/figure><div class=\"wp-block-media-text__content\">\n<h2 class=\"wp-block-heading\">\u00d8rjan Hattrem<\/h2>\n\n\n\n<p>E-post: <a href=\"mailto:orjan.hattrem@nord.no\">orjan.hattrem@nord.no<\/a><\/p>\n\n\n\n<p>Forskningsgruppeleder<\/p>\n\n\n\n<p>F\u00f8rsteamanuensis, dr., FLU  (Bod\u00f8)<\/p>\n\n\n\n<p><a href=\"https:\/\/site.nord.no\/spk\/omtale-orjan-hattrem\/\" data-type=\"page\" data-id=\"303\">Meir&#8230;<\/a><\/p>\n<\/div><\/div>\n\n\n\n<div class=\"wp-block-media-text is-stacked-on-mobile has-background\" style=\"background-color:#eeeeee;grid-template-columns:33% auto\"><figure class=\"wp-block-media-text__media\"><img decoding=\"async\" width=\"974\" height=\"1128\" src=\"https:\/\/site.nord.no\/spk\/wp-content\/uploads\/sites\/87\/2025\/01\/Portrett-Kare-Fuglseth.jpg\" alt=\"\" class=\"wp-image-172 size-full\" \/><\/figure><div class=\"wp-block-media-text__content\">\n<h2 class=\"wp-block-heading\">K\u00e5re S. Fuglseth<\/h2>\n\n\n\n<p>E-post: <a href=\"mailto:kare.s.fuglseth@nord.no\">kare.s.fuglseth@nord.no<\/a><\/p>\n\n\n\n<p>Professor, dr., FLU (Bod\u00f8)<\/p>\n\n\n\n<p><a href=\"https:\/\/site.nord.no\/spk\/omtale-medlem\/\" data-type=\"page\" data-id=\"291\">Meir&#8230;<\/a><\/p>\n<\/div><\/div>\n\n\n\n<div class=\"wp-block-media-text is-stacked-on-mobile has-background\" style=\"background-color:#eeeeee;grid-template-columns:33% auto\"><figure class=\"wp-block-media-text__media\"><img decoding=\"async\" width=\"648\" height=\"648\" src=\"https:\/\/site.nord.no\/spk\/wp-content\/uploads\/sites\/87\/2025\/01\/Jon-Anders-Lindstrom-1737512498.jpeg\" alt=\"\" class=\"wp-image-177 size-full\" \/><\/figure><div class=\"wp-block-media-text__content\">\n<h2 class=\"wp-block-heading\">Jon Anders Lindstr\u00f8m<\/h2>\n\n\n\n<p>E-post: <a href=\"mailto:jon.a.lindstrom@nord.no\">jon.a.lindstrom@nord.no<\/a><\/p>\n\n\n\n<p>F\u00f8rsteamanuensis, dr., FLU (Bod\u00f8)<\/p>\n\n\n\n<p><a href=\"https:\/\/site.nord.no\/spk\/omtale-jon-anders-lindstrom\/\" data-type=\"page\" data-id=\"309\">Meir&#8230;<\/a><\/p>\n<\/div><\/div>\n\n\n\n<div class=\"wp-block-media-text is-stacked-on-mobile has-background\" style=\"background-color:#eeeeee;grid-template-columns:33% auto\"><figure class=\"wp-block-media-text__media\"><img loading=\"lazy\" decoding=\"async\" width=\"648\" height=\"648\" src=\"https:\/\/site.nord.no\/spk\/wp-content\/uploads\/sites\/87\/2025\/01\/Catrine-Torbjornsen-Halas-1737512409.jpeg\" alt=\"\" class=\"wp-image-174 size-full\" \/><\/figure><div class=\"wp-block-media-text__content\">\n<h2 class=\"wp-block-heading\">Catrine Torbj\u00f8rnsen Hal\u00e5s<\/h2>\n\n\n\n<p>E-post: <a href=\"mailto:catrine.t.halas@nord.no\">catrine.t.halas@nord.no<\/a><\/p>\n\n\n\n<p>Professor, dr. FSV (Bod\u00f8)<\/p>\n\n\n\n<p><a href=\"https:\/\/site.nord.no\/spk\/omtale-catrine-torbjornsen-halas\/\" data-type=\"page\" data-id=\"311\">Meir&#8230;<\/a><\/p>\n<\/div><\/div>\n\n\n\n<div class=\"wp-block-media-text is-stacked-on-mobile has-background\" style=\"background-color:#eeeeee;grid-template-columns:33% auto\"><figure class=\"wp-block-media-text__media\"><img loading=\"lazy\" decoding=\"async\" width=\"80\" height=\"96\" src=\"https:\/\/site.nord.no\/spk\/wp-content\/uploads\/sites\/87\/2025\/01\/Sine-Maria-Herholdt-Lomholdt-1737512394.png\" alt=\"\" class=\"wp-image-181 size-full\" \/><\/figure><div class=\"wp-block-media-text__content\">\n<h2 class=\"wp-block-heading\">Sine Lomholdt-Herholdt<\/h2>\n\n\n\n<p>E-post: <a href=\"mailto:sine.m.herholt-lomholdt@nord.no\">sine.m.herholt-lomholdt@nord.no<\/a><\/p>\n\n\n\n<p>Professor, dr., FSH (Bod\u00f8)<\/p>\n\n\n\n<p><a href=\"https:\/\/site.nord.no\/spk\/omtale-sine-lomholdt-herholdt\/\" data-type=\"page\" data-id=\"313\">Meir&#8230;<\/a><\/p>\n<\/div><\/div>\n\n\n\n<div class=\"wp-block-media-text is-stacked-on-mobile has-background\" style=\"background-color:#eeeeee;grid-template-columns:33% auto\"><figure class=\"wp-block-media-text__media\"><img loading=\"lazy\" decoding=\"async\" width=\"420\" height=\"420\" src=\"https:\/\/site.nord.no\/spk\/wp-content\/uploads\/sites\/87\/2025\/01\/Marianne-Brattgjerd-1737512008.jpeg\" alt=\"\" class=\"wp-image-183 size-full\" \/><\/figure><div class=\"wp-block-media-text__content\">\n<h2 class=\"wp-block-heading\">Marianne Brattgjerd<\/h2>\n\n\n\n<p>E-post: <a href=\"mailto:marianne.brattgjerd@nord.no\">marianne.brattgjerd@nord.no<\/a><\/p>\n\n\n\n<p>F\u00f8rsteamanuensis, dr., FSH (Namsos)<\/p>\n\n\n\n<p> <a href=\"https:\/\/site.nord.no\/spk\/omtale-marianne-brattgjerd\/\" data-type=\"page\" data-id=\"324\">Meir&#8230;<\/a><\/p>\n<\/div><\/div>\n\n\n\n<div class=\"wp-block-media-text is-stacked-on-mobile has-background\" style=\"background-color:#eeeeee;grid-template-columns:33% auto\"><figure class=\"wp-block-media-text__media\"><img loading=\"lazy\" decoding=\"async\" width=\"240\" height=\"240\" src=\"https:\/\/site.nord.no\/spk\/wp-content\/uploads\/sites\/87\/2025\/01\/Maja-Henriette-Jensvoll-1737511897.jpeg\" alt=\"\" class=\"wp-image-186 size-full\" \/><\/figure><div class=\"wp-block-media-text__content\">\n<h2 class=\"wp-block-heading\">Maja Jensvoll<\/h2>\n\n\n\n<p>E-post: <a href=\"mailto:maja.jensvoll@nord.no\">maja.jensvoll@nord.no<\/a><\/p>\n\n\n\n<p>F\u00f8rstelektor, FLU (Bod\u00f8)<\/p>\n\n\n\n<p><a href=\"https:\/\/site.nord.no\/spk\/omtale-maja-jensvoll\/\" data-type=\"page\" data-id=\"315\">Meir&#8230;<\/a><\/p>\n<\/div><\/div>\n\n\n\n<div class=\"wp-block-media-text is-stacked-on-mobile has-background\" style=\"background-color:#eeeeee;grid-template-columns:33% auto\"><figure class=\"wp-block-media-text__media\"><img loading=\"lazy\" decoding=\"async\" width=\"420\" height=\"420\" src=\"https:\/\/site.nord.no\/spk\/wp-content\/uploads\/sites\/87\/2025\/01\/Regine-Vesterlid-Strom-1737512132.jpeg\" alt=\"\" class=\"wp-image-189 size-full\" \/><\/figure><div class=\"wp-block-media-text__content\">\n<h2 class=\"wp-block-heading\">Regine Vesterlid Str\u00f8m<\/h2>\n\n\n\n<p>E-post: <a href=\"mailto:regine.v.stroml@nord.no\">regine.v.stroml@nord.no<\/a><\/p>\n\n\n\n<p>Dosent, dr. FLU (Bod\u00f8)<\/p>\n\n\n\n<p><a href=\"https:\/\/site.nord.no\/spk\/omtale-regine-vesterlid-strom\/\" data-type=\"page\" data-id=\"317\">Meir&#8230;<\/a><\/p>\n<\/div><\/div>\n\n\n\n<div class=\"wp-block-media-text is-stacked-on-mobile has-background\" style=\"background-color:#eeeeee;grid-template-columns:33% auto\"><figure class=\"wp-block-media-text__media\"><img loading=\"lazy\" decoding=\"async\" width=\"800\" height=\"800\" src=\"https:\/\/site.nord.no\/spk\/wp-content\/uploads\/sites\/87\/2025\/02\/1694787189346.jpeg\" alt=\"\" class=\"wp-image-335 size-full\" \/><\/figure><div class=\"wp-block-media-text__content\">\n<h2 class=\"wp-block-heading\">Linda Antoniett Hoel<\/h2>\n\n\n\n<p>E-post: <a href=\"mailto:Linda.Antoniett.Hoel@phs.no\">Linda.Antoniett.Hoel@phs.no<\/a><\/p>\n\n\n\n<p>Professor, dr., Politih\u00f8gskolen (Bod\u00f8)<\/p>\n\n\n\n<p><a href=\"https:\/\/site.nord.no\/spk\/omtale-linda-antoinett-hoel\/\" data-type=\"page\" data-id=\"337\">Meir&#8230;<\/a><\/p>\n<\/div><\/div>\n\n\n\n<div class=\"wp-block-media-text is-stacked-on-mobile has-background\" style=\"background-color:#eeeeee;grid-template-columns:33% auto\"><figure class=\"wp-block-media-text__media\"><img loading=\"lazy\" decoding=\"async\" width=\"648\" height=\"648\" src=\"https:\/\/site.nord.no\/spk\/wp-content\/uploads\/sites\/87\/2025\/01\/Ingjerd-Gare-Kymre-1737685048.jpeg\" alt=\"\" class=\"wp-image-226 size-full\" \/><\/figure><div class=\"wp-block-media-text__content\">\n<h2 class=\"wp-block-heading\">Ingjerd G\u00e5re Kymre<\/h2>\n\n\n\n<p>E-post: <a href=\"mailto:ingjerd.g.kymre@nord.no\">ingjerd.g.kymre@nord.no<\/a><\/p>\n\n\n\n<p>F\u00f8rsteamanuensis, dr. FSH (Bod\u00f8)<\/p>\n\n\n\n<p><a href=\"https:\/\/site.nord.no\/spk\/omtale-ingjerd-gare-kymre\/\" data-type=\"page\" data-id=\"319\">Meir\u2026<\/a><\/p>\n<\/div><\/div>\n\n\n\n<div class=\"wp-block-media-text is-stacked-on-mobile has-background\" style=\"background-color:#eeeeee;grid-template-columns:33% auto\"><figure class=\"wp-block-media-text__media\"><img loading=\"lazy\" decoding=\"async\" width=\"400\" height=\"500\" src=\"https:\/\/site.nord.no\/spk\/wp-content\/uploads\/sites\/87\/2025\/01\/Unknown.jpeg\" alt=\"\" class=\"wp-image-229 size-full\" \/><\/figure><div class=\"wp-block-media-text__content\">\n<h2 class=\"wp-block-heading\">Kjersti Sunde M\u00e6hre<\/h2>\n\n\n\n<p>E-post: <a href=\"mailto:kjersti.s.mahre@uit.no\">kjersti.s.mahre@uit.no<\/a><\/p>\n\n\n\n<p>F\u00f8rsteamanuensis, dr. UiT (Troms\u00f8)<\/p>\n\n\n\n<p><a href=\"https:\/\/site.nord.no\/spk\/omtale-kjersti-sunde-maehre\/\" data-type=\"page\" data-id=\"321\">Meir\u2026<\/a><\/p>\n<\/div><\/div>\n\n\n\n<div class=\"wp-block-media-text is-stacked-on-mobile has-background\" style=\"background-color:#eeeeee;grid-template-columns:33% auto\"><figure class=\"wp-block-media-text__media\"><img loading=\"lazy\" decoding=\"async\" width=\"648\" height=\"648\" src=\"https:\/\/site.nord.no\/spk\/wp-content\/uploads\/sites\/87\/2025\/02\/Trine-Soleng-Nedregard-1739153528.jpeg\" alt=\"\" class=\"wp-image-275 size-full\" \/><\/figure><div class=\"wp-block-media-text__content\">\n<h2 class=\"wp-block-heading\">Trine Soleng Nedreg\u00e5rd<\/h2>\n\n\n\n<p>E-post: <a href=\"mailto:trine.s.nedregard@nord.no\">trine.s.nedregard@nord.no<\/a><\/p>\n\n\n\n<p>Stipendiat, FLU (Bod\u00f8)<\/p>\n\n\n\n<p><a href=\"https:\/\/site.nord.no\/spk\/omtale-trine-soleng-nedregard\/\" data-type=\"page\" data-id=\"326\">Meir\u2026<\/a><\/p>\n<\/div><\/div>\n\n\n\n<div class=\"wp-block-media-text is-stacked-on-mobile has-background\" style=\"background-color:#eeeeee;grid-template-columns:33% auto\"><figure class=\"wp-block-media-text__media\"><img loading=\"lazy\" decoding=\"async\" width=\"5357\" height=\"3572\" src=\"https:\/\/site.nord.no\/spk\/wp-content\/uploads\/sites\/87\/2025\/02\/oddbjorg1.jpg\" alt=\"\" class=\"wp-image-370 size-full\" \/><\/figure><div class=\"wp-block-media-text__content\">\n<h2 class=\"wp-block-heading\">Oddbj\u00f8rg Edvardsen<\/h2>\n\n\n\n<p>E-post: <a href=\"mailto:oddbjorg.edvardsen@nord.no\">oddbjorg.edvardsen@nord.no<\/a><\/p>\n\n\n\n<p>F\u00f8rsteamanuensis, Politih\u00f8gskolen og Nord FLU (Bod\u00f8)<\/p>\n\n\n\n<p><a href=\"https:\/\/site.nord.no\/spk\/omtale-av-oddbjorg-edvardsen\/\" data-type=\"page\" data-id=\"367\">Meir\u2026<\/a><\/p>\n<\/div><\/div>\n<\/div>\n\n\n\n<div class=\"wp-block-column is-layout-flow wp-block-column-is-layout-flow\" style=\"flex-basis:50%\">\n<div class=\"wp-block-columns is-layout-flex wp-container-core-columns-is-layout-28f84493 wp-block-columns-is-layout-flex\">\n<div class=\"wp-block-column is-layout-flow wp-block-column-is-layout-flow\" style=\"flex-basis:50%\"><\/div>\n\n\n\n<div class=\"wp-block-column is-layout-flow wp-block-column-is-layout-flow\" style=\"flex-basis:50%\"><\/div>\n<\/div>\n<\/div>\n<\/div>\n\n\n\n<p><\/p>\n\n\n\n<p><\/p>\n\n\n\n<p><\/p>\n","protected":false},"excerpt":{"rendered":"<p>\u00d8rjan Hattrem E-post: orjan.hattrem@nord.no Forskningsgruppeleder F\u00f8rsteamanuensis, dr., FLU (Bod\u00f8) Meir&#8230; K\u00e5re S. Fuglseth E-post: kare.s.fuglseth@nord.no Professor, dr., FLU (Bod\u00f8) Jon Anders Lindstr\u00f8m E-post: jon.a.lindstrom@nord.no F\u00f8rsteamanuensis, dr., FLU (Bod\u00f8) Meir&#8230; Catrine Torbj\u00f8rnsen Hal\u00e5s E-post: catrine.t.halas@nord.no Professor, dr. FSV (Bod\u00f8) Meir&#8230; Sine Lomholdt-Herholdt E-post: sine.m.herholt-lomholdt@nord.no Professor, dr., FSH (Bod\u00f8) Meir&#8230; Marianne Brattgjerd E-post: marianne.brattgjerd@nord.no F\u00f8rsteamanuensis, dr., FSH [&hellip;]<\/p>\n","protected":false},"author":75,"featured_media":0,"parent":0,"menu_order":0,"comment_status":"closed","ping_status":"closed","template":"","meta":{"footnotes":""},"coauthors":[10],"class_list":["post-55","page","type-page","status-publish","hentry"],"_links":{"self":[{"href":"https:\/\/site.nord.no\/spk\/wp-json\/wp\/v2\/pages\/55","targetHints":{"allow":["GET"]}}],"collection":[{"href":"https:\/\/site.nord.no\/spk\/wp-json\/wp\/v2\/pages"}],"about":[{"href":"https:\/\/site.nord.no\/spk\/wp-json\/wp\/v2\/types\/page"}],"author":[{"embeddable":true,"href":"https:\/\/site.nord.no\/spk\/wp-json\/wp\/v2\/users\/75"}],"replies":[{"embeddable":true,"href":"https:\/\/site.nord.no\/spk\/wp-json\/wp\/v2\/comments?post=55"}],"version-history":[{"count":52,"href":"https:\/\/site.nord.no\/spk\/wp-json\/wp\/v2\/pages\/55\/revisions"}],"predecessor-version":[{"id":376,"href":"https:\/\/site.nord.no\/spk\/wp-json\/wp\/v2\/pages\/55\/revisions\/376"}],"wp:attachment":[{"href":"https:\/\/site.nord.no\/spk\/wp-json\/wp\/v2\/media?parent=55"}],"wp:term":[{"taxonomy":"author","embeddable":true,"href":"https:\/\/site.nord.no\/spk\/wp-json\/wp\/v2\/coauthors?post=55"}],"curies":[{"name":"wp","href":"https:\/\/api.w.org\/{rel}","templated":true}]}}