{"id":21,"date":"2022-02-16T12:58:16","date_gmt":"2022-02-16T11:58:16","guid":{"rendered":"https:\/\/blogg.nord.no\/sportandgender2022\/?page_id=21"},"modified":"2022-02-25T12:57:24","modified_gmt":"2022-02-25T11:57:24","slug":"news","status":"publish","type":"page","link":"https:\/\/site.nord.no\/sportandgender2022\/news\/","title":{"rendered":"News"},"content":{"rendered":"\t\t<div data-elementor-type=\"wp-page\" data-elementor-id=\"21\" class=\"elementor elementor-21\" data-elementor-post-type=\"page\">\n\t\t\t\t\t\t<section class=\"elementor-section elementor-top-section elementor-element elementor-element-f814e94 elementor-section-boxed elementor-section-height-default elementor-section-height-default\" data-id=\"f814e94\" data-element_type=\"section\" data-e-type=\"section\" data-settings=\"{&quot;background_background&quot;:&quot;classic&quot;}\">\n\t\t\t\t\t\t<div class=\"elementor-container elementor-column-gap-default\">\n\t\t\t\t\t<div class=\"elementor-column elementor-col-100 elementor-top-column elementor-element elementor-element-9c9b7e9\" data-id=\"9c9b7e9\" data-element_type=\"column\" data-e-type=\"column\" data-settings=\"{&quot;background_background&quot;:&quot;classic&quot;}\">\n\t\t\t<div class=\"elementor-widget-wrap elementor-element-populated\">\n\t\t\t\t\t<div class=\"elementor-background-overlay\"><\/div>\n\t\t\t\t\t\t<div class=\"elementor-element elementor-element-ba8999b elementor-widget elementor-widget-spacer\" data-id=\"ba8999b\" data-element_type=\"widget\" data-e-type=\"widget\" data-widget_type=\"spacer.default\">\n\t\t\t\t<div class=\"elementor-widget-container\">\n\t\t\t\t\t\t\t<div class=\"elementor-spacer\">\n\t\t\t<div class=\"elementor-spacer-inner\"><\/div>\n\t\t<\/div>\n\t\t\t\t\t\t<\/div>\n\t\t\t\t<\/div>\n\t\t\t\t<div class=\"elementor-element elementor-element-b9a1a45 elementor-widget elementor-widget-spacer\" data-id=\"b9a1a45\" data-element_type=\"widget\" data-e-type=\"widget\" data-widget_type=\"spacer.default\">\n\t\t\t\t<div class=\"elementor-widget-container\">\n\t\t\t\t\t\t\t<div class=\"elementor-spacer\">\n\t\t\t<div class=\"elementor-spacer-inner\"><\/div>\n\t\t<\/div>\n\t\t\t\t\t\t<\/div>\n\t\t\t\t<\/div>\n\t\t\t\t\t<\/div>\n\t\t<\/div>\n\t\t\t\t\t<\/div>\n\t\t<\/section>\n\t\t\t\t<section class=\"elementor-section elementor-top-section elementor-element elementor-element-7d9c142 elementor-section-boxed elementor-section-height-default elementor-section-height-default\" data-id=\"7d9c142\" data-element_type=\"section\" data-e-type=\"section\" data-settings=\"{&quot;background_background&quot;:&quot;classic&quot;}\">\n\t\t\t\t\t\t<div class=\"elementor-container elementor-column-gap-default\">\n\t\t\t\t\t<div class=\"elementor-column elementor-col-100 elementor-top-column elementor-element elementor-element-848e6e5\" data-id=\"848e6e5\" data-element_type=\"column\" data-e-type=\"column\">\n\t\t\t<div class=\"elementor-widget-wrap elementor-element-populated\">\n\t\t\t\t\t\t<div class=\"elementor-element elementor-element-3daadb2 elementor-grid-3 elementor-grid-tablet-2 elementor-grid-mobile-1 elementor-posts--thumbnail-top elementor-card-shadow-yes elementor-posts__hover-gradient elementor-widget elementor-widget-posts\" data-id=\"3daadb2\" data-element_type=\"widget\" data-e-type=\"widget\" data-settings=\"{&quot;cards_columns&quot;:&quot;3&quot;,&quot;cards_columns_tablet&quot;:&quot;2&quot;,&quot;cards_columns_mobile&quot;:&quot;1&quot;,&quot;cards_row_gap&quot;:{&quot;unit&quot;:&quot;px&quot;,&quot;size&quot;:35,&quot;sizes&quot;:[]},&quot;cards_row_gap_tablet&quot;:{&quot;unit&quot;:&quot;px&quot;,&quot;size&quot;:&quot;&quot;,&quot;sizes&quot;:[]},&quot;cards_row_gap_mobile&quot;:{&quot;unit&quot;:&quot;px&quot;,&quot;size&quot;:&quot;&quot;,&quot;sizes&quot;:[]}}\" data-widget_type=\"posts.cards\">\n\t\t\t\t<div class=\"elementor-widget-container\">\n\t\t\t\t\t\t\t<div class=\"elementor-posts-container elementor-posts elementor-posts--skin-cards elementor-grid\" role=\"list\">\n\t\t\t\t<article class=\"elementor-post elementor-grid-item post-564 post type-post status-publish format-standard hentry category-ukategorisert\" role=\"listitem\">\n\t\t\t<div class=\"elementor-post__card\">\n\t\t\t\t<div class=\"elementor-post__text\">\n\t\t\t\t<h3 class=\"elementor-post__title\">\n\t\t\t<a href=\"https:\/\/site.nord.no\/sportandgender2022\/2022\/11\/17\/women-life-freedom-movement-of-iran\/\" >\n\t\t\t\t<strong>Women, Life, Freedom Movement of Iran<\/strong>\t\t\t<\/a>\n\t\t<\/h3>\n\t\t\t\t<div class=\"elementor-post__excerpt\">\n\t\t\t<p>The organizing committee of the \u201cEmerging Issues and Alternative Futures for Gender and Sport\u201d-conference stands in solidarity with the people of Iran as they protest<\/p>\n\t\t<\/div>\n\t\t\n\t\t<a class=\"elementor-post__read-more\" href=\"https:\/\/site.nord.no\/sportandgender2022\/2022\/11\/17\/women-life-freedom-movement-of-iran\/\" aria-label=\"Read more about &lt;strong&gt;Women, Life, Freedom Movement of Iran&lt;\/strong&gt;\" tabindex=\"-1\" >\n\t\t\tRead more \u00bb\t\t<\/a>\n\n\t\t\t\t<\/div>\n\t\t\t\t<div class=\"elementor-post__meta-data\">\n\t\t\t\t\t<span class=\"elementor-post-date\">\n\t\t\t17. November 2022\t\t<\/span>\n\t\t\t\t<\/div>\n\t\t\t\t\t<\/div>\n\t\t<\/article>\n\t\t\t\t<article class=\"elementor-post elementor-grid-item post-559 post type-post status-publish format-standard hentry category-ukategorisert\" role=\"listitem\">\n\t\t\t<div class=\"elementor-post__card\">\n\t\t\t\t<div class=\"elementor-post__text\">\n\t\t\t\t<h3 class=\"elementor-post__title\">\n\t\t\t<a href=\"https:\/\/site.nord.no\/sportandgender2022\/2022\/11\/11\/conference-app\/\" >\n\t\t\t\tConference App!\t\t\t<\/a>\n\t\t<\/h3>\n\t\t\t\t<div class=\"elementor-post__excerpt\">\n\t\t\t<p>Great news! The conference schedule is now more accessible, just download the app &#8216;Conference4me\u2019 and search for&nbsp;&#8216;The 14th annual conference of the Transnational Working Group<\/p>\n\t\t<\/div>\n\t\t\n\t\t<a class=\"elementor-post__read-more\" href=\"https:\/\/site.nord.no\/sportandgender2022\/2022\/11\/11\/conference-app\/\" aria-label=\"Read more about Conference App!\" tabindex=\"-1\" >\n\t\t\tRead more \u00bb\t\t<\/a>\n\n\t\t\t\t<\/div>\n\t\t\t\t<div class=\"elementor-post__meta-data\">\n\t\t\t\t\t<span class=\"elementor-post-date\">\n\t\t\t11. November 2022\t\t<\/span>\n\t\t\t\t<\/div>\n\t\t\t\t\t<\/div>\n\t\t<\/article>\n\t\t\t\t<article class=\"elementor-post elementor-grid-item post-553 post type-post status-publish format-standard hentry category-ukategorisert\" role=\"listitem\">\n\t\t\t<div class=\"elementor-post__card\">\n\t\t\t\t<div class=\"elementor-post__text\">\n\t\t\t\t<h3 class=\"elementor-post__title\">\n\t\t\t<a href=\"https:\/\/site.nord.no\/sportandgender2022\/2022\/11\/09\/streaming-of-keynote-lectures-during-the-14th-annual-conference-of-the-transnational-working-group-for-the-study-of-gender-and-sport\/\" >\n\t\t\t\tStreaming of keynote lectures during\u00a0the 14th annual conference of the Transnational Working Group for the Study of Gender and Sport\t\t\t<\/a>\n\t\t<\/h3>\n\t\t\t\t<div class=\"elementor-post__excerpt\">\n\t\t\t<p>RESPONSE \u2013 Research Group for Sport and Society at Nord University is hosting&nbsp;The 14th annual conference of the Transnational Working Group for the Study of<\/p>\n\t\t<\/div>\n\t\t\n\t\t<a class=\"elementor-post__read-more\" href=\"https:\/\/site.nord.no\/sportandgender2022\/2022\/11\/09\/streaming-of-keynote-lectures-during-the-14th-annual-conference-of-the-transnational-working-group-for-the-study-of-gender-and-sport\/\" aria-label=\"Read more about Streaming of keynote lectures during\u00a0the 14th annual conference of the Transnational Working Group for the Study of Gender and Sport\" tabindex=\"-1\" >\n\t\t\tRead more \u00bb\t\t<\/a>\n\n\t\t\t\t<\/div>\n\t\t\t\t<div class=\"elementor-post__meta-data\">\n\t\t\t\t\t<span class=\"elementor-post-date\">\n\t\t\t9. November 2022\t\t<\/span>\n\t\t\t\t<\/div>\n\t\t\t\t\t<\/div>\n\t\t<\/article>\n\t\t\t\t<article class=\"elementor-post elementor-grid-item post-548 post type-post status-publish format-standard hentry category-ukategorisert\" role=\"listitem\">\n\t\t\t<div class=\"elementor-post__card\">\n\t\t\t\t<div class=\"elementor-post__text\">\n\t\t\t\t<h3 class=\"elementor-post__title\">\n\t\t\t<a href=\"https:\/\/site.nord.no\/sportandgender2022\/2022\/11\/03\/sauna-and-swim-at-pust-is-fully-booked\/\" >\n\t\t\t\tSauna and Swim at Pust is fully booked!\t\t\t<\/a>\n\t\t<\/h3>\n\t\t\t\t<div class=\"elementor-post__excerpt\">\n\t\t\t<p>We are happy with the interest of our planned social activities on November 17th. Sauna and Swim with Siv at Pust is now fully booked<\/p>\n\t\t<\/div>\n\t\t\n\t\t<a class=\"elementor-post__read-more\" href=\"https:\/\/site.nord.no\/sportandgender2022\/2022\/11\/03\/sauna-and-swim-at-pust-is-fully-booked\/\" aria-label=\"Read more about Sauna and Swim at Pust is fully booked!\" tabindex=\"-1\" >\n\t\t\tRead more \u00bb\t\t<\/a>\n\n\t\t\t\t<\/div>\n\t\t\t\t<div class=\"elementor-post__meta-data\">\n\t\t\t\t\t<span class=\"elementor-post-date\">\n\t\t\t3. November 2022\t\t<\/span>\n\t\t\t\t<\/div>\n\t\t\t\t\t<\/div>\n\t\t<\/article>\n\t\t\t\t<article class=\"elementor-post elementor-grid-item post-544 post type-post status-publish format-standard hentry category-ukategorisert\" role=\"listitem\">\n\t\t\t<div class=\"elementor-post__card\">\n\t\t\t\t<div class=\"elementor-post__text\">\n\t\t\t\t<h3 class=\"elementor-post__title\">\n\t\t\t<a href=\"https:\/\/site.nord.no\/sportandgender2022\/2022\/10\/31\/social-program\/\" >\n\t\t\t\tSocial program!\t\t\t<\/a>\n\t\t<\/h3>\n\t\t\t\t<div class=\"elementor-post__excerpt\">\n\t\t\t<p>We have social events planned for each evening and the final morning! The social events are as follows: Wednesday, November 16th Welcome reception at B\u00e5din<\/p>\n\t\t<\/div>\n\t\t\n\t\t<a class=\"elementor-post__read-more\" href=\"https:\/\/site.nord.no\/sportandgender2022\/2022\/10\/31\/social-program\/\" aria-label=\"Read more about Social program!\" tabindex=\"-1\" >\n\t\t\tRead more \u00bb\t\t<\/a>\n\n\t\t\t\t<\/div>\n\t\t\t\t<div class=\"elementor-post__meta-data\">\n\t\t\t\t\t<span class=\"elementor-post-date\">\n\t\t\t31. October 2022\t\t<\/span>\n\t\t\t\t<\/div>\n\t\t\t\t\t<\/div>\n\t\t<\/article>\n\t\t\t\t<article class=\"elementor-post elementor-grid-item post-534 post type-post status-publish format-standard hentry category-ukategorisert\" role=\"listitem\">\n\t\t\t<div class=\"elementor-post__card\">\n\t\t\t\t<div class=\"elementor-post__text\">\n\t\t\t\t<h3 class=\"elementor-post__title\">\n\t\t\t<a href=\"https:\/\/site.nord.no\/sportandgender2022\/2022\/10\/29\/phd-award-committe-is-ready\/\" >\n\t\t\t\tPhD award committe is ready!\t\t\t<\/a>\n\t\t<\/h3>\n\t\t\t\t<div class=\"elementor-post__excerpt\">\n\t\t\t<p>We are happy to announce that the award committee for best PhD student presentation at the conference is ready. The committee will consist of: Mads<\/p>\n\t\t<\/div>\n\t\t\n\t\t<a class=\"elementor-post__read-more\" href=\"https:\/\/site.nord.no\/sportandgender2022\/2022\/10\/29\/phd-award-committe-is-ready\/\" aria-label=\"Read more about PhD award committe is ready!\" tabindex=\"-1\" >\n\t\t\tRead more \u00bb\t\t<\/a>\n\n\t\t\t\t<\/div>\n\t\t\t\t<div class=\"elementor-post__meta-data\">\n\t\t\t\t\t<span class=\"elementor-post-date\">\n\t\t\t29. October 2022\t\t<\/span>\n\t\t\t\t<\/div>\n\t\t\t\t\t<\/div>\n\t\t<\/article>\n\t\t\t\t<article class=\"elementor-post elementor-grid-item post-511 post type-post status-publish format-standard hentry category-ukategorisert\" role=\"listitem\">\n\t\t\t<div class=\"elementor-post__card\">\n\t\t\t\t<div class=\"elementor-post__text\">\n\t\t\t\t<h3 class=\"elementor-post__title\">\n\t\t\t<a href=\"https:\/\/site.nord.no\/sportandgender2022\/2022\/10\/20\/award-committee-for-best-masters-student-presentation\/\" >\n\t\t\t\tAward committee for best Master\u2019s student presentation\t\t\t<\/a>\n\t\t<\/h3>\n\t\t\t\t<div class=\"elementor-post__excerpt\">\n\t\t\t<p>We are glad to announce that the award committee for best Master\u2019s student presentation at the conference is ready. The committee will consist of: Siv<\/p>\n\t\t<\/div>\n\t\t\n\t\t<a class=\"elementor-post__read-more\" href=\"https:\/\/site.nord.no\/sportandgender2022\/2022\/10\/20\/award-committee-for-best-masters-student-presentation\/\" aria-label=\"Read more about Award committee for best Master\u2019s student presentation\" tabindex=\"-1\" >\n\t\t\tRead more \u00bb\t\t<\/a>\n\n\t\t\t\t<\/div>\n\t\t\t\t<div class=\"elementor-post__meta-data\">\n\t\t\t\t\t<span class=\"elementor-post-date\">\n\t\t\t20. October 2022\t\t<\/span>\n\t\t\t\t<\/div>\n\t\t\t\t\t<\/div>\n\t\t<\/article>\n\t\t\t\t<article class=\"elementor-post elementor-grid-item post-499 post type-post status-publish format-standard hentry category-ukategorisert\" role=\"listitem\">\n\t\t\t<div class=\"elementor-post__card\">\n\t\t\t\t<div class=\"elementor-post__text\">\n\t\t\t\t<h3 class=\"elementor-post__title\">\n\t\t\t<a href=\"https:\/\/site.nord.no\/sportandgender2022\/2022\/10\/04\/schedule-of-paper-sessions-is-ready\/\" >\n\t\t\t\tSchedule of paper sessions is ready!\t\t\t<\/a>\n\t\t<\/h3>\n\t\t\t\t<div class=\"elementor-post__excerpt\">\n\t\t\t<p>The presentation of papers will be held in parallel tracks across five sessions: Session 1 \u2013 Wednesday, November 16, 16.00 \u2013 17.30 Session 2 \u2013<\/p>\n\t\t<\/div>\n\t\t\n\t\t<a class=\"elementor-post__read-more\" href=\"https:\/\/site.nord.no\/sportandgender2022\/2022\/10\/04\/schedule-of-paper-sessions-is-ready\/\" aria-label=\"Read more about Schedule of paper sessions is ready!\" tabindex=\"-1\" >\n\t\t\tRead more \u00bb\t\t<\/a>\n\n\t\t\t\t<\/div>\n\t\t\t\t<div class=\"elementor-post__meta-data\">\n\t\t\t\t\t<span class=\"elementor-post-date\">\n\t\t\t4. October 2022\t\t<\/span>\n\t\t\t\t<\/div>\n\t\t\t\t\t<\/div>\n\t\t<\/article>\n\t\t\t\t<article class=\"elementor-post elementor-grid-item post-464 post type-post status-publish format-standard hentry category-ukategorisert\" role=\"listitem\">\n\t\t\t<div class=\"elementor-post__card\">\n\t\t\t\t<div class=\"elementor-post__text\">\n\t\t\t\t<h3 class=\"elementor-post__title\">\n\t\t\t<a href=\"https:\/\/site.nord.no\/sportandgender2022\/2022\/09\/21\/plenary-lecture-practitioner-perspectives-on-social-inclusion-gender-and-sports-participation-in-bodo\/\" >\n\t\t\t\tPlenary Lecture: Practitioner Perspectives on Social Inclusion, Gender and Sports Participation in Bod\u00f8\t\t\t<\/a>\n\t\t<\/h3>\n\t\t\t\t<div class=\"elementor-post__excerpt\">\n\t\t\t<p>Gro-Marie Thomassen Inclusion Coordinator, Bod\u00f8 idrettsr\u00e5d (Sports Council of Bod\u00f8) Sports for All: A Practitioner Perspective November 18th, 11.00 \u2013 12.00 Presenter Bio: Gro-Marie Thomassen<\/p>\n\t\t<\/div>\n\t\t\n\t\t<a class=\"elementor-post__read-more\" href=\"https:\/\/site.nord.no\/sportandgender2022\/2022\/09\/21\/plenary-lecture-practitioner-perspectives-on-social-inclusion-gender-and-sports-participation-in-bodo\/\" aria-label=\"Read more about Plenary Lecture: Practitioner Perspectives on Social Inclusion, Gender and Sports Participation in Bod\u00f8\" tabindex=\"-1\" >\n\t\t\tRead more \u00bb\t\t<\/a>\n\n\t\t\t\t<\/div>\n\t\t\t\t<div class=\"elementor-post__meta-data\">\n\t\t\t\t\t<span class=\"elementor-post-date\">\n\t\t\t21. September 2022\t\t<\/span>\n\t\t\t\t<\/div>\n\t\t\t\t\t<\/div>\n\t\t<\/article>\n\t\t\t\t<article class=\"elementor-post elementor-grid-item post-442 post type-post status-publish format-standard hentry category-ukategorisert\" role=\"listitem\">\n\t\t\t<div class=\"elementor-post__card\">\n\t\t\t\t<div class=\"elementor-post__text\">\n\t\t\t\t<h3 class=\"elementor-post__title\">\n\t\t\t<a href=\"https:\/\/site.nord.no\/sportandgender2022\/2022\/09\/08\/presentation-awards-sponsored-by-routledge\/\" >\n\t\t\t\tPresentation awards, sponsored by Routledge\t\t\t<\/a>\n\t\t<\/h3>\n\t\t\t\t<div class=\"elementor-post__excerpt\">\n\t\t\t<p>Routledge is the world&#8217;s leading academic publisher in the Humanities and Social Sciences. We are proud to announce that Routledge is contributing gift vouchers to<\/p>\n\t\t<\/div>\n\t\t\n\t\t<a class=\"elementor-post__read-more\" href=\"https:\/\/site.nord.no\/sportandgender2022\/2022\/09\/08\/presentation-awards-sponsored-by-routledge\/\" aria-label=\"Read more about Presentation awards, sponsored by Routledge\" tabindex=\"-1\" >\n\t\t\tRead more \u00bb\t\t<\/a>\n\n\t\t\t\t<\/div>\n\t\t\t\t<div class=\"elementor-post__meta-data\">\n\t\t\t\t\t<span class=\"elementor-post-date\">\n\t\t\t8. September 2022\t\t<\/span>\n\t\t\t\t<\/div>\n\t\t\t\t\t<\/div>\n\t\t<\/article>\n\t\t\t\t<article class=\"elementor-post elementor-grid-item post-424 post type-post status-publish format-standard hentry category-ukategorisert\" role=\"listitem\">\n\t\t\t<div class=\"elementor-post__card\">\n\t\t\t\t<div class=\"elementor-post__text\">\n\t\t\t\t<h3 class=\"elementor-post__title\">\n\t\t\t<a href=\"https:\/\/site.nord.no\/sportandgender2022\/2022\/08\/31\/our-second-keynote-is-ready\/\" >\n\t\t\t\tOur second keynote is ready!\t\t\t<\/a>\n\t\t<\/h3>\n\t\t\t\t<div class=\"elementor-post__excerpt\">\n\t\t\t<p>Sepandarmaz Mashreghi Malm\u00f6 University, Sweden Decoloniality and sport studies November 17th, 13.00-14.00 Presenter Bio: Sepand Mashreghi has a PhD in Sport Studies and is a<\/p>\n\t\t<\/div>\n\t\t\n\t\t<a class=\"elementor-post__read-more\" href=\"https:\/\/site.nord.no\/sportandgender2022\/2022\/08\/31\/our-second-keynote-is-ready\/\" aria-label=\"Read more about Our second keynote is ready!\" tabindex=\"-1\" >\n\t\t\tRead more \u00bb\t\t<\/a>\n\n\t\t\t\t<\/div>\n\t\t\t\t<div class=\"elementor-post__meta-data\">\n\t\t\t\t\t<span class=\"elementor-post-date\">\n\t\t\t31. August 2022\t\t<\/span>\n\t\t\t\t<\/div>\n\t\t\t\t\t<\/div>\n\t\t<\/article>\n\t\t\t\t<article class=\"elementor-post elementor-grid-item post-404 post type-post status-publish format-standard hentry category-ukategorisert\" role=\"listitem\">\n\t\t\t<div class=\"elementor-post__card\">\n\t\t\t\t<div class=\"elementor-post__text\">\n\t\t\t\t<h3 class=\"elementor-post__title\">\n\t\t\t<a href=\"https:\/\/site.nord.no\/sportandgender2022\/2022\/08\/26\/live-streaming-keynotes-and-plenary-sessions\/\" >\n\t\t\t\tLive-streaming keynotes and plenary lecture\t\t\t<\/a>\n\t\t<\/h3>\n\t\t\t\t<div class=\"elementor-post__excerpt\">\n\t\t\t<p>With the conference just a couple of months away to kick off in Bod\u00f8, we are excited to announce that all the keynotes and plenary<\/p>\n\t\t<\/div>\n\t\t\n\t\t<a class=\"elementor-post__read-more\" href=\"https:\/\/site.nord.no\/sportandgender2022\/2022\/08\/26\/live-streaming-keynotes-and-plenary-sessions\/\" aria-label=\"Read more about Live-streaming keynotes and plenary lecture\" tabindex=\"-1\" >\n\t\t\tRead more \u00bb\t\t<\/a>\n\n\t\t\t\t<\/div>\n\t\t\t\t<div class=\"elementor-post__meta-data\">\n\t\t\t\t\t<span class=\"elementor-post-date\">\n\t\t\t26. August 2022\t\t<\/span>\n\t\t\t\t<\/div>\n\t\t\t\t\t<\/div>\n\t\t<\/article>\n\t\t\t\t<article class=\"elementor-post elementor-grid-item post-391 post type-post status-publish format-standard hentry category-ukategorisert\" role=\"listitem\">\n\t\t\t<div class=\"elementor-post__card\">\n\t\t\t\t<div class=\"elementor-post__text\">\n\t\t\t\t<h3 class=\"elementor-post__title\">\n\t\t\t<a href=\"https:\/\/site.nord.no\/sportandgender2022\/2022\/08\/22\/keynote-reveal\/\" >\n\t\t\t\tKeynote reveal!\t\t\t<\/a>\n\t\t<\/h3>\n\t\t\t\t<div class=\"elementor-post__excerpt\">\n\t\t\t<p>Daniel Alsarve University of \u00d6rebro, Sweden Sport, gender and violence: Changes and continuities, connections and complexities November 16th, 14.30 -15.30 Presenter Bio: Daniel Alsarve is<\/p>\n\t\t<\/div>\n\t\t\n\t\t<a class=\"elementor-post__read-more\" href=\"https:\/\/site.nord.no\/sportandgender2022\/2022\/08\/22\/keynote-reveal\/\" aria-label=\"Read more about Keynote reveal!\" tabindex=\"-1\" >\n\t\t\tRead more \u00bb\t\t<\/a>\n\n\t\t\t\t<\/div>\n\t\t\t\t<div class=\"elementor-post__meta-data\">\n\t\t\t\t\t<span class=\"elementor-post-date\">\n\t\t\t22. August 2022\t\t<\/span>\n\t\t\t\t<\/div>\n\t\t\t\t\t<\/div>\n\t\t<\/article>\n\t\t\t\t<article class=\"elementor-post elementor-grid-item post-382 post type-post status-publish format-standard hentry category-ukategorisert\" role=\"listitem\">\n\t\t\t<div class=\"elementor-post__card\">\n\t\t\t\t<div class=\"elementor-post__text\">\n\t\t\t\t<h3 class=\"elementor-post__title\">\n\t\t\t<a href=\"https:\/\/site.nord.no\/sportandgender2022\/2022\/07\/21\/abstract-submission-extended\/\" >\n\t\t\t\tAbstract submission extended!\t\t\t<\/a>\n\t\t<\/h3>\n\t\t\t\t<div class=\"elementor-post__excerpt\">\n\t\t\t<p>The deadline for submissions has been\u00a0extended to\u00a0August 29th! Submit your abstract here.\u00a0<\/p>\n\t\t<\/div>\n\t\t\n\t\t<a class=\"elementor-post__read-more\" href=\"https:\/\/site.nord.no\/sportandgender2022\/2022\/07\/21\/abstract-submission-extended\/\" aria-label=\"Read more about Abstract submission extended!\" tabindex=\"-1\" >\n\t\t\tRead more \u00bb\t\t<\/a>\n\n\t\t\t\t<\/div>\n\t\t\t\t<div class=\"elementor-post__meta-data\">\n\t\t\t\t\t<span class=\"elementor-post-date\">\n\t\t\t21. July 2022\t\t<\/span>\n\t\t\t\t<\/div>\n\t\t\t\t\t<\/div>\n\t\t<\/article>\n\t\t\t\t<article class=\"elementor-post elementor-grid-item post-367 post type-post status-publish format-standard hentry category-ukategorisert\" role=\"listitem\">\n\t\t\t<div class=\"elementor-post__card\">\n\t\t\t\t<div class=\"elementor-post__text\">\n\t\t\t\t<h3 class=\"elementor-post__title\">\n\t\t\t<a href=\"https:\/\/site.nord.no\/sportandgender2022\/2022\/05\/30\/call-for-participation-seminar-june-23rd-2022-bodo-norway\/\" >\n\t\t\t\tCall for Participation &#8211; Seminar, June 23rd, 2022, Bod\u00f8, Norway\t\t\t<\/a>\n\t\t<\/h3>\n\t\t\t\t<div class=\"elementor-post__excerpt\">\n\t\t\t<p>Women in a Digitized Sports Culture: Women Coaches and Referees The Nordic Research Network Women in a Digitized Sports Culture would like to invite you<\/p>\n\t\t<\/div>\n\t\t\n\t\t<a class=\"elementor-post__read-more\" href=\"https:\/\/site.nord.no\/sportandgender2022\/2022\/05\/30\/call-for-participation-seminar-june-23rd-2022-bodo-norway\/\" aria-label=\"Read more about Call for Participation &#8211; Seminar, June 23rd, 2022, Bod\u00f8, Norway\" tabindex=\"-1\" >\n\t\t\tRead more \u00bb\t\t<\/a>\n\n\t\t\t\t<\/div>\n\t\t\t\t<div class=\"elementor-post__meta-data\">\n\t\t\t\t\t<span class=\"elementor-post-date\">\n\t\t\t30. May 2022\t\t<\/span>\n\t\t\t\t<\/div>\n\t\t\t\t\t<\/div>\n\t\t<\/article>\n\t\t\t\t<article class=\"elementor-post elementor-grid-item post-317 post type-post status-publish format-standard hentry category-ukategorisert\" role=\"listitem\">\n\t\t\t<div class=\"elementor-post__card\">\n\t\t\t\t<div class=\"elementor-post__text\">\n\t\t\t\t<h3 class=\"elementor-post__title\">\n\t\t\t<a href=\"https:\/\/site.nord.no\/sportandgender2022\/2022\/02\/25\/abstract-submission-and-registration-open\/\" >\n\t\t\t\tAbstract submission and registration open!\t\t\t<\/a>\n\t\t<\/h3>\n\t\t\t\t<div class=\"elementor-post__excerpt\">\n\t\t\t<p>It is with great pleasure that we invite you to the 14th Annual Meeting of the Transnational Scholars for the Study of Gender and Sport.<\/p>\n\t\t<\/div>\n\t\t\n\t\t<a class=\"elementor-post__read-more\" href=\"https:\/\/site.nord.no\/sportandgender2022\/2022\/02\/25\/abstract-submission-and-registration-open\/\" aria-label=\"Read more about Abstract submission and registration open!\" tabindex=\"-1\" >\n\t\t\tRead more \u00bb\t\t<\/a>\n\n\t\t\t\t<\/div>\n\t\t\t\t<div class=\"elementor-post__meta-data\">\n\t\t\t\t\t<span class=\"elementor-post-date\">\n\t\t\t25. February 2022\t\t<\/span>\n\t\t\t\t<\/div>\n\t\t\t\t\t<\/div>\n\t\t<\/article>\n\t\t\t\t<\/div>\n\t\t\n\t\t\t\t\t\t<\/div>\n\t\t\t\t<\/div>\n\t\t\t\t\t<\/div>\n\t\t<\/div>\n\t\t\t\t\t<\/div>\n\t\t<\/section>\n\t\t\t\t<\/div>\n\t\t","protected":false},"excerpt":{"rendered":"","protected":false},"author":75,"featured_media":0,"parent":0,"menu_order":0,"comment_status":"closed","ping_status":"closed","template":"elementor_header_footer","meta":{"footnotes":""},"coauthors":[3],"class_list":["post-21","page","type-page","status-publish","hentry"],"_links":{"self":[{"href":"https:\/\/site.nord.no\/sportandgender2022\/wp-json\/wp\/v2\/pages\/21","targetHints":{"allow":["GET"]}}],"collection":[{"href":"https:\/\/site.nord.no\/sportandgender2022\/wp-json\/wp\/v2\/pages"}],"about":[{"href":"https:\/\/site.nord.no\/sportandgender2022\/wp-json\/wp\/v2\/types\/page"}],"author":[{"embeddable":true,"href":"https:\/\/site.nord.no\/sportandgender2022\/wp-json\/wp\/v2\/users\/75"}],"replies":[{"embeddable":true,"href":"https:\/\/site.nord.no\/sportandgender2022\/wp-json\/wp\/v2\/comments?post=21"}],"version-history":[{"count":66,"href":"https:\/\/site.nord.no\/sportandgender2022\/wp-json\/wp\/v2\/pages\/21\/revisions"}],"predecessor-version":[{"id":323,"href":"https:\/\/site.nord.no\/sportandgender2022\/wp-json\/wp\/v2\/pages\/21\/revisions\/323"}],"wp:attachment":[{"href":"https:\/\/site.nord.no\/sportandgender2022\/wp-json\/wp\/v2\/media?parent=21"}],"wp:term":[{"taxonomy":"author","embeddable":true,"href":"https:\/\/site.nord.no\/sportandgender2022\/wp-json\/wp\/v2\/coauthors?post=21"}],"curies":[{"name":"wp","href":"https:\/\/api.w.org\/{rel}","templated":true}]}}