{"id":273,"date":"2022-02-21T16:04:03","date_gmt":"2022-02-21T15:04:03","guid":{"rendered":"https:\/\/blogg.nord.no\/sportandgender2022\/?page_id=273"},"modified":"2022-09-16T13:50:47","modified_gmt":"2022-09-16T11:50:47","slug":"contact","status":"publish","type":"page","link":"https:\/\/site.nord.no\/sportandgender2022\/contact\/","title":{"rendered":"Contact"},"content":{"rendered":"\n<p><strong>Local organising committee (LOC)<\/strong><\/p>\n\n\n\n<ul class=\"wp-block-list\"><li><a href=\"https:\/\/www.nord.no\/no\/ansatte\/anna-adlwarth\">Anna Adlwarth<\/a> (<a href=\"mailto:anna.adlwarth@nord.no\">anna.adlwarth@nord.no<\/a>)<\/li><li><a href=\"https:\/\/www.nord.no\/no\/ansatte\/anne-tjoenndal\">Anne Tj\u00f8nndal<\/a> (<a href=\"mailto:anne.b.tjonndal@nord.no\">anne.b.tjonndal@nord.no<\/a>)<\/li><li><a href=\"https:\/\/www.nord.no\/no\/ansatte\/egil-trasti-rogstad\">Egil Trasti Rogstad<\/a> (<a href=\"mailto:egil.rogstad@nord.no\">egil.rogstad@nord.no<\/a>)<\/li><li><a href=\"https:\/\/www.nord.no\/no\/ansatte\/frida-austmo-waagan\">Frida Austmo W\u00e5gan<\/a> (<a href=\"mailto:frida.a.waagan@nord.no\">frida.a.waagan@nord.no<\/a>)<\/li><li><a href=\"https:\/\/www.nord.no\/no\/ansatte\/saara-henriikka-isosomppi\">Saara Henriikka Isosomppi<\/a> (<a href=\"mailto:saara.h.isosomppi@nord.no\">saara.h.isosomppi@nord.no<\/a>)<\/li><li><a href=\"https:\/\/www.nord.no\/no\/ansatte\/sigbjoern-boerreson-skirbekk\">Sigbj\u00f8rn B\u00f8rreson Skirbekk<\/a> (<a href=\"mailto:sigbjorn.skirbekk@nord.no\">sigbjorn.skirbekk@nord.no<\/a>)<\/li><li><a href=\"https:\/\/www.nord.no\/no\/ansatte\/siv-stavang-aune\">Siv Stavang Aune<\/a> (siv.s.aune@nord.no) <\/li><li><a href=\"https:\/\/www.nord.no\/no\/ansatte\/stian-roesten\">Stian R\u00f8sten<\/a> (<a href=\"mailto:stian.rosten@nord.no\">stian.rosten@nord.no<\/a>)<\/li><\/ul>\n","protected":false},"excerpt":{"rendered":"<p>Local organising committee (LOC) Anna Adlwarth (anna.adlwarth@nord.no) Anne Tj\u00f8nndal (anne.b.tjonndal@nord.no) Egil Trasti Rogstad (egil.rogstad@nord.no) Frida Austmo W\u00e5gan (frida.a.waagan@nord.no) Saara Henriikka Isosomppi (saara.h.isosomppi@nord.no) Sigbj\u00f8rn B\u00f8rreson Skirbekk (sigbjorn.skirbekk@nord.no) Siv Stavang Aune (siv.s.aune@nord.no) Stian R\u00f8sten (stian.rosten@nord.no)<\/p>\n","protected":false},"author":91,"featured_media":0,"parent":0,"menu_order":0,"comment_status":"closed","ping_status":"closed","template":"","meta":{"footnotes":""},"coauthors":[9],"class_list":["post-273","page","type-page","status-publish","hentry"],"_links":{"self":[{"href":"https:\/\/site.nord.no\/sportandgender2022\/wp-json\/wp\/v2\/pages\/273","targetHints":{"allow":["GET"]}}],"collection":[{"href":"https:\/\/site.nord.no\/sportandgender2022\/wp-json\/wp\/v2\/pages"}],"about":[{"href":"https:\/\/site.nord.no\/sportandgender2022\/wp-json\/wp\/v2\/types\/page"}],"author":[{"embeddable":true,"href":"https:\/\/site.nord.no\/sportandgender2022\/wp-json\/wp\/v2\/users\/91"}],"replies":[{"embeddable":true,"href":"https:\/\/site.nord.no\/sportandgender2022\/wp-json\/wp\/v2\/comments?post=273"}],"version-history":[{"count":4,"href":"https:\/\/site.nord.no\/sportandgender2022\/wp-json\/wp\/v2\/pages\/273\/revisions"}],"predecessor-version":[{"id":450,"href":"https:\/\/site.nord.no\/sportandgender2022\/wp-json\/wp\/v2\/pages\/273\/revisions\/450"}],"wp:attachment":[{"href":"https:\/\/site.nord.no\/sportandgender2022\/wp-json\/wp\/v2\/media?parent=273"}],"wp:term":[{"taxonomy":"author","embeddable":true,"href":"https:\/\/site.nord.no\/sportandgender2022\/wp-json\/wp\/v2\/coauthors?post=273"}],"curies":[{"name":"wp","href":"https:\/\/api.w.org\/{rel}","templated":true}]}}