{"id":36,"date":"2022-02-16T13:03:56","date_gmt":"2022-02-16T12:03:56","guid":{"rendered":"https:\/\/blogg.nord.no\/sportandgender2022\/?page_id=36"},"modified":"2022-09-20T10:09:06","modified_gmt":"2022-09-20T08:09:06","slug":"practical","status":"publish","type":"page","link":"https:\/\/site.nord.no\/sportandgender2022\/practical\/","title":{"rendered":"Practical information"},"content":{"rendered":"\n<h3 class=\"wp-block-heading\">City and travel<\/h3>\n\n\n\n<p><strong>Bod\u00f8:<\/strong> The 14th annual conference of the Transnational Working Group for the Study of Gender and Sport will take place in Bod\u00f8, Norway. Home to the Northern Lights in winter and the Midnight Sun in summer, Bod\u00f8 is a vibrant city north of the Arctic Circle. Recently named the European Capital of Culture for 2024, this city of 50,000 boasts a rich tapestry of history, art, music and culture \u2013 from stone age carvings and Viking graves to music festivals and state-of-the-art theatre halls. Beyond the appeal of its urban center, Bod\u00f8 is especially famous for its outdoor offerings and adventure sports.&nbsp;<\/p>\n\n\n\n<p><strong>Getting there:<\/strong> The fastest and easiest route to Bod\u00f8 is by plane. There are several flight options between Bod\u00f8 Airport (BOO) and Oslo Gardermoen Airport (OSL), which is connected to most major international hubs. The flight time between Oslo and Bod\u00f8 is approximately 80 minutes. The airport in Bod\u00f8 is only two kilometers from the city center; buses and taxis can shuttle between these locations within 5 minutes, or you may walk (approx. 20-25 minutes). In addition to flying, there are other popular choices for travel to Bod\u00f8, among them the \u201cmost beautiful night train journey\u201d and the popular Hurtigruten ship. For these additional options, see the <a rel=\"noreferrer noopener\" href=\"https:\/\/visitbodo.com\/home\" target=\"_blank\">Visit Bod\u00f8 travel page<\/a>.&nbsp;<\/p>\n\n\n\n<p><strong>Travel documents:<\/strong> If you are traveling from abroad, you should ensure that you have all the documents needed for entry into the country. Foreign nationals must have a valid passport when visiting Norway. Depending on the issue country of your passport, you may need a travel visa, though several countries have <a rel=\"noreferrer noopener\" href=\"https:\/\/www.udi.no\/en\/word-definitions\/persons-who-do-not-need-a-visa-to-visit-norway-\/\" target=\"_blank\">exemption agreements<\/a>. Please visit the Norwegian Directorate of Immigration (UDI) <a rel=\"noreferrer noopener\" href=\"https:\/\/www.udi.no\/en\/want-to-apply\/visit-and-holiday\/\" target=\"_blank\">website<\/a> for further information.&nbsp;<\/p>\n\n\n\n<h3 class=\"wp-block-heading\">Venue<\/h3>\n\n\n\n<p>The conference will be held at Nord University Bod\u00f8 located 10 kilometers east of the city center. The address is Universitetsall\u00e9en 11, 8026 Bod\u00f8. There are good bus connections between the University and Bod\u00f8 city during the day. For instance, Bus line 1 and 2 takes you between these locations in about 15-25 minutes. Please visit <a rel=\"noreferrer noopener\" href=\"https:\/\/www.reisnordland.no\/\" target=\"_blank\">Reis Norland<\/a> to check bus connections and departure times. We recommend downloading the Billet Norland app to your mobile phone. This is the cheapest and easiest way to buy a ticket. The price for a single ticket is 42 NOK. You can find more information about the purchase and price of bus tickets <a href=\"https:\/\/www.reisnordland.com\/bus\">here<\/a>.<\/p>\n\n\n\n<figure class=\"wp-block-gallery has-nested-images columns-default is-cropped wp-block-gallery-1 is-layout-flex wp-block-gallery-is-layout-flex\">\n<figure class=\"wp-block-image size-large\"><img fetchpriority=\"high\" decoding=\"async\" width=\"3264\" height=\"2448\" data-id=\"351\" src=\"https:\/\/site.nord.no\/sportandgender2022\/wp-content\/uploads\/sites\/43\/2022\/04\/Studiested-Bodo-Vinter.jpg\" alt=\"\" class=\"wp-image-351\" \/><figcaption>Obtained from: Nord University, <a rel=\"noreferrer noopener\" href=\"https:\/\/www.nord.no\/en\/about\/the-university\/Pages\/default.aspx\" target=\"_blank\">2022<\/a>&nbsp;<\/figcaption><\/figure>\n<\/figure>\n\n\n\n<h3 class=\"wp-block-heading\">Accommodation<\/h3>\n\n\n\n<p><strong>Scandic: <\/strong>There is a special conference rate available to all event participants at Scandic Havet and Scandic Bod\u00f8. Please visit this <a rel=\"noreferrer noopener\" href=\"https:\/\/www.scandichotels.no\/hotelreservation\/select-hotel?city=BODO&amp;fromDate=2022-11-16&amp;toDate=2022-11-18&amp;room%5b0%5d.adults=1&amp;bookingCode=D000036113\" target=\"_blank\">website<\/a> to book at discounted rates.&nbsp;<\/p>\n\n\n\n<ul class=\"wp-block-list\"><li><a rel=\"noreferrer noopener\" href=\"https:\/\/www.scandichotels.com\/hotels\/norway\/bodo\/scandic-havet\" target=\"_blank\">Scandic Havet<\/a>: NOK 1300 per night (Single room including breakfast)&nbsp;<\/li><li><a rel=\"noreferrer noopener\" href=\"https:\/\/www.scandichotels.com\/hotels\/norway\/bodo\/scandic-bodo\" target=\"_blank\">Scandic Bod\u00f8<\/a>: Nok 1130 per night (Single room including breakfast).<\/li><\/ul>\n\n\n\n<p><\/p>\n\n\n\n<p><strong>Additional hotel options:<\/strong> Room rates are offered at the discretion of each hotel.&nbsp;<\/p>\n\n\n\n<ul class=\"wp-block-list\"><li><a href=\"https:\/\/www.nordicchoicehotels.com\/hotels\/norway\/bodo\/comfort-hotel-bodo\/\" target=\"_blank\" rel=\"noreferrer noopener\">Comfort Hotel Bod\u00f8<\/a>&nbsp;<\/li><li><a href=\"https:\/\/www.radissonhotels.com\/en-us\/hotels\/radisson-blu-bodo?facilitatorId=RHGSEM&amp;cid=a:ps+b:bng+c:emea+i:brand+e:rdb+d:nob+r:brt+f:no-NO+g:ho+h:NOBOO1+v:cf&amp;gclid=9012c44f98621b103faea672498fad48&amp;gclsrc=3p.ds&amp;msclkid=9012c44f98621b103faea672498fad48&amp;utm_source=bing&amp;utm_medium=cpc&amp;utm_campaign=MS_MMKT_CR_NOB_sk_Brand_Bodoe_NOBOO1_NO_EX_Norway&amp;utm_term=radison%20blu%20bod%C3%B8&amp;utm_content=Brand_Bodoe_Hotel_EX_A.Migration\" target=\"_blank\" rel=\"noreferrer noopener\">Radisson Blu<\/a>&nbsp;<\/li><li><a href=\"https:\/\/www.thonhotels.com\/our-hotels\/norway\/bodo\/thon-hotel-nordlys\/?utm_source=google&amp;utm_medium=infoboks&amp;utm_campaign=GMB\" target=\"_blank\" rel=\"noreferrer noopener\">Thon Hotel Nordlys<\/a>&nbsp;<\/li><li><a href=\"https:\/\/www.nordicchoicehotels.com\/hotels\/norway\/bodo\/quality-hotel-ramsalt\/?_ga=2.257243017.34526652.1648218411-2065445120.1648218411\" target=\"_blank\" rel=\"noreferrer noopener\">Quality Hotel Ramsalt&nbsp;<\/a>&nbsp;&nbsp;<\/li><\/ul>\n","protected":false},"excerpt":{"rendered":"<p>City and travel Bod\u00f8: The 14th annual conference of the Transnational Working Group for the Study of Gender and Sport will take place in Bod\u00f8, Norway. Home to the Northern Lights in winter and the Midnight Sun in summer, Bod\u00f8 is a vibrant city north of the Arctic Circle. Recently named the European Capital of [&hellip;]<\/p>\n","protected":false},"author":75,"featured_media":0,"parent":0,"menu_order":0,"comment_status":"closed","ping_status":"closed","template":"","meta":{"footnotes":""},"coauthors":[3],"class_list":["post-36","page","type-page","status-publish","hentry"],"_links":{"self":[{"href":"https:\/\/site.nord.no\/sportandgender2022\/wp-json\/wp\/v2\/pages\/36","targetHints":{"allow":["GET"]}}],"collection":[{"href":"https:\/\/site.nord.no\/sportandgender2022\/wp-json\/wp\/v2\/pages"}],"about":[{"href":"https:\/\/site.nord.no\/sportandgender2022\/wp-json\/wp\/v2\/types\/page"}],"author":[{"embeddable":true,"href":"https:\/\/site.nord.no\/sportandgender2022\/wp-json\/wp\/v2\/users\/75"}],"replies":[{"embeddable":true,"href":"https:\/\/site.nord.no\/sportandgender2022\/wp-json\/wp\/v2\/comments?post=36"}],"version-history":[{"count":6,"href":"https:\/\/site.nord.no\/sportandgender2022\/wp-json\/wp\/v2\/pages\/36\/revisions"}],"predecessor-version":[{"id":458,"href":"https:\/\/site.nord.no\/sportandgender2022\/wp-json\/wp\/v2\/pages\/36\/revisions\/458"}],"wp:attachment":[{"href":"https:\/\/site.nord.no\/sportandgender2022\/wp-json\/wp\/v2\/media?parent=36"}],"wp:term":[{"taxonomy":"author","embeddable":true,"href":"https:\/\/site.nord.no\/sportandgender2022\/wp-json\/wp\/v2\/coauthors?post=36"}],"curies":[{"name":"wp","href":"https:\/\/api.w.org\/{rel}","templated":true}]}}