{"id":177,"date":"2021-11-22T12:54:55","date_gmt":"2021-11-22T11:54:55","guid":{"rendered":"https:\/\/blogg.nord.no\/ssmc\/?page_id=177"},"modified":"2024-01-30T14:54:19","modified_gmt":"2024-01-30T13:54:19","slug":"kontakt-oss","status":"publish","type":"page","link":"https:\/\/site.nord.no\/ssmc\/kontakt-oss\/","title":{"rendered":"Kontakt oss"},"content":{"rendered":"\n<p><b>Prosjektleiar:&nbsp;<\/b><br>Leiv Sem, professor FLU, Nord universitet&nbsp;<a href=\"mailto:leiv.sem@nord.no\">leiv.sem@nord.no<\/a> <\/p>\n\n\n\n<div class=\"wp-block-group is-layout-constrained wp-block-group-is-layout-constrained\">\n<p><b>Forskargruppe<\/b>:<br>Copp\u00e9lie Cocq, professor i samiska studier med inriktning mot digital humaniora, Ume\u00e5 universitet <a href=\"mailto:coppelie.cocq@umu.se\">coppelie.cocq@umu.se<\/a> <br>Inger Johansen, universitetslektor FLU, <a href=\"mailto:ingerj77@gmail.com\">inger.johansen@nord.no<\/a>  <br>Asbj\u00f8rn Kolberg, dosent FLU, Nord universitet\u00a0<a href=\"mailto:asbjorn.kolberg@nord.no\">asbjorn.kolberg@nord.no<\/a> <br>Trond Risto, professor II FLU, Nord universitet\u00a0<a href=\"mailto:trond.nilssen@ntnu.no\">trond.risto@ntnu.no<\/a> <br>Jon Reitan, fyrsteamanuensis II FLU, Nord universitet\u00a0<a href=\"mailto:jon.reitan@ntnu.no\">jon.reitan@ntnu.no<\/a> <br>H\u00e5kon Hermanstrand, post doc, Nord universitet <a href=\"mailto:hakon.hermanstrand@nord.no\">hakon.hermanstrand@nord.no<\/a> <br><\/p>\n<\/div>\n\n\n\n<p><b>Referansegruppe<\/b>:<br>David Kroik, fyrsteamanuensis i s\u00f8rsamisk ved Nord universitet<br>Moa Sandstr\u00f6m, PhD ved Ume\u00e5 universitet<br>Charlotta Svonni, PhD-student i historie med fokus p\u00e5 samisk utdanning, Ume\u00e5 universitet<br>Jerker Bexelius, Verksamhetschef ved Gaaltije sydsamiskt kultursenter, \u00d6stersund<br>Toini Bergstr\u00f8m, Daglig leder, Aajege spr\u00e5k- og kultursenter, R\u00f8ros<br>Jenny Fjellheim, fagkonsulent ved R\u00f8ros Museum\/Saemien sijte<br>Thomas A. DuBois, professor i Skandinaviske studier, folklore og religi\u00f8se studier, ved University of Wisconsin-Madison, USA <\/p>\n","protected":false},"excerpt":{"rendered":"<p>Prosjektleiar:&nbsp;Leiv Sem, professor FLU, Nord universitet&nbsp;leiv.sem@nord.no Forskargruppe:Copp\u00e9lie Cocq, professor i samiska studier med inriktning mot digital humaniora, Ume\u00e5 universitet coppelie.cocq@umu.se Inger Johansen, universitetslektor FLU, inger.johansen@nord.no Asbj\u00f8rn Kolberg, dosent FLU, Nord universitet\u00a0asbjorn.kolberg@nord.no Trond Risto, professor II FLU, Nord universitet\u00a0trond.risto@ntnu.no Jon Reitan, fyrsteamanuensis II FLU, Nord universitet\u00a0jon.reitan@ntnu.no H\u00e5kon Hermanstrand, post doc, Nord universitet hakon.hermanstrand@nord.no Referansegruppe:David Kroik, fyrsteamanuensis [&hellip;]<\/p>\n","protected":false},"author":75,"featured_media":0,"parent":0,"menu_order":0,"comment_status":"closed","ping_status":"closed","template":"","meta":{"footnotes":""},"coauthors":[2],"class_list":["post-177","page","type-page","status-publish","hentry"],"_links":{"self":[{"href":"https:\/\/site.nord.no\/ssmc\/wp-json\/wp\/v2\/pages\/177","targetHints":{"allow":["GET"]}}],"collection":[{"href":"https:\/\/site.nord.no\/ssmc\/wp-json\/wp\/v2\/pages"}],"about":[{"href":"https:\/\/site.nord.no\/ssmc\/wp-json\/wp\/v2\/types\/page"}],"author":[{"embeddable":true,"href":"https:\/\/site.nord.no\/ssmc\/wp-json\/wp\/v2\/users\/75"}],"replies":[{"embeddable":true,"href":"https:\/\/site.nord.no\/ssmc\/wp-json\/wp\/v2\/comments?post=177"}],"version-history":[{"count":14,"href":"https:\/\/site.nord.no\/ssmc\/wp-json\/wp\/v2\/pages\/177\/revisions"}],"predecessor-version":[{"id":898,"href":"https:\/\/site.nord.no\/ssmc\/wp-json\/wp\/v2\/pages\/177\/revisions\/898"}],"wp:attachment":[{"href":"https:\/\/site.nord.no\/ssmc\/wp-json\/wp\/v2\/media?parent=177"}],"wp:term":[{"taxonomy":"author","embeddable":true,"href":"https:\/\/site.nord.no\/ssmc\/wp-json\/wp\/v2\/coauthors?post=177"}],"curies":[{"name":"wp","href":"https:\/\/api.w.org\/{rel}","templated":true}]}}