{"id":514,"date":"2021-12-10T14:23:27","date_gmt":"2021-12-10T13:23:27","guid":{"rendered":"https:\/\/blogg.nord.no\/ssmc\/?page_id=514"},"modified":"2022-09-20T10:04:33","modified_gmt":"2022-09-20T08:04:33","slug":"om-prosjektet","status":"publish","type":"page","link":"https:\/\/site.nord.no\/ssmc\/sorsamisk\/om-prosjektet\/","title":{"rendered":"Prosjekten b\u00efjre"},"content":{"rendered":"\n<p>Prosjekten ulmie lea g\u00efengel\u00e5bpoe goerkesem \u00e5adtjodh \u00e5arjelsaemien histovrijistie j\u00efh kultuvreste. Daate prosjekte goerehte guktie ovmessie akt\u00f6\u00f6rh leah \u00e5arjelsaemien mojhtesekultuvrem hammoedamme, dam soptsestamme j\u00efh nuhtjeme. Mijjieh g\u00f6\u00f6kte sj\u00efere histovrijen tsiehkieh veeljeme, gusnie gyhtjelasse aalkoe\u00e5\u00e5lmegi jallh nasjonaalestaaten d\u00e5ehkieektiedimmien b\u00efjre lea joekoen sjy\u00f6htehke orreme. Voestes tsiehkie lea boelhke aktijve assimileereminie\/segregeereminie saemijste dejnie skandinavijen nasjonaalestaatine. Mubpie tsiehkie lea boelhken 1939-1945 gosse veartened\u00e5ara j\u00efh ritneme joekoen tjarke tjoevkesem gyhtjelassese b\u00efeji \u00e5rroji nasjonaale identiteeten b\u00efjre. <\/p>\n\n\n\n<p>Ulmie prosjektine lea analyseeredh guktie \u00e5arjelsaemien identiteete j\u00efh mojhtese leah sjugniesovveme t\u00efjje doekoe r\u00e5\u00e5resjimmiej tj\u00efrrh aalkoe\u00e5\u00e5lmeged\u00e5ehkien j\u00efh daaroen jienebel\u00e5hkoe\u00e5rroji gaskem. Mijjieh gihtjebe: Guktie lea daejtie g\u00f6\u00f6kte laejhtehks heannadimmide \u00e5arjelsaemien histovrijisnie guarkeme, toelhkestamme j\u00efh nuhtjeme \u00e5ssjalommes buektedh \u00e5arjelsaemien identiteeten b\u00efjre, mejtie lea \u00e5arjelsaemien seabradahken sisnjelen jallh stoerreseabradahken b\u00efjre \u00e5lkolen? <\/p>\n\n\n\n<p>Prosessh, d\u00e5\u00e5jrehtimmieh j\u00efh vaastahtahke \u00e5arjelsaemien seabradahkesne ektiedimmesne vuajnalgieh j\u00efh viertiestamme sjidtieh jeatjah saemien seabradahkigujmie, j\u00efh plearoeh prosesside j\u00efh haestiemidie mejtie jeatjah aalkoe\u00e5\u00e5lmegh leah d\u00e5\u00e5jreme Canadasne j\u00efh USA:sne. <\/p>\n\n\n\n<p>Edtjebe s\u00efjse tj\u00f6\u00f6nghkedh j\u00efh analyseeredh golme \u00e5ejvies\u00e5arhth daatematerijelleste: kvalitatijve gihtjehtimmieh, histovrijen v\u00e5arhkoegaaltijh j\u00efh historiografihken teeksth, soptsesh j\u00efh analyjsh. Teorijen mietie prosjekte aajkojne \u00e5tna pruvvieh tseegkedh daajbaaletje mojhteseteorijen j\u00efh aalkoe\u00e5\u00e5lmegegoerehtimmiej gaskem. <\/p>\n\n\n\n<p>Lohkh vielie prosjekten b\u00efjre daesnie:\u00a0<\/p>\n\n\n\n<p><a href=\"https:\/\/www.nord.no\/no\/aktuelt\/nyheter\/Sider\/7%2C7-millioner-til-a-forske-pa-sor-samisk-minnekultur.aspx\">https:\/\/www.nord.no\/no\/aktuelt\/nyheter\/Sider\/7%2c7-millioner-til-a-forske-pa-sor-samisk-minnekultur.aspx<\/a> <\/p>\n\n\n\n<p><\/p>\n\n\n\n<p><\/p>\n\n\n\n<h2 class=\"wp-block-heading\">Bielieprosjekte <\/h2>\n\n\n\n<p class=\"has-background\" style=\"background-color:#eeeeee\"> <a href=\"https:\/\/site.nord.no\/ssmc\/assimileeremeprosessh-aarjelsaemien-daajrehtimmieh-jih-vuastalimmiestrategijh\/\" data-type=\"post\" data-id=\"780\">Assimileeremeprosessh: \u00c5arjelsaemien d\u00e5\u00e5jrehtimmieh j\u00efh vuastalimmiestrategijh<\/a><\/p>\n\n\n\n<p class=\"has-background\" style=\"background-color:#eeeeee\"> <a href=\"https:\/\/site.nord.no\/ssmc\/aarjelsaemieh-jih-mubpie-veartenedaara\/\" data-type=\"post\" data-id=\"782\">\u00c5arjelsaemieh j\u00efh Mubpie veartened\u00e5ara<\/a><\/p>\n\n\n\n<p><\/p>\n","protected":false},"excerpt":{"rendered":"<p>Prosjekten ulmie lea g\u00efengel\u00e5bpoe goerkesem \u00e5adtjodh \u00e5arjelsaemien histovrijistie j\u00efh kultuvreste. Daate prosjekte goerehte guktie ovmessie akt\u00f6\u00f6rh leah \u00e5arjelsaemien mojhtesekultuvrem hammoedamme, dam soptsestamme j\u00efh nuhtjeme. Mijjieh g\u00f6\u00f6kte sj\u00efere histovrijen tsiehkieh veeljeme, gusnie gyhtjelasse aalkoe\u00e5\u00e5lmegi jallh nasjonaalestaaten d\u00e5ehkieektiedimmien b\u00efjre lea joekoen sjy\u00f6htehke orreme. Voestes tsiehkie lea boelhke aktijve assimileereminie\/segregeereminie saemijste dejnie skandinavijen nasjonaalestaatine. Mubpie tsiehkie lea boelhken [&hellip;]<\/p>\n","protected":false},"author":75,"featured_media":0,"parent":416,"menu_order":0,"comment_status":"closed","ping_status":"closed","template":"","meta":{"footnotes":""},"coauthors":[2],"class_list":["post-514","page","type-page","status-publish","hentry"],"_links":{"self":[{"href":"https:\/\/site.nord.no\/ssmc\/wp-json\/wp\/v2\/pages\/514","targetHints":{"allow":["GET"]}}],"collection":[{"href":"https:\/\/site.nord.no\/ssmc\/wp-json\/wp\/v2\/pages"}],"about":[{"href":"https:\/\/site.nord.no\/ssmc\/wp-json\/wp\/v2\/types\/page"}],"author":[{"embeddable":true,"href":"https:\/\/site.nord.no\/ssmc\/wp-json\/wp\/v2\/users\/75"}],"replies":[{"embeddable":true,"href":"https:\/\/site.nord.no\/ssmc\/wp-json\/wp\/v2\/comments?post=514"}],"version-history":[{"count":10,"href":"https:\/\/site.nord.no\/ssmc\/wp-json\/wp\/v2\/pages\/514\/revisions"}],"predecessor-version":[{"id":790,"href":"https:\/\/site.nord.no\/ssmc\/wp-json\/wp\/v2\/pages\/514\/revisions\/790"}],"up":[{"embeddable":true,"href":"https:\/\/site.nord.no\/ssmc\/wp-json\/wp\/v2\/pages\/416"}],"wp:attachment":[{"href":"https:\/\/site.nord.no\/ssmc\/wp-json\/wp\/v2\/media?parent=514"}],"wp:term":[{"taxonomy":"author","embeddable":true,"href":"https:\/\/site.nord.no\/ssmc\/wp-json\/wp\/v2\/coauthors?post=514"}],"curies":[{"name":"wp","href":"https:\/\/api.w.org\/{rel}","templated":true}]}}