{"id":576,"date":"2022-03-09T13:58:29","date_gmt":"2022-03-09T12:58:29","guid":{"rendered":"https:\/\/blogg.nord.no\/ssmc\/?page_id=576"},"modified":"2024-01-30T14:22:27","modified_gmt":"2024-01-30T13:22:27","slug":"om-prosjektet-south-saami-memory-culture","status":"publish","type":"page","link":"https:\/\/site.nord.no\/ssmc\/","title":{"rendered":"Om prosjektet South Saami Memory Culture"},"content":{"rendered":"\n<figure class=\"wp-block-image size-full\"><img fetchpriority=\"high\" decoding=\"async\" width=\"5334\" height=\"3835\" src=\"https:\/\/site.nord.no\/ssmc\/wp-content\/uploads\/sites\/37\/2024\/01\/samisk_symbol.jpg\" alt=\"\" class=\"wp-image-889\" \/><figcaption class=\"wp-element-caption\">Bildet er av d\u00f8ra til s\u00f8rsamisk gamme p\u00e5 Nord universitets Levanger-campus. Foto: Ole Johan Ramfjord. <\/figcaption><\/figure>\n\n\n\n<p>Prosjektet har til m\u00e5lsetting \u00e5 f\u00e5 djupare forst\u00e5ing av s\u00f8rsamisk historie og kultur. Dette prosjektet er ei unders\u00f8king av korleis s\u00f8rsamisk minnekultur er forma, uttrykt, og brukt av ulike akt\u00f8rar. Me har valt oss ut to spesifikke historiske tilfelle, der sp\u00f8rsm\u00e5let om gruppetilh\u00f8yre til urfolk eller nasjonalstat har vori s\u00e6rleg aktuelt. Det fyrste tilfellet er perioden med aktiv assimiliering\/segregering av samar i dei skandinaviske nasjonalstatane. Det andre tilfellet er perioden 1939-45, da verdskrig og okkupasjon sette eit s\u00e6rleg skarpt lys p\u00e5 sp\u00f8rsm\u00e5let om borgarars nasjonale identitet.<\/p>\n\n\n\n<p>M\u00e5lsettinga med prosjektet er \u00e5 analysere korleis s\u00f8rsamisk identitet og minne har blitt skapt over tid gjennom forhandlingar mellom urfolksgruppa og den ikkje-samiske majoritetsbefolkninga. Me sp\u00f8r: Korleis har desse to kritiske punkta i s\u00f8rsamisk historie blitt forst\u00e5tt, hugsa, tolka og brukt til \u00e5 uttrykke id\u00e9ar om s\u00f8rsamisk identitet, anten det n\u00e5 er innanfor det s\u00f8rsamiske samfunnet eller i h\u00f8ve til storsamfunnet utanfor?<\/p>\n\n\n\n<p>Prosessane, r\u00f8ynslene og responsen i det s\u00f8rsamiske samfunnet blir sett i samanheng og samanlikning med andre samiske samfunn, og til liknande prosessar og utfordringar som andre urfolk har g\u00e5tt gjennom i Canada og USA.<\/p>\n\n\n\n<p>Me skal samle inn og analysere tre hovudtypar av datamateriale: kvalitative intervju, historiske arkivkjelder, og historiografiske tekstar, forteljingar og analysar. Teoretisk kjem prosjektet til \u00e5 s\u00f8kje \u00e5 byggje bruer mellom moderne minneteori til urfolksstudier.<\/p>\n\n\n\n<p>Les meir om prosjektet her: <a rel=\"noreferrer noopener\" href=\"https:\/\/www.nord.no\/no\/aktuelt\/nyheter\/Sider\/7%2c7-millioner-til-a-forske-pa-sor-samisk-minnekultur.aspx\" target=\"_blank\">nord.no\/millioner-til-a-forske-pa-sor-samisk-minnekultur<\/a> <\/p>\n\n\n\n<h2 class=\"wp-block-heading\">Delprosjekt<\/h2>\n\n\n\n<p class=\"has-background has-medium-font-size\" style=\"background-color:#eeeeee\">&gt;&gt; <a href=\"https:\/\/site.nord.no\/ssmc\/lorem-2\/\" data-type=\"post\" data-id=\"623\">Assimileringsprosessar: S\u00f8rsamiske erfaringar og motstandsstrategiar<\/a><\/p>\n\n\n\n<p class=\"has-background has-medium-font-size\" style=\"background-color:#eeeeee\">&gt;&gt; <a href=\"https:\/\/site.nord.no\/ssmc\/lorem\/\" data-type=\"post\" data-id=\"621\">S\u00f8rsamar og den andre verdskrigen<\/a><\/p>\n","protected":false},"excerpt":{"rendered":"<p>Prosjektet har til m\u00e5lsetting \u00e5 f\u00e5 djupare forst\u00e5ing av s\u00f8rsamisk historie og kultur. Dette prosjektet er ei unders\u00f8king av korleis s\u00f8rsamisk minnekultur er forma, uttrykt, og brukt av ulike akt\u00f8rar. Me har valt oss ut to spesifikke historiske tilfelle, der sp\u00f8rsm\u00e5let om gruppetilh\u00f8yre til urfolk eller nasjonalstat har vori s\u00e6rleg aktuelt. Det fyrste tilfellet er [&hellip;]<\/p>\n","protected":false},"author":75,"featured_media":0,"parent":0,"menu_order":0,"comment_status":"closed","ping_status":"closed","template":"","meta":{"footnotes":""},"coauthors":[2],"class_list":["post-576","page","type-page","status-publish","hentry"],"_links":{"self":[{"href":"https:\/\/site.nord.no\/ssmc\/wp-json\/wp\/v2\/pages\/576","targetHints":{"allow":["GET"]}}],"collection":[{"href":"https:\/\/site.nord.no\/ssmc\/wp-json\/wp\/v2\/pages"}],"about":[{"href":"https:\/\/site.nord.no\/ssmc\/wp-json\/wp\/v2\/types\/page"}],"author":[{"embeddable":true,"href":"https:\/\/site.nord.no\/ssmc\/wp-json\/wp\/v2\/users\/75"}],"replies":[{"embeddable":true,"href":"https:\/\/site.nord.no\/ssmc\/wp-json\/wp\/v2\/comments?post=576"}],"version-history":[{"count":16,"href":"https:\/\/site.nord.no\/ssmc\/wp-json\/wp\/v2\/pages\/576\/revisions"}],"predecessor-version":[{"id":896,"href":"https:\/\/site.nord.no\/ssmc\/wp-json\/wp\/v2\/pages\/576\/revisions\/896"}],"wp:attachment":[{"href":"https:\/\/site.nord.no\/ssmc\/wp-json\/wp\/v2\/media?parent=576"}],"wp:term":[{"taxonomy":"author","embeddable":true,"href":"https:\/\/site.nord.no\/ssmc\/wp-json\/wp\/v2\/coauthors?post=576"}],"curies":[{"name":"wp","href":"https:\/\/api.w.org\/{rel}","templated":true}]}}