{"id":680,"date":"2022-04-27T14:28:02","date_gmt":"2022-04-27T12:28:02","guid":{"rendered":"https:\/\/site.nord.no\/ssmc\/?page_id=680"},"modified":"2024-01-30T14:58:39","modified_gmt":"2024-01-30T13:58:39","slug":"contact-us","status":"publish","type":"page","link":"https:\/\/site.nord.no\/ssmc\/contact-us\/","title":{"rendered":"Contact us"},"content":{"rendered":"\n<p><strong>Project manager:&nbsp;<\/strong><br>Leiv Sem, Professor, Nord University&nbsp;<a href=\"mailto:leiv.sem@nord.no\">leiv.sem@nord.no<\/a><\/p>\n\n\n\n<p><strong>Research Group<\/strong>:<br>Copp\u00e9lie Cocq, Professor in S\u00e1mi studies and digital humanities, Ume\u00e5 university\u00a0<a href=\"mailto:coppelie.cocq@umu.se\">coppelie.cocq@umu.se<\/a> <br>Inger Johansen, Lecturer, Nord University\u00a0<a href=\"mailto:ingerj77@gmail.com\">inger.johansen@nord.no<\/a><br>Asbj\u00f8rn Kolberg, Associate Professor, Nord University\u00a0<a href=\"mailto:asbjorn.kolberg@nord.no\">asbjorn.kolberg@nord.no<\/a><br>Trond Risto, Professor II, Nord University\u00a0<a href=\"mailto:trond.nilssen@ntnu.no\">trond.risto<\/a><a href=\"mailto:trond.risto@ntnu.no\">@ntnu.no<\/a> <br>H\u00e5kon Hermanstrand, Post doc Fellow, Nord University, PhD <a href=\"mailto:hakon.hermanstrand@nord.no\">hakon.hermanstrand@nord.no<\/a> <br>Jon Reitan, Associate Professor II, Nord University\u00a0<a href=\"mailto:jon.reitan@ntnu.no\">jon.reitan@ntnu.no<\/a> <\/p>\n\n\n\n<p><strong>Reference Group<\/strong>:<br>David Kroik, Associate Professor in South S\u00e1mi, Nord University  <br>Moa Sandstr\u00f6m, PhD, Ume\u00e5 University<br>Charlotta Svonni, PhD student at Ume\u00e5 University<br>Jerker Bexelius, Director at Gaaltije South S\u00e1mi Cultural Center, \u00d6stersund, Sweden <br>Toini Bergstr\u00f8m, Manager at Aajege South S\u00e1mi Language and Cultural Center, R\u00f8ros, Norway<br>Jenny Fjellheim, Consultant at R\u00f8ros Museum, Norway <br>Thomas A. DuBois, Professor Scandinavian Studies, Folklore and Religious Studies, University of Wisconsin-Madison, USA.<\/p>\n","protected":false},"excerpt":{"rendered":"<p>Project manager:&nbsp;Leiv Sem, Professor, Nord University&nbsp;leiv.sem@nord.no Research Group:Copp\u00e9lie Cocq, Professor in S\u00e1mi studies and digital humanities, Ume\u00e5 university\u00a0coppelie.cocq@umu.se Inger Johansen, Lecturer, Nord University\u00a0inger.johansen@nord.noAsbj\u00f8rn Kolberg, Associate Professor, Nord University\u00a0asbjorn.kolberg@nord.noTrond Risto, Professor II, Nord University\u00a0trond.risto@ntnu.no H\u00e5kon Hermanstrand, Post doc Fellow, Nord University, PhD hakon.hermanstrand@nord.no Jon Reitan, Associate Professor II, Nord University\u00a0jon.reitan@ntnu.no Reference Group:David Kroik, Associate Professor in [&hellip;]<\/p>\n","protected":false},"author":75,"featured_media":0,"parent":0,"menu_order":0,"comment_status":"closed","ping_status":"closed","template":"","meta":{"footnotes":""},"coauthors":[2],"class_list":["post-680","page","type-page","status-publish","hentry"],"_links":{"self":[{"href":"https:\/\/site.nord.no\/ssmc\/wp-json\/wp\/v2\/pages\/680","targetHints":{"allow":["GET"]}}],"collection":[{"href":"https:\/\/site.nord.no\/ssmc\/wp-json\/wp\/v2\/pages"}],"about":[{"href":"https:\/\/site.nord.no\/ssmc\/wp-json\/wp\/v2\/types\/page"}],"author":[{"embeddable":true,"href":"https:\/\/site.nord.no\/ssmc\/wp-json\/wp\/v2\/users\/75"}],"replies":[{"embeddable":true,"href":"https:\/\/site.nord.no\/ssmc\/wp-json\/wp\/v2\/comments?post=680"}],"version-history":[{"count":11,"href":"https:\/\/site.nord.no\/ssmc\/wp-json\/wp\/v2\/pages\/680\/revisions"}],"predecessor-version":[{"id":901,"href":"https:\/\/site.nord.no\/ssmc\/wp-json\/wp\/v2\/pages\/680\/revisions\/901"}],"wp:attachment":[{"href":"https:\/\/site.nord.no\/ssmc\/wp-json\/wp\/v2\/media?parent=680"}],"wp:term":[{"taxonomy":"author","embeddable":true,"href":"https:\/\/site.nord.no\/ssmc\/wp-json\/wp\/v2\/coauthors?post=680"}],"curies":[{"name":"wp","href":"https:\/\/api.w.org\/{rel}","templated":true}]}}