{"id":1009,"date":"2021-12-20T16:15:53","date_gmt":"2021-12-20T15:15:53","guid":{"rendered":"https:\/\/blogg.nord.no\/studenterssuksess\/?page_id=1009"},"modified":"2021-12-20T16:15:53","modified_gmt":"2021-12-20T15:15:53","slug":"fullforing-og-frafall-hva-sier-statistikken","status":"publish","type":"page","link":"https:\/\/site.nord.no\/studenterssuksess\/fullforing-og-frafall-hva-sier-statistikken\/","title":{"rendered":"Fullf\u00f8ring og frafall \u2013 hva sier statistikken?"},"content":{"rendered":"<p><a href=\"https:\/\/site.nord.no\/studenterssuksess\/wp-content\/uploads\/sites\/36\/2021\/12\/Pre-conf-Ingrid-Andersen-Fullforing-og-frafall-\u2013-hva-sier-statistikken.pdf\">PRESENTASJON<\/a><\/p>\n<p>Tid og sted: 10. desember kl. 11:00 \u2013 Seminarrom A103<br \/>\nIngrid Susanne Andersen<br \/>\nUniversitetet i Agder<\/p>\n<p><strong>Oppsummering<\/strong><br \/>\nDet finnes mye statistikk om fullf\u00f8ring og frafall fra studieprogram. Hva betyr frafall, n\u00e5r skjer frafall og vet vi noe om hvem som ikke fullf\u00f8rer?<\/p>\n<p><strong>Abstrakt<\/strong><br \/>\nI statistikk og analyseverkt\u00f8yet Tableau finnes det flere rapporter som gir statistikk for tidsbruk, fullf\u00f8ring av frafall b\u00e5de p\u00e5 institusjonsniv\u00e5 og p\u00e5 programniv\u00e5. Og er alt frafall egentlig frafall? Ved UiA har det i flere \u00e5r v\u00e6rt jobbet med \u00e5 lage gode analyser av fullf\u00f8ring og frafall, og \u00e5 gj\u00f8re dem tilgjengelige b\u00e5de for studieprogramledere og for institusjonsledelsen.<br \/>\nI arbeidsseminaret presenteres sentrale begreper og definisjoner bak rapportene, samt eksempler p\u00e5 rapporter knyttet til studieprogram. Det blir ogs\u00e5 presentert eksempler p\u00e5 analyser som har v\u00e6rt viktig som kunnskapsgrunnlag for \u00e5 vurdere m\u00e5lrettede tiltak.<\/p>\n","protected":false},"excerpt":{"rendered":"<p>PRESENTASJON Tid og sted: 10. desember kl. 11:00 \u2013 Seminarrom A103 Ingrid Susanne Andersen Universitetet i Agder Oppsummering Det finnes mye statistikk om fullf\u00f8ring og frafall fra studieprogram. Hva betyr [&hellip;]<\/p>\n","protected":false},"author":75,"featured_media":0,"parent":0,"menu_order":0,"comment_status":"closed","ping_status":"closed","template":"","meta":{"footnotes":""},"coauthors":[3],"class_list":["post-1009","page","type-page","status-publish","hentry"],"_links":{"self":[{"href":"https:\/\/site.nord.no\/studenterssuksess\/wp-json\/wp\/v2\/pages\/1009","targetHints":{"allow":["GET"]}}],"collection":[{"href":"https:\/\/site.nord.no\/studenterssuksess\/wp-json\/wp\/v2\/pages"}],"about":[{"href":"https:\/\/site.nord.no\/studenterssuksess\/wp-json\/wp\/v2\/types\/page"}],"author":[{"embeddable":true,"href":"https:\/\/site.nord.no\/studenterssuksess\/wp-json\/wp\/v2\/users\/75"}],"replies":[{"embeddable":true,"href":"https:\/\/site.nord.no\/studenterssuksess\/wp-json\/wp\/v2\/comments?post=1009"}],"version-history":[{"count":1,"href":"https:\/\/site.nord.no\/studenterssuksess\/wp-json\/wp\/v2\/pages\/1009\/revisions"}],"predecessor-version":[{"id":1011,"href":"https:\/\/site.nord.no\/studenterssuksess\/wp-json\/wp\/v2\/pages\/1009\/revisions\/1011"}],"wp:attachment":[{"href":"https:\/\/site.nord.no\/studenterssuksess\/wp-json\/wp\/v2\/media?parent=1009"}],"wp:term":[{"taxonomy":"author","embeddable":true,"href":"https:\/\/site.nord.no\/studenterssuksess\/wp-json\/wp\/v2\/coauthors?post=1009"}],"curies":[{"name":"wp","href":"https:\/\/api.w.org\/{rel}","templated":true}]}}