{"id":1012,"date":"2021-12-20T16:17:12","date_gmt":"2021-12-20T15:17:12","guid":{"rendered":"https:\/\/blogg.nord.no\/studenterssuksess\/?page_id=1012"},"modified":"2021-12-21T15:22:19","modified_gmt":"2021-12-21T14:22:19","slug":"om-prosjektet-kompetansedeling-for-studenters-suksess-i-hoyere-utdanning","status":"publish","type":"page","link":"https:\/\/site.nord.no\/studenterssuksess\/om-prosjektet-kompetansedeling-for-studenters-suksess-i-hoyere-utdanning\/","title":{"rendered":"Om prosjektet Kompetansedeling for studenters suksess i h\u00f8yere utdanning"},"content":{"rendered":"<p><a href=\"https:\/\/site.nord.no\/studenterssuksess\/wp-content\/uploads\/sites\/36\/2021\/12\/Prekonferans-Kristine-Lysnes-og-Oystein-Stromsnes.pdf\">PRESENTASJON<\/a><\/p>\n<p>Tid og sted: 9. desember kl. 10:15 \u2013 Plenumsal A5<br \/>\nKristine Lysnes og \u00d8ystein Str\u00f8smnes<br \/>\nProsjektet Kompetansedeling for studenters suksess i h\u00f8yere utdanning<\/p>\n<p><strong>Oppsummering<\/strong><br \/>\nDenne sesjonen vil passe godt for deg som ikke kjenner s\u00e5 godt til Kompetansedelings-prosjektet eller vil vite mer om det.<\/p>\n<p>Foredraget vil fokusere p\u00e5 fire hovedpunkter:<br \/>\n1) F\u00f8r prosjektet ble til: Hva var tanken og forankringen bak prosjektet? Hvordan har det historisk v\u00e6rt arbeidet for \u00e5 f\u00e5 dette til? Er det tilsvarende organisasjoner\/prosjekter andre steder i verden?<br \/>\n2) Om prosjektet: hva er det? Er temaomr\u00e5dene og ressursene nyttige for deg?<br \/>\n3) Fremtiden til prosjektet: prosjektets f\u00f8rste driftsperiode er ferdig ved utgangen av 2019 og skal over i en ny form. Hva skjer fremover?<br \/>\n4) Hvordan f\u00e5r du godt utbytte av konferansen?<\/p>\n","protected":false},"excerpt":{"rendered":"<p>PRESENTASJON Tid og sted: 9. desember kl. 10:15 \u2013 Plenumsal A5 Kristine Lysnes og \u00d8ystein Str\u00f8smnes Prosjektet Kompetansedeling for studenters suksess i h\u00f8yere utdanning Oppsummering Denne sesjonen vil passe godt [&hellip;]<\/p>\n","protected":false},"author":75,"featured_media":0,"parent":0,"menu_order":0,"comment_status":"closed","ping_status":"closed","template":"","meta":{"footnotes":""},"coauthors":[3],"class_list":["post-1012","page","type-page","status-publish","hentry"],"_links":{"self":[{"href":"https:\/\/site.nord.no\/studenterssuksess\/wp-json\/wp\/v2\/pages\/1012","targetHints":{"allow":["GET"]}}],"collection":[{"href":"https:\/\/site.nord.no\/studenterssuksess\/wp-json\/wp\/v2\/pages"}],"about":[{"href":"https:\/\/site.nord.no\/studenterssuksess\/wp-json\/wp\/v2\/types\/page"}],"author":[{"embeddable":true,"href":"https:\/\/site.nord.no\/studenterssuksess\/wp-json\/wp\/v2\/users\/75"}],"replies":[{"embeddable":true,"href":"https:\/\/site.nord.no\/studenterssuksess\/wp-json\/wp\/v2\/comments?post=1012"}],"version-history":[{"count":1,"href":"https:\/\/site.nord.no\/studenterssuksess\/wp-json\/wp\/v2\/pages\/1012\/revisions"}],"predecessor-version":[{"id":1014,"href":"https:\/\/site.nord.no\/studenterssuksess\/wp-json\/wp\/v2\/pages\/1012\/revisions\/1014"}],"wp:attachment":[{"href":"https:\/\/site.nord.no\/studenterssuksess\/wp-json\/wp\/v2\/media?parent=1012"}],"wp:term":[{"taxonomy":"author","embeddable":true,"href":"https:\/\/site.nord.no\/studenterssuksess\/wp-json\/wp\/v2\/coauthors?post=1012"}],"curies":[{"name":"wp","href":"https:\/\/api.w.org\/{rel}","templated":true}]}}