{"id":1086,"date":"2021-12-22T10:05:51","date_gmt":"2021-12-22T09:05:51","guid":{"rendered":"https:\/\/blogg.nord.no\/studenterssuksess\/?page_id=1086"},"modified":"2021-12-22T10:05:51","modified_gmt":"2021-12-22T09:05:51","slug":"interimstyret","status":"publish","type":"page","link":"https:\/\/site.nord.no\/studenterssuksess\/interimstyret\/","title":{"rendered":"Interimstyret"},"content":{"rendered":"<p>9. januar 2015 var over 60 deltakere fra 20 l\u00e6resteder samlet i Bergen for \u00e5 dr\u00f8fte utfordringene med det store frafallet i h\u00f8yere utdanning og muligheten for \u00e5 tilrettelegge for deling av kompetanse.<\/p>\n<p>Mye av samlingen gikk ut p\u00e5 \u00e5 dr\u00f8fte detaljert hvordan organiseringen skulle v\u00e6re. Det ble der enighet om \u00e5 nedsette et interimstyre som skulle utarbeide et mer detaljert forslag til organisering og finansieres. Prosjektbeskrivelsen er interimstyrets forslag, og baserer seg i stor grad p\u00e5 det mandatet det fikk fra m\u00f8tet 9. januar 2015.<\/p>\n<p>Interimstyret som leverte forslaget bestod av:<\/p>\n<p>Anne S\u00f8lberg Ellingsen Norges teknisk-naturvitenskapelige universitet<br \/>\nHelge Sigurd Hansen Universitetet i Oslo<br \/>\nJan Frode Lien Handelsh\u00f8yskolen BI<br \/>\nKristine Engan-Skei H\u00f8gskolen i Bergen (da)<br \/>\nHarald \u00c5ge S\u00e6thre Universitetet i Bergen<\/p>\n<p>Jan Frode Lien fra Handelsh\u00f8yskolen BI kom inn i interimstyret etter at Mari Birkelund Bj\u00f8rn fra H\u00f8gskolen i Buskerud og Vestfold m\u00e5tte trekke seg sommeren 2015.<\/p>\n<p>P\u00e5 bildet over ser dere interimstyret etter det siste m\u00f8tet sammen med viserektor for utdanning ved Universitetet i Bergen, Oddrun Samdal. Fra venstre Helge Sigurd Hansen, Kristine Engan-Skei, Jan Frode Lien, Oddrun Samdal og Harald \u00c5ge S\u00e6thre. Anne S\u00f8lberg Ellingsen kunne ikke v\u00e6re tilstede<\/p>\n<p><img fetchpriority=\"high\" decoding=\"async\" class=\"alignnone wp-image-1088\" src=\"https:\/\/site.nord.no\/studenterssuksess\/wp-content\/uploads\/sites\/36\/2021\/12\/ANNE.jpg\" alt=\"\" width=\"300\" height=\"300\" \/><\/p>\n","protected":false},"excerpt":{"rendered":"<p>9. januar 2015 var over 60 deltakere fra 20 l\u00e6resteder samlet i Bergen for \u00e5 dr\u00f8fte utfordringene med det store frafallet i h\u00f8yere utdanning og muligheten for \u00e5 tilrettelegge for [&hellip;]<\/p>\n","protected":false},"author":75,"featured_media":1087,"parent":0,"menu_order":0,"comment_status":"closed","ping_status":"closed","template":"","meta":{"footnotes":""},"coauthors":[3],"class_list":["post-1086","page","type-page","status-publish","has-post-thumbnail","hentry"],"_links":{"self":[{"href":"https:\/\/site.nord.no\/studenterssuksess\/wp-json\/wp\/v2\/pages\/1086","targetHints":{"allow":["GET"]}}],"collection":[{"href":"https:\/\/site.nord.no\/studenterssuksess\/wp-json\/wp\/v2\/pages"}],"about":[{"href":"https:\/\/site.nord.no\/studenterssuksess\/wp-json\/wp\/v2\/types\/page"}],"author":[{"embeddable":true,"href":"https:\/\/site.nord.no\/studenterssuksess\/wp-json\/wp\/v2\/users\/75"}],"replies":[{"embeddable":true,"href":"https:\/\/site.nord.no\/studenterssuksess\/wp-json\/wp\/v2\/comments?post=1086"}],"version-history":[{"count":1,"href":"https:\/\/site.nord.no\/studenterssuksess\/wp-json\/wp\/v2\/pages\/1086\/revisions"}],"predecessor-version":[{"id":1089,"href":"https:\/\/site.nord.no\/studenterssuksess\/wp-json\/wp\/v2\/pages\/1086\/revisions\/1089"}],"wp:featuredmedia":[{"embeddable":true,"href":"https:\/\/site.nord.no\/studenterssuksess\/wp-json\/wp\/v2\/media\/1087"}],"wp:attachment":[{"href":"https:\/\/site.nord.no\/studenterssuksess\/wp-json\/wp\/v2\/media?parent=1086"}],"wp:term":[{"taxonomy":"author","embeddable":true,"href":"https:\/\/site.nord.no\/studenterssuksess\/wp-json\/wp\/v2\/coauthors?post=1086"}],"curies":[{"name":"wp","href":"https:\/\/api.w.org\/{rel}","templated":true}]}}