{"id":1094,"date":"2021-12-22T10:54:19","date_gmt":"2021-12-22T09:54:19","guid":{"rendered":"https:\/\/blogg.nord.no\/studenterssuksess\/?page_id=1094"},"modified":"2021-12-22T10:54:19","modified_gmt":"2021-12-22T09:54:19","slug":"spin-off","status":"publish","type":"page","link":"https:\/\/site.nord.no\/studenterssuksess\/spin-off\/","title":{"rendered":"Spin off!"},"content":{"rendered":"<p><em><strong>Et spirende nettverk av kvalitetsr\u00e5dgivere<br \/>\n<\/strong>P\u00e5\u00a0<a href=\"https:\/\/site.nord.no\/studenterssuksess\/analysestatistikk-tentativt-13-14-juni\/\">seminaret om statistikk og analyse i juni\u00a0<\/a>var vi en gruppe kvalitetsr\u00e5dgivere som kom i snakk om hvordan l\u00e6restedene v\u00e5re jobber med \u00e5 implementere de nye kravene i tilsynsforskriften. Lene og Merete holdt tak i tanken og inviterte til et dagsm\u00f8te p\u00e5 NHH 14. september. P\u00e5 m\u00f8tet deltok kvalitetsr\u00e5dgivere fra NHH, HiOA, HVL, UiS og p\u00e5 skype hadde vi med HSN.<\/em><\/p>\n<p><em>Alle l\u00e6restedene jobber med \u00e5 lage gode beskrivelser som i varetar nye krav og siden klare \u00e5 implementere disse. Vi var enige om at \u00e5 f\u00e5 opp engasjement \u2013 skape en kultur for kvalitet \u2013\u00a0 er den st\u00f8rste jobben. Det er stor vilje til \u00e5 b\u00e5de dele arbeidsm\u00e5ter og dokumenter som beskriver roller og systemer, innad i gruppen. Det er nyttig \u00e5 kjenne kollegaer p\u00e5 andre l\u00e6resteder for \u00e5 kalibrere interne prosesser.<\/em><\/p>\n<p><em>Hilsen<\/em><br \/>\n<em>Lene Baldersheim, Merete Helle og Kristine Engan-Skei<\/em><\/p>\n<p><strong>For mer informasjon, kontakt\u00a0<a href=\"https:\/\/www.nhh.no\/ansatte\/lene-krogh-baldersheim\/\" target=\"_blank\" rel=\"noopener\">Lene Krogh Baldersheim<\/a><\/strong><\/p>\n","protected":false},"excerpt":{"rendered":"<p>Et spirende nettverk av kvalitetsr\u00e5dgivere P\u00e5\u00a0seminaret om statistikk og analyse i juni\u00a0var vi en gruppe kvalitetsr\u00e5dgivere som kom i snakk om hvordan l\u00e6restedene v\u00e5re jobber med \u00e5 implementere de nye [&hellip;]<\/p>\n","protected":false},"author":75,"featured_media":0,"parent":0,"menu_order":0,"comment_status":"closed","ping_status":"closed","template":"","meta":{"footnotes":""},"coauthors":[3],"class_list":["post-1094","page","type-page","status-publish","hentry"],"_links":{"self":[{"href":"https:\/\/site.nord.no\/studenterssuksess\/wp-json\/wp\/v2\/pages\/1094","targetHints":{"allow":["GET"]}}],"collection":[{"href":"https:\/\/site.nord.no\/studenterssuksess\/wp-json\/wp\/v2\/pages"}],"about":[{"href":"https:\/\/site.nord.no\/studenterssuksess\/wp-json\/wp\/v2\/types\/page"}],"author":[{"embeddable":true,"href":"https:\/\/site.nord.no\/studenterssuksess\/wp-json\/wp\/v2\/users\/75"}],"replies":[{"embeddable":true,"href":"https:\/\/site.nord.no\/studenterssuksess\/wp-json\/wp\/v2\/comments?post=1094"}],"version-history":[{"count":1,"href":"https:\/\/site.nord.no\/studenterssuksess\/wp-json\/wp\/v2\/pages\/1094\/revisions"}],"predecessor-version":[{"id":1095,"href":"https:\/\/site.nord.no\/studenterssuksess\/wp-json\/wp\/v2\/pages\/1094\/revisions\/1095"}],"wp:attachment":[{"href":"https:\/\/site.nord.no\/studenterssuksess\/wp-json\/wp\/v2\/media?parent=1094"}],"wp:term":[{"taxonomy":"author","embeddable":true,"href":"https:\/\/site.nord.no\/studenterssuksess\/wp-json\/wp\/v2\/coauthors?post=1094"}],"curies":[{"name":"wp","href":"https:\/\/api.w.org\/{rel}","templated":true}]}}