{"id":1137,"date":"2021-12-22T13:19:03","date_gmt":"2021-12-22T12:19:03","guid":{"rendered":"https:\/\/blogg.nord.no\/studenterssuksess\/?page_id=1137"},"modified":"2021-12-22T13:23:56","modified_gmt":"2021-12-22T12:23:56","slug":"arrangementer-2020","status":"publish","type":"page","link":"https:\/\/site.nord.no\/studenterssuksess\/arrangementer-2020\/","title":{"rendered":"Arrangementer 2020"},"content":{"rendered":"<p><strong>GJENNOMF\u00d8RTE<\/strong><\/p>\n<ul>\n<li>Nettkurs:\u00a0<a href=\"https:\/\/site.nord.no\/studenterssuksess\/onlinekurs-mottak-av-nye-studenter\/\">Mottak av nye studenter<\/a>\u00a0(januar -februar)<\/li>\n<li>Nettsamling:\u00a0<a href=\"https:\/\/site.nord.no\/studenterssuksess\/rekruttere-studenter-til-mentorordninger-eller-andre-tiltak\/\">Rekruttering av studenter til mentorordning eller andre tiltak<\/a>\u00a0(april)<\/li>\n<li>Nettsamling:\u00a0<a href=\"https:\/\/site.nord.no\/studenterssuksess\/hvordan-gjennomfore-mottak-av-nye-studenter-i-koronatider\/\">Hvordan gjennomf\u00f8re mottak av nye studenter i koronatider?<\/a>\u00a0(mai)<\/li>\n<li>Nettsamling:\u00a0<a href=\"https:\/\/site.nord.no\/studenterssuksess\/informasjon-av-nye-studenter-i-forkant-av-mottak-hva-hvordan-nar-og-ikke-minst-hvorfor-2\/\">Informasjon til nye studenter i forkant av mottak; hva, hvordan, n\u00e5r og hvorfor?<\/a>\u00a0(mai)<\/li>\n<li>Nettsamling :\u00a0<a href=\"https:\/\/site.nord.no\/studenterssuksess\/mottak-og-psykososialt-laeringsmiljo-hostsemester-2020\/\">Mottak og psykososialt l\u00e6ringsmilj\u00f8 h\u00f8stsemester 2020<\/a>\u00a0(11. juni)<\/li>\n<li>Webinar:\u00a0<a href=\"https:\/\/site.nord.no\/studenterssuksess\/digital-relasjonsbygging\/\">Digital relasjonsbygging (25. juni)<\/a><\/li>\n<li>Nettsamling:\u00a0<a href=\"https:\/\/site.nord.no\/studenterssuksess\/hvordan-gikk-mottaket-og-hva-gjor-vi-fremover-en-mulighet-til-debriefing\/\">Hvordan gikk mottaket og hva gj\u00f8r vi fremover?<\/a>\u00a0(3. september)<\/li>\n<li>Nettsamling:\u00a0<a href=\"https:\/\/site.nord.no\/studenterssuksess\/hvordan-fa-studenter-med-pa-laget-nettsamling-1-oktober\/\">Hvordan f\u00e5 studentene med p\u00e5 laget?<\/a>\u00a0(1. oktober)<\/li>\n<li>Nettsamling:\u00a0<a href=\"https:\/\/site.nord.no\/studenterssuksess\/nettsamling-5-november-samarbeid-mellom-laerested-og-samskipnad\/\">Samarbeid og samhandling mellom l\u00e6rested og studentsamskipnad.<\/a>\u00a0(5. november)<\/li>\n<li><a href=\"https:\/\/site.nord.no\/studenterssuksess\/arskonferanse-a-vaere-student-noe-som-ma-laeres\/\">\u00c5rskonferanse (digital) 7. desember: \u00c5 v\u00e6re student \u2013 noe som m\u00e5 l\u00e6res!<\/a><\/li>\n<\/ul>\n<p><strong>\u00a0<\/strong><\/p>\n<p>&nbsp;<\/p>\n<p><strong>Spill gjerne inn!<br \/>\n<\/strong>Er det tema du mener er aktuelle for nettsamlinger, eller har du andre innspill til nettsidene og arrangementer i nettverket?\u00a0\u00a0<a href=\"mailto:nfye@uib.no\">Vi h\u00f8rer gjerne fra deg!<\/a>\u00a0Er du medlem fra en av medeierne i nettverket kan du ogs\u00e5 ta kontakt med\u00a0<a href=\"https:\/\/site.nord.no\/studenterssuksess\/kontaktpersoner\/\">ressurspersonen<\/a>\u00a0ved din institusjon.<\/p>\n<p>&nbsp;<\/p>\n","protected":false},"excerpt":{"rendered":"<p>GJENNOMF\u00d8RTE Nettkurs:\u00a0Mottak av nye studenter\u00a0(januar -februar) Nettsamling:\u00a0Rekruttering av studenter til mentorordning eller andre tiltak\u00a0(april) Nettsamling:\u00a0Hvordan gjennomf\u00f8re mottak av nye studenter i koronatider?\u00a0(mai) Nettsamling:\u00a0Informasjon til nye studenter i forkant av mottak; [&hellip;]<\/p>\n","protected":false},"author":75,"featured_media":0,"parent":0,"menu_order":0,"comment_status":"closed","ping_status":"closed","template":"","meta":{"footnotes":""},"coauthors":[3],"class_list":["post-1137","page","type-page","status-publish","hentry"],"_links":{"self":[{"href":"https:\/\/site.nord.no\/studenterssuksess\/wp-json\/wp\/v2\/pages\/1137","targetHints":{"allow":["GET"]}}],"collection":[{"href":"https:\/\/site.nord.no\/studenterssuksess\/wp-json\/wp\/v2\/pages"}],"about":[{"href":"https:\/\/site.nord.no\/studenterssuksess\/wp-json\/wp\/v2\/types\/page"}],"author":[{"embeddable":true,"href":"https:\/\/site.nord.no\/studenterssuksess\/wp-json\/wp\/v2\/users\/75"}],"replies":[{"embeddable":true,"href":"https:\/\/site.nord.no\/studenterssuksess\/wp-json\/wp\/v2\/comments?post=1137"}],"version-history":[{"count":3,"href":"https:\/\/site.nord.no\/studenterssuksess\/wp-json\/wp\/v2\/pages\/1137\/revisions"}],"predecessor-version":[{"id":1145,"href":"https:\/\/site.nord.no\/studenterssuksess\/wp-json\/wp\/v2\/pages\/1137\/revisions\/1145"}],"wp:attachment":[{"href":"https:\/\/site.nord.no\/studenterssuksess\/wp-json\/wp\/v2\/media?parent=1137"}],"wp:term":[{"taxonomy":"author","embeddable":true,"href":"https:\/\/site.nord.no\/studenterssuksess\/wp-json\/wp\/v2\/coauthors?post=1137"}],"curies":[{"name":"wp","href":"https:\/\/api.w.org\/{rel}","templated":true}]}}