{"id":127,"date":"2016-12-13T15:10:25","date_gmt":"2016-12-13T15:10:25","guid":{"rendered":"http:\/\/nfye.w.uib.no\/?page_id=127"},"modified":"2022-01-19T13:14:36","modified_gmt":"2022-01-19T12:14:36","slug":"forkunnskaper-erfaringer","status":"publish","type":"page","link":"https:\/\/site.nord.no\/studenterssuksess\/forkunnskaper-erfaringer\/","title":{"rendered":"Forkunnskaper &#8211; Erfaringer"},"content":{"rendered":"<p>Hvilken ballast og oppfatning av studiene studentene har n\u00e5r de starter opp vil v\u00e6re av stor betydning for gjennomf\u00f8ring og resultater. Hva som er viktig vil imidlertid variere fra fag til fag og fra studium til studium. Som l\u00e6resteder er det mulig \u00e5 p\u00e5virke hva studentene har med seg av kunnskaper og ferdigheter, og hva de kjenner til om studiet og l\u00e6restedet.<br \/>\nStikkord som m\u00e5 adresseres:<\/p>\n<ul>\n<li><em>Forkunnskaper<\/em><\/li>\n<li><em>Arbeidsvaner<\/em><\/li>\n<li><em>Oppfatninger om utdanningen<\/em><\/li>\n<li><em>Identitetsprosjekt<\/em><\/li>\n<li><em>M\u00e5lgrupper<\/em><\/li>\n<li><em>Nasjonale tiltak<\/em><\/li>\n<li><em>Informasjon som leses<\/em><\/li>\n<li><em>Realitetsorientering<\/em><\/li>\n<li><em>Virkemidler<\/em><\/li>\n<li><em>Riktig mengde informasjon til rett tid<\/em><\/li>\n<\/ul>\n<p><a href=\"https:\/\/site.nord.no\/studenterssuksess\/tag\/forkunnskaper-erfaringer\/\"><strong>Klikk her for en oversikt over tekster om temaet &laquo;Forkunnskaper &#8211; Erfaringer&raquo;<\/strong><\/a><\/p>\n","protected":false},"excerpt":{"rendered":"<p>Hvilken ballast og oppfatning av studiene studentene har n\u00e5r de starter opp vil v\u00e6re av stor betydning for gjennomf\u00f8ring og resultater. Hva som er viktig vil imidlertid variere fra fag [&hellip;]<\/p>\n","protected":false},"author":82,"featured_media":152,"parent":0,"menu_order":0,"comment_status":"closed","ping_status":"closed","template":"","meta":{"footnotes":""},"coauthors":[52],"class_list":["post-127","page","type-page","status-publish","has-post-thumbnail","hentry"],"_links":{"self":[{"href":"https:\/\/site.nord.no\/studenterssuksess\/wp-json\/wp\/v2\/pages\/127","targetHints":{"allow":["GET"]}}],"collection":[{"href":"https:\/\/site.nord.no\/studenterssuksess\/wp-json\/wp\/v2\/pages"}],"about":[{"href":"https:\/\/site.nord.no\/studenterssuksess\/wp-json\/wp\/v2\/types\/page"}],"author":[{"embeddable":true,"href":"https:\/\/site.nord.no\/studenterssuksess\/wp-json\/wp\/v2\/users\/82"}],"replies":[{"embeddable":true,"href":"https:\/\/site.nord.no\/studenterssuksess\/wp-json\/wp\/v2\/comments?post=127"}],"version-history":[{"count":1,"href":"https:\/\/site.nord.no\/studenterssuksess\/wp-json\/wp\/v2\/pages\/127\/revisions"}],"predecessor-version":[{"id":7077,"href":"https:\/\/site.nord.no\/studenterssuksess\/wp-json\/wp\/v2\/pages\/127\/revisions\/7077"}],"wp:featuredmedia":[{"embeddable":true,"href":"https:\/\/site.nord.no\/studenterssuksess\/wp-json\/wp\/v2\/media\/152"}],"wp:attachment":[{"href":"https:\/\/site.nord.no\/studenterssuksess\/wp-json\/wp\/v2\/media?parent=127"}],"wp:term":[{"taxonomy":"author","embeddable":true,"href":"https:\/\/site.nord.no\/studenterssuksess\/wp-json\/wp\/v2\/coauthors?post=127"}],"curies":[{"name":"wp","href":"https:\/\/api.w.org\/{rel}","templated":true}]}}