{"id":153,"date":"2021-12-01T09:58:32","date_gmt":"2021-12-01T08:58:32","guid":{"rendered":"https:\/\/blogg.nord.no\/studenterssuksess\/?page_id=153"},"modified":"2025-02-24T12:44:45","modified_gmt":"2025-02-24T11:44:45","slug":"arrangementer","status":"publish","type":"page","link":"https:\/\/site.nord.no\/studenterssuksess\/arrangementer\/","title":{"rendered":"Arrangementer"},"content":{"rendered":"<p>En av de viktigste oppgavene til nettverket er \u00e5 tilrettelegge for kompetansedeling og nettverksbygging gjennom \u00e5 arrangere workshop, kurs og konferanser.<\/p>\n<p><strong>Her vil du finne oversikt over alle kommende arrangementer i nettverket, men ogs\u00e5 info og relevant materiell fra tidligere arrangement som har v\u00e6rt avholdt.<\/strong><\/p>\n\n\n<h2 class=\"wp-block-heading\">Kommende arrangement i nettverket:<\/h2>\n\n\n\n<div class=\"wp-block-buttons is-layout-flex wp-block-buttons-is-layout-flex\">\n<div class=\"wp-block-button has-custom-width wp-block-button__width-100\"><a class=\"wp-block-button__link has-white-color has-text-color has-background wp-element-button\" href=\"https:\/\/site.nord.no\/studenterssuksess\/trygg-studiestart-fra-forste-ar-til-fullfort-studielop\/\" style=\"background-color:#0f5d20\">10. april: <strong>Trygg studiestart \u2013 fra f\u00f8rste \u00e5r til fullf\u00f8rt studiel\u00f8p&nbsp;<\/strong><\/a><\/div>\n\n\n\n<div class=\"wp-block-button has-custom-width wp-block-button__width-100\"><a class=\"wp-block-button__link has-white-color has-text-color has-background wp-element-button\" href=\"https:\/\/site.nord.no\/studenterssuksess\/studentengasjement-for-godt-og-inkluderende-laeringsmiljo\/\" style=\"background-color:#0f5d20\">5-6. mai: <strong>Studentengasjement for godt og inkluderende l\u00e6ringsmilj\u00f8<\/strong><\/a><\/div>\n\n\n\n<div class=\"wp-block-button has-custom-width wp-block-button__width-100\"><a class=\"wp-block-button__link has-white-color has-text-color has-background wp-element-button\" href=\"https:\/\/site.nord.no\/studenterssuksess\/kunnskapsbasert-innsikt-og-tiltak-for-frafall-og-gjennomstromning\/\" style=\"background-color:#0f5d20\">10. juni: <strong>Kunnskapsbasert innsikt og tiltak for frafall og gjennomstr\u00f8mning<\/strong><\/a><\/div>\n\n\n\n<div class=\"wp-block-button has-custom-width wp-block-button__width-100\"><a class=\"wp-block-button__link has-white-color has-text-color has-background wp-element-button\" href=\"https:\/\/site.nord.no\/studenterssuksess\/studentvelferd-og-laeringsmiljo-i-en-digital-studiehverdag\/\" style=\"background-color:#0f5d20\">11. september: <strong>Studentvelferd og l\u00e6ringsmilj\u00f8 i en digital studiehverdag<\/strong><\/a><\/div>\n\n\n\n<div class=\"wp-block-button has-custom-width wp-block-button__width-100\"><a class=\"wp-block-button__link has-white-color has-text-color has-background has-link-color wp-element-button\" href=\"https:\/\/site.nord.no\/studenterssuksess\/studentengasjement-for-godt-og-inkluderende-laeringsmiljo-del-2\/\" style=\"background-color:#0f5d20\">6. november:  <strong>Studentengasjement for godt og inkluderende l\u00e6ringsmilj\u00f8<\/strong> (del 2)<\/a><\/div>\n\n\n\n<div class=\"wp-block-button has-custom-width wp-block-button__width-100\"><a class=\"wp-block-button__link has-white-color has-text-color has-background wp-element-button\" href=\"https:\/\/site.nord.no\/studenterssuksess\/arskonferanse-2025\/\" style=\"background-color:#0f5d20\">3-4. desember:<strong> \u00c5rskonferanse 2025<\/strong><\/a><\/div>\n<\/div>\n\n\n\n<h2 class=\"wp-block-heading\">Tidligere arrangement i nettverket: <\/h2>\n\n\n\n<figure class=\"wp-block-table is-style-stripes\"><table class=\"has-black-color has-white-background-color has-text-color has-background has-link-color\"><tbody><tr><td><a href=\"https:\/\/site.nord.no\/studenterssuksess\/arrangement-2017\/\">Arrangementer 2017 <\/a><\/td><td><a href=\"https:\/\/site.nord.no\/studenterssuksess\/arrangementer-2020\/\">Arrangementer 2020 <\/a><\/td><td><a href=\"https:\/\/site.nord.no\/studenterssuksess\/arrangementer-2023\/\">Arrangementer 2023<\/a><\/td><\/tr><tr><td><a href=\"https:\/\/site.nord.no\/studenterssuksess\/arrangement-2018\/\">Arrangementer 2018<\/a><\/td><td><a href=\"https:\/\/site.nord.no\/studenterssuksess\/arrangementer-2021\/\">Arrangementer 2021<\/a><\/td><td><a href=\"https:\/\/site.nord.no\/studenterssuksess\/arrangementer-2024\/\">Arrangementer 2024 <\/a><\/td><\/tr><tr><td><a href=\"https:\/\/site.nord.no\/studenterssuksess\/arrangement-2019\/\">Arrangementer 2019 <\/a><\/td><td><a href=\"https:\/\/site.nord.no\/studenterssuksess\/arrangementer-2022\/\">Arrangementer 2022 <\/a><\/td><td>Arrangementer 2025<\/td><\/tr><\/tbody><\/table><\/figure>\n","protected":false},"excerpt":{"rendered":"<p>En av de viktigste oppgavene til nettverket er \u00e5 tilrettelegge for kompetansedeling og nettverksbygging gjennom \u00e5 arrangere workshop, kurs og konferanser. Her vil du finne oversikt over alle kommende arrangementer [&hellip;]<\/p>\n","protected":false},"author":75,"featured_media":0,"parent":0,"menu_order":0,"comment_status":"closed","ping_status":"closed","template":"","meta":{"footnotes":""},"coauthors":[3],"class_list":["post-153","page","type-page","status-publish","hentry"],"_links":{"self":[{"href":"https:\/\/site.nord.no\/studenterssuksess\/wp-json\/wp\/v2\/pages\/153","targetHints":{"allow":["GET"]}}],"collection":[{"href":"https:\/\/site.nord.no\/studenterssuksess\/wp-json\/wp\/v2\/pages"}],"about":[{"href":"https:\/\/site.nord.no\/studenterssuksess\/wp-json\/wp\/v2\/types\/page"}],"author":[{"embeddable":true,"href":"https:\/\/site.nord.no\/studenterssuksess\/wp-json\/wp\/v2\/users\/75"}],"replies":[{"embeddable":true,"href":"https:\/\/site.nord.no\/studenterssuksess\/wp-json\/wp\/v2\/comments?post=153"}],"version-history":[{"count":31,"href":"https:\/\/site.nord.no\/studenterssuksess\/wp-json\/wp\/v2\/pages\/153\/revisions"}],"predecessor-version":[{"id":9336,"href":"https:\/\/site.nord.no\/studenterssuksess\/wp-json\/wp\/v2\/pages\/153\/revisions\/9336"}],"wp:attachment":[{"href":"https:\/\/site.nord.no\/studenterssuksess\/wp-json\/wp\/v2\/media?parent=153"}],"wp:term":[{"taxonomy":"author","embeddable":true,"href":"https:\/\/site.nord.no\/studenterssuksess\/wp-json\/wp\/v2\/coauthors?post=153"}],"curies":[{"name":"wp","href":"https:\/\/api.w.org\/{rel}","templated":true}]}}