{"id":155,"date":"2021-12-01T09:58:46","date_gmt":"2021-12-01T08:58:46","guid":{"rendered":"https:\/\/blogg.nord.no\/studenterssuksess\/?page_id=155"},"modified":"2025-03-04T12:16:30","modified_gmt":"2025-03-04T11:16:30","slug":"bli-med","status":"publish","type":"page","link":"https:\/\/site.nord.no\/studenterssuksess\/bli-med\/","title":{"rendered":"Bli med!"},"content":{"rendered":"\t\t<div data-elementor-type=\"wp-page\" data-elementor-id=\"155\" class=\"elementor elementor-155\" data-elementor-post-type=\"page\">\n\t\t\t\t\t\t<section class=\"elementor-section elementor-top-section elementor-element elementor-element-74dda66 elementor-section-boxed elementor-section-height-default elementor-section-height-default\" data-id=\"74dda66\" data-element_type=\"section\" data-e-type=\"section\" data-settings=\"{&quot;background_background&quot;:&quot;classic&quot;}\">\n\t\t\t\t\t\t<div class=\"elementor-container elementor-column-gap-default\">\n\t\t\t\t\t<div class=\"elementor-column elementor-col-100 elementor-top-column elementor-element elementor-element-49c76f3\" data-id=\"49c76f3\" data-element_type=\"column\" data-e-type=\"column\" data-settings=\"{&quot;background_background&quot;:&quot;classic&quot;}\">\n\t\t\t<div class=\"elementor-widget-wrap elementor-element-populated\">\n\t\t\t\t\t\t<div class=\"elementor-element elementor-element-46183ef elementor-button-align-stretch elementor-widget elementor-widget-form\" data-id=\"46183ef\" data-element_type=\"widget\" data-e-type=\"widget\" data-settings=\"{&quot;step_next_label&quot;:&quot;Neste&quot;,&quot;step_previous_label&quot;:&quot;Forrige&quot;,&quot;button_width&quot;:&quot;100&quot;,&quot;step_type&quot;:&quot;number_text&quot;,&quot;step_icon_shape&quot;:&quot;circle&quot;}\" data-widget_type=\"form.default\">\n\t\t\t\t<div class=\"elementor-widget-container\">\n\t\t\t\t\t\t\t<form class=\"elementor-form\" method=\"post\" name=\"Kontaktskjema\" aria-label=\"Kontaktskjema\">\n\t\t\t<input type=\"hidden\" name=\"post_id\" value=\"155\"\/>\n\t\t\t<input type=\"hidden\" name=\"form_id\" value=\"46183ef\"\/>\n\t\t\t<input type=\"hidden\" name=\"referer_title\" value=\"Bli med!\" \/>\n\n\t\t\t\t\t\t\t<input type=\"hidden\" name=\"queried_id\" value=\"155\"\/>\n\t\t\t\n\t\t\t<div class=\"elementor-form-fields-wrapper elementor-labels-above\">\n\t\t\t\t\t\t\t\t<div class=\"elementor-field-type-step elementor-field-group elementor-column elementor-field-group-field_ea85c8b elementor-col-100\">\n\t\t\t\t\t\t\t<div class=\"e-field-step elementor-hidden\" data-label=\"\" data-previousButton=\"\" data-nextButton=\"\" data-iconUrl=\"\" data-iconLibrary=\"fas fa-star\" data-icon=\"\" ><\/div>\n\n\t\t\t\t\t\t<\/div>\n\t\t\t\t\t\t\t\t<div class=\"elementor-field-type-html elementor-field-group elementor-column elementor-field-group-name elementor-col-100\">\n\t\t\t\t\t<h3>Registrering i Kompetansenettverk for studenters suksess i h\u00f8yere utdanning<\/h3>\n\nNettverket retter seg i f\u00f8rste omgang til ansatte og tillitsvalgte studenter i h\u00f8yere utdanning som har et ansvar for \u00e5 tilrettelegge slik at flest mulig studenter lykkes med studiene sine. Dette skal alts\u00e5 v\u00e6re en plattform for \u00e5 tilrettelegge rammene rundt undervisningen, slik at gode didaktiske opplegg skal ha de beste muligheter til \u00e5 fungere optimalt.\n<br><br>\nAlle som mener de kan ha et utbytte av nettverket kan registrere seg uavhengig av om de er ansatt i en organisasjon som bidrar \u00f8konomisk. Det er gratis \u00e5 registrere seg som deltaker i nettverket.\n<br><br>\nDersom du har sp\u00f8rsm\u00e5l til registreringen, \u00f8nsker \u00e5 endre din informasjon i etterkant eller vil trekke deg fra nettverket, kan du ta kontakt p\u00e5 e-post:\t\t\t\t<\/div>\n\t\t\t\t\t\t\t\t<div class=\"elementor-field-type-step elementor-field-group elementor-column elementor-field-group-field_54535fc elementor-col-100\">\n\t\t\t\t\t\t\t<div class=\"e-field-step elementor-hidden\" data-label=\"\" data-previousButton=\"\" data-nextButton=\"\" data-iconUrl=\"\" data-iconLibrary=\"fas fa-star\" data-icon=\"\" ><\/div>\n\n\t\t\t\t\t\t<\/div>\n\t\t\t\t\t\t\t\t<div class=\"elementor-field-type-html elementor-field-group elementor-column elementor-field-group-field_0282862 elementor-col-100\">\n\t\t\t\t\t<strong>Bakgrunnsinformasjon<\/strong>\t\t\t\t<\/div>\n\t\t\t\t\t\t\t\t<div class=\"elementor-field-type-text elementor-field-group elementor-column elementor-field-group-field_41cce31 elementor-col-50 elementor-field-required elementor-mark-required\">\n\t\t\t\t\t\t\t\t\t\t\t\t<label for=\"form-field-field_41cce31\" class=\"elementor-field-label\">\n\t\t\t\t\t\t\t\tFornavn\t\t\t\t\t\t\t<\/label>\n\t\t\t\t\t\t\t\t\t\t\t\t\t\t<input size=\"1\" type=\"text\" name=\"form_fields[field_41cce31]\" id=\"form-field-field_41cce31\" class=\"elementor-field elementor-size-sm  elementor-field-textual\" required=\"required\">\n\t\t\t\t\t\t\t\t\t\t\t<\/div>\n\t\t\t\t\t\t\t\t<div class=\"elementor-field-type-text elementor-field-group elementor-column elementor-field-group-field_9c55fbf elementor-col-50 elementor-field-required elementor-mark-required\">\n\t\t\t\t\t\t\t\t\t\t\t\t<label for=\"form-field-field_9c55fbf\" class=\"elementor-field-label\">\n\t\t\t\t\t\t\t\tEtternavn\t\t\t\t\t\t\t<\/label>\n\t\t\t\t\t\t\t\t\t\t\t\t\t\t<input size=\"1\" type=\"text\" name=\"form_fields[field_9c55fbf]\" id=\"form-field-field_9c55fbf\" class=\"elementor-field elementor-size-sm  elementor-field-textual\" required=\"required\">\n\t\t\t\t\t\t\t\t\t\t\t<\/div>\n\t\t\t\t\t\t\t\t<div class=\"elementor-field-type-select elementor-field-group elementor-column elementor-field-group-field_f590de7 elementor-col-100 elementor-field-required elementor-mark-required\">\n\t\t\t\t\t\t\t\t\t\t\t\t<label for=\"form-field-field_f590de7\" class=\"elementor-field-label\">\n\t\t\t\t\t\t\t\tHvilken organisasjon er du tilknyttet?\t\t\t\t\t\t\t<\/label>\n\t\t\t\t\t\t\t\t<div class=\"elementor-field elementor-select-wrapper remove-before \">\n\t\t\t<div class=\"select-caret-down-wrapper\">\n\t\t\t\t<i aria-hidden=\"true\" class=\"eicon-caret-down\"><\/i>\t\t\t<\/div>\n\t\t\t<select name=\"form_fields[field_f590de7]\" id=\"form-field-field_f590de7\" class=\"elementor-field-textual elementor-size-sm\" required=\"required\">\n\t\t\t\t\t\t\t\t\t<option value=\"\"><\/option>\n\t\t\t\t\t\t\t\t\t<option value=\"Handelsh\u00f8yskolen BI\">Handelsh\u00f8yskolen BI<\/option>\n\t\t\t\t\t\t\t\t\t<option value=\"H\u00f8gskolen i Molde\">H\u00f8gskolen i Molde<\/option>\n\t\t\t\t\t\t\t\t\t<option value=\"H\u00f8gskulen p\u00e5 Vestlandet\">H\u00f8gskulen p\u00e5 Vestlandet<\/option>\n\t\t\t\t\t\t\t\t\t<option value=\"H\u00f8gskolen i \u00d8stfold \">H\u00f8gskolen i \u00d8stfold <\/option>\n\t\t\t\t\t\t\t\t\t<option value=\"Nord universitet\">Nord universitet<\/option>\n\t\t\t\t\t\t\t\t\t<option value=\"Norges arktiske studentsamskipnad\">Norges arktiske studentsamskipnad<\/option>\n\t\t\t\t\t\t\t\t\t<option value=\"Norges milj\u00f8- og biovitenskapelige universitet\">Norges milj\u00f8- og biovitenskapelige universitet<\/option>\n\t\t\t\t\t\t\t\t\t<option value=\"Norges teknisk-naturvitenskapelige universitet\">Norges teknisk-naturvitenskapelige universitet<\/option>\n\t\t\t\t\t\t\t\t\t<option value=\"Norsk studentorganisasjon (NSO)\">Norsk studentorganisasjon (NSO)<\/option>\n\t\t\t\t\t\t\t\t\t<option value=\"SiT - Studentsamskipnaden i Gj\u00f8vik, \u00c5lesund og Trondheim\">SiT - Studentsamskipnaden i Gj\u00f8vik, \u00c5lesund og Trondheim<\/option>\n\t\t\t\t\t\t\t\t\t<option value=\"Studentinord\">Studentinord<\/option>\n\t\t\t\t\t\t\t\t\t<option value=\"Studentsamskipnaden i Innlandet\">Studentsamskipnaden i Innlandet<\/option>\n\t\t\t\t\t\t\t\t\t<option value=\"Studentsamskipnaden i Molde\">Studentsamskipnaden i Molde<\/option>\n\t\t\t\t\t\t\t\t\t<option value=\"Studentsamskipnaden i Volda\">Studentsamskipnaden i Volda<\/option>\n\t\t\t\t\t\t\t\t\t<option value=\"Studentsamskipnaden p\u00e5 Vestlandet\">Studentsamskipnaden p\u00e5 Vestlandet<\/option>\n\t\t\t\t\t\t\t\t\t<option value=\"Studentsamskipnaden i Agder \">Studentsamskipnaden i Agder <\/option>\n\t\t\t\t\t\t\t\t\t<option value=\"Studentsamskipnaden SiO \">Studentsamskipnaden SiO <\/option>\n\t\t\t\t\t\t\t\t\t<option value=\"Studentsamskipnaden i \u00d8stfold\">Studentsamskipnaden i \u00d8stfold<\/option>\n\t\t\t\t\t\t\t\t\t<option value=\"Studentsamskipnaden i \u00c5s \">Studentsamskipnaden i \u00c5s <\/option>\n\t\t\t\t\t\t\t\t\t<option value=\"Universitetet i Innlandet\">Universitetet i Innlandet<\/option>\n\t\t\t\t\t\t\t\t\t<option value=\"Universitetet i Agder\">Universitetet i Agder<\/option>\n\t\t\t\t\t\t\t\t\t<option value=\"Universitetet i S\u00f8r\u00f8st-Norge\">Universitetet i S\u00f8r\u00f8st-Norge<\/option>\n\t\t\t\t\t\t\t\t\t<option value=\"UiT - Norges arktiske universitet\">UiT - Norges arktiske universitet<\/option>\n\t\t\t\t\t\t\t\t\t<option value=\"VID - Vitenskapelige h\u00f8gskole \">VID - Vitenskapelige h\u00f8gskole <\/option>\n\t\t\t\t\t\t\t\t\t<option value=\"Annen institusjon\">Annen institusjon<\/option>\n\t\t\t\t\t\t\t<\/select>\n\t\t<\/div>\n\t\t\t\t\t\t<\/div>\n\t\t\t\t\t\t\t\t<div class=\"elementor-field-type-radio elementor-field-group elementor-column elementor-field-group-field_d8485fa elementor-col-100\">\n\t\t\t\t\t\t\t\t\t\t\t\t<label for=\"form-field-field_d8485fa\" class=\"elementor-field-label\">\n\t\t\t\t\t\t\t\tHva er din rolle?\t\t\t\t\t\t\t<\/label>\n\t\t\t\t\t\t<div class=\"elementor-field-subgroup  \"><span class=\"elementor-field-option\"><input type=\"radio\" value=\"Administrativt ansatt\" id=\"form-field-field_d8485fa-0\" name=\"form_fields[field_d8485fa]\"> <label for=\"form-field-field_d8485fa-0\">Administrativt ansatt<\/label><\/span><span class=\"elementor-field-option\"><input type=\"radio\" value=\"Ansatt samskipnad \" id=\"form-field-field_d8485fa-1\" name=\"form_fields[field_d8485fa]\"> <label for=\"form-field-field_d8485fa-1\">Ansatt samskipnad <\/label><\/span><span class=\"elementor-field-option\"><input type=\"radio\" value=\"Student\" id=\"form-field-field_d8485fa-2\" name=\"form_fields[field_d8485fa]\"> <label for=\"form-field-field_d8485fa-2\">Student<\/label><\/span><span class=\"elementor-field-option\"><input type=\"radio\" value=\"Faglig ansatt\" id=\"form-field-field_d8485fa-3\" name=\"form_fields[field_d8485fa]\"> <label for=\"form-field-field_d8485fa-3\">Faglig ansatt<\/label><\/span><span class=\"elementor-field-option\"><input type=\"radio\" value=\"Annen rolle\" id=\"form-field-field_d8485fa-4\" name=\"form_fields[field_d8485fa]\"> <label for=\"form-field-field_d8485fa-4\">Annen rolle<\/label><\/span><\/div>\t\t\t\t<\/div>\n\t\t\t\t\t\t\t\t<div class=\"elementor-field-type-text elementor-field-group elementor-column elementor-field-group-field_d023037 elementor-col-100\">\n\t\t\t\t\t\t\t\t\t\t\t\t<label for=\"form-field-field_d023037\" class=\"elementor-field-label\">\n\t\t\t\t\t\t\t\tAnnen rolle, spesifiser\t\t\t\t\t\t\t<\/label>\n\t\t\t\t\t\t\t\t\t\t\t\t\t\t<input size=\"1\" type=\"text\" name=\"form_fields[field_d023037]\" id=\"form-field-field_d023037\" class=\"elementor-field elementor-size-sm  elementor-field-textual\">\n\t\t\t\t\t\t\t\t\t\t\t<\/div>\n\t\t\t\t\t\t\t\t<div class=\"elementor-field-type-textarea elementor-field-group elementor-column elementor-field-group-field_1ce47a2 elementor-col-100\">\n\t\t\t\t\t\t\t\t\t\t\t\t<label for=\"form-field-field_1ce47a2\" class=\"elementor-field-label\">\n\t\t\t\t\t\t\t\tSkriv gjerne mer om din rolle i din organisasjon\t\t\t\t\t\t\t<\/label>\n\t\t\t\t\t\t<textarea class=\"elementor-field-textual elementor-field  elementor-size-sm\" name=\"form_fields[field_1ce47a2]\" id=\"form-field-field_1ce47a2\" rows=\"4\"><\/textarea>\t\t\t\t<\/div>\n\t\t\t\t\t\t\t\t<div class=\"elementor-field-type-step elementor-field-group elementor-column elementor-field-group-field_29e91f7 elementor-col-100\">\n\t\t\t\t\t\t\t<div class=\"e-field-step elementor-hidden\" data-label=\"\" data-previousButton=\"\" data-nextButton=\"\" data-iconUrl=\"\" data-iconLibrary=\"fas fa-star\" data-icon=\"\" ><\/div>\n\n\t\t\t\t\t\t<\/div>\n\t\t\t\t\t\t\t\t<div class=\"elementor-field-type-html elementor-field-group elementor-column elementor-field-group-field_9141f1e elementor-col-100\">\n\t\t\t\t\t<strong>Om din aktivitet i nettverket<\/strong>\t\t\t\t<\/div>\n\t\t\t\t\t\t\t\t<div class=\"elementor-field-type-email elementor-field-group elementor-column elementor-field-group-field_ba1580e elementor-col-100 elementor-field-required elementor-mark-required\">\n\t\t\t\t\t\t\t\t\t\t\t\t<label for=\"form-field-field_ba1580e\" class=\"elementor-field-label\">\n\t\t\t\t\t\t\t\tE-post\t\t\t\t\t\t\t<\/label>\n\t\t\t\t\t\t\t\t\t\t\t\t\t\t<input size=\"1\" type=\"email\" name=\"form_fields[field_ba1580e]\" id=\"form-field-field_ba1580e\" class=\"elementor-field elementor-size-sm  elementor-field-textual\" required=\"required\">\n\t\t\t\t\t\t\t\t\t\t\t<\/div>\n\t\t\t\t\t\t\t\t<div class=\"elementor-field-type-acceptance elementor-field-group elementor-column elementor-field-group-field_ae4d2ec elementor-col-100 elementor-field-required elementor-mark-required\">\n\t\t\t\t\t\t\t\t\t\t\t\t<label for=\"form-field-field_ae4d2ec\" class=\"elementor-field-label\">\n\t\t\t\t\t\t\t\tPersonvern\t\t\t\t\t\t\t<\/label>\n\t\t\t\t\t\t\t\t<div class=\"elementor-field-subgroup\">\n\t\t\t<span class=\"elementor-field-option\">\n\t\t\t\t<input type=\"checkbox\" name=\"form_fields[field_ae4d2ec]\" id=\"form-field-field_ae4d2ec\" class=\"elementor-field elementor-size-sm  elementor-acceptance-field\" required=\"required\">\n\t\t\t\t<label for=\"form-field-field_ae4d2ec\">Jeg aksepterer  <a href=\"https:\/\/www.nord.no\/no\/om-oss\/personvern\">personvernerkl\u00e6ring.<\/a><\/label>\t\t\t<\/span>\n\t\t<\/div>\n\t\t\t\t\t\t<\/div>\n\t\t\t\t\t\t\t\t<div class=\"elementor-field-group elementor-column elementor-field-type-submit elementor-col-100 e-form__buttons\">\n\t\t\t\t\t<button class=\"elementor-button elementor-size-sm\" type=\"submit\">\n\t\t\t\t\t\t<span class=\"elementor-button-content-wrapper\">\n\t\t\t\t\t\t\t\t\t\t\t\t\t\t\t\t\t\t\t\t\t\t<span class=\"elementor-button-text\">Send<\/span>\n\t\t\t\t\t\t\t\t\t\t\t\t\t<\/span>\n\t\t\t\t\t<\/button>\n\t\t\t\t<\/div>\n\t\t\t<\/div>\n\t\t<\/form>\n\t\t\t\t\t\t<\/div>\n\t\t\t\t<\/div>\n\t\t\t\t\t<\/div>\n\t\t<\/div>\n\t\t\t\t\t<\/div>\n\t\t<\/section>\n\t\t\t\t<\/div>\n\t\t","protected":false},"excerpt":{"rendered":"","protected":false},"author":75,"featured_media":0,"parent":0,"menu_order":0,"comment_status":"closed","ping_status":"closed","template":"elementor_header_footer","meta":{"footnotes":""},"coauthors":[3],"class_list":["post-155","page","type-page","status-publish","hentry"],"_links":{"self":[{"href":"https:\/\/site.nord.no\/studenterssuksess\/wp-json\/wp\/v2\/pages\/155","targetHints":{"allow":["GET"]}}],"collection":[{"href":"https:\/\/site.nord.no\/studenterssuksess\/wp-json\/wp\/v2\/pages"}],"about":[{"href":"https:\/\/site.nord.no\/studenterssuksess\/wp-json\/wp\/v2\/types\/page"}],"author":[{"embeddable":true,"href":"https:\/\/site.nord.no\/studenterssuksess\/wp-json\/wp\/v2\/users\/75"}],"replies":[{"embeddable":true,"href":"https:\/\/site.nord.no\/studenterssuksess\/wp-json\/wp\/v2\/comments?post=155"}],"version-history":[{"count":79,"href":"https:\/\/site.nord.no\/studenterssuksess\/wp-json\/wp\/v2\/pages\/155\/revisions"}],"predecessor-version":[{"id":9366,"href":"https:\/\/site.nord.no\/studenterssuksess\/wp-json\/wp\/v2\/pages\/155\/revisions\/9366"}],"wp:attachment":[{"href":"https:\/\/site.nord.no\/studenterssuksess\/wp-json\/wp\/v2\/media?parent=155"}],"wp:term":[{"taxonomy":"author","embeddable":true,"href":"https:\/\/site.nord.no\/studenterssuksess\/wp-json\/wp\/v2\/coauthors?post=155"}],"curies":[{"name":"wp","href":"https:\/\/api.w.org\/{rel}","templated":true}]}}