{"id":1750,"date":"2018-01-03T12:46:53","date_gmt":"2018-01-03T12:46:53","guid":{"rendered":"http:\/\/nfye.w.uib.no\/?page_id=1750"},"modified":"2018-01-03T12:46:53","modified_gmt":"2018-01-03T12:46:53","slug":"kurs-arbeidsstue","status":"publish","type":"page","link":"https:\/\/site.nord.no\/studenterssuksess\/kurs-arbeidsstue\/","title":{"rendered":"Kurs\/arbeidsstue"},"content":{"rendered":"<p>Dette er et tilbud til dere som ikke har kommet skikkelig i gang med \u00e5 tilrettelegge for at studentene skal lykkes med studiene sine, eller ikke har f\u00e5tt effekter av de tiltakene dere har iverksatt. P\u00e5 kurset vil det bli gitt en systematisk gjennomgang av ulike utfordringer. Det vil ogs\u00e5 bli gitt eksempler p\u00e5 ulike tiltak som har m\u00f8tt utfordringene og gitt resultater, men ikke minst vil det gi deltakerne en mulighet til \u00e5 utvikle egne tiltak i dialog med kursledere som har lang erfaring med \u00e5 tilrettelegge.<br \/>\n<strong>Delta som team<\/strong><br \/>\nDeltakere vil ha best utbytte av kurset dersom de deltar i team, Det vil ogs\u00e5 telle positivt dersom man stiller med et team som sammen kan dele erfaringer p\u00e5 Kurs\/arbeidsstue og ta med seg \u00abhjem\u00bb konkrete planer om endringer og tiltak. Et typisk team kan v\u00e6re en utdanningsleder, en administrativt ansatt som til dagen samarbeider med utdanningslederen og en tillitsvalgt student som er knyttet til den samme utdanningen. For noen vil det ogs\u00e5 v\u00e6re aktuelt \u00e5 ha med en ansatt i den aktuelle samskipnaden.<br \/>\n<strong>Plass p\u00e5 kurs\/arbeidsstue<\/strong><br \/>\nDet planlegges med mellom 20-40 deltakere p\u00e5 kurs\/arbeidsstue. Blir det trangt med plass vil vi m\u00e5tte prioritere deltagere fra betalende organisasjoner. Plassene vil ogs\u00e5 bli fordelt mellom eiende organisasjonener og til sist vil vi f\u00f8lge f\u00f8rst til m\u00f8lla prinsippet. Blir det stor interesse for dette kurset vil det med stor sannsynlighet bli satt opp neste \u00e5r ogs\u00e5.<br \/>\n<strong>Kostnader<\/strong><br \/>\nKursene vil i regelen bli arrangert p\u00e5 hotell. Deltakerne m\u00e5 dekke egne overnattings og reisekostnader. Deltakere fra organisasjoner som ikke bidrar \u00f8konomisk til prosjektet m\u00e5 betale en deltakeravgift som da vil gi et bidrag til prosjektets aktiviteter.<br \/>\n<strong>Forarbeid<\/strong><br \/>\nEn m\u00e5 regne med en del forarbeid i m\u00e5neden f\u00f8r kurset.<br \/>\n<strong>Det formelle programmet<\/strong><br \/>\nDag 1: begynner kl. 10.00 og varer til kl. 17.00, med lunsj og pauser.<br \/>\nDag 2: begynner kl. 09.00 og varer til kl. 14.00, med lunsj og pauser.<br \/>\nKursene arrangeres p\u00e5 hotell med felles middag om kvelden den f\u00f8rste dagen.<br \/>\n<strong>Forkurs<\/strong><br \/>\nDag 1 kl 08.30 &#8211; 10.00 blir det tilbudt et forkurs i en metode for \u00e5 kunne arbeide helhetlig og systematisk med bedre gjennomf\u00f8ring og resultat i studiene. Metoden baseres i stor grad p\u00e5 stigemodellen. Forkurset holdes av prosjektleder Harald \u00c5ge S\u00e6thre.<\/p>\n<h3><strong>V\u00e5ren 2018 kan vi tilby f\u00f8lgende kurs:<\/strong><\/h3>\n<p><strong><em>5.- 6. mars 2018: Kurs om mottak og f\u00f8rstesemester <\/em><\/strong><u><br \/>\n<\/u>Dette er for dere som ikke er kommet s\u00e5 langt med \u00e5 utforme tiltak og virkemidler i mottaket, eller som ikke opplever at tiltakene gir spesielt positive effekter. Det vil bli en systematisk gjennomgang av ulike utfordringer som m\u00e5 m\u00f8tes i forkant, under og etter mottaket. Det vil ogs\u00e5 vist i detalj ulike tiltak som har m\u00f8tt utfordringene og gitt resultater.<br \/>\nDeltakerne m\u00e5 komme forberedt og forvente \u00e5 arbeide med \u00e5 utvikle egne tiltak p\u00e5 samlingen. Deltakerne kan diskutere sine spesifikke utfordringer underveis med kursledelsen.<br \/>\nLes mer om kurset p\u00e5 <a href=\"https:\/\/site.nord.no\/studenterssuksess\/kurs-og-arbeidsstue-om-mottak-og-forstesemester\/\">denne siden<\/a>.<\/p>\n","protected":false},"excerpt":{"rendered":"<p>Dette er et tilbud til dere som ikke har kommet skikkelig i gang med \u00e5 tilrettelegge for at studentene skal lykkes med studiene sine, eller ikke har f\u00e5tt effekter av [&hellip;]<\/p>\n","protected":false},"author":82,"featured_media":0,"parent":0,"menu_order":0,"comment_status":"closed","ping_status":"closed","template":"","meta":{"footnotes":""},"coauthors":[],"class_list":["post-1750","page","type-page","status-publish","hentry"],"_links":{"self":[{"href":"https:\/\/site.nord.no\/studenterssuksess\/wp-json\/wp\/v2\/pages\/1750","targetHints":{"allow":["GET"]}}],"collection":[{"href":"https:\/\/site.nord.no\/studenterssuksess\/wp-json\/wp\/v2\/pages"}],"about":[{"href":"https:\/\/site.nord.no\/studenterssuksess\/wp-json\/wp\/v2\/types\/page"}],"author":[{"embeddable":true,"href":"https:\/\/site.nord.no\/studenterssuksess\/wp-json\/wp\/v2\/users\/82"}],"replies":[{"embeddable":true,"href":"https:\/\/site.nord.no\/studenterssuksess\/wp-json\/wp\/v2\/comments?post=1750"}],"version-history":[{"count":0,"href":"https:\/\/site.nord.no\/studenterssuksess\/wp-json\/wp\/v2\/pages\/1750\/revisions"}],"wp:attachment":[{"href":"https:\/\/site.nord.no\/studenterssuksess\/wp-json\/wp\/v2\/media?parent=1750"}],"wp:term":[{"taxonomy":"author","embeddable":true,"href":"https:\/\/site.nord.no\/studenterssuksess\/wp-json\/wp\/v2\/coauthors?post=1750"}],"curies":[{"name":"wp","href":"https:\/\/api.w.org\/{rel}","templated":true}]}}