{"id":1762,"date":"2018-01-03T14:57:55","date_gmt":"2018-01-03T14:57:55","guid":{"rendered":"http:\/\/nfye.w.uib.no\/?page_id=1762"},"modified":"2018-01-03T14:57:55","modified_gmt":"2018-01-03T14:57:55","slug":"kurs-og-arbeidsstue-om-mottak-og-forstesemester","status":"publish","type":"page","link":"https:\/\/site.nord.no\/studenterssuksess\/kurs-og-arbeidsstue-om-mottak-og-forstesemester\/","title":{"rendered":"Kurs og arbeidsstue om Mottak og f\u00f8rstesemester 5.-6. mars 2018"},"content":{"rendered":"<p>I forkant av kurset fikk deltakerne tilsendt teksten <a href=\"https:\/\/site.nord.no\/studenterssuksess\/wp-content\/uploads\/sites\/36\/2018\/02\/Hva-onsker-vi-a-oppna-med-mottaket.pdf\"><strong>Hva \u00f8nsker vi \u00e5 oppn\u00e5 med mottaket?<\/strong><\/a>, der de ble bedt om \u00e5 finne ut hvordan deres egne studenter blir m\u00f8tt i forhold til m\u00e5lene som listes opp i teksten.<br \/>\n<strong>Presentasjoner fra kurset:<\/strong><\/p>\n<ul>\n<li><a href=\"https:\/\/site.nord.no\/studenterssuksess\/wp-content\/uploads\/sites\/36\/2018\/03\/1_Introduksjon-og-oppstart.pdf\">Introduksjon og oppstart<\/a><\/li>\n<li><a href=\"https:\/\/site.nord.no\/studenterssuksess\/wp-content\/uploads\/sites\/36\/2018\/03\/2_Sosiale.pdf\">Det sosiale<\/a><\/li>\n<li><a href=\"https:\/\/site.nord.no\/studenterssuksess\/wp-content\/uploads\/sites\/36\/2018\/03\/3_Informasjon.pdf\">Informasjon<\/a><\/li>\n<li><a href=\"https:\/\/site.nord.no\/studenterssuksess\/wp-content\/uploads\/sites\/36\/2018\/03\/4_Faglig.pdf\">Knytte opp det faglige<\/a><\/li>\n<li><a href=\"https:\/\/site.nord.no\/studenterssuksess\/wp-content\/uploads\/sites\/36\/2018\/03\/5_Informasjon-i-forkant.pdf\">Informasjon i forkant<\/a><\/li>\n<li><a href=\"https:\/\/site.nord.no\/studenterssuksess\/wp-content\/uploads\/sites\/36\/2018\/03\/6_Koordinering.pdf\">Koordiering i forkant<\/a><\/li>\n<li><a href=\"https:\/\/site.nord.no\/studenterssuksess\/wp-content\/uploads\/sites\/36\/2018\/03\/7Organisasjon.pdf\">Hvordan f\u00e5r vi med oss organisasjonen?<\/a><\/li>\n<li><a href=\"https:\/\/site.nord.no\/studenterssuksess\/wp-content\/uploads\/sites\/36\/2018\/03\/8Avslutning.pdf\">Avslutning<br \/>\n<\/a><\/li>\n<li><a href=\"https:\/\/site.nord.no\/studenterssuksess\/wp-content\/uploads\/sites\/36\/2018\/03\/Junibrev_endeleg-versjon.pdf\">Eksempel p\u00e5 junibrev<\/a><\/li>\n<li><a href=\"https:\/\/site.nord.no\/studenterssuksess\/wp-content\/uploads\/sites\/36\/2018\/03\/Kurshefte2017.pdf\">Klasselederhefte<\/a><\/li>\n<li><a href=\"https:\/\/site.nord.no\/studenterssuksess\/wp-content\/uploads\/sites\/36\/2018\/03\/Lyst-pa-jobb-som-klasseleder-2016.pdf\">Utlysningstekst stilling som klasseleder<\/a><\/li>\n<\/ul>\n<p><strong>P\u00e5 kurset gikk vi igjennom:<br \/>\n<\/strong><em>Informasjon i forkant av mottaket<\/em><br \/>\n\u2022 Oppfatninger om utdanningen<br \/>\n\u2022 Identitetsprosjekt<br \/>\n\u2022 M\u00e5lgrupper<br \/>\n\u2022 Informasjon som leses<br \/>\n\u2022 Realitetsorientering<br \/>\n\u2022 Virkemidler<br \/>\n\u2022 Riktig mengde informasjon til rett tid<br \/>\n<em> Koordinering i forkant\u00a0 av mottaket<br \/>\n<\/em>\u2022 Kull\/Gruppeinndeling<br \/>\n\u2022 Digitale hjelpemidler<em><br \/>\n<\/em>\u2022 Hvordan f\u00e5 respons i ferietiden<br \/>\n\u2022 Hvem gj\u00f8r hva<br \/>\n<em>Selve mottaket<\/em><br \/>\n\u2022 Sosial trygghet<br \/>\n\u2022 Medstudenter<br \/>\n\u2022 Motivasjon<br \/>\n\u2022 Mestring<br \/>\n\u2022 Programm\u00f8ter<br \/>\n\u2022 Fadderordninger<\/p>\n<div id=\"page\" class=\"hfeed site\">\n<div id=\"content\" class=\"site-content\">\n<div>\nKurset tok utgangspunkt i mottaket ved Det matematisk-naturvitenskapelige fakultet, Universitetet i Bergen (MN-UiB). I 2018 har mottaket v\u00e6rt gjennomf\u00f8rt i 20 \u00e5r med gode tilbakemeldinger og resultat. Mottaket har mottatt den \u00e5rlige nasjonale utdanningskvalitetsprisen fra Kunnskapsdepartementet.<br \/>\nErfaringene er skrevet ned i boken <em>\u00c5 tilrettelegge for at studentene skal lykkes<\/em> av Harald \u00c5ge S\u00e6thre.<br \/>\nBoken vil v\u00e6re et grunnlagsdokument for kurset (kapittel 3, 4 og 5).\n<\/div>\n<\/div>\n<\/div>\n<p><a href=\"https:\/\/site.nord.no\/studenterssuksess\/kurs-arbeidsstue\/\">Mer om kurs\/arbeidsstue<\/a><\/p>\n<div id=\"page\" class=\"hfeed site\">\n<div id=\"content\" class=\"site-content\">\n<div><strong>Kursledelsen<\/strong><\/div>\n<\/div>\n<\/div>\n<p>Hovedansvarlig for kurset var <a href=\"http:\/\/www.uib.no\/personer\/Harald.%C3%85ge.S%C3%A6thre#uib-tabs-arbeidsfelt\">Harald \u00c5ge S\u00e6thre, prosjektleder og seniorr\u00e5dgiver ved Universitetet i Bergen.\u00a0<\/a>Han la om mottaket ved MN-UiB i 1999 og har siden v\u00e6rt med \u00e5 videreutvikle mottaket frem til i dag.<br \/>\n<a href=\"https:\/\/www.hvl.no\/person\/?user=3610545\">Kristine Engan-Skei<\/a> var ogs\u00e5 med i kursledelsen. Hun har jobbet med studieadministrasjon siden 2001, og har siden h\u00f8sten 2014 v\u00e6rt ansatt som r\u00e5dgiver for studiekvalitet p\u00e5 Fakultet for ingeni\u00f8r- og naturvitskap ved H\u00f8gskulen p\u00e5 Vestland. I perioden 2006\u20132014 var hun leder for Informasjonssenteret for realfagstudenter, ved Det matematisk-naturvitenskapelige fakultet, UiB. I denne perioden hadde hun det koordinerende ansvaret for mottak av nye studenter og arrangementer i f\u00f8rstesemester ved fakultetet. Arbeidet startet opp i mars hvert \u00e5r og ble avsluttet i november med det siste evalueringsm\u00f8tet med f\u00f8rste\u00e5rsstudentene.<br \/>\nDe \u00f8vrige har alle arbeidet med mottaket ved MN-UiB:<\/p>\n<ul>\n<li><a href=\"http:\/\/www.uib.no\/personer\/Stine.Balevik\">Stine Beate Balevik<\/a><\/li>\n<li><a href=\"http:\/\/www.uib.no\/personer\/Tone.Stokka\">Tone Stokka<\/a><\/li>\n<\/ul>\n<div class=\"content-top-wrapper\">\n<div class=\"content-top\">\n<div class=\"user-media\">Litteratur:<\/div>\n<\/div>\n<\/div>\n<p><em>S\u00e6thre, H. \u00c5. (2014) \u00c5 tilrettelegge for at studentene skal lykkes. Bergen: <a href=\"http:\/\/www.haas1.no\/?page_id=38\">@haas1 \u2013 forlag<\/a><\/em><\/p>\n","protected":false},"excerpt":{"rendered":"<p>I forkant av kurset fikk deltakerne tilsendt teksten Hva \u00f8nsker vi \u00e5 oppn\u00e5 med mottaket?, der de ble bedt om \u00e5 finne ut hvordan deres egne studenter blir m\u00f8tt i [&hellip;]<\/p>\n","protected":false},"author":82,"featured_media":1264,"parent":0,"menu_order":0,"comment_status":"closed","ping_status":"closed","template":"","meta":{"footnotes":""},"coauthors":[],"class_list":["post-1762","page","type-page","status-publish","has-post-thumbnail","hentry"],"_links":{"self":[{"href":"https:\/\/site.nord.no\/studenterssuksess\/wp-json\/wp\/v2\/pages\/1762","targetHints":{"allow":["GET"]}}],"collection":[{"href":"https:\/\/site.nord.no\/studenterssuksess\/wp-json\/wp\/v2\/pages"}],"about":[{"href":"https:\/\/site.nord.no\/studenterssuksess\/wp-json\/wp\/v2\/types\/page"}],"author":[{"embeddable":true,"href":"https:\/\/site.nord.no\/studenterssuksess\/wp-json\/wp\/v2\/users\/82"}],"replies":[{"embeddable":true,"href":"https:\/\/site.nord.no\/studenterssuksess\/wp-json\/wp\/v2\/comments?post=1762"}],"version-history":[{"count":0,"href":"https:\/\/site.nord.no\/studenterssuksess\/wp-json\/wp\/v2\/pages\/1762\/revisions"}],"wp:featuredmedia":[{"embeddable":true,"href":"https:\/\/site.nord.no\/studenterssuksess\/wp-json\/wp\/v2\/media\/1264"}],"wp:attachment":[{"href":"https:\/\/site.nord.no\/studenterssuksess\/wp-json\/wp\/v2\/media?parent=1762"}],"wp:term":[{"taxonomy":"author","embeddable":true,"href":"https:\/\/site.nord.no\/studenterssuksess\/wp-json\/wp\/v2\/coauthors?post=1762"}],"curies":[{"name":"wp","href":"https:\/\/api.w.org\/{rel}","templated":true}]}}