{"id":206,"date":"2016-12-16T12:19:11","date_gmt":"2016-12-16T12:19:11","guid":{"rendered":"http:\/\/nfye.w.uib.no\/?page_id=206"},"modified":"2022-01-19T13:10:55","modified_gmt":"2022-01-19T12:10:55","slug":"det-helhetlige-tilbudet","status":"publish","type":"page","link":"https:\/\/site.nord.no\/studenterssuksess\/det-helhetlige-tilbudet\/","title":{"rendered":"Det helhetlige tilbudet"},"content":{"rendered":"<p>Her tar vi opp selve utdanningen med det faglige innholdet, undervisningen og alle andre tilbud som l\u00e6restedet og samskipnadene er ansvarlig for.<br \/>\nVi deler inn i f\u00f8lgende undertema:<br \/>\n<a href=\"https:\/\/site.nord.no\/studenterssuksess\/interne-aktorer-studentenes-gode-hjelpere\/\">Interne akt\u00f8rer (studentenes &laquo;gode hjelpere&raquo;)<\/a><br \/>\n<a href=\"https:\/\/site.nord.no\/studenterssuksess\/fagtilbud-tilrettelegging-og-informasjon\/\">Fagtilbud, tilrettelegging og informasjon<\/a><br \/>\n<a href=\"https:\/\/site.nord.no\/studenterssuksess\/undervisningen\/\">Undervisningen<\/a><br \/>\n<a href=\"https:\/\/site.nord.no\/studenterssuksess\/infrastruktur-og-servicetilbud\/\">Infrastruktur og servicetilbud<\/a><br \/>\n<img decoding=\"async\" class=\"aligncenter\" src=\"https:\/\/site.nord.no\/studenterssuksess\/wp-content\/uploads\/sites\/36\/2016\/12\/trinn.jpg\" alt=\"trinnene\" width=\"186\" height=\"170\" \/><br \/>\n<strong><a href=\"https:\/\/site.nord.no\/studenterssuksess\/tag\/det-helhetlige-tilbudet\/\">Klikk her for en oversikt over tekster om temaet &laquo;Det helhetlige tilbudet&raquo;<\/a><\/strong><\/p>\n","protected":false},"excerpt":{"rendered":"<p>Her tar vi opp selve utdanningen med det faglige innholdet, undervisningen og alle andre tilbud som l\u00e6restedet og samskipnadene er ansvarlig for. Vi deler inn i f\u00f8lgende undertema: Interne akt\u00f8rer [&hellip;]<\/p>\n","protected":false},"author":82,"featured_media":0,"parent":0,"menu_order":0,"comment_status":"closed","ping_status":"closed","template":"","meta":{"footnotes":""},"coauthors":[52],"class_list":["post-206","page","type-page","status-publish","hentry"],"_links":{"self":[{"href":"https:\/\/site.nord.no\/studenterssuksess\/wp-json\/wp\/v2\/pages\/206","targetHints":{"allow":["GET"]}}],"collection":[{"href":"https:\/\/site.nord.no\/studenterssuksess\/wp-json\/wp\/v2\/pages"}],"about":[{"href":"https:\/\/site.nord.no\/studenterssuksess\/wp-json\/wp\/v2\/types\/page"}],"author":[{"embeddable":true,"href":"https:\/\/site.nord.no\/studenterssuksess\/wp-json\/wp\/v2\/users\/82"}],"replies":[{"embeddable":true,"href":"https:\/\/site.nord.no\/studenterssuksess\/wp-json\/wp\/v2\/comments?post=206"}],"version-history":[{"count":1,"href":"https:\/\/site.nord.no\/studenterssuksess\/wp-json\/wp\/v2\/pages\/206\/revisions"}],"predecessor-version":[{"id":7073,"href":"https:\/\/site.nord.no\/studenterssuksess\/wp-json\/wp\/v2\/pages\/206\/revisions\/7073"}],"wp:attachment":[{"href":"https:\/\/site.nord.no\/studenterssuksess\/wp-json\/wp\/v2\/media?parent=206"}],"wp:term":[{"taxonomy":"author","embeddable":true,"href":"https:\/\/site.nord.no\/studenterssuksess\/wp-json\/wp\/v2\/coauthors?post=206"}],"curies":[{"name":"wp","href":"https:\/\/api.w.org\/{rel}","templated":true}]}}