{"id":2193,"date":"2018-04-04T08:43:44","date_gmt":"2018-04-04T08:43:44","guid":{"rendered":"http:\/\/nfye.w.uib.no\/?page_id=2193"},"modified":"2018-04-04T08:43:44","modified_gmt":"2018-04-04T08:43:44","slug":"vi-arrangerer","status":"publish","type":"page","link":"https:\/\/site.nord.no\/studenterssuksess\/vi-arrangerer\/","title":{"rendered":"Vi arrangerer!"},"content":{"rendered":"<p>Ulike arrangementer er sentrale for \u00e5 oppn\u00e5 erfaringsdeling i nettverket.<br \/>\nDet arrangeres flest <a href=\"https:\/\/site.nord.no\/studenterssuksess\/aktuelt\/arets-arrangementkalender\/arbeidsseminar-workshop\/\">arbeidsseminarer (workshops)<\/a>, men ogs\u00e5 <a href=\"https:\/\/site.nord.no\/studenterssuksess\/kurs-arbeidsstue\/\">kurs<\/a> og <a href=\"https:\/\/site.nord.no\/studenterssuksess\/studenter-som-inkluderes-lykkes-bedre\/\">\u00e5rskonferanse<\/a>.<br \/>\nHer vil du finne oversikt over alle gjennomf\u00f8rte arrangementer i nettverket og fra da vi var i prosjektfase. I gjeldende \u00e5rstall vil du ogs\u00e5 finne kommende arrangementer for innev\u00e6rende \u00e5r<br \/>\n<a href=\"https:\/\/site.nord.no\/studenterssuksess\/arrangementer-i-2021\/\" target=\"_blank\" rel=\"noopener\">Arrangementer i 2021<\/a><br \/>\n<a href=\"https:\/\/site.nord.no\/studenterssuksess\/arrangementer-i-2020\/\">Arrangementer i 2020<\/a><br \/>\n<a href=\"https:\/\/site.nord.no\/studenterssuksess\/arrangementer-i-2019\/\">Arrangementer i 2019<\/a><br \/>\n<a href=\"https:\/\/site.nord.no\/studenterssuksess\/aktuelt\/arets-arrangementkalender\/\">Arrangementer i 2018<\/a><br \/>\n<a href=\"https:\/\/site.nord.no\/studenterssuksess\/arrangementer-i-2017\/\">Arrangementer i 2017<\/a><\/p>\n","protected":false},"excerpt":{"rendered":"<p>Ulike arrangementer er sentrale for \u00e5 oppn\u00e5 erfaringsdeling i nettverket. Det arrangeres flest arbeidsseminarer (workshops), men ogs\u00e5 kurs og \u00e5rskonferanse. Her vil du finne oversikt over alle gjennomf\u00f8rte arrangementer i [&hellip;]<\/p>\n","protected":false},"author":82,"featured_media":1264,"parent":0,"menu_order":0,"comment_status":"closed","ping_status":"closed","template":"","meta":{"footnotes":""},"coauthors":[],"class_list":["post-2193","page","type-page","status-publish","has-post-thumbnail","hentry"],"_links":{"self":[{"href":"https:\/\/site.nord.no\/studenterssuksess\/wp-json\/wp\/v2\/pages\/2193","targetHints":{"allow":["GET"]}}],"collection":[{"href":"https:\/\/site.nord.no\/studenterssuksess\/wp-json\/wp\/v2\/pages"}],"about":[{"href":"https:\/\/site.nord.no\/studenterssuksess\/wp-json\/wp\/v2\/types\/page"}],"author":[{"embeddable":true,"href":"https:\/\/site.nord.no\/studenterssuksess\/wp-json\/wp\/v2\/users\/82"}],"replies":[{"embeddable":true,"href":"https:\/\/site.nord.no\/studenterssuksess\/wp-json\/wp\/v2\/comments?post=2193"}],"version-history":[{"count":0,"href":"https:\/\/site.nord.no\/studenterssuksess\/wp-json\/wp\/v2\/pages\/2193\/revisions"}],"wp:featuredmedia":[{"embeddable":true,"href":"https:\/\/site.nord.no\/studenterssuksess\/wp-json\/wp\/v2\/media\/1264"}],"wp:attachment":[{"href":"https:\/\/site.nord.no\/studenterssuksess\/wp-json\/wp\/v2\/media?parent=2193"}],"wp:term":[{"taxonomy":"author","embeddable":true,"href":"https:\/\/site.nord.no\/studenterssuksess\/wp-json\/wp\/v2\/coauthors?post=2193"}],"curies":[{"name":"wp","href":"https:\/\/api.w.org\/{rel}","templated":true}]}}