{"id":223,"date":"2016-12-19T08:58:15","date_gmt":"2016-12-19T08:58:15","guid":{"rendered":"http:\/\/nfye.w.uib.no\/?page_id=223"},"modified":"2016-12-19T08:58:15","modified_gmt":"2016-12-19T08:58:15","slug":"arbeidsseminar-workshop","status":"publish","type":"page","link":"https:\/\/site.nord.no\/studenterssuksess\/aktuelt\/arets-arrangementkalender\/arbeidsseminar-workshop\/","title":{"rendered":"Arbeidsseminar\/workshops"},"content":{"rendered":"<p>\u00c5 tilrettelegge for et godt l\u00e6ringsmilj\u00f8 er et kontinuerlig arbeid som krever stadig oppdatering og ikke minst utveksling av erfaringer med kolleger. Prosjektet vil koordinere \u00abworkshops\u00bb eller arbeidsseminar hvor deltakerne selv presenterer og arbeider sammen om \u00e5 utvikle tilbud\/virkemidler for at studentene skal lykkes med studiet sitt.<br \/>\nArbeidsseminarene vil f\u00f8lge \u00e5rshjulet og ta opp ulike tema p\u00e5 tidspunkt hvor ting kan f\u00f8lges opp i etterkant.<br \/>\n<strong>Slik arbeider vi p\u00e5 seminarene<\/strong><br \/>\nDe ulike delene introduseres med et innlegg fra en eller flere av deltagerne. Innleggene blir bestilt av oss som arrangerer arbeidsseminaret p\u00e5 bakgrunn av p\u00e5meldingen og andre forhold vi kjenner til om deltagerne. Innleggene munner ut i ulike sp\u00f8rsm\u00e5l innlederen har p\u00e5 bakgrunn av sine erfaringer.<br \/>\nDet arbeides deretter i mindre grupper med \u00e5 besvare disse sp\u00f8rsm\u00e5lene og eventuelt andre sp\u00f8rsm\u00e5l som kommer opp underveis fra deltagerne. Hver gruppe skriver stikkord eller korte setninger om hva som blir diskutert inn p\u00e5 seminaret sin vegg i Padlet. Svarene presenteres i plenum.<br \/>\n<a href=\"https:\/\/site.nord.no\/studenterssuksess\/wp-content\/uploads\/sites\/36\/2017\/09\/Innf%C3%B8ring-i-Padlet.pdf\">Enkel innf\u00f8ring i bruk av Padlet<\/a><br \/>\nArbeidsseminarene vil fungere f\u00f8rst og frem som en \u00abhjernestorming\u00bb for \u00e5 f\u00e5 belyst sentrale problemstillinger og synliggj\u00f8re mulige l\u00f8sninger. De er i utgangspunktet ikke tenkt som et sted hvor vi lager konkrete planer for det som skal gj\u00f8res. Det er imidlertid ingen ting i veien for at deltagerne selv har laget planer i forkant som de underveis redigerer.<br \/>\n<a href=\"https:\/\/site.nord.no\/studenterssuksess\/hvordan-arbeider-vi-pa-seminarene\/\"><br \/>\n<\/a><a href=\"https:\/\/site.nord.no\/studenterssuksess\/mer-om-pamelding-og-deltagelse-til-seminar\/\">\u00d8nsker du \u00e5 delta p\u00e5 seminar?<\/a><a href=\"https:\/\/site.nord.no\/studenterssuksess\/tidsplan-arbeidsseminar\/\"><br \/>\nTidsplan p\u00e5 seminarene<\/a><\/p>\n","protected":false},"excerpt":{"rendered":"<p>\u00c5 tilrettelegge for et godt l\u00e6ringsmilj\u00f8 er et kontinuerlig arbeid som krever stadig oppdatering og ikke minst utveksling av erfaringer med kolleger. Prosjektet vil koordinere \u00abworkshops\u00bb eller arbeidsseminar hvor deltakerne [&hellip;]<\/p>\n","protected":false},"author":82,"featured_media":1311,"parent":1561,"menu_order":1,"comment_status":"closed","ping_status":"closed","template":"","meta":{"footnotes":""},"coauthors":[],"class_list":["post-223","page","type-page","status-publish","has-post-thumbnail","hentry"],"_links":{"self":[{"href":"https:\/\/site.nord.no\/studenterssuksess\/wp-json\/wp\/v2\/pages\/223","targetHints":{"allow":["GET"]}}],"collection":[{"href":"https:\/\/site.nord.no\/studenterssuksess\/wp-json\/wp\/v2\/pages"}],"about":[{"href":"https:\/\/site.nord.no\/studenterssuksess\/wp-json\/wp\/v2\/types\/page"}],"author":[{"embeddable":true,"href":"https:\/\/site.nord.no\/studenterssuksess\/wp-json\/wp\/v2\/users\/82"}],"replies":[{"embeddable":true,"href":"https:\/\/site.nord.no\/studenterssuksess\/wp-json\/wp\/v2\/comments?post=223"}],"version-history":[{"count":0,"href":"https:\/\/site.nord.no\/studenterssuksess\/wp-json\/wp\/v2\/pages\/223\/revisions"}],"up":[{"embeddable":true,"href":"https:\/\/site.nord.no\/studenterssuksess\/wp-json\/wp\/v2\/pages\/1561"}],"wp:featuredmedia":[{"embeddable":true,"href":"https:\/\/site.nord.no\/studenterssuksess\/wp-json\/wp\/v2\/media\/1311"}],"wp:attachment":[{"href":"https:\/\/site.nord.no\/studenterssuksess\/wp-json\/wp\/v2\/media?parent=223"}],"wp:term":[{"taxonomy":"author","embeddable":true,"href":"https:\/\/site.nord.no\/studenterssuksess\/wp-json\/wp\/v2\/coauthors?post=223"}],"curies":[{"name":"wp","href":"https:\/\/api.w.org\/{rel}","templated":true}]}}