{"id":265,"date":"2016-12-21T13:44:16","date_gmt":"2016-12-21T13:44:16","guid":{"rendered":"http:\/\/nfye.w.uib.no\/?page_id=265"},"modified":"2016-12-21T13:44:16","modified_gmt":"2016-12-21T13:44:16","slug":"arbeidsseminar-mottak-og-forstesemester","status":"publish","type":"page","link":"https:\/\/site.nord.no\/studenterssuksess\/arbeidsseminar-mottak-og-forstesemester\/","title":{"rendered":"Mottak og f\u00f8rstesemester 16. &#8211; 17. mars"},"content":{"rendered":"<pre style=\"text-align: right\"><img decoding=\"async\" src=\"https:\/\/site.nord.no\/studenterssuksess\/wp-content\/uploads\/sites\/36\/2016\/12\/Samlet.jpg\" \/>\n<em>Deltagere p\u00e5 seminaret<\/em><\/pre>\n<p>P\u00e5 dette f\u00f8rste arbeidsseminaret m\u00f8ttes vi som har gjort og skal gj\u00f8re endringer i hvordan studentene m\u00f8ter l\u00e6restedet og medstudenter. Vi dr\u00f8ftet hvilke utfordringer studentene har i denne f\u00f8rste tiden, s\u00e5 ulike eksempler p\u00e5 tiltak som m\u00f8ter utfordringene og l\u00f8ftet frem tanker og ideer som kan gj\u00f8re mottaket og f\u00f8rstesemester enda bedre for studentene.<br \/>\nDel 1.<br \/>\nF\u00f8rstesemester er avgj\u00f8rende for i hvor stor grad studentene blir v\u00e6rende og gjennomf\u00f8rer sine studier. Mottaket og de tre f\u00f8rste ukene er det viktigste.<br \/>\nHvilke utfordringer eksisterer? Hvilke tiltak kan gjennomf\u00f8res?<br \/>\nStikkord:<br \/>\n\u2022 Sosial trygghet<br \/>\n\u2022 Medstudenter<br \/>\n\u2022 Motivasjon<br \/>\n\u2022 Mestring<br \/>\n\u2022 Programm\u00f8ter<br \/>\n\u2022 Fadderordninger<br \/>\n\u2022 Overbooking<br \/>\nInnlegg :<br \/>\n<a href=\"https:\/\/site.nord.no\/studenterssuksess\/2017\/04\/06\/totalrenovering-av-studiestart\">1.<em>Skj\u00f8nhaug<\/em> (BI) Totalrenovering av Studiestart (kortversjon)<br \/>\nG\u00e5 til egen side med evaluering, rapport og mulighet til \u00e5 kommentere<\/a><br \/>\n<a href=\"https:\/\/site.nord.no\/studenterssuksess\/2017\/04\/06\/mottak-av-nye-studenter-ved-mn-uib\/\">2. <em>S\u00e6thre<\/em> (UiB) Mottak av nye studenter ved MN<br \/>\nG\u00e5 til en egen side med mer informasjon og mulighet til \u00e5 kommentere<\/a><strong><br \/>\n<\/strong><br \/>\nDel 2.<br \/>\nHvordan kan vi bruke tiden f\u00f8r oppm\u00f8te til \u00e5 sikre at mottaket fungerer p\u00e5 en best mulig m\u00e5te, og at studentene i st\u00f8rst mulig grad vet hva de g\u00e5r til. Hvordan arbeider vi for \u00e5 sikre best mulig forkunnskaper og erfaringer blant studentene som m\u00f8ter opp?<br \/>\nHvilke utfordringer eksisterer? Hvordan kan man informere? Hvilke tiltak kan gjennomf\u00f8res?<br \/>\nStikkord:<br \/>\n\u2022 Oppfatninger om utdanningen<br \/>\n\u2022 Identitetsprosjekt<br \/>\n\u2022 M\u00e5lgrupper<br \/>\n\u2022 Nasjonale tiltak<br \/>\n\u2022 Informasjon som leses<br \/>\n\u2022 Realitetsorientering<br \/>\n\u2022 Virkemidler<br \/>\n\u2022 Riktig mengde informasjon til rett tid<br \/>\n\u2022 Koordinering i forkant<br \/>\nInnlegg :<br \/>\n<a href=\"https:\/\/site.nord.no\/studenterssuksess\/2017\/04\/06\/i-forkant-av-semesterstart-ved-mn\/\"><em>Stokka<\/em> (UiB) I forkant av semesterstart ved MN<\/a><br \/>\n<a href=\"https:\/\/site.nord.no\/studenterssuksess\/2017\/04\/06\/i-forkant-av-semesterstart-ved-mn\/\">G\u00e5\u00a0 til en egen side med presentasjonen og mulighet til \u00e5 kommentere<\/a><br \/>\nDel 3.<br \/>\nGode tiltak kan \u00f8delegges av d\u00e5rlig koordinering mellom ulike deler av organisasjonen og ulike samarbeidspartnere.<br \/>\nHvordan sikrer man at alle involverte drar i samme retning? Hvem skal gj\u00f8re hva?<br \/>\nOBS! I juni vil det bli arrangert en egen workshop som g\u00e5r p\u00e5 \u00e5 f\u00e5 med organisasjonen i \u00e5 ville arbeide for \u00f8kt gjennomf\u00f8ring i et st\u00f8rre bilde. I denne sammenhengen tar vi utgangspunkt i personer\/enheter som allerede er innforst\u00e5tt med at de har en oppgave i mottaket av studenter.<br \/>\nStikkord:<br \/>\n\u2022 Ulik ledelse<br \/>\n\u2022 Kommunikasjonsm\u00e5ter<br \/>\n\u2022 Felles m\u00e5l?<\/p>\n<div class=\"entry-content\">Innlegg :<\/div>\n<div class=\"entry-content\"><a href=\"https:\/\/site.nord.no\/studenterssuksess\/2017\/04\/06\/kommunikasjonsnettverk-pa-tvers-av-organisasjonen\/\">1.Dahlbak \/ Andersen (HiOA) Kommunikasjonsnettverk p\u00e5 tvers av organisasjonen.<\/a><\/div>\n<div class=\"entry-content\"><a href=\"https:\/\/site.nord.no\/studenterssuksess\/2017\/04\/06\/kommunikasjonsnettverk-pa-tvers-av-organisasjonen\/\">G\u00e5\u00a0 til en egen side med presentasjonen og mulighet til \u00e5 kommentere<\/a><\/div>\n<div class=\"entry-content\"><\/div>\n<div class=\"entry-content\"><a href=\"https:\/\/site.nord.no\/studenterssuksess\/2017\/04\/06\/samarbeid-pa-tvers-av-fakulteter-og-studentorganisasjon-markedsavdeling-og-studentsamskipnad\/\">2.<em>Str\u00f8msnes (<\/em><em><em>NORD STUDENTSAMSKIPNAD) <\/em><\/em>Samarbeid p\u00e5 tvers av fakulteter og studentorganisasjon, markedsavdeling og studentsamskipnad<\/a><\/div>\n<div class=\"entry-content\"><a href=\"https:\/\/site.nord.no\/studenterssuksess\/2017\/04\/06\/samarbeid-pa-tvers-av-fakulteter-og-studentorganisasjon-markedsavdeling-og-studentsamskipnad\/\">\u00a0G\u00e5\u00a0 til en egen side med presentasjonen og mulighet til \u00e5 kommentere<\/a><\/div>\n<div class=\"entry-content\"><\/div>\n<p>Del 4.<br \/>\nGode mottaksordninger utvikles hele tiden og tilpasser seg endringer i studentmassen og samfunnet rundt.<br \/>\nHvordan kan man evaluerer tiltakene?Stikkord:<br \/>\n\u2022 Sp\u00f8rreunders\u00f8kelser<br \/>\n\u2022 Fokusgrupper<br \/>\nInnlegg : <a href=\"https:\/\/site.nord.no\/studenterssuksess\/2017\/04\/06\/fokusgrupper-som-evalueringsmetode\/\"><em>Kalvik<\/em> (UiB)\u00a0Fokusgrupper som evalueringsmetode<\/a><br \/>\n<span style=\"color: #000000\">Seminaret er gjennomf\u00f8rt med ca . 60 deltagere<\/span><br \/>\n<span style=\"color: #000000\"> De som ikke fikk v\u00e6re med p\u00e5 dette seminaret m\u00e5 vurdere seminarene i juni og september. Det vil med stor sannsynlighet ogs\u00e5 bli arrangert et nytt seminar om mottak og f\u00f8rstesemester i mars 2018. Ellers er det bare \u00e5 f\u00f8lge med p\u00e5 disse nettsidene som vil bli oppdatert med ulike innspill i tilknytning til seminaret.<\/span><span style=\"text-decoration: underline;color: #ff0000\"><br \/>\n<\/span><br \/>\nSp\u00f8rsm\u00e5l om seminaret kan rettes til <a href=\"mailto:prosjektleder.nfye@uib.no\">Prosjektleder Harald \u00c5ge S\u00e6thre<\/a><br \/>\n<a href=\"https:\/\/site.nord.no\/studenterssuksess\/bilder-fra-seminaret-mottak-og-forstesemester-16-17-mars-2017\/\">Se flere bilder fra seminaret<\/a><\/p>\n","protected":false},"excerpt":{"rendered":"<p>Deltagere p\u00e5 seminaret P\u00e5 dette f\u00f8rste arbeidsseminaret m\u00f8ttes vi som har gjort og skal gj\u00f8re endringer i hvordan studentene m\u00f8ter l\u00e6restedet og medstudenter. Vi dr\u00f8ftet hvilke utfordringer studentene har i [&hellip;]<\/p>\n","protected":false},"author":82,"featured_media":0,"parent":0,"menu_order":0,"comment_status":"closed","ping_status":"closed","template":"","meta":{"footnotes":""},"coauthors":[],"class_list":["post-265","page","type-page","status-publish","hentry"],"_links":{"self":[{"href":"https:\/\/site.nord.no\/studenterssuksess\/wp-json\/wp\/v2\/pages\/265","targetHints":{"allow":["GET"]}}],"collection":[{"href":"https:\/\/site.nord.no\/studenterssuksess\/wp-json\/wp\/v2\/pages"}],"about":[{"href":"https:\/\/site.nord.no\/studenterssuksess\/wp-json\/wp\/v2\/types\/page"}],"author":[{"embeddable":true,"href":"https:\/\/site.nord.no\/studenterssuksess\/wp-json\/wp\/v2\/users\/82"}],"replies":[{"embeddable":true,"href":"https:\/\/site.nord.no\/studenterssuksess\/wp-json\/wp\/v2\/comments?post=265"}],"version-history":[{"count":0,"href":"https:\/\/site.nord.no\/studenterssuksess\/wp-json\/wp\/v2\/pages\/265\/revisions"}],"wp:attachment":[{"href":"https:\/\/site.nord.no\/studenterssuksess\/wp-json\/wp\/v2\/media?parent=265"}],"wp:term":[{"taxonomy":"author","embeddable":true,"href":"https:\/\/site.nord.no\/studenterssuksess\/wp-json\/wp\/v2\/coauthors?post=265"}],"curies":[{"name":"wp","href":"https:\/\/api.w.org\/{rel}","templated":true}]}}