{"id":2730,"date":"2019-01-24T08:58:37","date_gmt":"2019-01-24T08:58:37","guid":{"rendered":"http:\/\/nfye.w.uib.no\/?page_id=2730"},"modified":"2019-01-24T08:58:37","modified_gmt":"2019-01-24T08:58:37","slug":"startside-nettkurs-mottak-av-nye-studenter","status":"publish","type":"page","link":"https:\/\/site.nord.no\/studenterssuksess\/startside-nettkurs-mottak-av-nye-studenter\/","title":{"rendered":"Startside   Nettkurs: Mottak av nye studenter"},"content":{"rendered":"<p><em>Tilrettelegging ved:\u00a0 <u><a href=\"https:\/\/www.uib.no\/personer\/Harald.%C3%85ge.S%C3%A6thre\">Harald \u00c5ge S\u00e6thre <\/a><\/u><\/em><br \/>\n<a href=\"https:\/\/site.nord.no\/studenterssuksess\/oversikt-over-alle-presentasjonene-som-video-og-pdf-pa-dette-nettkurset\/\">Oversikt over alle presentasjonene som video og PDF p\u00e5 dette nettkurset<\/a><br \/>\n<a href=\"https:\/\/site.nord.no\/studenterssuksess\/oversikt-over-alle-oppgavene-med-henvisning-til-padlet-veggene\/\">Oversikt over alle oppgavene med henvisning til Padlet veggene<\/a><br \/>\nDa er vi i gang med nettkurset. <a href=\"https:\/\/screencast.uninett.no\/relay\/ansatt\/amnhsuib.no\/2019\/21.01\/509000\/omkursoghaas_-_20190121_192753_36.html\">Bli bedre kjent med kurset og kursleder her.<\/a><br \/>\nVi har ogs\u00e5 sendt ut en egen epost til p\u00e5meldte deltagere. <a href=\"https:\/\/site.nord.no\/studenterssuksess\/wp-content\/uploads\/sites\/36\/2019\/01\/Til-deltagere-pa-nettkurs-om-Mottak-av-nye-studenter.pdf\">Informasjonen i e-posten finner dere her.<\/a><br \/>\nUtbytte av kurset vil avhenge mye av hva dere som deltagere legger i det. Det blir gitt oppgaver underveis og to av disse ble gitt i den f\u00f8rste eposten.<br \/>\nN\u00e5 h\u00e5per jeg at alle er klare til \u00e5 legge inn svar p\u00e5 <a href=\"https:\/\/nfye.padlet.org\/Havar\/upci6gsj10v2\">Oppgave 1. Status \u00a0 i Padlet\u00a0<\/a><br \/>\n<em><strong>Oppgave 1. Status<\/strong><\/em><br \/>\nN\u00e5r slutter studentene i l\u00f8pet av det f\u00f8rste semesteret og det f\u00f8rste studie\u00e5ret?<\/p>\n<div>Hvilke resultat oppn\u00e5r studentene i sitt f\u00f8rste semester? Er det A, C eller F studenter som slutter? Er<\/div>\n<div>det mange av de nye studenter som sliter med psykiske problem (jfr. SHOT)?<\/div>\n<p>&nbsp;<br \/>\n<em><strong>Vi har valgt \u00e5 kj\u00f8re kurset i 3 deler.<\/strong><\/em> Hver av delene har sin egen nettside som man finner ved \u00e5 f\u00f8lge lenken.<\/p>\n<ol>\n<li><a href=\"https:\/\/site.nord.no\/studenterssuksess\/?page_id=2734&amp;preview=true\">Selve mottaket \u2013 og hva vi skal oppn\u00e5<\/a><\/li>\n<li><a href=\"https:\/\/site.nord.no\/studenterssuksess\/del-2-forberedelser-til-mottaket\/\">Forberedelser til mottaket<\/a><\/li>\n<li><a href=\"https:\/\/site.nord.no\/studenterssuksess\/3-helhetsblikk-pa-mottaket-hvordan-folge-opp-dette-kurset\/\">Helhetsblikk p\u00e5 mottaket \u2013 Hvordan f\u00f8lge opp dette kurset<\/a><\/li>\n<\/ol>\n<p><a href=\"https:\/\/site.nord.no\/studenterssuksess\/oversikt-over-alle-presentasjonene-som-video-og-pdf-pa-dette-nettkurset\/\">Oversikt over alle presentasjonene som video og PDF p\u00e5 dette nettkurset<\/a><br \/>\n<a href=\"https:\/\/site.nord.no\/studenterssuksess\/oversikt-over-alle-oppgavene-med-henvisning-til-padlet-veggene\/\">Oversikt over alle oppgavene med henvisning til Padlet veggene<\/a><br \/>\nHver del starter med at nettsiden oppdateres med ulike ressurser rundt temaet og det vil bli gitt en eller flere oppgaver dere m\u00e5 f\u00f8lge opp med fakta fra lokale forhold der dere jobber. P\u00e5 slutten av hver del blir det tilrettelagt for et m\u00f8te i sanntid for alle deltagere og kursleder. Det arbeides ogs\u00e5 for \u00e5 ha med andre ressurspersoner under disse m\u00f8tene, for \u00e5 kunne gi best mulig tilbakemeldinger.<br \/>\nArbeidsomfanget blir st\u00f8rst i den f\u00f8rste delen om selve mottaket og vi vil tro at sp\u00f8rsm\u00e5l fra denne delene vil dukke opp gjennom hele kurset. Tilsvarende m\u00e5 problemstillinger fra del 2 trekkes med inn i del 3. Del 3 blir en anledning til \u00e5 samle tr\u00e5dene fra de to f\u00f8rste delene og mulighetene til \u00e5 forme en helhetlig plan for arbeidet.<br \/>\nNB! Jeg vil gjenta at det ikke er noen fasit p\u00e5 hvordan man gjennomf\u00f8rer et mottak p\u00e5 best mulig m\u00e5te. Til det varierer utfordringer og rammebetingelser for mye. Dette kurset intenderer da heller ikke \u00e5 \u00abha rett\u00bb, men mer \u00e5 trekke frem og problematisere de aspektene dere b\u00f8r se p\u00e5 i egne opplegg. Noen ganger skal jeg ogs\u00e5 innr\u00f8mme at jeg spissformulerer litt og satser p\u00e5 at noen skal bli litt provosert.<\/p>\n","protected":false},"excerpt":{"rendered":"<p>Tilrettelegging ved:\u00a0 Harald \u00c5ge S\u00e6thre Oversikt over alle presentasjonene som video og PDF p\u00e5 dette nettkurset Oversikt over alle oppgavene med henvisning til Padlet veggene Da er vi i gang [&hellip;]<\/p>\n","protected":false},"author":82,"featured_media":2731,"parent":0,"menu_order":0,"comment_status":"closed","ping_status":"closed","template":"","meta":{"footnotes":""},"coauthors":[],"class_list":["post-2730","page","type-page","status-publish","has-post-thumbnail","hentry"],"_links":{"self":[{"href":"https:\/\/site.nord.no\/studenterssuksess\/wp-json\/wp\/v2\/pages\/2730","targetHints":{"allow":["GET"]}}],"collection":[{"href":"https:\/\/site.nord.no\/studenterssuksess\/wp-json\/wp\/v2\/pages"}],"about":[{"href":"https:\/\/site.nord.no\/studenterssuksess\/wp-json\/wp\/v2\/types\/page"}],"author":[{"embeddable":true,"href":"https:\/\/site.nord.no\/studenterssuksess\/wp-json\/wp\/v2\/users\/82"}],"replies":[{"embeddable":true,"href":"https:\/\/site.nord.no\/studenterssuksess\/wp-json\/wp\/v2\/comments?post=2730"}],"version-history":[{"count":0,"href":"https:\/\/site.nord.no\/studenterssuksess\/wp-json\/wp\/v2\/pages\/2730\/revisions"}],"wp:featuredmedia":[{"embeddable":true,"href":"https:\/\/site.nord.no\/studenterssuksess\/wp-json\/wp\/v2\/media\/2731"}],"wp:attachment":[{"href":"https:\/\/site.nord.no\/studenterssuksess\/wp-json\/wp\/v2\/media?parent=2730"}],"wp:term":[{"taxonomy":"author","embeddable":true,"href":"https:\/\/site.nord.no\/studenterssuksess\/wp-json\/wp\/v2\/coauthors?post=2730"}],"curies":[{"name":"wp","href":"https:\/\/api.w.org\/{rel}","templated":true}]}}