{"id":274,"date":"2021-12-02T12:23:48","date_gmt":"2021-12-02T11:23:48","guid":{"rendered":"https:\/\/blogg.nord.no\/studenterssuksess\/?page_id=274"},"modified":"2025-09-01T13:27:56","modified_gmt":"2025-09-01T11:27:56","slug":"styringsgruppen","status":"publish","type":"page","link":"https:\/\/site.nord.no\/studenterssuksess\/styringsgruppen\/","title":{"rendered":"Styringsgruppen"},"content":{"rendered":"\n<p><\/p>\n\n\n\n<h5 class=\"wp-block-heading\">F\u00f8lgende Styringsgruppe er oppnevnt for 2025:<\/h5>\n\n\n\n<div class=\"wp-block-columns is-layout-flex wp-container-core-columns-is-layout-28f84493 wp-block-columns-is-layout-flex\">\n<div class=\"wp-block-column is-layout-flow wp-block-column-is-layout-flow\" style=\"flex-basis:100%\">\n<div class=\"wp-block-group is-layout-constrained wp-block-group-is-layout-constrained\">\n<div class=\"wp-block-columns is-layout-flex wp-container-core-columns-is-layout-28f84493 wp-block-columns-is-layout-flex\">\n<div class=\"wp-block-column is-layout-flow wp-block-column-is-layout-flow\" style=\"flex-basis:100%\">\n<figure class=\"wp-block-table\"><table><tbody><tr><td><strong>Navn <\/strong><\/td><td><strong>Institusjon <\/strong><\/td><td><strong>Stilling <\/strong><\/td><\/tr><tr><td>Iben Kardel <\/td><td><a href=\"https:\/\/www.inn.no\/\">Forside &#8211; Universitetet i Innlandet<\/a><\/td><td>Avdelingsdirekt\u00f8r, seksjon for studenttjenester <\/td><\/tr><tr><td>Christiane Th\u00f8gersen Krogfoss<\/td><td><a href=\"https:\/\/www.student.no\/\">Norsk studentorganisasjon NSO&nbsp;&nbsp;<\/a><\/td><td>Studentrepresentant valgt inn av NSO <\/td><\/tr><tr><td>Solfrid Kjoberg <\/td><td><a href=\"https:\/\/www.hvl.no\/\">HVL &#8211; H\u00f8gskulen p\u00e5 Vestlandet<\/a><\/td><td>Avdelingsleder ved avdeling for utdanningskvalitet <\/td><\/tr><tr><td>Line Vr\u00e5berg <\/td><td><a href=\"https:\/\/samskipnaden.no\/en\">Samskipnaden | Norges arktiske studentsamskipnad<\/a><\/td><td>R\u00e5dgiver <\/td><\/tr><tr><td>Frid Sandmoe<\/td><td><a href=\"https:\/\/www.hiof.no\/\">H\u00f8gskolen i \u00d8stfold <\/a><\/td><td>Avdelingsdirekt\u00f8r ved avdeling for studieadministrasjon <\/td><\/tr><tr><td>Eva-Merete B\u00f8rstad (leder for styringsgruppen)<\/td><td><a href=\"https:\/\/simolde.no\/\">Startside &#8211; SiMolde<\/a><\/td><td>Leder helse <\/td><\/tr><\/tbody><\/table><\/figure>\n<\/div>\n<\/div>\n\n\n\n<div class=\"wp-block-columns is-layout-flex wp-container-core-columns-is-layout-28f84493 wp-block-columns-is-layout-flex\">\n<div class=\"wp-block-column is-layout-flow wp-block-column-is-layout-flow\"><\/div>\n\n\n\n<div class=\"wp-block-column is-layout-flow wp-block-column-is-layout-flow\"><\/div>\n<\/div>\n<\/div>\n<\/div>\n<\/div>\n\n\n\n<p>Styringsgruppen har det overordnede ansvar for nettverkets \u00f8konomi, strategiske prioriteringer og sekretariatets virksomhet. Styringsgruppen skal ut\u00f8ve sin funksjon med de midlene nettverket disponerer og innenfor rammene gitt i grunnlagsdokumentet. <\/p>\n\n\n\n<p>Styringsgruppen m\u00f8tes minst tre ganger i \u00e5ret.<\/p>\n\n\n\n<p><strong>Styringsgruppens sammensetning<\/strong><\/p>\n\n\n\n<p>Styringsgruppens sammensetning skal i st\u00f8rst mulig grad representere variasjonen av institusjoner i UH-sektoren og skal best\u00e5 av seks medlemmer som representerer medeiende institusjoner. Styringsgruppens medlemmer og leder velges for en virkeperiode p\u00e5 to \u00e5r.<\/p>\n\n\n\n<ul class=\"wp-block-list\">\n<li>Utdanningsinstitusjonene skal ha til sammen tre representanter i styringsgruppen.<\/li>\n\n\n\n<li>Studentsamskipnadene skal ha to representanter i Styringsgruppen.<\/li>\n\n\n\n<li>Norsk Studentorganisasjon (NSO) skal oppnevne <em>en<\/em> student som representant i styringsgruppen.<\/li>\n\n\n\n<li>Leder av Styringsgruppen velges av medlemmene i Styringsgruppen.<\/li>\n\n\n\n<li>Styringsgruppen er vedtaksdyktige ved 4 m\u00f8tte representanter.<\/li>\n\n\n\n<li>Styringsgruppen fatter vedtak ved prinsippet om alminnelig flertall.<\/li>\n\n\n\n<li>Styringsgruppens leder har dobbeltstemme ved stemmelikhet.<\/li>\n<\/ul>\n\n\n\n<p><strong>Virkeperiode<\/strong><\/p>\n\n\n\n<p>Medlemmer i styringsgruppen velges for en virkeperiode p\u00e5 to \u00e5r. For \u00e5 sikre kontinuiteten skal to medlemmer fra den forrige styringsgruppen fortsette i ett \u00e5r inn i ny virkeperiode. Etter dette erstattes de av to nye representanter, som tilsvarende fortsetter ett \u00e5r inn i neste virkeperiode.<\/p>\n\n\n\n<p><strong>Valg av styringsgruppens medlemmer<\/strong><\/p>\n\n\n\n<p>For \u00e5 sikre en transparent og involverende prosess ved sammensetning av styringsgruppen, skal det etableres en valgkomit\u00e9. Valgkomiteen har ansvar for \u00e5 fremme en innstilling til ny sammensetning av styringsgruppen. Komit\u00e9en best\u00e5r av medlemmer som g\u00e5r ut at styringsgruppen i kommende periode.<\/p>\n\n\n\n<p>Valg av nye representanter til styringsgruppen skal gjennomf\u00f8res senest i november i det siste \u00e5ret f\u00f8r ny driftsperiode og overlappsperiode. Ved hvert valg skal henholdsvis tre og to nye representanter velges, for \u00e5 sikre kontinuitet og fornyelse. Studentrepresentant velges \u00e5rlig av Norsk studentorganisasjon (NSO).<\/p>\n\n\n\n<p>Alle medeiere skal p\u00e5 rullering sitte i styringsgruppen, Hver utdanningsinstitusjon og samskipnad fremmer selv forslag til sin(e) kandidat(er) til styringsgruppen. Dersom en representant fratrer i l\u00f8pet av perioden, har den tilh\u00f8rende organisasjonen ansvar for \u00e5 fremme forslag til ny representant.<\/p>\n\n\n\n<p>Valgkomiteens innstilling behandles og vedtas av den sittende styringsgruppen. Det etterstrebes st\u00f8rst mulig rullering av representasjon mellom organisasjonene over tid<\/p>\n\n\n\n<p>\u00d8nskede kvalifikasjoner for representanter i styringsgruppen:<\/p>\n\n\n\n<ul class=\"wp-block-list\">\n<li>Har innsikt i tiltak for \u00f8kt gjennomf\u00f8ring, bedre resultat, \u00f8kt trivsel og bedre psykisk helse for studentene.<\/li>\n\n\n\n<li>Har kunnskap om arbeid som foreg\u00e5r i egen organisasjon som er relevant for nettverket.<\/li>\n\n\n\n<li>Har kontakt med ledelsen i organisasjonen.<\/li>\n<\/ul>\n\n\n\n<p>Viser det seg et behov, eller interesse for at andre personer eller organisasjoner b\u00f8r f\u00e5 observat\u00f8rstatus, vurderes dette av Styringsgruppen.<\/p>\n\n\n\n<div data-wp-interactive=\"core\/file\" class=\"wp-block-file\"><object data-wp-bind--hidden=\"!state.hasPdfPreview\" hidden class=\"wp-block-file__embed\" data=\"https:\/\/site.nord.no\/studenterssuksess\/wp-content\/uploads\/sites\/36\/2025\/09\/Arsrapport-2024-endelig-versjon1.pdf\" type=\"application\/pdf\" style=\"width:100%;height:600px\" aria-label=\"Innbygging av \u00c5rsrapport 2024 - endelig versjon1\"><\/object><a id=\"wp-block-file--media-358e0da6-56ec-4ede-9ea9-1f08f44aac3f\" href=\"https:\/\/site.nord.no\/studenterssuksess\/wp-content\/uploads\/sites\/36\/2025\/09\/Arsrapport-2024-endelig-versjon1.pdf\">\u00c5rsrapport 2024 &#8211; endelig versjon1<\/a><a href=\"https:\/\/site.nord.no\/studenterssuksess\/wp-content\/uploads\/sites\/36\/2025\/09\/Arsrapport-2024-endelig-versjon1.pdf\" class=\"wp-block-file__button wp-element-button\" download aria-describedby=\"wp-block-file--media-358e0da6-56ec-4ede-9ea9-1f08f44aac3f\">Last ned<\/a><\/div>\n","protected":false},"excerpt":{"rendered":"<p>F\u00f8lgende Styringsgruppe er oppnevnt for 2025: Navn Institusjon Stilling Iben Kardel Forside &#8211; Universitetet i Innlandet Avdelingsdirekt\u00f8r, seksjon for studenttjenester Christiane Th\u00f8gersen Krogfoss Norsk studentorganisasjon NSO&nbsp;&nbsp; Studentrepresentant valgt inn av [&hellip;]<\/p>\n","protected":false},"author":73,"featured_media":0,"parent":0,"menu_order":0,"comment_status":"closed","ping_status":"closed","template":"","meta":{"footnotes":""},"coauthors":[8],"class_list":["post-274","page","type-page","status-publish","hentry"],"_links":{"self":[{"href":"https:\/\/site.nord.no\/studenterssuksess\/wp-json\/wp\/v2\/pages\/274","targetHints":{"allow":["GET"]}}],"collection":[{"href":"https:\/\/site.nord.no\/studenterssuksess\/wp-json\/wp\/v2\/pages"}],"about":[{"href":"https:\/\/site.nord.no\/studenterssuksess\/wp-json\/wp\/v2\/types\/page"}],"author":[{"embeddable":true,"href":"https:\/\/site.nord.no\/studenterssuksess\/wp-json\/wp\/v2\/users\/73"}],"replies":[{"embeddable":true,"href":"https:\/\/site.nord.no\/studenterssuksess\/wp-json\/wp\/v2\/comments?post=274"}],"version-history":[{"count":16,"href":"https:\/\/site.nord.no\/studenterssuksess\/wp-json\/wp\/v2\/pages\/274\/revisions"}],"predecessor-version":[{"id":9507,"href":"https:\/\/site.nord.no\/studenterssuksess\/wp-json\/wp\/v2\/pages\/274\/revisions\/9507"}],"wp:attachment":[{"href":"https:\/\/site.nord.no\/studenterssuksess\/wp-json\/wp\/v2\/media?parent=274"}],"wp:term":[{"taxonomy":"author","embeddable":true,"href":"https:\/\/site.nord.no\/studenterssuksess\/wp-json\/wp\/v2\/coauthors?post=274"}],"curies":[{"name":"wp","href":"https:\/\/api.w.org\/{rel}","templated":true}]}}