{"id":2764,"date":"2019-01-29T10:26:35","date_gmt":"2019-01-29T10:26:35","guid":{"rendered":"http:\/\/nfye.w.uib.no\/?page_id=2764"},"modified":"2019-01-29T10:26:35","modified_gmt":"2019-01-29T10:26:35","slug":"oversikt-over-alle-presentasjonene-som-video-og-pdf-pa-dette-nettkurset","status":"publish","type":"page","link":"https:\/\/site.nord.no\/studenterssuksess\/oversikt-over-alle-presentasjonene-som-video-og-pdf-pa-dette-nettkurset\/","title":{"rendered":"Oversikt over alle presentasjonene som video og PDF p\u00e5 dette nettkurset"},"content":{"rendered":"<p>Her er alle videoene lagt ut i rekkef\u00f8lge sammen med en PDF av presentasjonen som ble gjort i videoen.<br \/>\nOppstart<br \/>\n<a href=\"https:\/\/screencast.uninett.no\/relay\/ansatt\/amnhsuib.no\/2019\/21.01\/509000\/omkursoghaas_-_20190121_192753_36.html\">Start (video)<\/a><br \/>\n<a href=\"https:\/\/site.nord.no\/studenterssuksess\/wp-content\/uploads\/sites\/36\/2019\/01\/start.pdf\">Start (PDF)<\/a><br \/>\nDel 1.<br \/>\n<a href=\"https:\/\/screencast.uninett.no\/relay\/ansatt\/amnhsuib.no\/2019\/22.01\/498000\/oppn_-_20190122_191625_36.html\">Hva m\u00e5 vi oppn\u00e5 (video)<\/a><br \/>\n<a href=\"https:\/\/site.nord.no\/studenterssuksess\/wp-content\/uploads\/sites\/36\/2019\/01\/Det-onsker-vi-a-oppna.pdf\">Hva m\u00e5 vi oppn\u00e5 (PDF)<\/a><br \/>\n<a href=\"https:\/\/screencast.uninett.no\/relay\/ansatt\/amnhsuib.no\/2019\/22.01\/932000\/det_sosiale_-_20190122_184914_36.html\">Det sosiale (video)<\/a><br \/>\n<a href=\"https:\/\/site.nord.no\/studenterssuksess\/wp-content\/uploads\/sites\/36\/2019\/01\/Det-sosiale.pdf\">Det sosiale oppn\u00e5 (PDF)<\/a><br \/>\n<a href=\"https:\/\/screencast.uninett.no\/relay\/ansatt\/amnhsuib.no\/2019\/22.01\/935000\/Vi_bryr_oss_-_20190122_202504_36.html\">Eksempel p\u00e5 mottak MN- UiB (video)<\/a><br \/>\n<a href=\"https:\/\/site.nord.no\/studenterssuksess\/wp-content\/uploads\/sites\/36\/2019\/01\/UiB-MN-Mottak-av-nye-studenter.pdf\">Eksempel p\u00e5 mottak MN- UiB (PDF)<\/a><br \/>\n<a href=\"https:\/\/screencast.uninett.no\/relay\/ansatt\/amnhsuib.no\/2019\/23.01\/523000\/Info_-_20190123_183715_36.html\">Informasjon i semesterstarten &#8211; utfordringer (video)<\/a><br \/>\n<a href=\"https:\/\/site.nord.no\/studenterssuksess\/wp-content\/uploads\/sites\/36\/2019\/01\/Informasjon-generell.pdf\">Informasjon i semesterstarten &#8211; utfordringer (PDF)<\/a><br \/>\n<a href=\"https:\/\/screencast.uninett.no\/relay\/ansatt\/amnhsuib.no\/2019\/23.01\/708000\/Informasjon_mn_-_20190123_192956_36.html\">Informasjon &#8211; Eksempel MN-UiB (video)<\/a><br \/>\n<a href=\"https:\/\/site.nord.no\/studenterssuksess\/wp-content\/uploads\/sites\/36\/2019\/01\/Informasjon-MN-UiB.pdf\">Informasjon &#8211; Eksempel MN-UiB (PDF)<\/a><br \/>\nDel 2.<br \/>\n<a href=\"https:\/\/screencast.uninett.no\/relay\/ansatt\/amnhsuib.no\/2019\/12.02\/1077000\/Informasjon_i_forkant_-_20190212_190248_36.html\">Informasjon i forkant (video)<\/a><br \/>\n<a href=\"https:\/\/site.nord.no\/studenterssuksess\/wp-content\/uploads\/sites\/36\/2019\/02\/5_Informasjon-i-forkant.pdf\">Informasjon i forkant (PDF)<\/a><br \/>\n<a href=\"https:\/\/screencast.uninett.no\/relay\/ansatt\/amnhsuib.no\/2019\/12.02\/1325000\/Koordinering_-_20190212_200906_36.html\">Koordinering i forkant<\/a> (video)<br \/>\n<a href=\"https:\/\/site.nord.no\/studenterssuksess\/wp-content\/uploads\/sites\/36\/2019\/02\/6_Koordinering.pdf\">Koordinering i forkant<\/a> (PDF)<br \/>\n<a href=\"https:\/\/screencast.uninett.no\/relay\/ansatt\/amnhsuib.no\/2019\/12.02\/414000\/org_med_-_20190212_204202_36.html\">\u00c5 f\u00e5 organisasjonen med<\/a> (video)<br \/>\n<a href=\"https:\/\/site.nord.no\/studenterssuksess\/wp-content\/uploads\/sites\/36\/2019\/02\/7Organisasjon.pdf\">\u00c5 f\u00e5 organisasjonen med<\/a> (PDF)<\/p>\n","protected":false},"excerpt":{"rendered":"<p>Her er alle videoene lagt ut i rekkef\u00f8lge sammen med en PDF av presentasjonen som ble gjort i videoen. Oppstart Start (video) Start (PDF) Del 1. Hva m\u00e5 vi oppn\u00e5 [&hellip;]<\/p>\n","protected":false},"author":82,"featured_media":0,"parent":0,"menu_order":0,"comment_status":"closed","ping_status":"closed","template":"","meta":{"footnotes":""},"coauthors":[],"class_list":["post-2764","page","type-page","status-publish","hentry"],"_links":{"self":[{"href":"https:\/\/site.nord.no\/studenterssuksess\/wp-json\/wp\/v2\/pages\/2764","targetHints":{"allow":["GET"]}}],"collection":[{"href":"https:\/\/site.nord.no\/studenterssuksess\/wp-json\/wp\/v2\/pages"}],"about":[{"href":"https:\/\/site.nord.no\/studenterssuksess\/wp-json\/wp\/v2\/types\/page"}],"author":[{"embeddable":true,"href":"https:\/\/site.nord.no\/studenterssuksess\/wp-json\/wp\/v2\/users\/82"}],"replies":[{"embeddable":true,"href":"https:\/\/site.nord.no\/studenterssuksess\/wp-json\/wp\/v2\/comments?post=2764"}],"version-history":[{"count":0,"href":"https:\/\/site.nord.no\/studenterssuksess\/wp-json\/wp\/v2\/pages\/2764\/revisions"}],"wp:attachment":[{"href":"https:\/\/site.nord.no\/studenterssuksess\/wp-json\/wp\/v2\/media?parent=2764"}],"wp:term":[{"taxonomy":"author","embeddable":true,"href":"https:\/\/site.nord.no\/studenterssuksess\/wp-json\/wp\/v2\/coauthors?post=2764"}],"curies":[{"name":"wp","href":"https:\/\/api.w.org\/{rel}","templated":true}]}}