{"id":2769,"date":"2019-01-29T10:40:15","date_gmt":"2019-01-29T10:40:15","guid":{"rendered":"http:\/\/nfye.w.uib.no\/?page_id=2769"},"modified":"2019-01-29T10:40:15","modified_gmt":"2019-01-29T10:40:15","slug":"oversikt-over-alle-oppgavene-med-henvisning-til-padlet-veggene","status":"publish","type":"page","link":"https:\/\/site.nord.no\/studenterssuksess\/oversikt-over-alle-oppgavene-med-henvisning-til-padlet-veggene\/","title":{"rendered":"Oversikt over alle oppgavene med henvisning til Padlet veggene"},"content":{"rendered":"<p><strong><em>Oppgave 1. Status<\/em><\/strong><br \/>\nN\u00e5r slutter studentene i l\u00f8pet av det f\u00f8rste semesteret og det f\u00f8rste studie\u00e5ret?<br \/>\nHvilke resultat oppn\u00e5r studentene i sitt f\u00f8rste semester? Er det A, C eller F studenter som slutter? Er det mange av de nye studenter som sliter med psykiske problem (jfr. SHOT)?<br \/>\n<a href=\"https:\/\/nfye.padlet.org\/Havar\/upci6gsj10v2\">Skriv svarene i Padlet\u00a0<\/a><br \/>\n<em><strong>Oppgave 2:<\/strong><\/em><strong> Det vi m\u00e5 oppn\u00e5<\/strong><strong><br \/>\n<\/strong>Les notatet <a href=\"https:\/\/site.nord.no\/studenterssuksess\/wp-content\/uploads\/sites\/36\/2018\/02\/Hva-%C3%B8nsker-vi-%C3%A5-oppn%C3%A5-med-mottaket.pdf\">Hva \u00f8nsker vi \u00e5 oppn\u00e5 med mottaket? <\/a>\u00a0(2 sider)<br \/>\nHvor har dere styrker og svakheter blant de utfordringene som reises i notatet.<br \/>\nHar dere eventuelt andre utfordringer?<br \/>\n<a href=\"https:\/\/nfye.padlet.org\/Havar\/x4rb2k7gh3m5\">Skriv svarene i Padlet<\/a><br \/>\n<strong><em>Oppgave 3:<\/em><\/strong> Hvilke svakheter ser dere med hvordan dere sosialiserer studentene i dag?<br \/>\nHvilke tiltak vil dere foresl\u00e5 for \u00e5 fjerne disse svakhetene?<br \/>\n<a href=\"https:\/\/nfye.padlet.org\/nfye\/giorw4853hsa\">Skriv svarene i Padlet<\/a><br \/>\n<em><strong>Oppgave 4:<\/strong><\/em> Ser dere mangler i den informasjonen som dere gir i dag, eller at den blir gitt feil sted eller i feil form?<br \/>\nHvilke endringer b\u00f8r dere gj\u00f8re med informasjonen.<br \/>\n<a href=\"https:\/\/nfye.padlet.org\/nfye\/vm1kbfy1b01\">Skriv svarene i Padlet<\/a><br \/>\n<strong><em>Oppgave 5:<\/em><\/strong> Hvordan knytter dere opp faget i mottaket? Er det endringer dere ser det er n\u00f8dvendig \u00e5 gj\u00f8re?<br \/>\n<a href=\"https:\/\/nfye.padlet.org\/nfye\/2s9f4hoeazl8\">Skriv svarene i Padlet<\/a><br \/>\n<strong>Oppgave 6: Informasjon i forkant<\/strong><br \/>\nMed utgangspunkt i de tiltakene dere planlegger \u00e5 gjennomf\u00f8re mottaket. Hvordan og n\u00e5r m\u00e5 dere informere de nye studentene slik at de kan f\u00e5 det beste ut av tiltakene i semesterstarten?<br \/>\n<a href=\"https:\/\/nfye.padlet.org\/nfye\/4vilvoufnbi5\">Skriv svar i Padlet<\/a><br \/>\n<strong>Oppgave 7: Koordinering i forkant<\/strong><br \/>\nMed utgangspunkt i de tiltakene dere planlegger \u00e5 gjennomf\u00f8re mottaket. Hvem m\u00e5 rekrutteres til \u00e5 v\u00e6re med og hvordan m\u00e5 disse kurses? Hvilken infrastruktur er dere avhengig av og hvordan vil dere sikre at den er tilgjengelig og fungerer? M\u00e5 dere vite noe om den enkelte student f\u00f8r mottaket og hvordan vil dere f\u00e5 fatt i denne informasjonen. Er det andre forhold dere m\u00e5 ha lagt til rette f\u00f8r studentene kommer?<br \/>\n<a href=\"https:\/\/nfye.padlet.org\/nfye\/a5cdus6nlsbd\">Skriv svar i Padlet<\/a><br \/>\n<strong>Oppgave 8: F\u00e5 organisasjonen med<\/strong><br \/>\nMed utgangspunkt i de tiltakene dere planlegger \u00e5 gjennomf\u00f8re mottaket. Hvem trekkes med i planleggingen og hvem m\u00e5 informeres om det som skal skje? Hvordan vil dere informere disse?<br \/>\n<a href=\"https:\/\/nfye.padlet.org\/nfye\/shxgcobwrx0i\">Skriv svar i Padlet<\/a><br \/>\n<strong>Oppgave 9. Hvilke planer har dere for mottaket h\u00f8sten 2019?<\/strong><br \/>\nLegg spesielt vekt p\u00e5 de endringene dere legger opp til for \u00e5 m\u00f8te utfordringene dere har.<br \/>\n<u><a href=\"https:\/\/nfye.padlet.org\/nfye\/yy0y45zmny5y\">Skriv svar i Padlet<\/a><\/u> M\u00e5 v\u00e6re lagt i Padlet f\u00f8r 6.mars for \u00e5 bli fulgt opp p\u00e5 nettm\u00f8tet 7.mars<br \/>\n&nbsp;<\/p>\n","protected":false},"excerpt":{"rendered":"<p>Oppgave 1. Status N\u00e5r slutter studentene i l\u00f8pet av det f\u00f8rste semesteret og det f\u00f8rste studie\u00e5ret? Hvilke resultat oppn\u00e5r studentene i sitt f\u00f8rste semester? Er det A, C eller F [&hellip;]<\/p>\n","protected":false},"author":82,"featured_media":0,"parent":0,"menu_order":0,"comment_status":"closed","ping_status":"closed","template":"","meta":{"footnotes":""},"coauthors":[],"class_list":["post-2769","page","type-page","status-publish","hentry"],"_links":{"self":[{"href":"https:\/\/site.nord.no\/studenterssuksess\/wp-json\/wp\/v2\/pages\/2769","targetHints":{"allow":["GET"]}}],"collection":[{"href":"https:\/\/site.nord.no\/studenterssuksess\/wp-json\/wp\/v2\/pages"}],"about":[{"href":"https:\/\/site.nord.no\/studenterssuksess\/wp-json\/wp\/v2\/types\/page"}],"author":[{"embeddable":true,"href":"https:\/\/site.nord.no\/studenterssuksess\/wp-json\/wp\/v2\/users\/82"}],"replies":[{"embeddable":true,"href":"https:\/\/site.nord.no\/studenterssuksess\/wp-json\/wp\/v2\/comments?post=2769"}],"version-history":[{"count":0,"href":"https:\/\/site.nord.no\/studenterssuksess\/wp-json\/wp\/v2\/pages\/2769\/revisions"}],"wp:attachment":[{"href":"https:\/\/site.nord.no\/studenterssuksess\/wp-json\/wp\/v2\/media?parent=2769"}],"wp:term":[{"taxonomy":"author","embeddable":true,"href":"https:\/\/site.nord.no\/studenterssuksess\/wp-json\/wp\/v2\/coauthors?post=2769"}],"curies":[{"name":"wp","href":"https:\/\/api.w.org\/{rel}","templated":true}]}}