{"id":277,"date":"2021-12-02T12:26:17","date_gmt":"2021-12-02T11:26:17","guid":{"rendered":"https:\/\/blogg.nord.no\/studenterssuksess\/?page_id=277"},"modified":"2023-10-11T13:52:46","modified_gmt":"2023-10-11T11:52:46","slug":"organisering-og-drift","status":"publish","type":"page","link":"https:\/\/site.nord.no\/studenterssuksess\/organisering-og-drift\/","title":{"rendered":"Organisering og drift"},"content":{"rendered":"<p>Nettverket er satt til \u00e5 rullere mellom medeiende organisasjoner hvert 2. \u00e5r. Nettverket er i det daglige drevet av et sekretariat som rapporterer til og f\u00e5r sine prioriteringer fra styringsgruppen.<\/p>\n","protected":false},"excerpt":{"rendered":"<p>Nettverket er satt til \u00e5 rullere mellom medeiende organisasjoner hvert 2. \u00e5r. Nettverket er i det daglige drevet av et sekretariat som rapporterer til og f\u00e5r sine prioriteringer fra styringsgruppen.<\/p>\n","protected":false},"author":73,"featured_media":0,"parent":0,"menu_order":0,"comment_status":"closed","ping_status":"closed","template":"","meta":{"footnotes":""},"coauthors":[8],"class_list":["post-277","page","type-page","status-publish","hentry"],"_links":{"self":[{"href":"https:\/\/site.nord.no\/studenterssuksess\/wp-json\/wp\/v2\/pages\/277","targetHints":{"allow":["GET"]}}],"collection":[{"href":"https:\/\/site.nord.no\/studenterssuksess\/wp-json\/wp\/v2\/pages"}],"about":[{"href":"https:\/\/site.nord.no\/studenterssuksess\/wp-json\/wp\/v2\/types\/page"}],"author":[{"embeddable":true,"href":"https:\/\/site.nord.no\/studenterssuksess\/wp-json\/wp\/v2\/users\/73"}],"replies":[{"embeddable":true,"href":"https:\/\/site.nord.no\/studenterssuksess\/wp-json\/wp\/v2\/comments?post=277"}],"version-history":[{"count":3,"href":"https:\/\/site.nord.no\/studenterssuksess\/wp-json\/wp\/v2\/pages\/277\/revisions"}],"predecessor-version":[{"id":8172,"href":"https:\/\/site.nord.no\/studenterssuksess\/wp-json\/wp\/v2\/pages\/277\/revisions\/8172"}],"wp:attachment":[{"href":"https:\/\/site.nord.no\/studenterssuksess\/wp-json\/wp\/v2\/media?parent=277"}],"wp:term":[{"taxonomy":"author","embeddable":true,"href":"https:\/\/site.nord.no\/studenterssuksess\/wp-json\/wp\/v2\/coauthors?post=277"}],"curies":[{"name":"wp","href":"https:\/\/api.w.org\/{rel}","templated":true}]}}