{"id":282,"date":"2021-12-02T12:27:53","date_gmt":"2021-12-02T11:27:53","guid":{"rendered":"https:\/\/blogg.nord.no\/studenterssuksess\/?page_id=282"},"modified":"2025-09-01T10:30:04","modified_gmt":"2025-09-01T08:30:04","slug":"sekretariatet","status":"publish","type":"page","link":"https:\/\/site.nord.no\/studenterssuksess\/sekretariatet\/","title":{"rendered":"Sekretariatet"},"content":{"rendered":"<p>Nettverkets sekretariat er lagt til en vertsinstitusjon og har ansvar for \u00e5 ivareta den daglige driften og sikre kontinuitet i nettverkets virksomhet. Sekretariatet er organisert med egne budsjettrammer og bemannes gjennom delstillinger, der den enkelte medarbeider har hovedstilling ved vertsinstitusjonen, enten en utdanningsinstitusjon eller en studentsamskipnad.<\/p>\n<p>Sekretariatet best\u00e5r i dag av 1,25 \u00e5rsverk, som l\u00f8nnes gjennom nettverkets budsjett. Det avsettes l\u00f8nnsmidler for \u00e5 sikre at vertsinstitusjonen kan fristille erfarne fagpersoner til sekretariatet. Samlet skal sekretariatet ha h\u00f8y kompetanse og solid erfaring innen studenters l\u00e6ringsmilj\u00f8 og\/eller studentvelferd, samt god kjennskap til universitet- og h\u00f8yskolesektoren.<\/p>\n<p><strong>Sekretariatets ansvar og oppgaver:<\/strong><\/p>\n<p>Sekretariatet har ansvar for \u00e5 st\u00f8tte styringsgruppen i den daglige driften av nettverket. Dette inneb\u00e6rer blant annet:<\/p>\n<ul>\n<li>\u00c5 ivareta det operative ansvaret for kommunikasjon og markedsf\u00f8ring av nettverket. Dette omfatter oppf\u00f8lging og videreutvikling av nettsider samt bruk av andre relevante kommunikasjons- og markedsf\u00f8ringsplattformer.<\/li>\n<li>\u00c5 koordinere og gjennomf\u00f8re ulike arrangementer og aktiviteter i nettverket, i samarbeid med aktuelle ressurspersoner.<\/li>\n<li>\u00c5 bidra med faglig oppdatert og relevant innhold til nettverket.<\/li>\n<li>\u00c5 fungere som kontaktpunkt og ha ansvar for oppf\u00f8lging av medeiere og deres ressurspersoner i nettverket.<\/li>\n<li>\u00c5 ha ansvar for planlegging og gjennomf\u00f8ring av \u00e5rlige samlinger for ressurspersonene.<\/li>\n<li>\u00c5 rapportere til styringsgruppen og bist\u00e5 denne i \u00e5 ivareta sitt ansvar og sine oppgaver. Som blant annet forberedelser og gjennomf\u00f8ring av m\u00f8ter i styringsgruppen.<\/li>\n<li>\u00c5 bist\u00e5 styringsgruppen med \u00f8konomistyring og sikre en hensiktsmessig drift innenfor nettverkets \u00f8konomiske rammer.<\/li>\n<\/ul>\n<div style=\"background-color: #eee;padding: 25px\">\n<h4><span style=\"color: #000000\">June Borge Doornich\u00a0<\/span><br \/>\n<span style=\"color: #000000\">Sekretariatsleder<\/span><\/h4>\n<p><span style=\"color: #000000\">Ansvar for daglig drift av nettverket og oppf\u00f8lging av \u00f8vrige stillinger. Bidra med innlegg p\u00e5 nettsidene, moderere og svare p\u00e5 sp\u00f8rsm\u00e5l i diskusjonsforum. Initier aktiviteter i tr\u00e5d med de prioriteringene Styringsgruppen legger opp til. S\u00f8ke \u00e5 hente inn midler fra andre bidragsytere og sponsorer. Doornich er i resterende 50% av stillingen f\u00f8rsteamanuensis ved Handelsh\u00f8gskolen Nord\u00a0\u00a0<\/span><\/p>\n<\/div>\n<div style=\"background-color: #eee;padding: 25px\">\n<h4><span style=\"color: #000000\">Karoline Amundsen Wik<\/span><br \/>\n<span style=\"color: #000000\">Administrativt ansvarlig<\/span><\/h4>\n<p><span style=\"color: #000000\">Sekret\u00e6r for styringsgruppen og ansvarlig for \u00e5 utforme saksforelegg til m\u00f8tene i Styringsgruppen. Bidra under planlegging og gjennomf\u00f8ring av arbeidsseminar, nettsamlinger og konferanser. Administrering av medlemssystemet og oppf\u00f8lging studentmedarbeidere. Wik er i sine resterende 25% ansatt i studiedirekt\u00f8rens stab ved Nord universitet.<\/span><\/p>\n<\/div>\n","protected":false},"excerpt":{"rendered":"<p>Nettverkets sekretariat er lagt til en vertsinstitusjon og har ansvar for \u00e5 ivareta den daglige driften og sikre kontinuitet i nettverkets virksomhet. Sekretariatet er organisert med egne budsjettrammer og bemannes [&hellip;]<\/p>\n","protected":false},"author":73,"featured_media":0,"parent":0,"menu_order":0,"comment_status":"closed","ping_status":"closed","template":"","meta":{"footnotes":""},"coauthors":[8],"class_list":["post-282","page","type-page","status-publish","hentry"],"_links":{"self":[{"href":"https:\/\/site.nord.no\/studenterssuksess\/wp-json\/wp\/v2\/pages\/282","targetHints":{"allow":["GET"]}}],"collection":[{"href":"https:\/\/site.nord.no\/studenterssuksess\/wp-json\/wp\/v2\/pages"}],"about":[{"href":"https:\/\/site.nord.no\/studenterssuksess\/wp-json\/wp\/v2\/types\/page"}],"author":[{"embeddable":true,"href":"https:\/\/site.nord.no\/studenterssuksess\/wp-json\/wp\/v2\/users\/73"}],"replies":[{"embeddable":true,"href":"https:\/\/site.nord.no\/studenterssuksess\/wp-json\/wp\/v2\/comments?post=282"}],"version-history":[{"count":13,"href":"https:\/\/site.nord.no\/studenterssuksess\/wp-json\/wp\/v2\/pages\/282\/revisions"}],"predecessor-version":[{"id":9493,"href":"https:\/\/site.nord.no\/studenterssuksess\/wp-json\/wp\/v2\/pages\/282\/revisions\/9493"}],"wp:attachment":[{"href":"https:\/\/site.nord.no\/studenterssuksess\/wp-json\/wp\/v2\/media?parent=282"}],"wp:term":[{"taxonomy":"author","embeddable":true,"href":"https:\/\/site.nord.no\/studenterssuksess\/wp-json\/wp\/v2\/coauthors?post=282"}],"curies":[{"name":"wp","href":"https:\/\/api.w.org\/{rel}","templated":true}]}}