{"id":286,"date":"2021-12-02T12:34:12","date_gmt":"2021-12-02T11:34:12","guid":{"rendered":"https:\/\/blogg.nord.no\/studenterssuksess\/?page_id=286"},"modified":"2025-01-20T10:50:35","modified_gmt":"2025-01-20T09:50:35","slug":"eiere-av-nettverket","status":"publish","type":"page","link":"https:\/\/site.nord.no\/studenterssuksess\/eiere-av-nettverket\/","title":{"rendered":"Eiere av nettverket"},"content":{"rendered":"\n<p>I 2025 har nettverket 23 medeiere som bidrar til \u00e5 sikre kompetansedeling og samarbeid for studenters suksess i h\u00f8yere utdanning. <\/p>\n\n\n\n<figure class=\"wp-block-image size-full\"><img fetchpriority=\"high\" decoding=\"async\" width=\"1101\" height=\"518\" src=\"https:\/\/site.nord.no\/studenterssuksess\/wp-content\/uploads\/sites\/36\/2025\/01\/Skjermbilde-2025-01-20-104639.png\" alt=\"\" class=\"wp-image-9170\" \/><\/figure>\n\n\n<p><strong>Universitet\/h\u00f8gskole:<\/strong><\/p>\n<p><a href=\"https:\/\/www.bi.no\/\">Handelsh\u00f8yskolen BI<\/a><\/p>\n<p><a href=\"https:\/\/www.inn.no\/\">Universitetet i Innlandet<\/a><\/p>\n<p><a href=\"https:\/\/www.himolde.no\/\">H\u00f8gskolen i Molde <\/a><\/p>\n<p><a href=\"https:\/\/www.hvl.no\/\">H\u00f8gskulen p\u00e5 Vestlandet <\/a><\/p>\n<p><a href=\"https:\/\/www.nord.no\/no\">Nord universitet<\/a><\/p>\n<p><a href=\"https:\/\/www.nmbu.no\/\">Norges Milj\u00f8- og biovitenskapelige universitet<\/a><\/p>\n<p><a href=\"https:\/\/www.ntnu.no\/\">Norges teknisk-naturvitenskapelige universitet <\/a><\/p>\n<p><a href=\"https:\/\/www.uia.no\/\">Universitetet i Agder<\/a><\/p>\n<p><a href=\"https:\/\/uit.no\/startsida\">UiT Norges arktiske universitet<\/a><\/p>\n<p><a href=\"https:\/\/www.usn.no\/\">Universitetet i S\u00f8r\u00f8st-Norge<\/a><\/p>\n<p><a href=\"https:\/\/www.hiof.no\/\">H\u00f8gskolen i \u00d8stfold<\/a><\/p>\n<p><a href=\"https:\/\/www.vid.no\/\">VID vitenskapelige h\u00f8gskole<\/a><\/p>\n\n\n\n\n\n<p><strong>Samskipnader:<\/strong><\/p>\n<p><a href=\"https:\/\/samskipnaden.no\/\">Norge arktiske studentsamskipnad<\/a><\/p>\n<p><a href=\"https:\/\/www.studentinord.no\/nyheter\">Studentinord<\/a><\/p>\n<p><a href=\"https:\/\/www.sio.no\/\">Studentsamskipnaden SiO<\/a><\/p>\n<p><a href=\"https:\/\/www.sit.no\/\">Samskipnaden i Gj\u00f8vik, \u00c5lesund og Trondheim<\/a><\/p>\n<p><a href=\"https:\/\/www.simolde.no\/\">Studentsamskipnaden i Molde<\/a><\/p>\n<p><a href=\"https:\/\/www.sammen.no\/no\">Studentsamskipnaden p\u00e5 Vestlandet<\/a><\/p>\n<p><a href=\"https:\/\/www.sivolda.no\/?lang=no_NO\">Studentsamskipnaden i Volda<\/a><\/p>\n<p><a href=\"https:\/\/www.sinn.no\/\">Sinn &#8211; Studentsamskipnaden i Innlandet<\/a><\/p>\n<p><a href=\"https:\/\/sia.no\/\">SiA &#8211; Studentsamskipnaden i Agder<\/a><\/p>\n<p><a href=\"https:\/\/www.siost.hiof.no\/\">Studentsamskipnaden i \u00d8stfold<\/a><\/p>\n<p><a href=\"https:\/\/www.sias.no\/\">Studentsamskipnaden i \u00c5s <\/a><\/p>","protected":false},"excerpt":{"rendered":"<p>I 2025 har nettverket 23 medeiere som bidrar til \u00e5 sikre kompetansedeling og samarbeid for studenters suksess i h\u00f8yere utdanning. Universitet\/h\u00f8gskole: Handelsh\u00f8yskolen BI Universitetet i Innlandet H\u00f8gskolen i Molde H\u00f8gskulen [&hellip;]<\/p>\n","protected":false},"author":73,"featured_media":0,"parent":0,"menu_order":0,"comment_status":"closed","ping_status":"closed","template":"","meta":{"footnotes":""},"coauthors":[8],"class_list":["post-286","page","type-page","status-publish","hentry"],"_links":{"self":[{"href":"https:\/\/site.nord.no\/studenterssuksess\/wp-json\/wp\/v2\/pages\/286","targetHints":{"allow":["GET"]}}],"collection":[{"href":"https:\/\/site.nord.no\/studenterssuksess\/wp-json\/wp\/v2\/pages"}],"about":[{"href":"https:\/\/site.nord.no\/studenterssuksess\/wp-json\/wp\/v2\/types\/page"}],"author":[{"embeddable":true,"href":"https:\/\/site.nord.no\/studenterssuksess\/wp-json\/wp\/v2\/users\/73"}],"replies":[{"embeddable":true,"href":"https:\/\/site.nord.no\/studenterssuksess\/wp-json\/wp\/v2\/comments?post=286"}],"version-history":[{"count":24,"href":"https:\/\/site.nord.no\/studenterssuksess\/wp-json\/wp\/v2\/pages\/286\/revisions"}],"predecessor-version":[{"id":9173,"href":"https:\/\/site.nord.no\/studenterssuksess\/wp-json\/wp\/v2\/pages\/286\/revisions\/9173"}],"wp:attachment":[{"href":"https:\/\/site.nord.no\/studenterssuksess\/wp-json\/wp\/v2\/media?parent=286"}],"wp:term":[{"taxonomy":"author","embeddable":true,"href":"https:\/\/site.nord.no\/studenterssuksess\/wp-json\/wp\/v2\/coauthors?post=286"}],"curies":[{"name":"wp","href":"https:\/\/api.w.org\/{rel}","templated":true}]}}