{"id":2860,"date":"2019-07-30T11:39:48","date_gmt":"2019-07-30T09:39:48","guid":{"rendered":"http:\/\/nfye.w.uib.no\/?page_id=2860"},"modified":"2022-01-19T13:29:06","modified_gmt":"2022-01-19T12:29:06","slug":"mottak-og-forstesemester","status":"publish","type":"page","link":"https:\/\/site.nord.no\/studenterssuksess\/mottak-og-forstesemester\/","title":{"rendered":"Mottak og f\u00f8rstesemester"},"content":{"rendered":"<figure id=\"attachment_2674\" aria-describedby=\"caption-attachment-2674\" style=\"width: 780px\" class=\"wp-caption aligncenter\"><img fetchpriority=\"high\" decoding=\"async\" class=\"wp-image-2674 size-large\" src=\"https:\/\/site.nord.no\/studenterssuksess\/wp-content\/uploads\/sites\/36\/2018\/12\/4-Stud-aud1-e1545142932840-1024x596.jpg\" alt=\"\" width=\"780\" height=\"454\" \/><figcaption id=\"caption-attachment-2674\" class=\"wp-caption-text\">Foto: Magnus Vab\u00f8<\/figcaption><\/figure>\n<h5><strong>Arbeidsseminar 14. &#8211; 15. mars 2019 p\u00e5 <a href=\"https:\/\/www.scandichotels.no\/hotell\/norge\/trondheim\/scandic-nidelven\">Scandic Nidelven hotell<\/a> i Trondheim<\/strong><\/h5>\n<p>P\u00e5meldingsfristen gikk ut 10. februar og nesten 100 \u00f8nsket \u00e5 delta. Selv om vi greide \u00e5 \u00f8ke kapasiteten til 60 m\u00e5tte vi dessverre gi n\u00e6rmere 40 beskjed om at det ikke blir plass.<br \/>\nDette arbeidsseminaret er en videref\u00f8ring av to seminar vi har arrangert tidligere med samme tema: i <a href=\"https:\/\/site.nord.no\/studenterssuksess\/arbeidsseminar-mottak-og-forstesemester\/\">mars 2017<\/a> og i <a href=\"https:\/\/site.nord.no\/studenterssuksess\/arbeidsseminar-om-mottak-og-forstesemester-7-8-mars\/\">mars 2018<\/a>.\u00a0Det vil ogs\u00e5 v\u00e6re et <a href=\"https:\/\/site.nord.no\/studenterssuksess\/onlinekurs-mottak-av-nye-studenter\/\">nettkurs med tema Mottak<\/a> som starter i januar 2019 og er ferdig f\u00f8r seminaret. Mottak og f\u00f8rstesemester vies s\u00e5 stor oppmerksomhet i prosjektet fordi studiestarten, if\u00f8lge <a href=\"https:\/\/site.nord.no\/studenterssuksess\/deltagelse-i-prosjektet\/litteratur-og-nettsteder\/\">forskning p\u00e5 frafall og gjennomf\u00f8ring i h\u00f8yere utdannelse,\u00a0<\/a>er\u00a0sv\u00e6rt avgj\u00f8rende for om studentene blir v\u00e6rende,\u00a0oppn\u00e5r gode resultater og gjennomf\u00f8rer sine studier.<br \/>\n<strong>M\u00e5lgruppen<\/strong> for dette seminaret er alle som jobber med planlegging og\/eller gjennomf\u00f8ring av mottak og f\u00f8rstesemester p\u00e5 universiteter og h\u00f8gskoler, enten du har v\u00e6rt med p\u00e5 et av seminarene med samme tema tidligere eller ikke. Seminaret vil ogs\u00e5 egne seg godt som en avslutning for de som f\u00f8lger <a href=\"https:\/\/site.nord.no\/studenterssuksess\/onlinekurs-mottak-av-nye-studenter\/\">nettkurset om mottak<\/a>.\u00a0Tidligere deltakere p\u00e5 disse seminarene har\u00a0typisk jobbet i studieadministrasjonen, studentsamskipnaden, biblioteket,\u00a0studieledelsen, er studenttillitsvalgt\u00a0eller vitenskapelige ansatte med koordinerende rolle for mottak\/f\u00f8rstesemesterstudier.<br \/>\n<strong>Arbeidsseminar <\/strong>er en arena for kompetansedeling og nettverksbygging. Det er ikke et kurs eller en konferanse, s\u00e5 det sentrale vil v\u00e6re arbeidsgruppene og den mer uformelle praten om utfordringer i \u00e5 bidra til studentenes suksess. Det vil bli en blanding av foredrag, arbeid i grupper p\u00e5 6-10 personer og presentasjoner i plenum. Antall deltakere p\u00e5 arbeidsseminaret vil v\u00e6re mellom 20 og 40.<br \/>\n<strong>M\u00e5let med seminaret er <\/strong>gode diskusjoner, nettverksbygging og at flest mulig skal ta med seg hjem konkrete id\u00e9er og planer for det videre arbeidet med mottaket og f\u00f8rstesemesteret. Vi skal dele alle typer erfaringer, f\u00e5 id\u00e9er og avklaringer, og ikke minst bli kjent med dyktige kolleger vi kan sp\u00f8rre i etterkant.<br \/>\n<strong>Forkurs &#8211; Introduksjon til Stigemodellen<\/strong>: F\u00f8r selve seminaret\u00a0starter tilbyr vi en innf\u00f8ring i Stigemodellen for de av deltagerne som ikke har h\u00f8rt om den. Dette er et kurs som viser en m\u00e5te \u00e5 strukturere de faktorene som p\u00e5virker studentenes resultater i h\u00f8yere utdanning og gir et godt grunnlag for resten av seminaret. <a href=\"https:\/\/site.nord.no\/studenterssuksess\/oppgaver\/\">Se mer om stigemodellen her, ogs\u00e5 med en PDF av presentasjonen.<\/a><br \/>\n&nbsp;<\/p>\n<p style=\"text-align: left\"><strong>PROGRAMMET<\/strong><\/p>\n<p style=\"text-align: left\"><em>Tentativt innhold, vi arbeider fortsatt med\u00a0innleggene som blir lagt ut straks de er klar<strong>.<\/strong><\/em><\/p>\n<p><strong>Del 1: Mottaket og de f\u00f8rste ukene av semesteret<\/strong><br \/>\nFor de fleste er det en stor overgang fra skole til h\u00f8yere utdanning. Hva som skjer i oppstarten og f\u00f8rste semester er avgj\u00f8rende for\u00a0om studentene blir v\u00e6rende og gjennomf\u00f8rer studiet.<br \/>\nStikkord:<\/p>\n<ul>\n<li>Sosial integrasjon<\/li>\n<li>Faglig tilh\u00f8righet<\/li>\n<li>Faglig interessant<\/li>\n<li>L\u00e6ringsmilj\u00f8<\/li>\n<li>Motivasjon<\/li>\n<li>Spesielle tilpasninger<\/li>\n<\/ul>\n<p>Aktuelle\u00a0sp\u00f8rsm\u00e5l til diskusjon i arbeidsgruppene:<\/p>\n<ul>\n<li>N\u00e5r slutter studentene i l\u00f8pet av f\u00f8rste semester\/f\u00f8rste studie\u00e5r?<\/li>\n<li>Er det mange av de nye studentene som sliter med psykiske problemer (jfr SHOT-unders\u00f8kelsen)?<\/li>\n<li>Hvilke utfordringer (faglig\/sosialt) vet du eksisterer for\u00a0studentene i oppstarten?<\/li>\n<li>Er studentene trygge p\u00e5 at de har valgt rett studium?<\/li>\n<li>Hvilke tiltak er satt i gang for \u00e5 m\u00f8te utfordringene? Har disse fungert? Har det dukket opp nye utfordringer?<\/li>\n<li>Hvilke tiltak planlegger dere \u00e5 iverksette? Hvorfor det?<\/li>\n<li>Hvordan arbeider dere for \u00e5 avdekke utfordringer studentene sliter med?<\/li>\n<\/ul>\n<p>Innlegg:<br \/>\n<em>Tittel og\u00a0kort tekst\u00a0vil publiseres\u00a0straks det er klart.<\/em><br \/>\n<strong>Del 2: F\u00f8r mottaket<\/strong><br \/>\nHvordan kan vi best mulig sikre at mottaket fungerer og at studentene i st\u00f8rst mulig grad vet hva de g\u00e5r til?<br \/>\nStikkord:<\/p>\n<ul>\n<li>Forventinger vs realitet<\/li>\n<li>Informasjon (som faktisk n\u00e5r frem og leses)<\/li>\n<li>Forkunnskaper<\/li>\n<li>Koordinering<\/li>\n<\/ul>\n<p>Aktuelle\u00a0sp\u00f8rsm\u00e5l til diskusjon i arbeidsgruppene:<\/p>\n<ul>\n<li>Hvordan er informasjonsflyten f\u00f8r mottaket? Utfordringer? Hva fungerer?<\/li>\n<li>Hvordan kan vi vite\u00a0hvilken\u00a0informasjon som n\u00e5r studentene?<\/li>\n<li>Hvordan planlegger dere for at studentene i st\u00f8rst mulig grad vet hva de g\u00e5r til? Har studentene reelle forventninger?<\/li>\n<li>Hva forventinger har dere\u00a0til studentene?<\/li>\n<li>Hva gj\u00f8r dere for \u00e5 sikre best mulige forkunnskaper blant studentene som m\u00f8ter opp?<\/li>\n<li>Hvilke utfordringer har dere i denne fasen?<\/li>\n<\/ul>\n<p>Innlegg:<br \/>\n<em>Tittel og\u00a0kort tekst\u00a0vil publiseres\u00a0straks det er klart.<\/em><br \/>\n<strong>Del 3: Koordinering mellom ulike deler av organisasjonen og ulike samarbeidspartnere<\/strong><br \/>\nHvordan sikrer man at alle involverte drar i samme retning?<br \/>\nStikkord:<\/p>\n<ul>\n<li>Kommunikasjon<\/li>\n<li>Fellestiltak vs enkelttiltak<\/li>\n<li>Felles m\u00e5l<\/li>\n<li>Ledelse og ansvarsomr\u00e5der<\/li>\n<\/ul>\n<p>Aktuelle\u00a0sp\u00f8rsm\u00e5l til diskusjon i arbeidsgruppene:<\/p>\n<ul>\n<li>Hvem er involverte i koordineringen av semesterstart? Fungerer dette? Burde flere v\u00e6rt involvert?<\/li>\n<li>Hvordan sikrer dere at alle involverte drar i samme retning?<\/li>\n<li>Hva er utfordringene?<\/li>\n<\/ul>\n<p>Innlegg:<br \/>\n<em>Tittel og\u00a0kort tekst\u00a0vil publiseres\u00a0straks det er klart.<\/em><br \/>\n<strong>Del 4. Evaluering av tiltakene<\/strong><br \/>\nGode mottaksordninger utvikles hele tiden, men hvordan kan vi vite hva som virker og hvor godt de virker? Hvordan kan man evaluere tiltakene?<br \/>\nStikkord:<\/p>\n<ul>\n<li>Studentevaluering<\/li>\n<li>Fokusgruppe<\/li>\n<li>Datamateriale<\/li>\n<\/ul>\n<p>Aktuelle\u00a0sp\u00f8rsm\u00e5l til diskusjon i arbeidsgruppene:<\/p>\n<ul>\n<li>Hvordan evaluerer dere tiltakene? Eventuelt hvordan vil\/planlegger dere \u00e5 evaluere tiltak?<\/li>\n<li>Hva sp\u00f8r dere om? Hva er gode sp\u00f8rsm\u00e5l?<\/li>\n<li>Hva er utfordringene?<\/li>\n<li>Hvordan inkorporerer dere tiltakene fra en eventuell evaluering for \u00e5 forbedre tiltakene?<\/li>\n<\/ul>\n<p>Innlegg:<br \/>\n<em>Tittel og\u00a0kort tekst\u00a0vil publiseres\u00a0straks det er klart.<\/em><br \/>\n&nbsp;<br \/>\nLes mer om <a href=\"https:\/\/site.nord.no\/studenterssuksess\/aktuelt\/arets-arrangementkalender\/arbeidsseminar-workshop\/\">arbeidsseminar\/workshops<\/a>.<br \/>\n&nbsp;<br \/>\n<strong>PRAKTISK INFORMASJON<\/strong><br \/>\nKontakt <a href=\"mailto:nfye@uib.no\">nfye@uib.no<\/a> s\u00e5 raskt som mulig dersom du m\u00e5 avbestille, slik at vi kan f\u00e5 inn ny deltager fra ventelisten.<br \/>\n<strong>Dato<\/strong><br \/>\n14.-15. mars 2019<br \/>\n<strong>Sted<\/strong><br \/>\n<a href=\"https:\/\/www.scandichotels.no\/hotell\/norge\/trondheim\/scandic-nidelven\">Scandic Nidelven hotell<\/a> i Trondheim,\u00a0ca 35 minutter med bil fra Trondheim lufthavn V\u00e6rnes.<br \/>\n<strong>Kostnad<\/strong><br \/>\nDeltakeravgift: selve seminaret, inkludert lunsj begge dager og annen pausemat,\u00a0er gratis\u00a0for ansatte\/studenter ved <a href=\"https:\/\/site.nord.no\/studenterssuksess\/hvem-star-bak-prosjektet\/\">eiende organisasjoner<\/a>. Ansatte\/studenter ved andre organisasjoner betaler 2500,- (i tillegg til 1925,-).<br \/>\nKostnader til hotellet: prisen p\u00e5\u00a01925,- inkluderer overnatting med frokost 14.-15. mars og 3-retters middag om kvelden 14. mars. Dette betales til hotellet ved avreise.<br \/>\nDet er mulig \u00e5 bestille en ekstra overnatting 13.-14. mars. Denne koster 1430,- og inkluderer frokost.<br \/>\n<strong>Generell tidsplan for seminaret<\/strong><br \/>\nDag 1:<br \/>\n\u2013 Kl. 08.30-10.00: Innf\u00f8ring i stigemodellen (frivillig)<br \/>\n\u2013 Kl. 10.15-17.00: Seminar med innlagt lunsj og mindre pauser<br \/>\n\u2013 Kl. 19.00: Felles middag<br \/>\nDag 2:<br \/>\n\u2013 Kl. 09.00-14.00: Seminar med innlagt lunsj og mindre pauser<br \/>\n<strong>Sp\u00f8rsm\u00e5l?<br \/>\n<\/strong> Kontaktpersoner for seminaret er <a href=\"https:\/\/www.studentinord.no\/ansatte\">\u00d8ystein Str\u00f8msnes<\/a> og <a href=\"https:\/\/www.uib.no\/personer\/Kristine.Lysnes\">Kristine Lysnes<\/a><br \/>\n&nbsp;<br \/>\n&nbsp;<br \/>\n&nbsp;<br \/>\n&nbsp;<br \/>\n&nbsp;<\/p>\n","protected":false},"excerpt":{"rendered":"<p>Arbeidsseminar 14. &#8211; 15. mars 2019 p\u00e5 Scandic Nidelven hotell i Trondheim P\u00e5meldingsfristen gikk ut 10. februar og nesten 100 \u00f8nsket \u00e5 delta. Selv om vi greide \u00e5 \u00f8ke kapasiteten [&hellip;]<\/p>\n","protected":false},"author":87,"featured_media":0,"parent":0,"menu_order":0,"comment_status":"closed","ping_status":"closed","template":"","meta":{"footnotes":""},"coauthors":[53],"class_list":["post-2860","page","type-page","status-publish","hentry"],"_links":{"self":[{"href":"https:\/\/site.nord.no\/studenterssuksess\/wp-json\/wp\/v2\/pages\/2860","targetHints":{"allow":["GET"]}}],"collection":[{"href":"https:\/\/site.nord.no\/studenterssuksess\/wp-json\/wp\/v2\/pages"}],"about":[{"href":"https:\/\/site.nord.no\/studenterssuksess\/wp-json\/wp\/v2\/types\/page"}],"author":[{"embeddable":true,"href":"https:\/\/site.nord.no\/studenterssuksess\/wp-json\/wp\/v2\/users\/87"}],"replies":[{"embeddable":true,"href":"https:\/\/site.nord.no\/studenterssuksess\/wp-json\/wp\/v2\/comments?post=2860"}],"version-history":[{"count":1,"href":"https:\/\/site.nord.no\/studenterssuksess\/wp-json\/wp\/v2\/pages\/2860\/revisions"}],"predecessor-version":[{"id":7084,"href":"https:\/\/site.nord.no\/studenterssuksess\/wp-json\/wp\/v2\/pages\/2860\/revisions\/7084"}],"wp:attachment":[{"href":"https:\/\/site.nord.no\/studenterssuksess\/wp-json\/wp\/v2\/media?parent=2860"}],"wp:term":[{"taxonomy":"author","embeddable":true,"href":"https:\/\/site.nord.no\/studenterssuksess\/wp-json\/wp\/v2\/coauthors?post=2860"}],"curies":[{"name":"wp","href":"https:\/\/api.w.org\/{rel}","templated":true}]}}