{"id":3086,"date":"2019-07-30T09:37:17","date_gmt":"2019-07-30T09:37:17","guid":{"rendered":"http:\/\/nfye.w.uib.no\/?page_id=3086"},"modified":"2019-07-30T09:37:17","modified_gmt":"2019-07-30T09:37:17","slug":"kontaktpersoner","status":"publish","type":"page","link":"https:\/\/site.nord.no\/studenterssuksess\/kontaktpersoner\/","title":{"rendered":"Ressurspersoner"},"content":{"rendered":"<p style=\"text-align: left\">Nettverket har\u00a0 \u00e9n ressursperson knyttet til\u00a0 hver av v\u00e5re 18 medlemsinstitusjoner. Vedkommende har bl.a. ansvar for \u00e5 v\u00e6re organisasjonens kontakt overfor nettverket og spille inn kompetansebehov det er behov for \u00e5 gi tilbud p\u00e5.<\/p>\n<p style=\"text-align: left\">Sittende ressurspersoner er:<\/p>\n<table>\n<tbody>\n<tr>\n<td width=\"181\">\n<h3><strong>L\u00e6rested<\/strong><\/h3>\n<\/td>\n<td width=\"167\"><\/td>\n<td width=\"256\"><\/td>\n<\/tr>\n<tr>\n<td width=\"181\"><a href=\"https:\/\/www.oslomet.no\/\" target=\"_blank\" rel=\"noopener\">OsloMet \u2013 storbyuniversitetet<\/a><\/td>\n<td width=\"167\">Beate Dessingthon<\/td>\n<td width=\"256\"><a href=\"mailto:beate.dessingthon@oslomet.no\">beate.dessingthon@oslomet.no<\/a><\/td>\n<\/tr>\n<tr>\n<td width=\"181\"><a href=\"https:\/\/www.nmbu.no\/\" target=\"_blank\" rel=\"noopener\">Norges milj\u00f8- og biovitenskapelige universitet<\/a><\/td>\n<td width=\"167\">Benedikte Merete Markussen<\/td>\n<td width=\"256\"><a href=\"mailto:benedikte_merete.markussen@nmbu.no\">benedikte_merete.markussen@nmbu.no<\/a><\/td>\n<\/tr>\n<tr>\n<td width=\"181\"><a href=\"https:\/\/www.inn.no\/\" target=\"_blank\" rel=\"noopener\">H\u00f8gskolen i Innlandet<\/a><\/td>\n<td width=\"167\">Iben Kardel<\/td>\n<td width=\"256\"><a href=\"mailto:Iben.Kardel@inn.no\">Iben.Kardel@inn.no<\/a><\/td>\n<\/tr>\n<tr>\n<td width=\"181\"><a href=\"https:\/\/www.nord.no\/en\" target=\"_blank\" rel=\"noopener\">Nord Universitet<\/a><\/td>\n<td width=\"167\">Karoline A. Wik<\/td>\n<td width=\"256\"><a href=\"mailto:karoline.a.wik@nord.no\">karoline.a.wik@nord.no<\/a><\/td>\n<\/tr>\n<tr>\n<td width=\"181\"><a href=\"https:\/\/www.himolde.no\/\" target=\"_blank\" rel=\"noopener\">H\u00f8gskolen i Molde<\/a><\/td>\n<td width=\"167\">Lena H\u00e5re<\/td>\n<td width=\"256\"><a href=\"mailto:lena.hare@himolde.no\">lena.hare@himolde.no<\/a><\/td>\n<\/tr>\n<tr>\n<td width=\"181\"><a href=\"https:\/\/www.uib.no\/\" target=\"_blank\" rel=\"noopener\">Universitetet i Bergen<\/a><\/td>\n<td width=\"167\">Mia Torgersen Milde<\/td>\n<td width=\"256\"><a href=\"mailto:Mia.Milde@uib.no\">Mia.Milde@uib.no<\/a><\/td>\n<\/tr>\n<tr>\n<td width=\"181\"><a href=\"https:\/\/www.ntnu.no\/\" target=\"_blank\" rel=\"noopener\">Norges teknisk-naturvitenskapelige universitet<\/a><\/td>\n<td width=\"167\">Nora-Marie Bratteb\u00f8<\/td>\n<td width=\"256\"><a href=\"mailto:nora-marie.brattebo@ntnu.no\">nora-marie.brattebo@ntnu.no<\/a><\/td>\n<\/tr>\n<tr>\n<td width=\"181\"><a href=\"https:\/\/uit.no\/startsida\" target=\"_blank\" rel=\"noopener\">Universitetet i\u00a0 Troms\u00f8 \u2013 Norges arktiske universitet<\/a><\/td>\n<td width=\"167\">Oda Bj\u00f8rnsdatter<\/td>\n<td width=\"256\"><a href=\"mailto:oda.bjornsdatter@uit.no\">oda.bjornsdatter@uit.no<\/a><\/td>\n<\/tr>\n<tr>\n<td width=\"181\"><a href=\"https:\/\/www.uia.no\/\" target=\"_blank\" rel=\"noopener\">Universitetet i Agder<\/a><\/td>\n<td width=\"167\">Hanne Andersen-Steinsland<\/td>\n<td width=\"256\"><a href=\"mailto:hanne.andersen-steinsland@uia.no\">hanne.andersen-steinsland@uia.no<\/a><\/td>\n<\/tr>\n<tr>\n<td width=\"181\"><a href=\"https:\/\/hvl.no\/\" target=\"_blank\" rel=\"noopener\">H\u00f8yskolen p\u00e5 Vestlandet<\/a><\/td>\n<td width=\"167\">\u00d8ystein Backelin<\/td>\n<td width=\"256\"><a href=\"mailto:oystein.backelin@hvl.no\">oystein.backelin@hvl.no<\/a><\/td>\n<\/tr>\n<tr>\n<td width=\"181\"><a href=\"https:\/\/www.bi.no\/\" target=\"_blank\" rel=\"noopener\">Handelsh\u00f8yskolen BI<\/a><\/td>\n<td width=\"167\">Ragnhild Wiik<\/td>\n<td width=\"256\"><a href=\"mailto:ragnhild.wiik@bi.no\">ragnhild.wiik@bi.no<\/a><\/td>\n<\/tr>\n<tr>\n<td width=\"181\">\n<h3>Samskipnad<\/h3>\n<\/td>\n<td width=\"167\"><\/td>\n<td width=\"256\"><\/td>\n<\/tr>\n<tr>\n<td width=\"181\"><a href=\"https:\/\/www.sinn.no\/\" target=\"_blank\" rel=\"noopener\">Studentsamskipnaden i Innlandet<\/a><\/td>\n<td width=\"167\">Cesilie Robertsen<\/td>\n<td width=\"256\"><a href=\"mailto:cesilie.robertsen@sinn.no\">cesilie.robertsen@sinn.no<\/a><\/td>\n<\/tr>\n<tr>\n<td width=\"181\"><a href=\"https:\/\/www.sivolda.no\/?lang=no_NO\" target=\"_blank\" rel=\"noopener\">Studentsamskipnaden i Volda<\/a><\/td>\n<td width=\"167\">Eli Anne L\u00f8ksa<\/td>\n<td width=\"256\"><a href=\"mailto:loksae@hivolda.no\">loksae@hivolda.no<\/a><\/td>\n<\/tr>\n<tr>\n<td width=\"181\"><a href=\"https:\/\/www.simolde.no\/\" target=\"_blank\" rel=\"noopener\">Studentsamkipnaden i Molde<\/a><\/td>\n<td width=\"167\">Eva-Merete Otterlei B\u00f8rstad<\/td>\n<td width=\"256\"><a href=\"mailto:eva-merete@simolde.no\">eva-merete@simolde.no<\/a><\/td>\n<\/tr>\n<tr>\n<td width=\"181\"><a href=\"https:\/\/www.sit.no\/\" target=\"_blank\" rel=\"noopener\">SiT \u2013 Studentsamskipnaden i Gj\u00f8vik, \u00c5lesund og Trondheim<\/a><\/td>\n<td width=\"167\">Kristian Kjesbu Dr\u00f8sshaug<\/td>\n<td width=\"256\"><a href=\"mailto:Kristian.Drosshaug@sit.no\">Kristian.Drosshaug@sit.no<\/a><\/td>\n<\/tr>\n<tr>\n<td width=\"181\"><a href=\"https:\/\/www.sammen.no\/no\" target=\"_blank\" rel=\"noopener\">Studentsamkipnaden p\u00e5 Vestlandet (SAMMEN)<\/a><\/td>\n<td width=\"167\">Tine \u00d8. Blomfeldt<\/td>\n<td width=\"256\"><a href=\"mailto:Tine.Blomfeldt@sammen.no\">Tine.Blomfeldt@sammen.no<\/a><\/td>\n<\/tr>\n<tr>\n<td width=\"181\"><a href=\"https:\/\/samskipnaden.no\/\" target=\"_blank\" rel=\"noopener\">Norges Arktiske studentsamskipnad<\/a><\/td>\n<td width=\"167\">Line Vr\u00e5berg<\/td>\n<td width=\"256\"><a href=\"mailto:line.vraberg@samskipnaden.no\">line.vraberg@samskipnaden.no<\/a><\/td>\n<\/tr>\n<tr>\n<td width=\"181\"><a href=\"https:\/\/www.studentinord.no\/nyheter\" target=\"_blank\" rel=\"noopener\">Studentinord<\/a><\/td>\n<td width=\"167\">\u00d8ystein Str\u00f8msnes<\/td>\n<td width=\"256\"><a href=\"mailto:Oystein.Stromsnes@studentinord.no\">Oystein.Stromsnes@studentinord.no<\/a><\/td>\n<\/tr>\n<tr>\n<td width=\"181\">\n<h3>Annet<\/h3>\n<\/td>\n<td width=\"167\"><\/td>\n<td width=\"256\"><\/td>\n<\/tr>\n<tr>\n<td width=\"181\"><a href=\"https:\/\/student.no\/\" target=\"_blank\" rel=\"noopener\">Norsk studentorganisasjon<\/a><\/td>\n<td width=\"167\">Julie St\u00f8rholdt Iversen<\/td>\n<td width=\"256\"><a href=\"mailto:Julie@student.no\">Julie@student.no<\/a><\/td>\n<\/tr>\n<\/tbody>\n<\/table>\n","protected":false},"excerpt":{"rendered":"<p>Nettverket har\u00a0 \u00e9n ressursperson knyttet til\u00a0 hver av v\u00e5re 18 medlemsinstitusjoner. Vedkommende har bl.a. ansvar for \u00e5 v\u00e6re organisasjonens kontakt overfor nettverket og spille inn kompetansebehov det er behov for [&hellip;]<\/p>\n","protected":false},"author":88,"featured_media":0,"parent":0,"menu_order":0,"comment_status":"closed","ping_status":"closed","template":"","meta":{"footnotes":""},"coauthors":[],"class_list":["post-3086","page","type-page","status-publish","hentry"],"_links":{"self":[{"href":"https:\/\/site.nord.no\/studenterssuksess\/wp-json\/wp\/v2\/pages\/3086","targetHints":{"allow":["GET"]}}],"collection":[{"href":"https:\/\/site.nord.no\/studenterssuksess\/wp-json\/wp\/v2\/pages"}],"about":[{"href":"https:\/\/site.nord.no\/studenterssuksess\/wp-json\/wp\/v2\/types\/page"}],"author":[{"embeddable":true,"href":"https:\/\/site.nord.no\/studenterssuksess\/wp-json\/wp\/v2\/users\/88"}],"replies":[{"embeddable":true,"href":"https:\/\/site.nord.no\/studenterssuksess\/wp-json\/wp\/v2\/comments?post=3086"}],"version-history":[{"count":0,"href":"https:\/\/site.nord.no\/studenterssuksess\/wp-json\/wp\/v2\/pages\/3086\/revisions"}],"wp:attachment":[{"href":"https:\/\/site.nord.no\/studenterssuksess\/wp-json\/wp\/v2\/media?parent=3086"}],"wp:term":[{"taxonomy":"author","embeddable":true,"href":"https:\/\/site.nord.no\/studenterssuksess\/wp-json\/wp\/v2\/coauthors?post=3086"}],"curies":[{"name":"wp","href":"https:\/\/api.w.org\/{rel}","templated":true}]}}