{"id":348,"date":"2021-12-07T13:19:34","date_gmt":"2021-12-07T12:19:34","guid":{"rendered":"https:\/\/blogg.nord.no\/studenterssuksess\/?page_id=348"},"modified":"2021-12-22T13:18:12","modified_gmt":"2021-12-22T12:18:12","slug":"arrangement-2018","status":"publish","type":"page","link":"https:\/\/site.nord.no\/studenterssuksess\/arrangement-2018\/","title":{"rendered":"Arrangementer 2018"},"content":{"rendered":"<p>I\u00a0<strong>mars<\/strong>\u00a0ble det arrangert et kurs og et seminar med temaet \u00abmottak og f\u00f8rstesemester\u00bb:<\/p>\n<ul>\n<li>5.- 6. mars:\u00a0<strong><a href=\"https:\/\/site.nord.no\/studenterssuksess\/kurs-og-arbeidsstue-om-mottak-og-forstesemester\/\">Kurs om mottak og f\u00f8rstesemester<\/a><\/strong>\u00a0<a href=\"https:\/\/site.nord.no\/studenterssuksess\/kurs-og-arbeidsstue-om-mottak-og-forstesemester\/\">\u00a0<\/a><\/li>\n<li>7.- 8. mars:\u00a0<strong><a href=\"https:\/\/site.nord.no\/studenterssuksess\/arbeidsseminar-om-mottak-og-forstesemester-7-8-mars\/\">Seminar om mottak og f\u00f8rstesemester<\/a><\/strong><\/li>\n<\/ul>\n<p>I\u00a0<strong>juni<\/strong>\u00a0ble det arrangert to seminar:<\/p>\n<ul>\n<li>19.-20. juni:\u00a0<b><a href=\"https:\/\/site.nord.no\/studenterssuksess\/analysestatistikk-tentativt-13-14-juni-3\/\">Hvordan framstille og presentere data for studiegjennomf\u00f8ring i h\u00f8yere utdanning?<\/a>\u00a0<\/b><\/li>\n<li>21.-22. juni:\u00a0<a href=\"https:\/\/site.nord.no\/studenterssuksess\/fa-organisasjonen-med-kulturbygging-og-kompetanseheving\/\"><strong>F\u00e5 organisasjonen med \u2013 kulturbygging og kompetanseheving<\/strong><\/a><\/li>\n<\/ul>\n<p>Prosjektet anbefalte ogs\u00e5 flest mulig \u00e5 delta p\u00e5\u00a0<a href=\"https:\/\/efye2018.nl\/\" target=\"_blank\" rel=\"noopener\"><strong>EFYE i Utrecht 25.-27. juni<\/strong><\/a>.<\/p>\n<p>I\u00a0<strong>oktober<\/strong>\u00a0arrangerer vi et seminar:<\/p>\n<ul>\n<li>3.-4. oktober:\u00a0<strong><a href=\"https:\/\/site.nord.no\/studenterssuksess\/hvordan-tilrettelegge-gode-mentorordninger\/\">Hvordan tilrettelegge gode mentorordninger?<\/a><\/strong><\/li>\n<\/ul>\n<p>I\u00a0<strong>november<\/strong>\u00a0planla vi \u00e5 arrangerer konferansen\u00a0<strong>Studenter som inkluderes lykkes bedre!<\/strong>\u00a0 i T\u00f8nsberg. Ved fristen for \u00e5\u00a0<strong>melde inn innlegg\u00a0 3. september<\/strong>\u00a0var det kommet for f\u00e5 forslag til \u00e5 kunne skape den bredden vi trenger. Mye tyder p\u00e5 at en \u00e5rlig konferanse blir for hyppig. For at konferansen skal bli best mulig er det n\u00f8dvendig med bedre tid til planlegging og vi utsetter den derfor til november\/desember 2019.<\/p>\n<p><strong>Spill gjerne inn!<\/strong><br \/>\nHar dere tema dere \u00f8nsker vi skal fokusere p\u00e5 eller andre innspill til seminarene og \u00e5rskonferansen?\u00a0<a href=\"mailto:nfye@uib.no\">Vi h\u00f8rer gjerne fra dere.<\/a><\/p>\n","protected":false},"excerpt":{"rendered":"<p>I\u00a0mars\u00a0ble det arrangert et kurs og et seminar med temaet \u00abmottak og f\u00f8rstesemester\u00bb: 5.- 6. mars:\u00a0Kurs om mottak og f\u00f8rstesemester\u00a0\u00a0 7.- 8. mars:\u00a0Seminar om mottak og f\u00f8rstesemester I\u00a0juni\u00a0ble det arrangert [&hellip;]<\/p>\n","protected":false},"author":73,"featured_media":0,"parent":0,"menu_order":0,"comment_status":"closed","ping_status":"closed","template":"","meta":{"footnotes":""},"coauthors":[8],"class_list":["post-348","page","type-page","status-publish","hentry"],"_links":{"self":[{"href":"https:\/\/site.nord.no\/studenterssuksess\/wp-json\/wp\/v2\/pages\/348","targetHints":{"allow":["GET"]}}],"collection":[{"href":"https:\/\/site.nord.no\/studenterssuksess\/wp-json\/wp\/v2\/pages"}],"about":[{"href":"https:\/\/site.nord.no\/studenterssuksess\/wp-json\/wp\/v2\/types\/page"}],"author":[{"embeddable":true,"href":"https:\/\/site.nord.no\/studenterssuksess\/wp-json\/wp\/v2\/users\/73"}],"replies":[{"embeddable":true,"href":"https:\/\/site.nord.no\/studenterssuksess\/wp-json\/wp\/v2\/comments?post=348"}],"version-history":[{"count":3,"href":"https:\/\/site.nord.no\/studenterssuksess\/wp-json\/wp\/v2\/pages\/348\/revisions"}],"predecessor-version":[{"id":1135,"href":"https:\/\/site.nord.no\/studenterssuksess\/wp-json\/wp\/v2\/pages\/348\/revisions\/1135"}],"wp:attachment":[{"href":"https:\/\/site.nord.no\/studenterssuksess\/wp-json\/wp\/v2\/media?parent=348"}],"wp:term":[{"taxonomy":"author","embeddable":true,"href":"https:\/\/site.nord.no\/studenterssuksess\/wp-json\/wp\/v2\/coauthors?post=348"}],"curies":[{"name":"wp","href":"https:\/\/api.w.org\/{rel}","templated":true}]}}