{"id":449,"date":"2021-12-09T13:43:12","date_gmt":"2021-12-09T12:43:12","guid":{"rendered":"https:\/\/blogg.nord.no\/studenterssuksess\/?page_id=449"},"modified":"2025-11-18T11:26:44","modified_gmt":"2025-11-18T10:26:44","slug":"om-nettverket","status":"publish","type":"page","link":"https:\/\/site.nord.no\/studenterssuksess\/om-nettverket\/","title":{"rendered":"Om nettverket"},"content":{"rendered":"<p>L\u00c6R-VEL har til form\u00e5l \u00e5 fremme praksisn\u00e6r kompetanse og forskningsbasert innsikt for \u00e5 styrke studenters l\u00e6ringsmilj\u00f8 og velferd, gjennom samarbeid og samskaping med l\u00e6resteder, samskipnader og studentorganisasjoner. Nettverket er etablert i et felleskap av nasjonale l\u00e6resteder og samskipnader, og arbeider p\u00e5 oppdrag fra institusjoner som har valgt eierskap, for \u00e5 styrke samordningen og trepartssamarbeidet i universitets- og h\u00f8yskolesektoren.<\/p>\n<p>Les v\u00e5rt grunnlagsdokument her:\u00a0<\/p>\n\n\n<div data-wp-interactive=\"core\/file\" class=\"wp-block-file\"><object data-wp-bind--hidden=\"!state.hasPdfPreview\" hidden class=\"wp-block-file__embed\" data=\"https:\/\/site.nord.no\/studenterssuksess\/wp-content\/uploads\/sites\/36\/2025\/11\/Grunnlagsdokument-revidert-2025.pdf\" type=\"application\/pdf\" style=\"width:100%;height:600px\" aria-label=\"Innbygging av Grunnlagsdokument - revidert 2025\"><\/object><a id=\"wp-block-file--media-2060a99f-c59a-4b54-8aab-ef8e7c274fd3\" href=\"https:\/\/site.nord.no\/studenterssuksess\/wp-content\/uploads\/sites\/36\/2025\/11\/Grunnlagsdokument-revidert-2025.pdf\">Grunnlagsdokument &#8211; revidert 2025<\/a><a href=\"https:\/\/site.nord.no\/studenterssuksess\/wp-content\/uploads\/sites\/36\/2025\/11\/Grunnlagsdokument-revidert-2025.pdf\" class=\"wp-block-file__button wp-element-button\" download aria-describedby=\"wp-block-file--media-2060a99f-c59a-4b54-8aab-ef8e7c274fd3\">Last ned<\/a><\/div>\n\n\n\n<figure class=\"wp-block-gallery has-nested-images columns-default is-cropped wp-block-gallery-1 is-layout-flex wp-block-gallery-is-layout-flex\">\n<figure class=\"wp-block-image size-full is-style-default\"><img fetchpriority=\"high\" decoding=\"async\" width=\"2420\" height=\"1816\" data-id=\"7597\" src=\"https:\/\/site.nord.no\/studenterssuksess\/wp-content\/uploads\/sites\/36\/2023\/02\/Image-003.jpeg\" alt=\"\" class=\"wp-image-7597\" \/><\/figure>\n\n\n\n<figure class=\"wp-block-image size-full\"><img decoding=\"async\" width=\"4032\" height=\"3024\" data-id=\"7999\" src=\"https:\/\/site.nord.no\/studenterssuksess\/wp-content\/uploads\/sites\/36\/2023\/09\/C.jpeg\" alt=\"\" class=\"wp-image-7999\" \/><\/figure>\n\n\n\n<figure class=\"wp-block-image size-full\"><img decoding=\"async\" width=\"3024\" height=\"4032\" data-id=\"7979\" src=\"https:\/\/site.nord.no\/studenterssuksess\/wp-content\/uploads\/sites\/36\/2023\/07\/4.jpeg\" alt=\"\" class=\"wp-image-7979\" \/><\/figure>\n\n\n\n<figure class=\"wp-block-image size-full\"><img loading=\"lazy\" decoding=\"async\" width=\"4032\" height=\"3024\" data-id=\"7997\" src=\"https:\/\/site.nord.no\/studenterssuksess\/wp-content\/uploads\/sites\/36\/2023\/09\/ImageA.jpeg\" alt=\"\" class=\"wp-image-7997\" \/><\/figure>\n\n\n\n<figure class=\"wp-block-image size-full\"><img loading=\"lazy\" decoding=\"async\" width=\"2420\" height=\"1816\" data-id=\"7248\" src=\"https:\/\/site.nord.no\/studenterssuksess\/wp-content\/uploads\/sites\/36\/2022\/03\/g.jpg\" alt=\"\" class=\"wp-image-7248\" \/><\/figure>\n\n\n\n<figure class=\"wp-block-image size-full\"><img loading=\"lazy\" decoding=\"async\" width=\"4032\" height=\"3024\" data-id=\"7977\" src=\"https:\/\/site.nord.no\/studenterssuksess\/wp-content\/uploads\/sites\/36\/2023\/07\/2.jpeg\" alt=\"\" class=\"wp-image-7977\" \/><\/figure>\n\n\n\n<figure class=\"wp-block-image size-full\"><img loading=\"lazy\" decoding=\"async\" width=\"3024\" height=\"4032\" data-id=\"7978\" src=\"https:\/\/site.nord.no\/studenterssuksess\/wp-content\/uploads\/sites\/36\/2023\/07\/3.jpeg\" alt=\"\" class=\"wp-image-7978\" \/><\/figure>\n\n\n\n<figure class=\"wp-block-image size-full\"><img loading=\"lazy\" decoding=\"async\" width=\"3024\" height=\"4032\" data-id=\"7976\" src=\"https:\/\/site.nord.no\/studenterssuksess\/wp-content\/uploads\/sites\/36\/2023\/09\/1.jpeg\" alt=\"\" class=\"wp-image-7976\" \/><\/figure>\n\n\n\n<figure class=\"wp-block-image size-full\"><img loading=\"lazy\" decoding=\"async\" width=\"2420\" height=\"1816\" data-id=\"7249\" src=\"https:\/\/site.nord.no\/studenterssuksess\/wp-content\/uploads\/sites\/36\/2022\/03\/t.jpg\" alt=\"\" class=\"wp-image-7249\" \/><\/figure>\n<\/figure>\n\n\n\n<p><\/p>\n","protected":false},"excerpt":{"rendered":"<p>L\u00c6R-VEL har til form\u00e5l \u00e5 fremme praksisn\u00e6r kompetanse og forskningsbasert innsikt for \u00e5 styrke studenters l\u00e6ringsmilj\u00f8 og velferd, gjennom samarbeid og samskaping med l\u00e6resteder, samskipnader og studentorganisasjoner. Nettverket er etablert [&hellip;]<\/p>\n","protected":false},"author":75,"featured_media":0,"parent":0,"menu_order":0,"comment_status":"closed","ping_status":"closed","template":"","meta":{"footnotes":""},"coauthors":[3],"class_list":["post-449","page","type-page","status-publish","hentry"],"_links":{"self":[{"href":"https:\/\/site.nord.no\/studenterssuksess\/wp-json\/wp\/v2\/pages\/449","targetHints":{"allow":["GET"]}}],"collection":[{"href":"https:\/\/site.nord.no\/studenterssuksess\/wp-json\/wp\/v2\/pages"}],"about":[{"href":"https:\/\/site.nord.no\/studenterssuksess\/wp-json\/wp\/v2\/types\/page"}],"author":[{"embeddable":true,"href":"https:\/\/site.nord.no\/studenterssuksess\/wp-json\/wp\/v2\/users\/75"}],"replies":[{"embeddable":true,"href":"https:\/\/site.nord.no\/studenterssuksess\/wp-json\/wp\/v2\/comments?post=449"}],"version-history":[{"count":7,"href":"https:\/\/site.nord.no\/studenterssuksess\/wp-json\/wp\/v2\/pages\/449\/revisions"}],"predecessor-version":[{"id":9690,"href":"https:\/\/site.nord.no\/studenterssuksess\/wp-json\/wp\/v2\/pages\/449\/revisions\/9690"}],"wp:attachment":[{"href":"https:\/\/site.nord.no\/studenterssuksess\/wp-json\/wp\/v2\/media?parent=449"}],"wp:term":[{"taxonomy":"author","embeddable":true,"href":"https:\/\/site.nord.no\/studenterssuksess\/wp-json\/wp\/v2\/coauthors?post=449"}],"curies":[{"name":"wp","href":"https:\/\/api.w.org\/{rel}","templated":true}]}}