{"id":4939,"date":"2020-05-18T12:13:42","date_gmt":"2020-05-18T12:13:42","guid":{"rendered":"http:\/\/nfye.w.uib.no\/?page_id=4939"},"modified":"2020-05-18T12:13:42","modified_gmt":"2020-05-18T12:13:42","slug":"informasjon-av-nye-studenter-i-forkant-av-mottak-hva-hvordan-nar-og-ikke-minst-hvorfor-2","status":"publish","type":"page","link":"https:\/\/site.nord.no\/studenterssuksess\/informasjon-av-nye-studenter-i-forkant-av-mottak-hva-hvordan-nar-og-ikke-minst-hvorfor-2\/","title":{"rendered":"Informasjon av nye studenter i forkant av mottaket &#8211; hva, hvordan, n\u00e5r og ikke minst hvorfor?"},"content":{"rendered":"<h3><strong>Nettsamlingen fant sted 28. mai kl.12-14<\/strong><\/h3>\n<p>&nbsp;<br \/>\n<img decoding=\"async\" src=\"https:\/\/site.nord.no\/studenterssuksess\/wp-content\/uploads\/sites\/36\/2020\/05\/info2.jpg\" \/><br \/>\n<a href=\"https:\/\/site.nord.no\/studenterssuksess\/video-av-del-1-og-chat-og-padlet-av-nettsamlingen-28-mai-kl-12-14-2\">Klikk her for \u00e5 se p\u00e5 video, chat, presentasjoner og Padlet-veggen.<\/a><br \/>\nFor at studenter skal lykkes med sine studier, vet vi at et godt mottak og f\u00f8rste semester kan v\u00e6re avgj\u00f8rende for mange. Men skal mottaket fungere p\u00e5 en god m\u00e5te krever det et godt forarbeid og ikke minst god informasjon som har n\u00e5dd frem til den kommende studenten. God informasjon er ogs\u00e5 viktig for \u00e5 unng\u00e5 at s\u00f8kere starter et studium p\u00e5 feile premisser. Flere ting tyder p\u00e5 at informasjonen i denne fasen blir enda viktigere i 2020 med \u00abkoronatrusselen\u00bb enn noen gang.<br \/>\nP\u00e5 denne nettsamlingen tok vi opp hvorfor det er viktig med informasjon ca. 1. juni, og med bakgrunn i det ogs\u00e5 om hva det b\u00f8r informeres om og hvordan informasjonen b\u00f8r gjennomf\u00f8res. Vi fikk 137 p\u00e5meldte til samlingen, med to innledere og to programledere som ledet oss gjennom den f\u00f8rste delen av samlingen, f\u00f8r deltagerne fikk anledning til \u00e5 dr\u00f8fte utfordringene med kollegaer landet rundt i grupper.<br \/>\n<strong>Sekretariatsleder i nettverket, og <\/strong><a href=\"https:\/\/www.uib.no\/personer\/Harald.%C3%85ge.S%C3%A6thre#uib-tabs-publikasjoner\"><strong>seniorr\u00e5dgiver ved Universitetet i Bergen, Harald \u00c5ge S\u00e6thre<\/strong><\/a> holdt innlegget\u00a0 <a href=\"https:\/\/site.nord.no\/studenterssuksess\/wp-content\/uploads\/sites\/36\/2020\/06\/S\u00e6thre-_Hvorfor-informere-.pdf\"><i>Hvorfor<\/i><i> skal vi informere\u00a0 <\/i><i>s\u00f8kerne<\/i><\/a><i> n\u00e5 i forkant?<br \/>\n<\/i>Her snakket han blant annet om \u00e5 skape trygghet, realitetsorientere s\u00f8kerne, sikre deltagelse i mottaket og redusere antallet un\u00f8dvendige henvendelser. <a href=\"https:\/\/site.nord.no\/studenterssuksess\/hvorfor-sende-ut-informasjon-til-sokerne-ca-1-juni\/\">Lesom 9 konkrete punkt her<\/a><br \/>\nS\u00e6thre skrev i forkant av denne nettsamlingen f\u00f8lgende debattinnlegg i Khrono: <a href=\"https:\/\/khrono.no\/hvorfor-skal-vi-informere-sokerne-na\/491001\"><em>Hvorfor skal vi informere s\u00f8kerne n\u00e5?<\/em><\/a><br \/>\n<strong>R\u00e5dgiver <a href=\"https:\/\/www.ntnu.no\/ansatte\/sunniva.vikan\">Sunniva Vikan<\/a> for studentrekruttering og formidling ved Fakultet for naturvitenskap p\u00e5 NTNU<\/strong> delte noen tanker og erfaringer rundt nye studenters behov for informasjon, og hvilke kanaler og kommunikasjonsformer de har tatt i bruk p\u00e5 NTNU for \u00e5 gi potensielle studenter et \u00e6rlig innblikk i studielivet. <a href=\"https:\/\/site.nord.no\/studenterssuksess\/wp-content\/uploads\/sites\/36\/2020\/05\/Presentasjon-Vikan-28mai.pdf\">Se presentasjonen her<\/a><br \/>\n<strong>Nettsamlingen ble ledet av programleder \u00d8ystein Str\u00f8msnes.<\/strong> Str\u00f8msnes arbeider til dagen som studentvert ved Nord Universitet og Studentinord i Bod\u00f8. <a href=\"https:\/\/www.studentinord.no\/podcast-valle-og-stromsnes\" target=\"_blank\" rel=\"noopener noreferrer\">Han er ogs\u00e5 kjent fra podcasten Valle og Str\u00f8msnes.<\/a><br \/>\n<strong>Morsal Saba var produksjonsansvarlig for samlingen, <\/strong>som til dagen er med \u00e5 administrerer dette nettverket.<br \/>\n<strong>Gruppediskusjoner:<\/strong> Det ble lagt opp til rikelig tid til gruppediskusjoner best\u00e5ende av 8-10 deltakere. Gruppediskusjonen ble ledet av en deltaker fra hver gruppe.<br \/>\n&nbsp;<br \/>\n<strong>Se\u00a0 mer om tidligere nettsamling<br \/>\n<\/strong><a href=\"https:\/\/site.nord.no\/studenterssuksess\/rekruttere-studenter-til-mentorordninger-eller-andre-tiltak\/\">30. april &#8211; Rekruttere studenter til mentorordninger eller til andre oppgaver i studentmottaket<\/a><br \/>\n<a href=\"https:\/\/site.nord.no\/studenterssuksess\/hvordan-gjennomfore-mottak-av-nye-studenter-i-koronatider\/\">14. mai &#8211; Hvordan gjennomf\u00f8re mottak av nye studenter i koronatider?<\/a><br \/>\n<strong>Flere m\u00f8ter!<\/strong><br \/>\nDet siste m\u00f8tet f\u00f8r sommeren planlegges 11. juni<br \/>\nDa vil vi igjen ta opp temaet<\/p>\n<ul>\n<li>Mottak av studenter i koronatider<br \/>\nP\u00e5 det tidspunktet vet vi mer om retningslinjene for august, og da planlegger vi \u00e5 h\u00f8re mer konkrete planer fra noen l\u00e6rested.<br \/>\nOg selvf\u00f8lgelig legger vi igjen opp til muligheten for \u00e5 diskutere med kolleger landet rundt.<\/li>\n<\/ul>\n<p>F\u00f8lgende dager vil vi ha nettsamling h\u00f8sten 2020:<\/p>\n<ul>\n<li>3. september<\/li>\n<li>1. oktober<\/li>\n<li>\u00a05. november<\/li>\n<\/ul>\n<p>Tema for samlingene er ikke bestemt fordi vi \u00f8nsker \u00e5 ta opp dagsaktuelle utfordringer.<br \/>\n<strong>Konferanse 7. &#8211; 8. desember.<\/strong><br \/>\nVi vil ogs\u00e5 gj\u00f8re oppmerksom p\u00e5 at \u00e5rets konferanse vil foreg\u00e5 Digitalt<br \/>\nHva dette inneb\u00e6rer vet vi ikke enn\u00e5 i detalj, men\u00a0 vi vil om kort tid ettersp\u00f8rre innlegg til konferansen.<br \/>\nDer vil du ha anledning til \u00e5 presentere hvordan du \/dere har l\u00f8st utfordringene og kunne f\u00e5 innspill fra kolleger landet rundt p\u00e5 utfordringer dere fortsatt sliter med.<br \/>\nVi regner med at mange av innleggene vil g\u00e5 p\u00e5 Koronasituasjonen.<br \/>\n&nbsp;<\/p>\n","protected":false},"excerpt":{"rendered":"<p>Nettsamlingen fant sted 28. mai kl.12-14 &nbsp; Klikk her for \u00e5 se p\u00e5 video, chat, presentasjoner og Padlet-veggen. For at studenter skal lykkes med sine studier, vet vi at et [&hellip;]<\/p>\n","protected":false},"author":82,"featured_media":0,"parent":0,"menu_order":0,"comment_status":"closed","ping_status":"closed","template":"","meta":{"footnotes":""},"coauthors":[],"class_list":["post-4939","page","type-page","status-publish","hentry"],"_links":{"self":[{"href":"https:\/\/site.nord.no\/studenterssuksess\/wp-json\/wp\/v2\/pages\/4939","targetHints":{"allow":["GET"]}}],"collection":[{"href":"https:\/\/site.nord.no\/studenterssuksess\/wp-json\/wp\/v2\/pages"}],"about":[{"href":"https:\/\/site.nord.no\/studenterssuksess\/wp-json\/wp\/v2\/types\/page"}],"author":[{"embeddable":true,"href":"https:\/\/site.nord.no\/studenterssuksess\/wp-json\/wp\/v2\/users\/82"}],"replies":[{"embeddable":true,"href":"https:\/\/site.nord.no\/studenterssuksess\/wp-json\/wp\/v2\/comments?post=4939"}],"version-history":[{"count":0,"href":"https:\/\/site.nord.no\/studenterssuksess\/wp-json\/wp\/v2\/pages\/4939\/revisions"}],"wp:attachment":[{"href":"https:\/\/site.nord.no\/studenterssuksess\/wp-json\/wp\/v2\/media?parent=4939"}],"wp:term":[{"taxonomy":"author","embeddable":true,"href":"https:\/\/site.nord.no\/studenterssuksess\/wp-json\/wp\/v2\/coauthors?post=4939"}],"curies":[{"name":"wp","href":"https:\/\/api.w.org\/{rel}","templated":true}]}}