{"id":4971,"date":"2020-05-29T12:09:20","date_gmt":"2020-05-29T12:09:20","guid":{"rendered":"http:\/\/nfye.w.uib.no\/?page_id=4971"},"modified":"2020-05-29T12:09:20","modified_gmt":"2020-05-29T12:09:20","slug":"video-av-del-1-og-chat-og-padlet-av-nettsamlingen-28-mai-kl-12-14-2","status":"publish","type":"page","link":"https:\/\/site.nord.no\/studenterssuksess\/video-av-del-1-og-chat-og-padlet-av-nettsamlingen-28-mai-kl-12-14-2\/","title":{"rendered":"Video av Del 1 og Chat og Padlet av Nettsamlingen 28. mai kl. 12 \u2013 14"},"content":{"rendered":"<p><a href=\"https:\/\/site.nord.no\/studenterssuksess\/informasjon-av-nye-studenter-i-forkant-av-mottak-hva-hvordan-nar-og-ikke-minst-hvorfor-2\/\">Tilbake til hovedsiden for denne nettsamlingen<\/a><br \/>\n<img fetchpriority=\"high\" decoding=\"async\" class=\"alignnone size-medium wp-image-4988\" src=\"https:\/\/site.nord.no\/studenterssuksess\/wp-content\/uploads\/sites\/36\/2020\/05\/Skjermbilde-2020-05-29-kl.-12.38.52-300x168.png\" alt=\"\" width=\"300\" height=\"168\" \/><img decoding=\"async\" class=\"alignnone wp-image-4989\" src=\"https:\/\/site.nord.no\/studenterssuksess\/wp-content\/uploads\/sites\/36\/2020\/05\/Skjermbilde-2020-05-29-kl.-13.33.52-kopi-300x119.png\" alt=\"\" width=\"421\" height=\"167\" \/><\/p>\n<h1>VIDEO, CHAT, PRESENTASJONER OG PADLET<\/h1>\n<p><strong>NETTSAMLING 28. mai KL. 12 \u2013 14<\/strong><br \/>\n<strong>HVORDAN GJENNOMF\u00d8RE MOTTAK AV NYE STUDENTER I KORONATIDER?<\/strong><br \/>\n<strong><a href=\"https:\/\/vimeo.com\/423998426\">Se p\u00e5 video av nettsamlingen<\/a><\/strong><br \/>\nI l\u00f8pet av samlingen ble det tatt opp ulike tema, men grovt sett finner dere temaene i tid slik:<br \/>\n00.00 \u2013 04.29 Introduksjon og presentasjon av tema og innledere<\/p>\n<ul>\n<li>04.29 Sekretariatsleder i nettverket, og seniorr\u00e5dgiver ved Universitetet i Bergen, Harald \u00c5ge S\u00e6thre utdyper hvorfor vi skal informere s\u00f8kerne n\u00e5 i forkant.<br \/>\n\u2022 05.29 S\u00e6thre presenterer seg selv, sin\u00a0 bakgrunn, og litt informasjon om nettverket<br \/>\n\u2022 08.24 Felles m\u00e5l: Studentene skal lykkes!<br \/>\n\u2022 09.00 Store utfordringer<br \/>\n\u2022 09.50 De som faller fra og p\u00e5 grunn av ulike \u00e5rsaker<br \/>\n\u2022 10.38 Hvorfor vi skal informere<br \/>\n\u2022 12.36 Realitetsorientere<br \/>\n\u2022 13.27 Skape en trygghetet<br \/>\n\u2022 14.12 Gi s\u00f8keren mulighet til \u00e5 forberede seg<br \/>\n\u2022 14.33 Sikre at s\u00f8kerne f\u00f8lger opp frister gjennom sommeren<br \/>\n\u2022 15.12 Informere om tilbud f\u00f8r studiestart<br \/>\n\u2022 15.26 Sikre at den nye studenten m\u00f8ter til studiestart<br \/>\n\u2022 16.45 Forebygge un\u00f8dvendige henvendelser<br \/>\n\u2022 17.30 Avslutningsvis: Tanker \u00e5 ta med seg tilbake til sin organisasjon<br \/>\n\u2022 18.54 Sp\u00f8rsm\u00e5lsrunde<br \/>\n<span style=\"color: #ffffff\">.<\/span><\/li>\n<li>26.25 R\u00e5dgiver Sunniva Vikan deler noen tanker og erfaringer rundt nye studenters behov for informasjon, og hvilke kanaler og kommunikasjonsformer de har tatt i bruk p\u00e5 NTNU.<br \/>\n\u2022 26.57 Vikan presenterer seg selv<br \/>\n\u2022 28.35 Generasjon Z<br \/>\n\u2022 30.13 Endringer i sammfunnet p\u00e5 grunn av korona-viruset<br \/>\n\u2022 30.52 Fortsatt behov for \u00e5 bygge relasjoner<br \/>\n\u2022 31.17 Hvor er m\u00e5lgruppen?<br \/>\n\u2022 31.46 Bruk av Snapchat og samarbeid med engasjerte studenter<br \/>\n\u2022 33.16 Dialog med s\u00f8kerne via ulike kanaler<br \/>\n\u2022 34.34 Bruk av Facebook-grupper med engasjerte studenter<br \/>\n\u2022 36.12 Digital undervisning vs. fysisk undervisning ved NTNU<br \/>\n\u2022 37.20 Endrede medievaner<br \/>\n\u2022 38.29 \u00d8kt trafikk p\u00e5 studieprogramsidene ved NTNU<br \/>\n\u2022 39.04 Utfordring 1: Henger kommunikasjonen v\u00e5r sammen?<br \/>\n\u2022 39.19 Utfordring 2: Over 200 nettsider som kommuniserer det samme<br \/>\n\u2022 39.50 Utfordring 3: Word of mouth of digtale undervisning<br \/>\n\u2022 40.19 Utfordring 4: F\u00f8rstelinje m\u00e5 f\u00e5 riktig og oppdatert informasjon<br \/>\n\u2022 40.44 Sp\u00f8rsm\u00e5lsrunde<\/li>\n<\/ul>\n<p><a href=\"https:\/\/site.nord.no\/studenterssuksess\/wp-content\/uploads\/sites\/36\/2020\/05\/Zoom-Chat-28mai.txt\">Se Zoom-chatten<\/a><br \/>\n<a href=\"https:\/\/site.nord.no\/studenterssuksess\/wp-content\/uploads\/sites\/36\/2020\/05\/Padlet-Informasjon-i-forkant-av-mottaket.pdf\">Padlet &#8211; Informasjon i forkant av mottaket<\/a><br \/>\n<a href=\"https:\/\/site.nord.no\/studenterssuksess\/wp-content\/uploads\/sites\/36\/2020\/06\/S\u00e6thre-_Hvorfor-informere-.pdf\">Presentasjon fra S\u00e6thre<\/a><br \/>\n<a href=\"https:\/\/site.nord.no\/studenterssuksess\/wp-content\/uploads\/sites\/36\/2020\/05\/Presentasjon-Vikan-28mai.pdf\">Presentasjon fra Vikan<\/a><\/p>\n","protected":false},"excerpt":{"rendered":"<p>Tilbake til hovedsiden for denne nettsamlingen VIDEO, CHAT, PRESENTASJONER OG PADLET NETTSAMLING 28. mai KL. 12 \u2013 14 HVORDAN GJENNOMF\u00d8RE MOTTAK AV NYE STUDENTER I KORONATIDER? Se p\u00e5 video av [&hellip;]<\/p>\n","protected":false},"author":88,"featured_media":0,"parent":0,"menu_order":0,"comment_status":"closed","ping_status":"closed","template":"","meta":{"footnotes":""},"coauthors":[],"class_list":["post-4971","page","type-page","status-publish","hentry"],"_links":{"self":[{"href":"https:\/\/site.nord.no\/studenterssuksess\/wp-json\/wp\/v2\/pages\/4971","targetHints":{"allow":["GET"]}}],"collection":[{"href":"https:\/\/site.nord.no\/studenterssuksess\/wp-json\/wp\/v2\/pages"}],"about":[{"href":"https:\/\/site.nord.no\/studenterssuksess\/wp-json\/wp\/v2\/types\/page"}],"author":[{"embeddable":true,"href":"https:\/\/site.nord.no\/studenterssuksess\/wp-json\/wp\/v2\/users\/88"}],"replies":[{"embeddable":true,"href":"https:\/\/site.nord.no\/studenterssuksess\/wp-json\/wp\/v2\/comments?post=4971"}],"version-history":[{"count":0,"href":"https:\/\/site.nord.no\/studenterssuksess\/wp-json\/wp\/v2\/pages\/4971\/revisions"}],"wp:attachment":[{"href":"https:\/\/site.nord.no\/studenterssuksess\/wp-json\/wp\/v2\/media?parent=4971"}],"wp:term":[{"taxonomy":"author","embeddable":true,"href":"https:\/\/site.nord.no\/studenterssuksess\/wp-json\/wp\/v2\/coauthors?post=4971"}],"curies":[{"name":"wp","href":"https:\/\/api.w.org\/{rel}","templated":true}]}}