{"id":5010,"date":"2020-06-04T09:36:40","date_gmt":"2020-06-04T09:36:40","guid":{"rendered":"http:\/\/nfye.w.uib.no\/?page_id=5010"},"modified":"2020-06-04T09:36:40","modified_gmt":"2020-06-04T09:36:40","slug":"mottak-og-psykososialt-laeringsmiljo-hostsemester-2020","status":"publish","type":"page","link":"https:\/\/site.nord.no\/studenterssuksess\/mottak-og-psykososialt-laeringsmiljo-hostsemester-2020\/","title":{"rendered":"Mottak og psykososialt l\u00e6ringsmilj\u00f8 h\u00f8stsemester 2020"},"content":{"rendered":"<h2><strong>Nettsamlingen fant sted 11. juni kl. 12 &#8211; 14<\/strong><\/h2>\n<p><img fetchpriority=\"high\" decoding=\"async\" class=\"alignnone wp-image-4606 size-full\" src=\"https:\/\/site.nord.no\/studenterssuksess\/wp-content\/uploads\/sites\/36\/2019\/07\/DSC02067-720x340-1.jpg\" alt=\"\" width=\"720\" height=\"261\" \/><br \/>\n<a href=\"https:\/\/site.nord.no\/studenterssuksess\/video-av-del-1-og-chat-og-padlet-av-nettsamlingen-11-juni-kl-12-14\">Klikk her for \u00e5 se p\u00e5 video, chat, presentasjoner og Padlet-veggen<\/a><br \/>\nHvordan sikrer vi det psykososiale l\u00e6ringsmilj\u00f8et denne h\u00f8sten, og hvilke konkrete tiltak kan gj\u00f8res allerede i mottaket og de f\u00f8rste ukene for \u00e5 sikre at de nye studentene velger \u00e5 fortsette studiene? Det kommende h\u00f8stsemesteret utfordrer oss alle til \u00e5 tenke nytt, planlegge godt og se fremover. Denne nettsamlingen ga et innblikk i hvordan arbeidet med psykososialt l\u00e6ringsmilj\u00f8, mottak og samarbeid med samskipnad kan gj\u00f8res. M\u00e5let med de tre innleggene og gruppediskusjonen var \u00e5 inspirere, motivere og gi nye ideer.<br \/>\n<a href=\"https:\/\/www.inn.no\/om-hoegskolen\/ansatte\/siw-huatorpet\"><strong>Seniorr\u00e5dgiver Siw Huatorpet fra H\u00f8gskolen i Innlandet<\/strong><\/a> holdt et innlegg om hvordan man kan bygge og ivareta nye studenters psykososiale l\u00e6ringsmilj\u00f8 med fokus p\u00e5 gruppeprosesser og relasjoner til b\u00e5de undervisere og medstudenter.<br \/>\n<a href=\"https:\/\/www.ntnu.no\/ansatte\/nora-marie.brattebo\"><strong>R\u00e5dgiver Nora-Marie Bratteb\u00f8 fra NTNU<\/strong><\/a> fortalte om hvordan NTNU jobber med \u00e5 koordinere og planlegge mottaket, samt. hvilke utfordringer som dukker opp. Hun jobber ved Avdeling for studenttjenester og har et koordinerende ansvar for arbeidet ved mottak av studenter til studiestart h\u00f8sten 2020. Nora tok opp sp\u00f8rsm\u00e5l som: Hvordan utarbeide konkrete planer for mottaksaktiviteter? Hva m\u00e5 koordineres og avklares? Er det behov for plan B og C? Ved NTNU er uke 33 satt av for mottaksaktiviteter \u2013 hvor f\u00f8rste\u00e5rsstudenters fysiske aktiviteter prioriteres p\u00e5 campus. Likevel vil noe mottaksaktivitet skje digitalt &#8211; s\u00e6rlig for internasjonale studenter.<br \/>\n<a href=\"https:\/\/www.sammen.no\/no\/bergen\/karriere\/student\/om-studentliv\"><strong>Tine \u00d8verseth Blomfeldt fra Sammen Studentliv<\/strong><\/a> (Sammen -Studentsamskipnaden p\u00e5 Vestlandet) snakket om om &laquo;Studentfrivilligheten som ressurs&raquo;. Hva trenger studentfrivilligheten for \u00e5 kunne tilby et sosialt milj\u00f8 for de nye studentene til h\u00f8sten? Og hvordan jobber vi i Sammen for \u00e5 st\u00f8tte organisasjonene? V\u00e5ren 2020 arrangerte Sammen Studentliv \u00a0\u00abStudentlive lever\u00bb, en Live stream-rekke p\u00e5 Facebook. Hvorfor gjorde vi det, og hva oppdaget vi?<br \/>\n<strong>Nettsamlingen ble ledet av programlederne Svein Valle og\u00a0 \u00d8ystein Str\u00f8msnes.<\/strong> De arbeider til dagen som studentvert og studentprest ved Nord Universitet og Studentinord i Bod\u00f8. <a href=\"https:\/\/www.studentinord.no\/podcast-valle-og-stromsnes\">De er ogs\u00e5 kjent fra podcasten Valle og Str\u00f8msnes.<\/a><br \/>\n<strong>Morsal Saba var produksjonsansvarlig for samlingen. <\/strong>Hun er for tiden med i Sekretariatet til nettverket.<br \/>\n<strong>Gruppediskusjoner:<\/strong> Det ble lagt opp til rikelig tid til gruppediskusjoner best\u00e5ende av 8-10 deltakere. Gruppediskusjonen ble ledet av en deltaker fra hver gruppe.<br \/>\n&nbsp;<br \/>\n<strong>Se\u00a0 mer om tidligere nettsamling<br \/>\n<\/strong><a href=\"https:\/\/site.nord.no\/studenterssuksess\/informasjon-av-nye-studenter-i-forkant-av-mottak-hva-hvordan-nar-og-ikke-minst-hvorfor-2\/\">28. mai &#8211; Informasjon til nye studenter i forkant av mottak; hva, hvordan, n\u00e5r og ikke minst hvorfor?<\/a><br \/>\n<a href=\"https:\/\/site.nord.no\/studenterssuksess\/hvordan-gjennomfore-mottak-av-nye-studenter-i-koronatider\/\">14. mai \u2013 Hvordan gjennomf\u00f8re mottak av nye studenter i koronatider?<\/a><br \/>\n<a href=\"https:\/\/site.nord.no\/studenterssuksess\/rekruttere-studenter-til-mentorordninger-eller-andre-tiltak\/\">30. april \u2013 Rekruttere studenter til mentorordninger eller til andre oppgaver i studentmottaket<\/a><br \/>\n<strong>Flere m\u00f8ter!<\/strong><br \/>\nF\u00f8lgende dager vil vi ha nettsamling h\u00f8sten 2020:<\/p>\n<ul>\n<li>3. september: Hvordan gikk mottaket og hva gj\u00f8r vi fremover?<\/li>\n<li>1. oktober: Hvordan engasjere studenter?<\/li>\n<li>\u00a05. november: Samarbeid og samhandling mellom organisasjon og studentsamskipnad.<br \/>\nDisse er tentative titler men temaet vil v\u00e6re det samme.<\/li>\n<\/ul>\n<p><strong>Konferanse 7. \u2013 8. desember.<\/strong><br \/>\nVi vil ogs\u00e5 gj\u00f8re oppmerksom p\u00e5 at \u00e5rets konferanse vil foreg\u00e5 Digitalt. Hva dette inneb\u00e6rer vet vi ikke enn\u00e5 i detalj, men\u00a0 vi vil om kort tid ettersp\u00f8rre innlegg til konferansen. Der vil du ha anledning til \u00e5 presentere hvordan du\/dere har l\u00f8st utfordringene og kunne f\u00e5 innspill fra kolleger landet rundt p\u00e5 utfordringer dere fortsatt sliter med. Vi regner med at mange av innleggene vil g\u00e5 p\u00e5 Koronasituasjonen.<\/p>\n","protected":false},"excerpt":{"rendered":"<p>Nettsamlingen fant sted 11. juni kl. 12 &#8211; 14 Klikk her for \u00e5 se p\u00e5 video, chat, presentasjoner og Padlet-veggen Hvordan sikrer vi det psykososiale l\u00e6ringsmilj\u00f8et denne h\u00f8sten, og hvilke [&hellip;]<\/p>\n","protected":false},"author":88,"featured_media":0,"parent":0,"menu_order":0,"comment_status":"closed","ping_status":"closed","template":"","meta":{"footnotes":""},"coauthors":[],"class_list":["post-5010","page","type-page","status-publish","hentry"],"_links":{"self":[{"href":"https:\/\/site.nord.no\/studenterssuksess\/wp-json\/wp\/v2\/pages\/5010","targetHints":{"allow":["GET"]}}],"collection":[{"href":"https:\/\/site.nord.no\/studenterssuksess\/wp-json\/wp\/v2\/pages"}],"about":[{"href":"https:\/\/site.nord.no\/studenterssuksess\/wp-json\/wp\/v2\/types\/page"}],"author":[{"embeddable":true,"href":"https:\/\/site.nord.no\/studenterssuksess\/wp-json\/wp\/v2\/users\/88"}],"replies":[{"embeddable":true,"href":"https:\/\/site.nord.no\/studenterssuksess\/wp-json\/wp\/v2\/comments?post=5010"}],"version-history":[{"count":0,"href":"https:\/\/site.nord.no\/studenterssuksess\/wp-json\/wp\/v2\/pages\/5010\/revisions"}],"wp:attachment":[{"href":"https:\/\/site.nord.no\/studenterssuksess\/wp-json\/wp\/v2\/media?parent=5010"}],"wp:term":[{"taxonomy":"author","embeddable":true,"href":"https:\/\/site.nord.no\/studenterssuksess\/wp-json\/wp\/v2\/coauthors?post=5010"}],"curies":[{"name":"wp","href":"https:\/\/api.w.org\/{rel}","templated":true}]}}