{"id":5042,"date":"2020-06-10T13:57:39","date_gmt":"2020-06-10T13:57:39","guid":{"rendered":"http:\/\/nfye.w.uib.no\/?page_id=5042"},"modified":"2020-06-10T13:57:39","modified_gmt":"2020-06-10T13:57:39","slug":"digital-relasjonsbygging","status":"publish","type":"page","link":"https:\/\/site.nord.no\/studenterssuksess\/digital-relasjonsbygging\/","title":{"rendered":"Webinar om Digital relasjonsbygging 25. juni 2020"},"content":{"rendered":"<h3><strong>Webinar om Digital relasjonsbygging<\/strong><\/h3>\n<p><img decoding=\"async\" class=\"alignnone wp-image-3878 \" src=\"https:\/\/site.nord.no\/studenterssuksess\/wp-content\/uploads\/sites\/36\/2019\/07\/Grunnlagsdokument-logo-300x120.png\" alt=\"\" width=\"343\" height=\"137\" \/><br \/>\n<a href=\"https:\/\/site.nord.no\/studenterssuksess\/video-av-del-1-chat-presentasjon-av-webinaret-25-juni\">Klikk her for \u00e5 se p\u00e5 video, chat og presentasjonen<\/a><br \/>\nI dagens situasjon hvor vi ikke kan m\u00f8tes fysisk i samme utstrekning som tidligere, blir det \u00e5 kunne skape gode relasjoner digitalt og kunne samarbeide p\u00e5 tvers av fysisk lokasjon mer og mer aktuelt. Dette gjelder ogs\u00e5 v\u00e5re studenter, og kanskje s\u00e6rlig de nye studentene som skal bli kjent med b\u00e5de medstudenter og ansatte delvis digitalt. Hva skal til for \u00e5 bygge samarbeidskompetanse og relasjoner digitalt?<br \/>\nEksperter i team ved NTNU har n\u00e5 et pilotprosjekt, VEiT, som blant annet utforsker virtuell relasjonsbygging. Nettverket fikk Eksperter i Team ved NTNU til \u00e5 arrangere et webinar om dette. M\u00e5let til webinaret var \u00e5 gi deltakerne erfaring med noen av \u00f8velsene VEiT har tatt i bruk i sitt m\u00f8te med studentene, s\u00e5kalte \u201cice breakers\u201d. I tillegg delte de noen erfaringer fra arbeidet med prosjektet s\u00e5 langt.<br \/>\n<strong>Webinaret ble ledet av f\u00f8lgende programledere:<br \/>\n<\/strong>&#8211; <a href=\"https:\/\/www.ntnu.no\/ansatte\/stine.f.brenden\">Stine Fridtun Brenden<\/a> jobber som universitetslektor og er koordinator for Eksperter i Team p\u00e5 Gj\u00f8vik ved NTNU.<br \/>\n&#8211; <a href=\"https:\/\/www.ntnu.no\/ansatte\/maiken.spjelkevik\">Maiken Spjelkevik<\/a> er stipendiat hos fagseksjonen Eksperter i Team og forsker p\u00e5 digital samarbeidsl\u00e6ring.<br \/>\n&#8211; <a href=\"https:\/\/www.ntnu.no\/ansatte\/nina.tvenge\">Nina Tvenge<\/a> er universitetslektor ved instituttet for vareproduksjon og byggteknikk p\u00e5 NTNU.<br \/>\n&#8211; <a href=\"https:\/\/www.ntnu.no\/ansatte\/nora-marie.brattebo\">Nora-Marie Bratteb\u00f8<\/a> jobber som r\u00e5dgiver p\u00e5 NTNU og er ogs\u00e5 Ressursperson i nettverket. Hun jobber ved Avdeling for studenttjenester og har et koordinerende ansvar for arbeidet ved mottak av studenter til studiestart h\u00f8sten 2020.<br \/>\n<strong>Gruppediskusjoner<\/strong><br \/>\nDeltakerne blel delt i grupper p\u00e5 4-5, og gjennom gruppearbeidet ble det vist hvordan vi kan skape interaktivitet mellom faglige\/sosiale digitale m\u00f8ter for \u00e5 skape en relasjonsbygging.<br \/>\n&nbsp;<br \/>\n<strong>Se\u00a0 mer om nettverkets nettsamling<br \/>\n<\/strong><a href=\"https:\/\/site.nord.no\/studenterssuksess\/mottak-og-psykososialt-laeringsmiljo-hostsemester-2020\/\">11. juni &#8211; Mottak og psykososialt l\u00e6ringsmilj\u00f8 h\u00f8stsemester 2020<\/a><br \/>\n<a href=\"https:\/\/site.nord.no\/studenterssuksess\/informasjon-av-nye-studenter-i-forkant-av-mottak-hva-hvordan-nar-og-ikke-minst-hvorfor-2\/\">28. mai &#8211; Informasjon til nye studenter i forkant av mottak; hva, hvordan, n\u00e5r og ikke minst hvorfor?<\/a><br \/>\n<a href=\"https:\/\/site.nord.no\/studenterssuksess\/hvordan-gjennomfore-mottak-av-nye-studenter-i-koronatider\/\">14. mai \u2013 Hvordan gjennomf\u00f8re mottak av nye studenter i koronatider?<\/a><br \/>\n<a href=\"https:\/\/site.nord.no\/studenterssuksess\/rekruttere-studenter-til-mentorordninger-eller-andre-tiltak\/\">30. april \u2013 Rekruttere studenter til mentorordninger eller til andre oppgaver i studentmottaket<\/a><br \/>\n<strong>Flere m\u00f8ter!<\/strong><br \/>\nF\u00f8lgende dager vil vi ha nettsamling h\u00f8sten 2020:<\/p>\n<ul>\n<li>3. september: Hvordan gikk mottaket og hva gj\u00f8r vi fremover?<\/li>\n<li>1. oktober: Hvordan engasjere studenter? eller Hvordan f\u00e5 studentene med p\u00e5 laget?<\/li>\n<li>\u00a05. november: Samarbeid og samhandling mellom organisasjon og studentsamskipnad.<\/li>\n<\/ul>\n<p><strong>Konferanse 7. \u2013 8. desember &#8211; \u00c5 v\u00e6re student &#8211; noe som m\u00e5 l\u00e6res!<\/strong><br \/>\nVi vil ogs\u00e5 gj\u00f8re oppmerksom p\u00e5 at \u00e5rets konferanse vil foreg\u00e5 Digitalt. Hva dette inneb\u00e6rer vet vi ikke enn\u00e5 i detalj, men\u00a0 vi vil om kort tid ettersp\u00f8rre innlegg til konferansen. Der vil du ha anledning til \u00e5 presentere det dere har gjennomf\u00f8rt , eller spesielle utfordringer dere har hatt.<br \/>\n&nbsp;<\/p>\n","protected":false},"excerpt":{"rendered":"<p>Webinar om Digital relasjonsbygging Klikk her for \u00e5 se p\u00e5 video, chat og presentasjonen I dagens situasjon hvor vi ikke kan m\u00f8tes fysisk i samme utstrekning som tidligere, blir det [&hellip;]<\/p>\n","protected":false},"author":88,"featured_media":0,"parent":0,"menu_order":0,"comment_status":"closed","ping_status":"closed","template":"","meta":{"footnotes":""},"coauthors":[],"class_list":["post-5042","page","type-page","status-publish","hentry"],"_links":{"self":[{"href":"https:\/\/site.nord.no\/studenterssuksess\/wp-json\/wp\/v2\/pages\/5042","targetHints":{"allow":["GET"]}}],"collection":[{"href":"https:\/\/site.nord.no\/studenterssuksess\/wp-json\/wp\/v2\/pages"}],"about":[{"href":"https:\/\/site.nord.no\/studenterssuksess\/wp-json\/wp\/v2\/types\/page"}],"author":[{"embeddable":true,"href":"https:\/\/site.nord.no\/studenterssuksess\/wp-json\/wp\/v2\/users\/88"}],"replies":[{"embeddable":true,"href":"https:\/\/site.nord.no\/studenterssuksess\/wp-json\/wp\/v2\/comments?post=5042"}],"version-history":[{"count":0,"href":"https:\/\/site.nord.no\/studenterssuksess\/wp-json\/wp\/v2\/pages\/5042\/revisions"}],"wp:attachment":[{"href":"https:\/\/site.nord.no\/studenterssuksess\/wp-json\/wp\/v2\/media?parent=5042"}],"wp:term":[{"taxonomy":"author","embeddable":true,"href":"https:\/\/site.nord.no\/studenterssuksess\/wp-json\/wp\/v2\/coauthors?post=5042"}],"curies":[{"name":"wp","href":"https:\/\/api.w.org\/{rel}","templated":true}]}}