{"id":5133,"date":"2020-06-16T12:24:53","date_gmt":"2020-06-16T12:24:53","guid":{"rendered":"http:\/\/nfye.w.uib.no\/?page_id=5133"},"modified":"2020-06-16T12:24:53","modified_gmt":"2020-06-16T12:24:53","slug":"arskonferanse-a-vaere-student-noe-som-ma-laeres","status":"publish","type":"page","link":"https:\/\/site.nord.no\/studenterssuksess\/arskonferanse-a-vaere-student-noe-som-ma-laeres\/","title":{"rendered":"\u00c5rskonferansen 2020: &laquo;\u00c5 v\u00e6re student &#8211; noe som m\u00e5 l\u00e6res!&raquo;"},"content":{"rendered":"<p>Velkommen til hovedsiden for \u00e5rskonferansen 2020. Her finner du n\u00e5 informasjon om konferansens innhold og presentasjonene fra de ulike innleggene.<br \/>\nHer kan du lese <a href=\"https:\/\/site.nord.no\/studenterssuksess\/wp-content\/uploads\/sites\/36\/2021\/01\/Evaluering-av-A-vaere-student-\u2013-noe-som-ma-laeres-\u2013-Arskonferansen-2020.pdf\">evalueringen av konferansen<\/a> (Oppsummering av innspill p\u00e5 nett).<br \/>\nKonferansen ble arrangert den 7. desember 2020 og er den f\u00f8rste digitale \u00e5rskonferansen i Kompetansenettverket. V\u00e5rt m\u00e5l var at konferansen ville samle flest mulig av oss som p\u00e5 en eller annen m\u00e5te arbeider for \u00e5 tilrettelegge slik at studentene lykkes. Vi kunne \u00f8nske velkommen grupper av studenter og ansatte som \u00f8nsket \u00e5 dele opplegg, forskningsresultater og ideer, som \u00f8nsket \u00e5 l\u00e6re av andre, og som ville oppdatere seg p\u00e5 hva som skjer rundt om i landet.<br \/>\n&nbsp;<\/p>\n<h3><a href=\"https:\/\/site.nord.no\/studenterssuksess\/keynote-jennifer-keup\/\"><img fetchpriority=\"high\" decoding=\"async\" class=\"alignleft\" src=\"https:\/\/site.nord.no\/studenterssuksess\/wp-content\/uploads\/sites\/36\/2020\/09\/staff_keup_jennifer_2019.jpg\" width=\"229\" height=\"229\" \/><\/a><a href=\"https:\/\/site.nord.no\/studenterssuksess\/keynote-jennifer-keup\/\">Keynote: Jennifer Keup\u00a0<\/a><br \/>\n<em>To help students succeed, we need organizations that learn<\/em><\/h3>\n<p>Nettverket var s\u00e5 heldig \u00e5 f\u00e5 Jennifer Keup til \u00e5 holde hovedforedraget p\u00e5 \u00e5rets digitale konferanse. Keup er direkt\u00f8r for National Resource Center for The First-Year Experience and Students in Transition (NRC), som er et kompetansesenter i USA for det \u00e5 f\u00e5 studentene til \u00e5 lykkes med sine studier. <a href=\"https:\/\/site.nord.no\/studenterssuksess\/keynote-jennifer-keup\/\">Les mer om<\/a> <a href=\"https:\/\/site.nord.no\/studenterssuksess\/keynote-jennifer-keup\/\">Jennifer Keup og se innholdet fra hennes keynote her<\/a>.<br \/>\n&nbsp;<br \/>\n&nbsp;<br \/>\n<strong>For \u00e5 finne de ulike presentasjonene og opptak <\/strong>kan du klikke p\u00e5 de ulike titlene i programmet (NB, det er kun gjort opptak av P4 og keynoten). Du vil da bli tatt videre til innleggenes egne bloggposter. Du kan ogs\u00e5 finne dem via siden med <a href=\"https:\/\/site.nord.no\/studenterssuksess\/digital-arskonferanse-2020-mer-detaljer\/\">detaljert beskrivelse av konferansens oppsett<\/a>.<br \/>\n[table id=2 \/]<br \/>\n&nbsp;<br \/>\n<strong>M\u00e5lgruppe: <\/strong>Utdanningsledere, studieadministrativt ansatte, ansatte i samskipnadene, forskere, bibliotekarer, universitetsledere, teknisk ansatte og studentene selv \u2013 egentlig hvem som helst som arbeider med \u00e5 tilrettelegge for bedre gjennomf\u00f8ring i utdanningene.<br \/>\nDet var ingen deltakeravgift p\u00e5 \u00e5rets konferanse.<\/p>\n<pre>Krediteringer for konferansesidene:\nUtforming av grafiske element som banner: Renate Paulsen\nFoto i banner: Eivind Senneset<\/pre>\n<p>&nbsp;<\/p>\n","protected":false},"excerpt":{"rendered":"<p>Velkommen til hovedsiden for \u00e5rskonferansen 2020. Her finner du n\u00e5 informasjon om konferansens innhold og presentasjonene fra de ulike innleggene. Her kan du lese evalueringen av konferansen (Oppsummering av innspill [&hellip;]<\/p>\n","protected":false},"author":82,"featured_media":5593,"parent":0,"menu_order":0,"comment_status":"closed","ping_status":"closed","template":"","meta":{"footnotes":""},"coauthors":[],"class_list":["post-5133","page","type-page","status-publish","has-post-thumbnail","hentry"],"_links":{"self":[{"href":"https:\/\/site.nord.no\/studenterssuksess\/wp-json\/wp\/v2\/pages\/5133","targetHints":{"allow":["GET"]}}],"collection":[{"href":"https:\/\/site.nord.no\/studenterssuksess\/wp-json\/wp\/v2\/pages"}],"about":[{"href":"https:\/\/site.nord.no\/studenterssuksess\/wp-json\/wp\/v2\/types\/page"}],"author":[{"embeddable":true,"href":"https:\/\/site.nord.no\/studenterssuksess\/wp-json\/wp\/v2\/users\/82"}],"replies":[{"embeddable":true,"href":"https:\/\/site.nord.no\/studenterssuksess\/wp-json\/wp\/v2\/comments?post=5133"}],"version-history":[{"count":0,"href":"https:\/\/site.nord.no\/studenterssuksess\/wp-json\/wp\/v2\/pages\/5133\/revisions"}],"wp:featuredmedia":[{"embeddable":true,"href":"https:\/\/site.nord.no\/studenterssuksess\/wp-json\/wp\/v2\/media\/5593"}],"wp:attachment":[{"href":"https:\/\/site.nord.no\/studenterssuksess\/wp-json\/wp\/v2\/media?parent=5133"}],"wp:term":[{"taxonomy":"author","embeddable":true,"href":"https:\/\/site.nord.no\/studenterssuksess\/wp-json\/wp\/v2\/coauthors?post=5133"}],"curies":[{"name":"wp","href":"https:\/\/api.w.org\/{rel}","templated":true}]}}