{"id":5184,"date":"2020-06-26T10:25:06","date_gmt":"2020-06-26T10:25:06","guid":{"rendered":"http:\/\/nfye.w.uib.no\/?page_id=5184"},"modified":"2020-06-26T10:25:06","modified_gmt":"2020-06-26T10:25:06","slug":"video-av-del-1-chat-presentasjon-av-webinaret-25-juni","status":"publish","type":"page","link":"https:\/\/site.nord.no\/studenterssuksess\/video-av-del-1-chat-presentasjon-av-webinaret-25-juni\/","title":{"rendered":"Video av Del 1, Chat og presentasjon av webinaret 25. juni 12:00 &#8211; 13:30"},"content":{"rendered":"<p><a href=\"https:\/\/site.nord.no\/studenterssuksess\/digital-relasjonsbygging\/\">Tilbake til hovedsiden for denne nettsamlingen<\/a><br \/>\n<img fetchpriority=\"high\" decoding=\"async\" class=\"alignnone wp-image-3507\" src=\"https:\/\/site.nord.no\/studenterssuksess\/wp-content\/uploads\/sites\/36\/2019\/10\/Grunnlagsdokument-logo-300x180.png\" alt=\"\" width=\"400\" height=\"240\" \/><\/p>\n<h1>VIDEO, CHAT OG PRESENTASJON<\/h1>\n<p><strong>Webinar 25. juni 2020 kl. 12:00 &#8211; 13:30<\/strong><br \/>\n<strong>Digital relasjonsbygging<\/strong><br \/>\n<a href=\"https:\/\/vimeo.com\/432806192\"><strong>Se p\u00e5 video av webinaret<\/strong><\/a><br \/>\nI l\u00f8pet av samlingen ble det tatt opp ulike tema, men grovt sett finner dere temaene i tid slik:<br \/>\n00:00 \u2013 03:28 Introduksjon og presentasjon av tema og innledere<\/p>\n<ul>\n<li>03:28 VEiT presenterer seg selv, sin bakgrunn, og kort om hva de skal snakke om<br \/>\n\u2022 05:35 \u00d8velsen &laquo;Innsjekk&raquo;<br \/>\n\u2022 10:30 Om Digital relasjonsbygging og EiT<br \/>\n\u2022 13:36 Erfaringer fra VEiT<br \/>\n\u2022 15:40 Sosialisering i disse dager<br \/>\n\u2022 16:49 Intrduksjon til &laquo;Bli kjent-\u00f8velser&raquo;<br \/>\n\u2022 20:12 \u00d8velse 1: Hvilket bilde visualiserer deg best?<br \/>\n\u2022 23:31 \u00d8velse 2: Jobber du for tiden i et virtuelt team som aldri m\u00f8ttes face-2-face?<br \/>\n\u2022 26:14 \u00d8velse 3: Ville du kunne v\u00e6re usynlig eller kunne fly?<br \/>\n\u2022 29:50 \u00d8velse 4: Ville du reist 100 \u00e5r tilbake i tid eller 100 \u00e5r fram i tid?<br \/>\n\u2022 30:20 \u00d8velse 5: Hvilken \u00e5rstid liker du best?<br \/>\n\u2022 31:00 \u00d8velse 6: Hvor befinner du deg n\u00e5?<br \/>\n\u2022 33:17 \u00d8velse 7: I en gruppe, foretrekker du \u00e5 hovedsakelig snakke eller \u00e5 hovedsakelig lytte?<br \/>\n<span style=\"color: #ffffff\">.<\/span><\/li>\n<\/ul>\n<p><a href=\"https:\/\/site.nord.no\/studenterssuksess\/wp-content\/uploads\/sites\/36\/2020\/06\/Chat-Svar-Zoom-25.06.20.pdf\">Se Chat\/svar fra gruppeoppgaver<\/a><br \/>\n<a href=\"https:\/\/site.nord.no\/studenterssuksess\/wp-content\/uploads\/sites\/36\/2020\/06\/KompetansenettverkForStudentariHogareutdanning-presentasjon.pdf\">Se presentasjon fra VEiT<\/a><\/p>\n","protected":false},"excerpt":{"rendered":"<p>Tilbake til hovedsiden for denne nettsamlingen VIDEO, CHAT OG PRESENTASJON Webinar 25. juni 2020 kl. 12:00 &#8211; 13:30 Digital relasjonsbygging Se p\u00e5 video av webinaret I l\u00f8pet av samlingen ble [&hellip;]<\/p>\n","protected":false},"author":88,"featured_media":0,"parent":0,"menu_order":0,"comment_status":"closed","ping_status":"closed","template":"","meta":{"footnotes":""},"coauthors":[],"class_list":["post-5184","page","type-page","status-publish","hentry"],"_links":{"self":[{"href":"https:\/\/site.nord.no\/studenterssuksess\/wp-json\/wp\/v2\/pages\/5184","targetHints":{"allow":["GET"]}}],"collection":[{"href":"https:\/\/site.nord.no\/studenterssuksess\/wp-json\/wp\/v2\/pages"}],"about":[{"href":"https:\/\/site.nord.no\/studenterssuksess\/wp-json\/wp\/v2\/types\/page"}],"author":[{"embeddable":true,"href":"https:\/\/site.nord.no\/studenterssuksess\/wp-json\/wp\/v2\/users\/88"}],"replies":[{"embeddable":true,"href":"https:\/\/site.nord.no\/studenterssuksess\/wp-json\/wp\/v2\/comments?post=5184"}],"version-history":[{"count":0,"href":"https:\/\/site.nord.no\/studenterssuksess\/wp-json\/wp\/v2\/pages\/5184\/revisions"}],"wp:attachment":[{"href":"https:\/\/site.nord.no\/studenterssuksess\/wp-json\/wp\/v2\/media?parent=5184"}],"wp:term":[{"taxonomy":"author","embeddable":true,"href":"https:\/\/site.nord.no\/studenterssuksess\/wp-json\/wp\/v2\/coauthors?post=5184"}],"curies":[{"name":"wp","href":"https:\/\/api.w.org\/{rel}","templated":true}]}}