{"id":5262,"date":"2020-07-02T08:25:23","date_gmt":"2020-07-02T08:25:23","guid":{"rendered":"http:\/\/nfye.w.uib.no\/?page_id=5262"},"modified":"2020-07-02T08:25:23","modified_gmt":"2020-07-02T08:25:23","slug":"koronaen-gir-ogsa-muligheter","status":"publish","type":"page","link":"https:\/\/site.nord.no\/studenterssuksess\/koronaen-gir-ogsa-muligheter\/","title":{"rendered":"Koronaen gir ogs\u00e5 muligheter"},"content":{"rendered":"<p><img decoding=\"async\" src=\"https:\/\/site.nord.no\/studenterssuksess\/wp-content\/uploads\/sites\/36\/2020\/07\/NRC-konferanse.jpg\" \/><\/p>\n<div class=\"entry themeform fittexted_for_entry\">\n<div class=\"entry-inner\">\n<h1 class=\"fittexted_for_content_h1\">Digital konferanse i USA!<\/h1>\n<p>Koronaen og digitale l\u00f8sninger gir en spesiell mulighet til \u00e5 hente kunnskap og erfaringer fra hele verden.<br \/>\nDet er ikke bare v\u00e5rt nettverk som gj\u00f8r arrangementer digitale h\u00f8sten 2020. Ogs\u00e5 v\u00e5r storebror i USA velger \u00e5 gjennomf\u00f8re sin konferanse digitalt. Det ga oss en mulighet til \u00e5 delta uten \u00e5 m\u00e5tte reise.<br \/>\nDenne konferansen dreide seg mest om viderekommende studenter i ulike overgangsfaser, men det er ogs\u00e5 viktig i arbeidet med \u00e5 f\u00e5 studentene til \u00e5 lykkes.<br \/>\n<a href=\"https:\/\/sc.edu\/about\/offices_and_divisions\/national_resource_center\/events\/conferences\/students_in_transition\/\" target=\"_blank\" rel=\"noopener noreferrer\">Les mer om konferansen her.<\/a>\n<\/div>\n<\/div>\n","protected":false},"excerpt":{"rendered":"<p>Digital konferanse i USA! Koronaen og digitale l\u00f8sninger gir en spesiell mulighet til \u00e5 hente kunnskap og erfaringer fra hele verden. Det er ikke bare v\u00e5rt nettverk som gj\u00f8r arrangementer [&hellip;]<\/p>\n","protected":false},"author":82,"featured_media":0,"parent":0,"menu_order":0,"comment_status":"closed","ping_status":"closed","template":"","meta":{"footnotes":""},"coauthors":[],"class_list":["post-5262","page","type-page","status-publish","hentry"],"_links":{"self":[{"href":"https:\/\/site.nord.no\/studenterssuksess\/wp-json\/wp\/v2\/pages\/5262","targetHints":{"allow":["GET"]}}],"collection":[{"href":"https:\/\/site.nord.no\/studenterssuksess\/wp-json\/wp\/v2\/pages"}],"about":[{"href":"https:\/\/site.nord.no\/studenterssuksess\/wp-json\/wp\/v2\/types\/page"}],"author":[{"embeddable":true,"href":"https:\/\/site.nord.no\/studenterssuksess\/wp-json\/wp\/v2\/users\/82"}],"replies":[{"embeddable":true,"href":"https:\/\/site.nord.no\/studenterssuksess\/wp-json\/wp\/v2\/comments?post=5262"}],"version-history":[{"count":0,"href":"https:\/\/site.nord.no\/studenterssuksess\/wp-json\/wp\/v2\/pages\/5262\/revisions"}],"wp:attachment":[{"href":"https:\/\/site.nord.no\/studenterssuksess\/wp-json\/wp\/v2\/media?parent=5262"}],"wp:term":[{"taxonomy":"author","embeddable":true,"href":"https:\/\/site.nord.no\/studenterssuksess\/wp-json\/wp\/v2\/coauthors?post=5262"}],"curies":[{"name":"wp","href":"https:\/\/api.w.org\/{rel}","templated":true}]}}