{"id":5312,"date":"2020-09-02T07:39:49","date_gmt":"2020-09-02T07:39:49","guid":{"rendered":"http:\/\/nfye.w.uib.no\/?page_id=5312"},"modified":"2020-09-02T07:39:49","modified_gmt":"2020-09-02T07:39:49","slug":"tall-statistikk-frafall","status":"publish","type":"page","link":"https:\/\/site.nord.no\/studenterssuksess\/tall-statistikk-frafall\/","title":{"rendered":"Tall \u2013 statistikk \u00a0&#8211; frafall"},"content":{"rendered":"<p>Hvordan er gjennomf\u00f8ringen i h\u00f8yere utdanning?<br \/>\nP\u00e5 denne siden finner dere aktuelle lenker og rapporter om gjennomf\u00f8ring p\u00e5 studier i h\u00f8yere utdanning.<br \/>\n<strong>Generelt<\/strong><br \/>\nTall som gjelder hele sektoren<br \/>\n<a href=\"https:\/\/www.ssb.no\/hugjen\">SSB sine tall \u00a0p\u00e5 fullf\u00f8ring innen 8 \u00e5r<\/a><br \/>\n<a href=\"https:\/\/dbh.nsd.uib.no\/statistikk\/kategori_studenter.action;jsessionid=TVTRbcChfARKnx6kzfJ8DjR5.undefined\">DBH sine s\u00f8kbare tabeller<\/a><br \/>\n<a href=\"https:\/\/www.fellesstudentsystem.no\/applikasjoner\/star\/\">STAR \u2013 FS \u2013 Tableau<\/a><br \/>\nHer har alle l\u00e6resteder personer med tilgang og innsikt til STAR.<br \/>\n<a href=\"http:\/\/www.ideas2evidence.com\/news\/ny-rapport-om-studentflyt-og-frafall-i-utdanning\">Se Ideas2evidence sin rapport om studentflyt og frafall fra september 2017<\/a><br \/>\n<strong>L\u00e6resteder<\/strong><br \/>\nRapporter og lenker som er utformet lokalt<br \/>\nH\u00f8gskulen p\u00e5 Vestlandet har laget en rapport som heter<br \/>\n<a href=\"https:\/\/hvlopen.brage.unit.no\/hvlopen-xmlui\/handle\/11250\/2660397\">&laquo;Gjennomstr\u00f8yming og fr\u00e5fall ved H\u00f8gskulen p\u00e5 Vestlandet&raquo;. Les mer. Juni 2020<\/a><br \/>\n<a href=\"https:\/\/www.uio.no\/for-ansatte\/arbeidsstotte\/sta\/undersokelser\/studielop\/rapport\/Studielop-og-mobilitet-2011.pdf\">Studiel\u00f8p og mobilitet\u2013en unders\u00f8kelse blant bachelorstudenter ved Universitetet i Oslo\u00a0 2011 Les mer<\/a><br \/>\n&nbsp;<br \/>\n<a href=\"https:\/\/site.nord.no\/studenterssuksess\/tag\/statistikk-og-analyse\/\"><strong>Klikk her for en oversikt over tekster her p\u00e5 nettverket om temaet \u00abStatistikk og analyse\u00bb<\/strong><\/a><\/p>\n","protected":false},"excerpt":{"rendered":"<p>Hvordan er gjennomf\u00f8ringen i h\u00f8yere utdanning? P\u00e5 denne siden finner dere aktuelle lenker og rapporter om gjennomf\u00f8ring p\u00e5 studier i h\u00f8yere utdanning. Generelt Tall som gjelder hele sektoren SSB sine [&hellip;]<\/p>\n","protected":false},"author":82,"featured_media":2368,"parent":0,"menu_order":0,"comment_status":"closed","ping_status":"closed","template":"","meta":{"footnotes":""},"coauthors":[],"class_list":["post-5312","page","type-page","status-publish","has-post-thumbnail","hentry"],"_links":{"self":[{"href":"https:\/\/site.nord.no\/studenterssuksess\/wp-json\/wp\/v2\/pages\/5312","targetHints":{"allow":["GET"]}}],"collection":[{"href":"https:\/\/site.nord.no\/studenterssuksess\/wp-json\/wp\/v2\/pages"}],"about":[{"href":"https:\/\/site.nord.no\/studenterssuksess\/wp-json\/wp\/v2\/types\/page"}],"author":[{"embeddable":true,"href":"https:\/\/site.nord.no\/studenterssuksess\/wp-json\/wp\/v2\/users\/82"}],"replies":[{"embeddable":true,"href":"https:\/\/site.nord.no\/studenterssuksess\/wp-json\/wp\/v2\/comments?post=5312"}],"version-history":[{"count":0,"href":"https:\/\/site.nord.no\/studenterssuksess\/wp-json\/wp\/v2\/pages\/5312\/revisions"}],"wp:featuredmedia":[{"embeddable":true,"href":"https:\/\/site.nord.no\/studenterssuksess\/wp-json\/wp\/v2\/media\/2368"}],"wp:attachment":[{"href":"https:\/\/site.nord.no\/studenterssuksess\/wp-json\/wp\/v2\/media?parent=5312"}],"wp:term":[{"taxonomy":"author","embeddable":true,"href":"https:\/\/site.nord.no\/studenterssuksess\/wp-json\/wp\/v2\/coauthors?post=5312"}],"curies":[{"name":"wp","href":"https:\/\/api.w.org\/{rel}","templated":true}]}}